{"id":1135,"date":"2025-02-12T14:08:53","date_gmt":"2025-02-12T11:08:53","guid":{"rendered":"https:\/\/richrocketgame.com\/?page_id=1135"},"modified":"2025-08-01T11:22:18","modified_gmt":"2025-08-01T08:22:18","slug":"all-star-fruits","status":"publish","type":"page","link":"https:\/\/richrocketgame.com\/fr\/all-star-fruits\/","title":{"rendered":"Machine \u00e0 sous de d\u00e9monstration All-Star Fruits"},"content":{"rendered":"<div class=\"fpm_start\"><\/div>\n<p>BGaming a annonc\u00e9 une nouvelle machine \u00e0 sous sur le th\u00e8me des fruits, All-Star Fruits. Le jeu promet d&#039;\u00eatre visuellement brillant et facile \u00e0 apprendre. Deux fonctionnalit\u00e9s bonus devraient consid\u00e9rablement augmenter le RTP et augmenter les gains moyens.<\/p>\n<div style=\"text-align: center;\"><a class=\"glow-button\" href=\"\/fr\/go\/registration\/\" rel=\"noreferrer noopener nofollow\">Jouer au casino<\/a><\/div>\n<table>\n<tbody>\n<tr>\n<td>Date de sortie<\/td>\n<td>18.02.2025<\/td>\n<\/tr>\n<tr>\n<td>Enrouleurs<\/td>\n<td>5<\/td>\n<\/tr>\n<tr>\n<td>Rangs<\/td>\n<td>3<\/td>\n<\/tr>\n<tr>\n<td>RTP<\/td>\n<td>97,04%<\/td>\n<\/tr>\n<tr>\n<td>Volatilit\u00e9<\/td>\n<td>Moyenne (3 sur 5)<\/td>\n<\/tr>\n<tr>\n<td>Lignes gagnantes<\/td>\n<td>243<\/td>\n<\/tr>\n<tr>\n<td>Gains maximum<\/td>\n<td>1500 $<\/td>\n<\/tr>\n<\/tbody>\n<\/table>\n<div id=\"ez-toc-container\" class=\"ez-toc-v2_0_62 counter-hierarchy ez-toc-counter ez-toc-grey ez-toc-container-direction\">\n<div class=\"ez-toc-title-container\">\n<p class=\"ez-toc-title\" >Table des mati\u00e8res<\/p>\n<span class=\"ez-toc-title-toggle\"><a href=\"#\" class=\"ez-toc-pull-right ez-toc-btn ez-toc-btn-xs ez-toc-btn-default ez-toc-toggle\" aria-label=\"Basculer la table des mati\u00e8res\"><span class=\"ez-toc-js-icon-con\"><span class=\"\"><span class=\"eztoc-hide\" style=\"display:none;\">Basculer<\/span><span class=\"ez-toc-icon-toggle-span\"><svg style=\"fill: #999;color:#999\" xmlns=\"http:\/\/www.w3.org\/2000\/svg\" class=\"list-377408\" width=\"20px\" height=\"20px\" viewbox=\"0 0 24 24\" fill=\"none\"><path d=\"M6 6H4v2h2V6zm14 0H8v2h12V6zM4 11h2v2H4v-2zm16 0H8v2h12v-2zM4 16h2v2H4v-2zm16 0H8v2h12v-2z\" fill=\"currentColor\"><\/path><\/svg><svg style=\"fill: #999;color:#999\" class=\"arrow-unsorted-368013\" xmlns=\"http:\/\/www.w3.org\/2000\/svg\" width=\"10px\" height=\"10px\" viewbox=\"0 0 24 24\" version=\"1.2\" baseprofile=\"tiny\"><path d=\"M18.2 9.3l-6.2-6.3-6.2 6.3c-.2.2-.3.4-.3.7s.1.5.3.7c.2.2.4.3.7.3h11c.3 0 .5-.1.7-.3.2-.2.3-.5.3-.7s-.1-.5-.3-.7zM5.8 14.7l6.2 6.3 6.2-6.3c.2-.2.3-.5.3-.7s-.1-.5-.3-.7c-.2-.2-.4-.3-.7-.3h-11c-.3 0-.5.1-.7.3-.2.2-.3.5-.3.7s.1.5.3.7z\"\/><\/svg><\/span><\/span><\/span><\/a><\/span><\/div>\n<nav><ul class='ez-toc-list ez-toc-list-level-1 eztoc-toggle-hide-by-default' ><li class='ez-toc-page-1 ez-toc-heading-level-2'><a class=\"ez-toc-link ez-toc-heading-1\" href=\"https:\/\/richrocketgame.com\/fr\/all-star-fruits\/#What_We_Know_About_All-Star_Fruits_Slot\" title=\"Ce que nous savons sur la machine \u00e0 sous All-Star Fruits\">Ce que nous savons sur la machine \u00e0 sous All-Star Fruits<\/a><ul class='ez-toc-list-level-3' ><li class='ez-toc-heading-level-3'><a class=\"ez-toc-link ez-toc-heading-2\" href=\"https:\/\/richrocketgame.com\/fr\/all-star-fruits\/#Bonus_Features_of_the_Game\" title=\"Fonctionnalit\u00e9s bonus du jeu\">Fonctionnalit\u00e9s bonus du jeu<\/a><\/li><\/ul><\/li><li class='ez-toc-page-1 ez-toc-heading-level-2'><a class=\"ez-toc-link ez-toc-heading-3\" href=\"https:\/\/richrocketgame.com\/fr\/all-star-fruits\/#Why_You_Should_Play_All-Star_Fruits\" title=\"Pourquoi vous devriez jouer \u00e0 All-Star Fruits\">Pourquoi vous devriez jouer \u00e0 All-Star Fruits<\/a><\/li><li class='ez-toc-page-1 ez-toc-heading-level-2'><a class=\"ez-toc-link ez-toc-heading-4\" href=\"https:\/\/richrocketgame.com\/fr\/all-star-fruits\/#FAQ\" title=\"FAQ\">FAQ<\/a><ul class='ez-toc-list-level-3' ><li class='ez-toc-heading-level-3'><a class=\"ez-toc-link ez-toc-heading-5\" href=\"https:\/\/richrocketgame.com\/fr\/all-star-fruits\/#Will_it_be_possible_to_play_All-Star_Fruits_for_free\" title=\"Sera-t-il possible de jouer gratuitement \u00e0 All-Star Fruits ?\">Sera-t-il possible de jouer gratuitement \u00e0 All-Star Fruits ?<\/a><\/li><li class='ez-toc-page-1 ez-toc-heading-level-3'><a class=\"ez-toc-link ez-toc-heading-6\" href=\"https:\/\/richrocketgame.com\/fr\/all-star-fruits\/#Will_the_slot_be_optimized_for_mobile_devices\" title=\"Le jeu sera-t-il optimis\u00e9 pour les appareils mobiles ?\">Le jeu sera-t-il optimis\u00e9 pour les appareils mobiles ?<\/a><\/li><li class='ez-toc-page-1 ez-toc-heading-level-3'><a class=\"ez-toc-link ez-toc-heading-7\" href=\"https:\/\/richrocketgame.com\/fr\/all-star-fruits\/#Where_can_I_play_All-Star_Fruits_Slot_for_real_money\" title=\"O\u00f9 puis-je jouer \u00e0 la machine \u00e0 sous All-Star Fruits pour de l&#039;argent r\u00e9el ?\">O\u00f9 puis-je jouer \u00e0 la machine \u00e0 sous All-Star Fruits pour de l&#039;argent r\u00e9el ?<\/a><\/li><\/ul><\/li><\/ul><\/nav><\/div>\n<h2><span class=\"ez-toc-section\" id=\"What_We_Know_About_All-Star_Fruits_Slot\"><\/span>Ce que nous savons sur la machine \u00e0 sous All-Star Fruits<span class=\"ez-toc-section-end\"><\/span><\/h2>\n<p>All-Star Fruits de BGaming est con\u00e7u dans le style des machines \u00e0 sous \u00e0 fruits classiques. Le jeu a une structure standard 5\u00d73 et propose un ensemble de symboles familiers : citron, cerise, raisin past\u00e8que, BAR et cloche. L&#039;\u00e9toile remplit la fonction de dispersion. La chute de 3, 4 ou 5 de ces symboles donne respectivement 10, 15 ou 25 tours gratuits.<\/p>\n<p>La roue situ\u00e9e au-dessus du terrain de jeu principal a deux fonctions. Le jeu normal affiche le nombre de scatters et le jeu bonus applique le multiplicateur aux gains.<\/p>\n<p>Les gains maximums sont une bonne raison de jouer \u00e0 All-Star Fruits. Le fournisseur a d\u00e9clar\u00e9 que les joueurs peuvent obtenir jusqu&#039;\u00e0 $255,000 pour un tirage r\u00e9ussi. Lors des tests, les combinaisons gagnantes sont tomb\u00e9es en moyenne une fois tous les six tours.<\/p>\n<p><a href=\"https:\/\/richrocketgame.com\/fr\/go\/registration\/\" target=\"_blank\" rel=\"noreferrer noopener nofollow\"><img decoding=\"async\" class=\"wp-image-1142 aligncenter\" src=\"https:\/\/richrocketgame.com\/wp-content\/uploads\/2025\/02\/all-star-fruits-slot.jpg\" alt=\"Machine \u00e0 sous All-Star Fruits de BGaming.\" width=\"309\" height=\"360\" srcset=\"https:\/\/richrocketgame.com\/wp-content\/uploads\/2025\/02\/all-star-fruits-slot.jpg 519w, https:\/\/richrocketgame.com\/wp-content\/uploads\/2025\/02\/all-star-fruits-slot-258x300.jpg 258w, https:\/\/richrocketgame.com\/wp-content\/uploads\/2025\/02\/all-star-fruits-slot-10x12.jpg 10w, https:\/\/richrocketgame.com\/wp-content\/uploads\/2025\/02\/all-star-fruits-slot-34x40.jpg 34w, https:\/\/richrocketgame.com\/wp-content\/uploads\/2025\/02\/all-star-fruits-slot-27x32.jpg 27w, https:\/\/richrocketgame.com\/wp-content\/uploads\/2025\/02\/all-star-fruits-slot-69x80.jpg 69w, https:\/\/richrocketgame.com\/wp-content\/uploads\/2025\/02\/all-star-fruits-slot-116x135.jpg 116w\" sizes=\"(max-width: 309px) 100vw, 309px\" \/><\/a><\/p>\n<h3><span class=\"ez-toc-section\" id=\"Bonus_Features_of_the_Game\"><\/span>Fonctionnalit\u00e9s bonus du jeu<span class=\"ez-toc-section-end\"><\/span><\/h3>\n<p>Des multiplicateurs al\u00e9atoires sont appliqu\u00e9s \u00e0 chaque gain pendant les tours gratuits : x1, x2, x3, x5 ou x10. Ce bonus augmente consid\u00e9rablement le montant des gains.<\/p>\n<p>Les joueurs qui ne veulent pas attendre qu&#039;une combinaison de scatters tombe peuvent utiliser la fonction Bonus Buy. Pour x75 ou x150 de votre mise, vous pouvez choisir entre deux modes avec des multiplicateurs diff\u00e9rents.<\/p>\n<div style=\"text-align: center;\"><a class=\"glow-button\" href=\"\/fr\/go\/registration\/\" rel=\"noreferrer noopener nofollow\">Essayez la machine \u00e0 sous All-Star Fruits<\/a><\/div>\n<h2><span class=\"ez-toc-section\" id=\"Why_You_Should_Play_All-Star_Fruits\"><\/span>Pourquoi vous devriez jouer \u00e0 All-Star Fruits<span class=\"ez-toc-section-end\"><\/span><\/h2>\n<p>La machine \u00e0 sous All-Star Fruits attire l&#039;attention avec les avantages suivants\u00a0:<\/p>\n<ul>\n<li>Style de machine \u00e0 sous aux fruits avec des graphismes lumineux inhabituels.<\/li>\n<li>Des fonctionnalit\u00e9s bonus simples mais tr\u00e8s lucratives.<\/li>\n<li>Gros potentiel de gains.<\/li>\n<li>RTP \u00e9lev\u00e9.<\/li>\n<\/ul>\n<p>Plongez dans le monde des fruits juteux et des gros multiplicateurs le 18 f\u00e9vrier 2025. Notre site Web fournira une revue d\u00e9taill\u00e9e et une d\u00e9mo All-Star Fruits.<\/p><script data-noptimize=\"\" data-wpfc-render=\"false\">\n\/* <![CDATA[ *\/\nfpm_start( \"true\" );\n\/* ]]> *\/\n<\/script>\n\n<p><a href=\"https:\/\/richrocketgame.com\/fr\/go\/registration\/\" target=\"_blank\" rel=\"noreferrer noopener nofollow\"><img decoding=\"async\" class=\"aligncenter wp-image-1149 size-full\" src=\"https:\/\/richrocketgame.com\/wp-content\/uploads\/2025\/02\/all-star-fruits-casino-game.jpg\" alt=\"Jeu de casino All-Star Fruits.\" width=\"994\" height=\"610\" srcset=\"https:\/\/richrocketgame.com\/wp-content\/uploads\/2025\/02\/all-star-fruits-casino-game.jpg 994w, https:\/\/richrocketgame.com\/wp-content\/uploads\/2025\/02\/all-star-fruits-casino-game-300x184.jpg 300w, https:\/\/richrocketgame.com\/wp-content\/uploads\/2025\/02\/all-star-fruits-casino-game-768x471.jpg 768w, https:\/\/richrocketgame.com\/wp-content\/uploads\/2025\/02\/all-star-fruits-casino-game-18x12.jpg 18w, https:\/\/richrocketgame.com\/wp-content\/uploads\/2025\/02\/all-star-fruits-casino-game-65x40.jpg 65w, https:\/\/richrocketgame.com\/wp-content\/uploads\/2025\/02\/all-star-fruits-casino-game-52x32.jpg 52w, https:\/\/richrocketgame.com\/wp-content\/uploads\/2025\/02\/all-star-fruits-casino-game-130x80.jpg 130w, https:\/\/richrocketgame.com\/wp-content\/uploads\/2025\/02\/all-star-fruits-casino-game-220x135.jpg 220w\" sizes=\"(max-width: 994px) 100vw, 994px\" \/><\/a><\/p>\n<h2><span class=\"ez-toc-section\" id=\"FAQ\"><\/span>FAQ<span class=\"ez-toc-section-end\"><\/span><\/h2>\n        <section class=\"sc_fs_faq sc_card\">\n            <div>\n\t\t\t\t<h3><span class=\"ez-toc-section\" id=\"Will_it_be_possible_to_play_All-Star_Fruits_for_free\"><\/span>Sera-t-il possible de jouer gratuitement \u00e0 All-Star Fruits ?<span class=\"ez-toc-section-end\"><\/span><\/h3>                <div>\n\t\t\t\t\t                    <p>\n\t\t\t\t\t\tOui, la d\u00e9mo de All-Star Fruits devrait \u00eatre disponible dans la plupart des grands casinos. De plus, la machine \u00e0 sous sera disponible pour jouer sans d\u00e9p\u00f4t sur le site officiel de BGaming.                    <\/p>\n                <\/div>\n            <\/div>\n        <\/section>\n\t\t        <section class=\"sc_fs_faq sc_card\">\n            <div>\n\t\t\t\t<h3><span class=\"ez-toc-section\" id=\"Will_the_slot_be_optimized_for_mobile_devices\"><\/span>Le jeu sera-t-il optimis\u00e9 pour les appareils mobiles ?<span class=\"ez-toc-section-end\"><\/span><\/h3>                <div>\n\t\t\t\t\t                    <p>\n\t\t\t\t\t\tOui, la version mobile de All-Star Fruits sortira en m\u00eame temps que la version de bureau. Vous pouvez jouer sur les smartphones et tablettes Android et iOS sans t\u00e9l\u00e9charger de logiciel.                    <\/p>\n                <\/div>\n            <\/div>\n        <\/section>\n\t\t        <section class=\"sc_fs_faq sc_card\">\n            <div>\n\t\t\t\t<h3><span class=\"ez-toc-section\" id=\"Where_can_I_play_All-Star_Fruits_Slot_for_real_money\"><\/span>O\u00f9 puis-je jouer \u00e0 la machine \u00e0 sous All-Star Fruits pour de l&#039;argent r\u00e9el ?<span class=\"ez-toc-section-end\"><\/span><\/h3>                <div>\n\t\t\t\t\t                    <p>\n\t\t\t\t\t\tLa machine \u00e0 sous All-Star Fruits pour de l&#039;argent r\u00e9el sera disponible dans les casinos agr\u00e9\u00e9s. En profitant de notre recommandation, vous obtiendrez les meilleures applications bonus pour commencer \u00e0 jouer.                    <\/p>\n                <\/div>\n            <\/div>\n        <\/section>\n\t\t\n<script type=\"application\/ld+json\">{\n    \"@context\": \"https:\\\/\\\/schema.org\",\n    \"@type\": \"FAQPage\",\n    \"mainEntity\": [\n        {\n            \"@type\": \"Question\",\n            \"name\": \"Will it be possible to play All-Star Fruits for free?\",\n            \"acceptedAnswer\": {\n                \"@type\": \"Answer\",\n                \"text\": \"Yes, the All-Star Fruits demo is expected to be available in most major casinos. In addition, the slot will be available to play without deposit on the official BGaming website.\"\n            }\n        },\n        {\n            \"@type\": \"Question\",\n            \"name\": \"Will the slot be optimized for mobile devices?\",\n            \"acceptedAnswer\": {\n                \"@type\": \"Answer\",\n                \"text\": \"Yes, the mobile version of All-Star Fruits will be released at the same time as the desktop version. You can play on Android and iOS smartphones and tablets without downloading software.\"\n            }\n        },\n        {\n            \"@type\": \"Question\",\n            \"name\": \"Where can I play All-Star Fruits Slot for real money?\",\n            \"acceptedAnswer\": {\n                \"@type\": \"Answer\",\n                \"text\": \"All-Star Fruits Slot for real money will be available at licensed casinos. By taking advantage of our recommendation, you will get the best bonus apps to start playing.\"\n            }\n        }\n    ]\n}<\/script>\n\n<div class=\"fpm_end\"><\/div>\n<div class=\"author-card author-card--top\"><img alt='Photo de l&#039;avatar' src='https:\/\/richrocketgame.com\/wp-content\/uploads\/2023\/03\/Paulo-Dornelas-130x130.jpg' srcset='https:\/\/richrocketgame.com\/wp-content\/uploads\/2023\/03\/Paulo-Dornelas-260x260.jpg 2x' class='avatar avatar-130 photo author-image' height='130' width='130' \/><div class=\"author-content text-md-center\"><span class=\"author-title\">Auteur<\/span><a href=\"https:\/\/richrocketgame.com\/fr\/author\/paulo-dornelas\/\" class=\"author-name\">Paulo Dornelas<\/a><p class=\"author__details\">Paulo Dornelas est un expert en jeux d'argent qui a consacr\u00e9 sa vie \u00e0 comprendre ce secteur et \u00e0 aider les autres \u00e0 en tirer profit. Il est \u00e9galement un grand voyageur et adore explorer de nouveaux endroits. Les connaissances de Paulo en mati\u00e8re de jeux d'argent et sa passion pour les voyages font de lui le guide id\u00e9al pour tous ceux qui cherchent \u00e0 faire de s\u00e9rieux b\u00e9n\u00e9fices en pariant sur les sports ou en jouant aux jeux de casino.<\/p><\/div><!-- \/.author-content --><\/div>","protected":false},"excerpt":{"rendered":"<p>BGaming a annonc\u00e9 une nouvelle machine \u00e0 sous sur le th\u00e8me des fruits, All-Star Fruits. Le jeu promet d&#039;\u00eatre visuellement brillant et facile \u00e0 apprendre. Deux fonctionnalit\u00e9s bonus devraient augmenter consid\u00e9rablement le RTP et augmenter les gains moyens. Play Casino Date de sortie 18.02.2025 Bobines 5 Rang\u00e9es 3 RTP 97,04% Volatilit\u00e9 Moyenne (3 sur 5) Lignes gagnantes 243 Gains maximum \u04451500 Ce que nous [\u2026]<\/p>","protected":false},"author":2,"featured_media":0,"parent":0,"menu_order":0,"comment_status":"closed","ping_status":"closed","template":"page-no-sidebar.php","meta":{"footnotes":""},"class_list":["post-1135","page","type-page","status-publish","hentry"],"yoast_head":"<!-- This site is optimized with the Yoast SEO plugin v26.7 - https:\/\/yoast.com\/wordpress\/plugins\/seo\/ -->\n<title>All-Star Fruits Slot (BGaming) - Free Play, RTP and Max. Winnings<\/title>\n<meta name=\"description\" content=\"Learn more about All-Star Fruits casino game. Read information about the slot in our announcement. When you can play All-Star Fruits.\" \/>\n<meta name=\"robots\" content=\"index, follow, max-snippet:-1, max-image-preview:large, max-video-preview:-1\" \/>\n<link rel=\"canonical\" href=\"https:\/\/richrocketgame.com\/fr\/all-star-fruits\/\" \/>\n<meta property=\"og:locale\" content=\"fr_FR\" \/>\n<meta property=\"og:type\" content=\"article\" \/>\n<meta property=\"og:title\" content=\"All-Star Fruits Slot (BGaming) - Free Play, RTP and Max. Winnings\" \/>\n<meta property=\"og:description\" content=\"Learn more about All-Star Fruits casino game. Read information about the slot in our announcement. When you can play All-Star Fruits.\" \/>\n<meta property=\"og:url\" content=\"https:\/\/richrocketgame.com\/fr\/all-star-fruits\/\" \/>\n<meta property=\"og:site_name\" content=\"Rich Rocket Game\" \/>\n<meta property=\"article:modified_time\" content=\"2025-08-01T08:22:18+00:00\" \/>\n<meta property=\"og:image\" content=\"https:\/\/richrocketgame.com\/wp-content\/uploads\/2025\/02\/all-star-fruits-slot.jpg\" \/>\n<meta name=\"twitter:card\" content=\"summary_large_image\" \/>\n<meta name=\"twitter:label1\" content=\"Dur\u00e9e de lecture estim\u00e9e\" \/>\n\t<meta name=\"twitter:data1\" content=\"3 minutes\" \/>\n<!-- \/ Yoast SEO plugin. -->","yoast_head_json":{"title":"Machine \u00e0 sous All-Star Fruits (BGaming) - Jeu gratuit, RTP et gains max.","description":"Apprenez-en plus sur le jeu de casino All-Star Fruits. Lisez les informations sur la machine \u00e0 sous dans notre annonce. Quand pouvez-vous jouer \u00e0 All-Star Fruits.","robots":{"index":"index","follow":"follow","max-snippet":"max-snippet:-1","max-image-preview":"max-image-preview:large","max-video-preview":"max-video-preview:-1"},"canonical":"https:\/\/richrocketgame.com\/fr\/all-star-fruits\/","og_locale":"fr_FR","og_type":"article","og_title":"All-Star Fruits Slot (BGaming) - Free Play, RTP and Max. Winnings","og_description":"Learn more about All-Star Fruits casino game. Read information about the slot in our announcement. When you can play All-Star Fruits.","og_url":"https:\/\/richrocketgame.com\/fr\/all-star-fruits\/","og_site_name":"Rich Rocket Game","article_modified_time":"2025-08-01T08:22:18+00:00","og_image":[{"url":"https:\/\/richrocketgame.com\/wp-content\/uploads\/2025\/02\/all-star-fruits-slot.jpg","type":"","width":"","height":""}],"twitter_card":"summary_large_image","twitter_misc":{"Dur\u00e9e de lecture estim\u00e9e":"3 minutes"},"schema":{"@context":"https:\/\/schema.org","@graph":[{"@type":"WebPage","@id":"https:\/\/richrocketgame.com\/all-star-fruits\/","url":"https:\/\/richrocketgame.com\/all-star-fruits\/","name":"Machine \u00e0 sous All-Star Fruits (BGaming) - Jeu gratuit, RTP et gains max.","isPartOf":{"@id":"https:\/\/richrocketgame.com\/#website"},"primaryImageOfPage":{"@id":"https:\/\/richrocketgame.com\/all-star-fruits\/#primaryimage"},"image":{"@id":"https:\/\/richrocketgame.com\/all-star-fruits\/#primaryimage"},"thumbnailUrl":"https:\/\/richrocketgame.com\/wp-content\/uploads\/2025\/02\/all-star-fruits-slot.jpg","datePublished":"2025-02-12T11:08:53+00:00","dateModified":"2025-08-01T08:22:18+00:00","description":"Apprenez-en plus sur le jeu de casino All-Star Fruits. Lisez les informations sur la machine \u00e0 sous dans notre annonce. Quand pouvez-vous jouer \u00e0 All-Star Fruits.","breadcrumb":{"@id":"https:\/\/richrocketgame.com\/all-star-fruits\/#breadcrumb"},"inLanguage":"fr-FR","potentialAction":[{"@type":"ReadAction","target":["https:\/\/richrocketgame.com\/all-star-fruits\/"]}]},{"@type":"ImageObject","inLanguage":"fr-FR","@id":"https:\/\/richrocketgame.com\/all-star-fruits\/#primaryimage","url":"https:\/\/richrocketgame.com\/wp-content\/uploads\/2025\/02\/all-star-fruits-slot.jpg","contentUrl":"https:\/\/richrocketgame.com\/wp-content\/uploads\/2025\/02\/all-star-fruits-slot.jpg"},{"@type":"BreadcrumbList","@id":"https:\/\/richrocketgame.com\/all-star-fruits\/#breadcrumb","itemListElement":[{"@type":"ListItem","position":1,"name":"\u0413\u043b\u0430\u0432\u043d\u0430\u044f \u0441\u0442\u0440\u0430\u043d\u0438\u0446\u0430","item":"https:\/\/richrocketgame.com\/"},{"@type":"ListItem","position":2,"name":"All-Star Fruits Demo Slot"}]},{"@type":"WebSite","@id":"https:\/\/richrocketgame.com\/#website","url":"https:\/\/richrocketgame.com\/","name":"Jeu Rich Rocket","description":"","publisher":{"@id":"https:\/\/richrocketgame.com\/#organization"},"potentialAction":[{"@type":"SearchAction","target":{"@type":"EntryPoint","urlTemplate":"https:\/\/richrocketgame.com\/?s={search_term_string}"},"query-input":{"@type":"PropertyValueSpecification","valueRequired":true,"valueName":"search_term_string"}}],"inLanguage":"fr-FR"},{"@type":"Organization","@id":"https:\/\/richrocketgame.com\/#organization","name":"Jeu Rich Rocket","url":"https:\/\/richrocketgame.com\/","logo":{"@type":"ImageObject","inLanguage":"fr-FR","@id":"https:\/\/richrocketgame.com\/#\/schema\/logo\/image\/","url":"https:\/\/richrocketgame.com\/wp-content\/uploads\/2022\/09\/Rich-Rocket-earning-app.png","contentUrl":"https:\/\/richrocketgame.com\/wp-content\/uploads\/2022\/09\/Rich-Rocket-earning-app.png","width":512,"height":512,"caption":"Rich Rocket Game"},"image":{"@id":"https:\/\/richrocketgame.com\/#\/schema\/logo\/image\/"}}]}},"_links":{"self":[{"href":"https:\/\/richrocketgame.com\/fr\/wp-json\/wp\/v2\/pages\/1135","targetHints":{"allow":["GET"]}}],"collection":[{"href":"https:\/\/richrocketgame.com\/fr\/wp-json\/wp\/v2\/pages"}],"about":[{"href":"https:\/\/richrocketgame.com\/fr\/wp-json\/wp\/v2\/types\/page"}],"author":[{"embeddable":true,"href":"https:\/\/richrocketgame.com\/fr\/wp-json\/wp\/v2\/users\/2"}],"replies":[{"embeddable":true,"href":"https:\/\/richrocketgame.com\/fr\/wp-json\/wp\/v2\/comments?post=1135"}],"version-history":[{"count":0,"href":"https:\/\/richrocketgame.com\/fr\/wp-json\/wp\/v2\/pages\/1135\/revisions"}],"wp:attachment":[{"href":"https:\/\/richrocketgame.com\/fr\/wp-json\/wp\/v2\/media?parent=1135"}],"curies":[{"name":"wp","href":"https:\/\/api.w.org\/{rel}","templated":true}]}}