{"id":1115,"date":"2025-02-12T13:49:43","date_gmt":"2025-02-12T10:49:43","guid":{"rendered":"https:\/\/richrocketgame.com\/?page_id=1115"},"modified":"2025-08-01T11:24:01","modified_gmt":"2025-08-01T08:24:01","slug":"mad-blast","status":"publish","type":"page","link":"https:\/\/richrocketgame.com\/fr\/mad-blast\/","title":{"rendered":"D\u00e9mo de la machine \u00e0 sous Mad Blast"},"content":{"rendered":"<div class=\"fpm_start\"><\/div>\n<p>Mad Blast pourrait devenir l&#039;une des machines \u00e0 sous les plus populaires en 2025. Push Gaming a pr\u00e9vu la sortie du jeu le 20 f\u00e9vrier et les joueurs sont d\u00e9j\u00e0 impatients. Selon l&#039;annonce, le jeu dispose de sept symboles et fonctionnalit\u00e9s bonus, et les gains maximum peuvent atteindre x10 000.<\/p>\n<div style=\"text-align: center;\"><a class=\"glow-button\" href=\"\/fr\/go\/registration\/\" rel=\"noreferrer noopener nofollow\">Jouer au casino<\/a><\/div>\n<table>\n<tbody>\n<tr>\n<td>Date de sortie<\/td>\n<td>20.02.2025<\/td>\n<\/tr>\n<tr>\n<td>Enrouleurs<\/td>\n<td>6<\/td>\n<\/tr>\n<tr>\n<td>Rangs<\/td>\n<td>5<\/td>\n<\/tr>\n<tr>\n<td>RTP<\/td>\n<td>96,34%<\/td>\n<\/tr>\n<tr>\n<td>Volatilit\u00e9<\/td>\n<td>Haut<\/td>\n<\/tr>\n<tr>\n<td>Lignes de paiement<\/td>\n<td>M\u00e9canique de Scatter-Pays<\/td>\n<\/tr>\n<tr>\n<td>Gains maximum<\/td>\n<td>10 000 $<\/td>\n<\/tr>\n<\/tbody>\n<\/table>\n<div id=\"ez-toc-container\" class=\"ez-toc-v2_0_62 counter-hierarchy ez-toc-counter ez-toc-grey ez-toc-container-direction\">\n<div class=\"ez-toc-title-container\">\n<p class=\"ez-toc-title\" >Table des mati\u00e8res<\/p>\n<span class=\"ez-toc-title-toggle\"><a href=\"#\" class=\"ez-toc-pull-right ez-toc-btn ez-toc-btn-xs ez-toc-btn-default ez-toc-toggle\" aria-label=\"Basculer la table des mati\u00e8res\"><span class=\"ez-toc-js-icon-con\"><span class=\"\"><span class=\"eztoc-hide\" style=\"display:none;\">Basculer<\/span><span class=\"ez-toc-icon-toggle-span\"><svg style=\"fill: #999;color:#999\" xmlns=\"http:\/\/www.w3.org\/2000\/svg\" class=\"list-377408\" width=\"20px\" height=\"20px\" viewbox=\"0 0 24 24\" fill=\"none\"><path d=\"M6 6H4v2h2V6zm14 0H8v2h12V6zM4 11h2v2H4v-2zm16 0H8v2h12v-2zM4 16h2v2H4v-2zm16 0H8v2h12v-2z\" fill=\"currentColor\"><\/path><\/svg><svg style=\"fill: #999;color:#999\" class=\"arrow-unsorted-368013\" xmlns=\"http:\/\/www.w3.org\/2000\/svg\" width=\"10px\" height=\"10px\" viewbox=\"0 0 24 24\" version=\"1.2\" baseprofile=\"tiny\"><path d=\"M18.2 9.3l-6.2-6.3-6.2 6.3c-.2.2-.3.4-.3.7s.1.5.3.7c.2.2.4.3.7.3h11c.3 0 .5-.1.7-.3.2-.2.3-.5.3-.7s-.1-.5-.3-.7zM5.8 14.7l6.2 6.3 6.2-6.3c.2-.2.3-.5.3-.7s-.1-.5-.3-.7c-.2-.2-.4-.3-.7-.3h-11c-.3 0-.5.1-.7.3-.2.2-.3.5-.3.7s.1.5.3.7z\"\/><\/svg><\/span><\/span><\/span><\/a><\/span><\/div>\n<nav><ul class='ez-toc-list ez-toc-list-level-1 eztoc-toggle-hide-by-default' ><ul class='ez-toc-list-level-3' ><li class='ez-toc-heading-level-3'><a class=\"ez-toc-link ez-toc-heading-1\" href=\"https:\/\/richrocketgame.com\/fr\/mad-blast\/#What_We_Know_About_Mad_Blast_Game\" title=\"Ce que nous savons sur le jeu Mad Blast\">Ce que nous savons sur le jeu Mad Blast<\/a><\/li><li class='ez-toc-page-1 ez-toc-heading-level-3'><a class=\"ez-toc-link ez-toc-heading-2\" href=\"https:\/\/richrocketgame.com\/fr\/mad-blast\/#Bonus_features_of_the_game\" title=\"Fonctionnalit\u00e9s bonus du jeu\">Fonctionnalit\u00e9s bonus du jeu<\/a><\/li><li class='ez-toc-page-1 ez-toc-heading-level-3'><a class=\"ez-toc-link ez-toc-heading-3\" href=\"https:\/\/richrocketgame.com\/fr\/mad-blast\/#Paid_Features\" title=\"Fonctionnalit\u00e9s payantes\">Fonctionnalit\u00e9s payantes<\/a><\/li><li class='ez-toc-page-1 ez-toc-heading-level-3'><a class=\"ez-toc-link ez-toc-heading-4\" href=\"https:\/\/richrocketgame.com\/fr\/mad-blast\/#Why_play_the_Mad_Blast_slot\" title=\"Pourquoi jouer \u00e0 la machine \u00e0 sous Mad Blast ?\">Pourquoi jouer \u00e0 la machine \u00e0 sous Mad Blast ?<\/a><\/li><\/ul><\/li><li class='ez-toc-page-1 ez-toc-heading-level-2'><a class=\"ez-toc-link ez-toc-heading-5\" href=\"https:\/\/richrocketgame.com\/fr\/mad-blast\/#FAQ\" title=\"FAQ\">FAQ<\/a><ul class='ez-toc-list-level-3' ><li class='ez-toc-heading-level-3'><a class=\"ez-toc-link ez-toc-heading-6\" href=\"https:\/\/richrocketgame.com\/fr\/mad-blast\/#What_is_the_RTP_of_the_Mad_Blast_casino_game\" title=\"Quel est le RTP du jeu de casino Mad Blast ?\">Quel est le RTP du jeu de casino Mad Blast ?<\/a><\/li><li class='ez-toc-page-1 ez-toc-heading-level-3'><a class=\"ez-toc-link ez-toc-heading-7\" href=\"https:\/\/richrocketgame.com\/fr\/mad-blast\/#Where_will_it_be_possible_to_play_Mad_Blast_for_free\" title=\"O\u00f9 sera-t-il possible de jouer gratuitement \u00e0 Mad Blast ?\">O\u00f9 sera-t-il possible de jouer gratuitement \u00e0 Mad Blast ?<\/a><\/li><li class='ez-toc-page-1 ez-toc-heading-level-3'><a class=\"ez-toc-link ez-toc-heading-8\" href=\"https:\/\/richrocketgame.com\/fr\/mad-blast\/#Are_there_any_strategies_for_the_game\" title=\"Existe-t-il des strat\u00e9gies pour le jeu ?\">Existe-t-il des strat\u00e9gies pour le jeu ?<\/a><\/li><\/ul><\/li><\/ul><\/nav><\/div>\n<h3><span class=\"ez-toc-section\" id=\"What_We_Know_About_Mad_Blast_Game\"><\/span>Ce que nous savons sur le jeu Mad Blast<span class=\"ez-toc-section-end\"><\/span><\/h3>\n<p>Mad Blast emm\u00e8ne les joueurs dans un atelier o\u00f9 r\u00e8gnent les robots. Vous devrez faire face \u00e0 une intelligence artificielle excentrique et \u00e0 des engins explosifs. Le jeu se compose de 6 rouleaux et de 5 rang\u00e9es, et au lieu des lignes de paiement traditionnelles, le m\u00e9canisme Scatter-Pays est utilis\u00e9. Cela signifie que vous recevrez des gains pour l&#039;apparition de 8 symboles identiques n&#039;importe o\u00f9 sur le terrain de jeu.<\/p>\n<p>Les symboles sont des bo\u00eetes en fer multicolores et des robots. D&#039;autres symboles sp\u00e9ciaux compensent l&#039;absence de Wild :<\/p>\n<ul>\n<li>Scatter remplit la fonction traditionnelle de d\u00e9clenchement de tours gratuits\u00a0;<\/li>\n<li>Le symbole Multiplier Boost indique de combien d&#039;\u00e9tapes le multiplicateur augmentera si une combinaison gagnante tombe ensemble.<\/li>\n<li>Le symbole Extra Life sous la forme d&#039;un bouton vert vous offre une chance suppl\u00e9mentaire de gagner. Vous obtenez un respin et le type de symbole le plus r\u00e9mun\u00e9rateur reste sur le terrain de jeu.<\/li>\n<\/ul>\n<p>Push Gaming a adapt\u00e9 la machine \u00e0 sous pour le plus grand nombre possible de joueurs. La gamme de paris du jeu de casino Mad Blast s&#039;\u00e9tend de 0,1 \u00e0 100 (la devise d\u00e9pend du pays dans lequel le casino op\u00e8re).<\/p>\n<p><a href=\"https:\/\/richrocketgame.com\/fr\/go\/registration\/\" target=\"_blank\" rel=\"noreferrer noopener nofollow\"><img decoding=\"async\" class=\"aligncenter wp-image-1122 size-full\" src=\"https:\/\/richrocketgame.com\/wp-content\/uploads\/2025\/02\/mad-blast-slot.jpg\" alt=\"Machine \u00e0 sous Mad Blast de Push Gaming\" width=\"976\" height=\"489\" srcset=\"https:\/\/richrocketgame.com\/wp-content\/uploads\/2025\/02\/mad-blast-slot.jpg 976w, https:\/\/richrocketgame.com\/wp-content\/uploads\/2025\/02\/mad-blast-slot-300x150.jpg 300w, https:\/\/richrocketgame.com\/wp-content\/uploads\/2025\/02\/mad-blast-slot-768x385.jpg 768w, https:\/\/richrocketgame.com\/wp-content\/uploads\/2025\/02\/mad-blast-slot-18x9.jpg 18w, https:\/\/richrocketgame.com\/wp-content\/uploads\/2025\/02\/mad-blast-slot-80x40.jpg 80w, https:\/\/richrocketgame.com\/wp-content\/uploads\/2025\/02\/mad-blast-slot-64x32.jpg 64w, https:\/\/richrocketgame.com\/wp-content\/uploads\/2025\/02\/mad-blast-slot-160x80.jpg 160w, https:\/\/richrocketgame.com\/wp-content\/uploads\/2025\/02\/mad-blast-slot-269x135.jpg 269w\" sizes=\"(max-width: 976px) 100vw, 976px\" \/><\/a><\/p>\n<h3><span class=\"ez-toc-section\" id=\"Bonus_features_of_the_game\"><\/span>Fonctionnalit\u00e9s bonus du jeu<span class=\"ez-toc-section-end\"><\/span><\/h3>\n<p>La premi\u00e8re fonction bonus que vous rencontrerez est celle des rouleaux en cascade. Les symboles impliqu\u00e9s dans une combinaison gagnante sont supprim\u00e9s et de nouveaux apparaissent. Ainsi, vous pouvez gagner plusieurs fois en un seul tour.<\/p>\n<p>Une autre fonctionnalit\u00e9 associ\u00e9e aux rouleaux en cascade est Mad Blast de Push Gaming. Un multiplicateur est doubl\u00e9 \u00e0 chaque fois qu&#039;une combinaison est obtenue. En une seule ex\u00e9cution des rouleaux, le multiplicateur peut augmenter jusqu&#039;\u00e0 x2 048. Les joueurs peuvent suivre leur progression sur l&#039;\u00e9chelle \u00e0 gauche des rouleaux.<\/p>\n<p>La fonctionnalit\u00e9 la plus int\u00e9ressante est sans aucun doute les tours gratuits de Mad Blast. Vous pouvez les obtenir lorsqu&#039;une combinaison de symboles scatter appara\u00eet :<\/p>\n<ul>\n<li>3 symboles \u2013 8 tours gratuits avec multiplicateur x2 ;<\/li>\n<li>4 symboles \u2013 10 tours gratuits avec un multiplicateur initial de x4\u00a0;<\/li>\n<li>5 symboles \u2013 12 tours gratuits et le multiplicateur initial sera x8.<\/li>\n<\/ul>\n<p>Le fournisseur a introduit un bonus suppl\u00e9mentaire pendant le tour de tours gratuits pour augmenter l&#039;excitation. Le multiplicateur le plus bas dispara\u00eet de l&#039;\u00e9chelle lorsque 3 combinaisons gagnantes tombent pour un tour.<\/p><script data-noptimize=\"\" data-wpfc-render=\"false\">\n\/* <![CDATA[ *\/\nfpm_start( \"true\" );\n\/* ]]> *\/\n<\/script>\n\n<div style=\"text-align: center;\"><a class=\"glow-button\" href=\"\/fr\/go\/registration\/\" rel=\"noreferrer noopener nofollow\">Essayez Mad Blast<\/a><\/div>\n<h3><span class=\"ez-toc-section\" id=\"Paid_Features\"><\/span>Fonctionnalit\u00e9s payantes<span class=\"ez-toc-section-end\"><\/span><\/h3>\n<p>Moyennant un suppl\u00e9ment, vous pouvez jouer \u00e0 Mad Blast avec des privil\u00e8ges. En activant l&#039;option ante, vous doublerez votre mise mais augmenterez consid\u00e9rablement la probabilit\u00e9 que des symboles bonus apparaissent sur les rouleaux. Les joueurs qui souhaitent obtenir la dose maximale d&#039;excitation peuvent acheter l&#039;acc\u00e8s au tour de tours gratuits. Pour 150 fois votre mise, vous pouvez obtenir huit tours de rouleaux avec un multiplicateur x2. Pour 750 fois, vous pouvez obtenir 12 tours avec un multiplicateur x8.<\/p>\n<p><a href=\"https:\/\/richrocketgame.com\/fr\/go\/registration\/\" target=\"_blank\" rel=\"noreferrer noopener nofollow\"><img decoding=\"async\" class=\"aligncenter wp-image-1116 size-full\" src=\"https:\/\/richrocketgame.com\/wp-content\/uploads\/2025\/02\/mad-blast-casino-game.jpg\" alt=\"Jeu de casino Mad Blast.\" width=\"981\" height=\"531\" srcset=\"https:\/\/richrocketgame.com\/wp-content\/uploads\/2025\/02\/mad-blast-casino-game.jpg 981w, https:\/\/richrocketgame.com\/wp-content\/uploads\/2025\/02\/mad-blast-casino-game-300x162.jpg 300w, https:\/\/richrocketgame.com\/wp-content\/uploads\/2025\/02\/mad-blast-casino-game-768x416.jpg 768w, https:\/\/richrocketgame.com\/wp-content\/uploads\/2025\/02\/mad-blast-casino-game-18x10.jpg 18w, https:\/\/richrocketgame.com\/wp-content\/uploads\/2025\/02\/mad-blast-casino-game-74x40.jpg 74w, https:\/\/richrocketgame.com\/wp-content\/uploads\/2025\/02\/mad-blast-casino-game-59x32.jpg 59w, https:\/\/richrocketgame.com\/wp-content\/uploads\/2025\/02\/mad-blast-casino-game-148x80.jpg 148w, https:\/\/richrocketgame.com\/wp-content\/uploads\/2025\/02\/mad-blast-casino-game-249x135.jpg 249w\" sizes=\"(max-width: 981px) 100vw, 981px\" \/><\/a><\/p>\n<h3><span class=\"ez-toc-section\" id=\"Why_play_the_Mad_Blast_slot\"><\/span>Pourquoi jouer \u00e0 la machine \u00e0 sous Mad Blast ?<span class=\"ez-toc-section-end\"><\/span><\/h3>\n<p>Mad Blast a le potentiel de devenir une sensation dans l&#039;environnement du jeu pour plusieurs raisons :<\/p>\n<ul>\n<li>L&#039;utilisation des tendances modernes. Les m\u00e9canismes Scatter-Pay et les rouleaux en cascade sont tr\u00e8s demand\u00e9s aujourd&#039;hui.<\/li>\n<li>Gains maximum \u00e9normes. Vous pouvez obtenir des gains de x10 000 en mode normal et lors des tours gratuits.<\/li>\n<li>Une combinaison unique de fonctionnalit\u00e9s. La machine \u00e0 sous offre une combinaison de bonus que les meilleurs fournisseurs n&#039;ont pas encore utilis\u00e9s.<\/li>\n<\/ul>\n<p>Il vous reste encore du temps pour affronter l&#039;intelligence artificielle insidieuse et vaincre l&#039;arm\u00e9e de robots de fer. Pr\u00e9parez-vous \u00e0 vous battre pour obtenir le maximum de gains dans le jeu Mad Blast.<\/p>\n<h2><span class=\"ez-toc-section\" id=\"FAQ\"><\/span>FAQ<span class=\"ez-toc-section-end\"><\/span><\/h2>\n        <section class=\"sc_fs_faq sc_card\">\n            <div>\n\t\t\t\t<h3><span class=\"ez-toc-section\" id=\"What_is_the_RTP_of_the_Mad_Blast_casino_game\"><\/span>Quel est le RTP du jeu de casino Mad Blast ?<span class=\"ez-toc-section-end\"><\/span><\/h3>                <div>\n\t\t\t\t\t                    <p>\n\t\t\t\t\t\tLe fournisseur pr\u00e9voit de sortir la machine \u00e0 sous en 3 versions avec diff\u00e9rents RTP. Le retour au joueur le plus \u00e9lev\u00e9 sera de 96,34%. Certains casinos pourront ajouter un jeu avec un RTP de 94,30% et 85,43% \u00e0 leur portefeuille.                    <\/p>\n                <\/div>\n            <\/div>\n        <\/section>\n\t\t        <section class=\"sc_fs_faq sc_card\">\n            <div>\n\t\t\t\t<h3><span class=\"ez-toc-section\" id=\"Where_will_it_be_possible_to_play_Mad_Blast_for_free\"><\/span>O\u00f9 sera-t-il possible de jouer gratuitement \u00e0 Mad Blast ?<span class=\"ez-toc-section-end\"><\/span><\/h3>                <div>\n\t\t\t\t\t                    <p>\n\t\t\t\t\t\tUne version de d\u00e9monstration de la machine \u00e0 sous sera disponible dans le casino. De plus, il sera possible de jouer gratuitement sur des sites d\u00e9di\u00e9s aux th\u00e8mes du jeu et sur la ressource Web du fournisseur Push Gaming.                    <\/p>\n                <\/div>\n            <\/div>\n        <\/section>\n\t\t        <section class=\"sc_fs_faq sc_card\">\n            <div>\n\t\t\t\t<h3><span class=\"ez-toc-section\" id=\"Are_there_any_strategies_for_the_game\"><\/span>Existe-t-il des strat\u00e9gies pour le jeu ?<span class=\"ez-toc-section-end\"><\/span><\/h3>                <div>\n\t\t\t\t\t                    <p>\n\t\t\t\t\t\tLe joueur ne peut influencer que le montant de la mise. En raison de la forte volatilit\u00e9 de la machine \u00e0 sous, il est recommand\u00e9 de ne pas miser plus de 1% de la bankroll. Vous pouvez donc jouer suffisamment longtemps pour attendre les fonctionnalit\u00e9s les plus rentables du jeu. Avant de commencer \u00e0 jouer \u00e0 Mad Blast pour de l&#039;argent r\u00e9el, vous pouvez vous entra\u00eener aux m\u00e9thodes de mise dans la version d\u00e9mo.                    <\/p>\n                <\/div>\n            <\/div>\n        <\/section>\n\t\t\n<script type=\"application\/ld+json\">{\n    \"@context\": \"https:\\\/\\\/schema.org\",\n    \"@type\": \"FAQPage\",\n    \"mainEntity\": [\n        {\n            \"@type\": \"Question\",\n            \"name\": \"What is the RTP of the Mad Blast casino game?\",\n            \"acceptedAnswer\": {\n                \"@type\": \"Answer\",\n                \"text\": \"The provider plans to release the slot in 3 versions with different RTP. The highest return to player will be 96.34%. Some casinos will be able to add a game with an RTP of 94.30% and 85.43% to their portfolio.\"\n            }\n        },\n        {\n            \"@type\": \"Question\",\n            \"name\": \"Where will it be possible to play Mad Blast for free?\",\n            \"acceptedAnswer\": {\n                \"@type\": \"Answer\",\n                \"text\": \"Demo version of the slot will be available in the casino. In addition, it will be possible to play for free on sites dedicated to gambling themes and on the web resource of the provider Push Gaming.\"\n            }\n        },\n        {\n            \"@type\": \"Question\",\n            \"name\": \"Are there any strategies for the game?\",\n            \"acceptedAnswer\": {\n                \"@type\": \"Answer\",\n                \"text\": \"The player can only influence the size of the bet. Due to the high volatility of the slot, it is recommended to bet no more than 1% of the bankroll. So you can play long enough to wait for the most profitable features of the game. Before you start playing Mad Blast for real money, you can practice betting methods in the demo version.\"\n            }\n        }\n    ]\n}<\/script>\n\n<div class=\"fpm_end\"><\/div>\n<div class=\"author-card author-card--top\"><img alt='Photo de l&#039;avatar' src='https:\/\/richrocketgame.com\/wp-content\/uploads\/2023\/03\/Paulo-Dornelas-130x130.jpg' srcset='https:\/\/richrocketgame.com\/wp-content\/uploads\/2023\/03\/Paulo-Dornelas-260x260.jpg 2x' class='avatar avatar-130 photo author-image' height='130' width='130' \/><div class=\"author-content text-md-center\"><span class=\"author-title\">Auteur<\/span><a href=\"https:\/\/richrocketgame.com\/fr\/author\/paulo-dornelas\/\" class=\"author-name\">Paulo Dornelas<\/a><p class=\"author__details\">Paulo Dornelas est un expert en jeux d'argent qui a consacr\u00e9 sa vie \u00e0 comprendre ce secteur et \u00e0 aider les autres \u00e0 en tirer profit. Il est \u00e9galement un grand voyageur et adore explorer de nouveaux endroits. Les connaissances de Paulo en mati\u00e8re de jeux d'argent et sa passion pour les voyages font de lui le guide id\u00e9al pour tous ceux qui cherchent \u00e0 faire de s\u00e9rieux b\u00e9n\u00e9fices en pariant sur les sports ou en jouant aux jeux de casino.<\/p><\/div><!-- \/.author-content --><\/div>","protected":false},"excerpt":{"rendered":"<p>Mad Blast pourrait devenir l&#039;une des machines \u00e0 sous les plus populaires en 2025. Push Gaming a pr\u00e9vu la sortie du jeu le 20 f\u00e9vrier et les joueurs sont d\u00e9j\u00e0 impatients. Selon l&#039;annonce, le jeu dispose de sept symboles et fonctionnalit\u00e9s bonus, et les gains maximum peuvent atteindre x10 000. Play Casino Date de sortie 20.02.2025 Bobines 6 [\u2026]<\/p>","protected":false},"author":2,"featured_media":0,"parent":0,"menu_order":0,"comment_status":"closed","ping_status":"closed","template":"page-no-sidebar.php","meta":{"footnotes":""},"class_list":["post-1115","page","type-page","status-publish","hentry"],"yoast_head":"<!-- This site is optimized with the Yoast SEO plugin v26.7 - https:\/\/yoast.com\/wordpress\/plugins\/seo\/ -->\n<title>Mad Blast Slot (Push Gaming) Demo - RTP, Payouts, Volatility<\/title>\n<meta name=\"description\" content=\"Find out more about Mad Blast by Push Gaming. Learn more about the 7 bonus features of the slot. Features and parameters of Mad Blast casino game.\" \/>\n<meta name=\"robots\" content=\"index, follow, max-snippet:-1, max-image-preview:large, max-video-preview:-1\" \/>\n<link rel=\"canonical\" href=\"https:\/\/richrocketgame.com\/fr\/mad-blast\/\" \/>\n<meta property=\"og:locale\" content=\"fr_FR\" \/>\n<meta property=\"og:type\" content=\"article\" \/>\n<meta property=\"og:title\" content=\"Mad Blast Slot (Push Gaming) Demo - RTP, Payouts, Volatility\" \/>\n<meta property=\"og:description\" content=\"Find out more about Mad Blast by Push Gaming. Learn more about the 7 bonus features of the slot. Features and parameters of Mad Blast casino game.\" \/>\n<meta property=\"og:url\" content=\"https:\/\/richrocketgame.com\/fr\/mad-blast\/\" \/>\n<meta property=\"og:site_name\" content=\"Rich Rocket Game\" \/>\n<meta property=\"article:modified_time\" content=\"2025-08-01T08:24:01+00:00\" \/>\n<meta property=\"og:image\" content=\"https:\/\/richrocketgame.com\/wp-content\/uploads\/2025\/02\/mad-blast-slot.jpg\" \/>\n<meta name=\"twitter:card\" content=\"summary_large_image\" \/>\n<meta name=\"twitter:label1\" content=\"Dur\u00e9e de lecture estim\u00e9e\" \/>\n\t<meta name=\"twitter:data1\" content=\"5 minutes\" \/>\n<!-- \/ Yoast SEO plugin. -->","yoast_head_json":{"title":"D\u00e9mo de la machine \u00e0 sous Mad Blast (Push Gaming)\u00a0: RTP, gains et volatilit\u00e9","description":"D\u00e9couvrez-en plus sur Mad Blast de Push Gaming. D\u00e9couvrez-en plus sur les 7 fonctionnalit\u00e9s bonus de la machine \u00e0 sous. Caract\u00e9ristiques et param\u00e8tres du jeu de casino Mad Blast.","robots":{"index":"index","follow":"follow","max-snippet":"max-snippet:-1","max-image-preview":"max-image-preview:large","max-video-preview":"max-video-preview:-1"},"canonical":"https:\/\/richrocketgame.com\/fr\/mad-blast\/","og_locale":"fr_FR","og_type":"article","og_title":"Mad Blast Slot (Push Gaming) Demo - RTP, Payouts, Volatility","og_description":"Find out more about Mad Blast by Push Gaming. Learn more about the 7 bonus features of the slot. Features and parameters of Mad Blast casino game.","og_url":"https:\/\/richrocketgame.com\/fr\/mad-blast\/","og_site_name":"Rich Rocket Game","article_modified_time":"2025-08-01T08:24:01+00:00","og_image":[{"url":"https:\/\/richrocketgame.com\/wp-content\/uploads\/2025\/02\/mad-blast-slot.jpg","type":"","width":"","height":""}],"twitter_card":"summary_large_image","twitter_misc":{"Dur\u00e9e de lecture estim\u00e9e":"5 minutes"},"schema":{"@context":"https:\/\/schema.org","@graph":[{"@type":"WebPage","@id":"https:\/\/richrocketgame.com\/mad-blast\/","url":"https:\/\/richrocketgame.com\/mad-blast\/","name":"D\u00e9mo de la machine \u00e0 sous Mad Blast (Push Gaming)\u00a0: RTP, gains et volatilit\u00e9","isPartOf":{"@id":"https:\/\/richrocketgame.com\/#website"},"primaryImageOfPage":{"@id":"https:\/\/richrocketgame.com\/mad-blast\/#primaryimage"},"image":{"@id":"https:\/\/richrocketgame.com\/mad-blast\/#primaryimage"},"thumbnailUrl":"https:\/\/richrocketgame.com\/wp-content\/uploads\/2025\/02\/mad-blast-slot.jpg","datePublished":"2025-02-12T10:49:43+00:00","dateModified":"2025-08-01T08:24:01+00:00","description":"D\u00e9couvrez-en plus sur Mad Blast de Push Gaming. D\u00e9couvrez-en plus sur les 7 fonctionnalit\u00e9s bonus de la machine \u00e0 sous. Caract\u00e9ristiques et param\u00e8tres du jeu de casino Mad Blast.","breadcrumb":{"@id":"https:\/\/richrocketgame.com\/mad-blast\/#breadcrumb"},"inLanguage":"fr-FR","potentialAction":[{"@type":"ReadAction","target":["https:\/\/richrocketgame.com\/mad-blast\/"]}]},{"@type":"ImageObject","inLanguage":"fr-FR","@id":"https:\/\/richrocketgame.com\/mad-blast\/#primaryimage","url":"https:\/\/richrocketgame.com\/wp-content\/uploads\/2025\/02\/mad-blast-slot.jpg","contentUrl":"https:\/\/richrocketgame.com\/wp-content\/uploads\/2025\/02\/mad-blast-slot.jpg"},{"@type":"BreadcrumbList","@id":"https:\/\/richrocketgame.com\/mad-blast\/#breadcrumb","itemListElement":[{"@type":"ListItem","position":1,"name":"\u0413\u043b\u0430\u0432\u043d\u0430\u044f \u0441\u0442\u0440\u0430\u043d\u0438\u0446\u0430","item":"https:\/\/richrocketgame.com\/"},{"@type":"ListItem","position":2,"name":"Mad Blast Slot Demo"}]},{"@type":"WebSite","@id":"https:\/\/richrocketgame.com\/#website","url":"https:\/\/richrocketgame.com\/","name":"Jeu Rich Rocket","description":"","publisher":{"@id":"https:\/\/richrocketgame.com\/#organization"},"potentialAction":[{"@type":"SearchAction","target":{"@type":"EntryPoint","urlTemplate":"https:\/\/richrocketgame.com\/?s={search_term_string}"},"query-input":{"@type":"PropertyValueSpecification","valueRequired":true,"valueName":"search_term_string"}}],"inLanguage":"fr-FR"},{"@type":"Organization","@id":"https:\/\/richrocketgame.com\/#organization","name":"Jeu Rich Rocket","url":"https:\/\/richrocketgame.com\/","logo":{"@type":"ImageObject","inLanguage":"fr-FR","@id":"https:\/\/richrocketgame.com\/#\/schema\/logo\/image\/","url":"https:\/\/richrocketgame.com\/wp-content\/uploads\/2022\/09\/Rich-Rocket-earning-app.png","contentUrl":"https:\/\/richrocketgame.com\/wp-content\/uploads\/2022\/09\/Rich-Rocket-earning-app.png","width":512,"height":512,"caption":"Rich Rocket Game"},"image":{"@id":"https:\/\/richrocketgame.com\/#\/schema\/logo\/image\/"}}]}},"_links":{"self":[{"href":"https:\/\/richrocketgame.com\/fr\/wp-json\/wp\/v2\/pages\/1115","targetHints":{"allow":["GET"]}}],"collection":[{"href":"https:\/\/richrocketgame.com\/fr\/wp-json\/wp\/v2\/pages"}],"about":[{"href":"https:\/\/richrocketgame.com\/fr\/wp-json\/wp\/v2\/types\/page"}],"author":[{"embeddable":true,"href":"https:\/\/richrocketgame.com\/fr\/wp-json\/wp\/v2\/users\/2"}],"replies":[{"embeddable":true,"href":"https:\/\/richrocketgame.com\/fr\/wp-json\/wp\/v2\/comments?post=1115"}],"version-history":[{"count":0,"href":"https:\/\/richrocketgame.com\/fr\/wp-json\/wp\/v2\/pages\/1115\/revisions"}],"wp:attachment":[{"href":"https:\/\/richrocketgame.com\/fr\/wp-json\/wp\/v2\/media?parent=1115"}],"curies":[{"name":"wp","href":"https:\/\/api.w.org\/{rel}","templated":true}]}}