{"id":1080,"date":"2025-02-12T11:57:14","date_gmt":"2025-02-12T08:57:14","guid":{"rendered":"https:\/\/richrocketgame.com\/?page_id=1080"},"modified":"2026-01-13T19:58:17","modified_gmt":"2026-01-13T16:58:17","slug":"wild-card-gang","status":"publish","type":"page","link":"https:\/\/richrocketgame.com\/fr\/wild-card-gang\/","title":{"rendered":"D\u00e9mo de la machine \u00e0 sous Wild Card Gang"},"content":{"rendered":"<div class=\"fpm_start\"><\/div>\n<p>Wild Card Gang is BGaming&#8217;s flagship slot in 2026. The success of this slot will allow the company to establish itself as one of the best slot developers. And the game has every chance of becoming a hit. The mechanics of combining winning symbols and the non-standard system of launching free spins and winning x5,000 &#8211; Wild Card Gang slot have prepared a lot of surprises for casino visitors.<\/p>\n<div style=\"text-align: center;\"><a class=\"glow-button\" href=\"\/fr\/go\/registration\/\" rel=\"noreferrer noopener nofollow\">Jouer au casino<\/a><\/div>\n<table>\n<tbody>\n<tr>\n<td>Date de lancement<\/td>\n<td>26 f\u00e9vrier 2025<\/td>\n<\/tr>\n<tr>\n<td>Enrouleurs<\/td>\n<td>6<\/td>\n<\/tr>\n<tr>\n<td>Rangs<\/td>\n<td>6<\/td>\n<\/tr>\n<tr>\n<td>RTP<\/td>\n<td>97,25%<\/td>\n<\/tr>\n<tr>\n<td>Volatilit\u00e9<\/td>\n<td>Tr\u00e8s haut<\/td>\n<\/tr>\n<tr>\n<td>Lignes de paiement<\/td>\n<td>Le cluster paye<\/td>\n<\/tr>\n<tr>\n<td>Gains maximum<\/td>\n<td>5 000 $<\/td>\n<\/tr>\n<\/tbody>\n<\/table>\n<div id=\"ez-toc-container\" class=\"ez-toc-v2_0_62 counter-hierarchy ez-toc-counter ez-toc-grey ez-toc-container-direction\">\n<div class=\"ez-toc-title-container\">\n<p class=\"ez-toc-title\" >Table des mati\u00e8res<\/p>\n<span class=\"ez-toc-title-toggle\"><a href=\"#\" class=\"ez-toc-pull-right ez-toc-btn ez-toc-btn-xs ez-toc-btn-default ez-toc-toggle\" aria-label=\"Basculer la table des mati\u00e8res\"><span class=\"ez-toc-js-icon-con\"><span class=\"\"><span class=\"eztoc-hide\" style=\"display:none;\">Basculer<\/span><span class=\"ez-toc-icon-toggle-span\"><svg style=\"fill: #999;color:#999\" xmlns=\"http:\/\/www.w3.org\/2000\/svg\" class=\"list-377408\" width=\"20px\" height=\"20px\" viewbox=\"0 0 24 24\" fill=\"none\"><path d=\"M6 6H4v2h2V6zm14 0H8v2h12V6zM4 11h2v2H4v-2zm16 0H8v2h12v-2zM4 16h2v2H4v-2zm16 0H8v2h12v-2z\" fill=\"currentColor\"><\/path><\/svg><svg style=\"fill: #999;color:#999\" class=\"arrow-unsorted-368013\" xmlns=\"http:\/\/www.w3.org\/2000\/svg\" width=\"10px\" height=\"10px\" viewbox=\"0 0 24 24\" version=\"1.2\" baseprofile=\"tiny\"><path d=\"M18.2 9.3l-6.2-6.3-6.2 6.3c-.2.2-.3.4-.3.7s.1.5.3.7c.2.2.4.3.7.3h11c.3 0 .5-.1.7-.3.2-.2.3-.5.3-.7s-.1-.5-.3-.7zM5.8 14.7l6.2 6.3 6.2-6.3c.2-.2.3-.5.3-.7s-.1-.5-.3-.7c-.2-.2-.4-.3-.7-.3h-11c-.3 0-.5.1-.7.3-.2.2-.3.5-.3.7s.1.5.3.7z\"\/><\/svg><\/span><\/span><\/span><\/a><\/span><\/div>\n<nav><ul class='ez-toc-list ez-toc-list-level-1 eztoc-toggle-hide-by-default' ><li class='ez-toc-page-1 ez-toc-heading-level-2'><a class=\"ez-toc-link ez-toc-heading-1\" href=\"https:\/\/richrocketgame.com\/fr\/wild-card-gang\/#What_We_Know_About_Wild_Card_Gang_Slot\" title=\"Ce que nous savons sur la machine \u00e0 sous Wild Card Gang\">Ce que nous savons sur la machine \u00e0 sous Wild Card Gang<\/a><ul class='ez-toc-list-level-3' ><li class='ez-toc-heading-level-3'><a class=\"ez-toc-link ez-toc-heading-2\" href=\"https:\/\/richrocketgame.com\/fr\/wild-card-gang\/#Bonus_Features_of_the_Game\" title=\"Fonctionnalit\u00e9s bonus du jeu\">Fonctionnalit\u00e9s bonus du jeu<\/a><\/li><li class='ez-toc-page-1 ez-toc-heading-level-3'><a class=\"ez-toc-link ez-toc-heading-3\" href=\"https:\/\/richrocketgame.com\/fr\/wild-card-gang\/#Paid_Bonuses\" title=\"Bonus pay\u00e9s\">Bonus pay\u00e9s<\/a><\/li><\/ul><\/li><li class='ez-toc-page-1 ez-toc-heading-level-2'><a class=\"ez-toc-link ez-toc-heading-4\" href=\"https:\/\/richrocketgame.com\/fr\/wild-card-gang\/#Why_Play_Wild_Card_Gang\" title=\"Pourquoi jouer \u00e0 Wild Card Gang ?\">Pourquoi jouer \u00e0 Wild Card Gang ?<\/a><\/li><li class='ez-toc-page-1 ez-toc-heading-level-2'><a class=\"ez-toc-link ez-toc-heading-5\" href=\"https:\/\/richrocketgame.com\/fr\/wild-card-gang\/#FAQ\" title=\"FAQ\">FAQ<\/a><ul class='ez-toc-list-level-3' ><li class='ez-toc-heading-level-3'><a class=\"ez-toc-link ez-toc-heading-6\" href=\"https:\/\/richrocketgame.com\/fr\/wild-card-gang\/#How_does_the_Cluster_Pays_mechanic_work\" title=\"Comment fonctionne le m\u00e9canisme Cluster Pays ?\">Comment fonctionne le m\u00e9canisme Cluster Pays ?<\/a><\/li><li class='ez-toc-page-1 ez-toc-heading-level-3'><a class=\"ez-toc-link ez-toc-heading-7\" href=\"https:\/\/richrocketgame.com\/fr\/wild-card-gang\/#Is_it_worth_playing_Wild_Card_Gang_for_real_money_right_away_or_is_it_better_to_try_the_demo_version\" title=\"Vaut-il la peine de jouer imm\u00e9diatement \u00e0 Wild Card Gang pour de l&#039;argent r\u00e9el, ou est-il pr\u00e9f\u00e9rable d&#039;essayer la version d\u00e9mo ?\">Vaut-il la peine de jouer imm\u00e9diatement \u00e0 Wild Card Gang pour de l&#039;argent r\u00e9el, ou est-il pr\u00e9f\u00e9rable d&#039;essayer la version d\u00e9mo ?<\/a><\/li><li class='ez-toc-page-1 ez-toc-heading-level-3'><a class=\"ez-toc-link ez-toc-heading-8\" href=\"https:\/\/richrocketgame.com\/fr\/wild-card-gang\/#How_often_do_the_free_spins_round_fall_out\" title=\"\u00c0 quelle fr\u00e9quence les tours gratuits sont-ils offerts\u00a0?\">\u00c0 quelle fr\u00e9quence les tours gratuits sont-ils offerts\u00a0?<\/a><\/li><\/ul><\/li><\/ul><\/nav><\/div>\n<h2><span class=\"ez-toc-section\" id=\"What_We_Know_About_Wild_Card_Gang_Slot\"><\/span>Ce que nous savons sur la machine \u00e0 sous Wild Card Gang<span class=\"ez-toc-section-end\"><\/span><\/h2>\n<p>Wild Card Gang donne vie au monde des cartes \u00e0 jouer. Les cartes de haut niveau (A, K, Q, J) sont pr\u00e9sent\u00e9es sous la forme d&#039;un groupe de gangsters charismatiques. L&#039;id\u00e9e non conventionnelle et le style visuel permettent au jeu de gagner quelques points avant m\u00eame sa sortie.<\/p>\n<p>BGaming a cr\u00e9\u00e9 un grand terrain de jeu 6\u00d76, ce qui augmente la probabilit\u00e9 de voir des combinaisons tomber. Cela est confirm\u00e9 par le RTP \u00e9lev\u00e9, qui atteint 97.25%. Malgr\u00e9 le taux de retour raisonnable pour les joueurs, les joueurs doivent rester prudents en raison de la forte volatilit\u00e9.<\/p>\n<p>Les tests ont montr\u00e9 que les combinaisons gagnantes tombent environ tous les trois tours. Avec la mise maximale, les joueurs peuvent obtenir jusqu&#039;\u00e0 $250,000.<\/p>\n<p><a href=\"https:\/\/richrocketgame.com\/fr\/go\/registration\/\" target=\"_blank\" rel=\"noreferrer noopener nofollow\"><img decoding=\"async\" class=\"aligncenter wp-image-1086\" src=\"https:\/\/richrocketgame.com\/wp-content\/uploads\/2025\/02\/wild-card-gang-slot.jpg\" alt=\"Machine \u00e0 sous Wild Card Gang de BGaming.\" width=\"356\" height=\"462\" srcset=\"https:\/\/richrocketgame.com\/wp-content\/uploads\/2025\/02\/wild-card-gang-slot.jpg 553w, https:\/\/richrocketgame.com\/wp-content\/uploads\/2025\/02\/wild-card-gang-slot-231x300.jpg 231w, https:\/\/richrocketgame.com\/wp-content\/uploads\/2025\/02\/wild-card-gang-slot-9x12.jpg 9w, https:\/\/richrocketgame.com\/wp-content\/uploads\/2025\/02\/wild-card-gang-slot-31x40.jpg 31w, https:\/\/richrocketgame.com\/wp-content\/uploads\/2025\/02\/wild-card-gang-slot-25x32.jpg 25w, https:\/\/richrocketgame.com\/wp-content\/uploads\/2025\/02\/wild-card-gang-slot-62x80.jpg 62w, https:\/\/richrocketgame.com\/wp-content\/uploads\/2025\/02\/wild-card-gang-slot-104x135.jpg 104w\" sizes=\"(max-width: 356px) 100vw, 356px\" \/><\/a><\/p>\n<h3><span class=\"ez-toc-section\" id=\"Bonus_Features_of_the_Game\"><\/span><strong>Fonctionnalit\u00e9s bonus du jeu<\/strong><span class=\"ez-toc-section-end\"><\/span><\/h3>\n<p>L&#039;innovation la plus int\u00e9ressante du jeu de casino Wild Card Gang est la m\u00e9canique MergeUP\u2122. Les symboles impliqu\u00e9s dans les combinaisons gagnantes sont combin\u00e9s en symboles d&#039;un niveau sup\u00e9rieur, augmentant ainsi les gains. En m\u00eame temps, l&#039;espace pour de nouveaux symboles est lib\u00e9r\u00e9, ce qui augmente la probabilit\u00e9 de former de nouvelles combinaisons. Le jeu comporte neuf niveaux de symboles, apr\u00e8s quoi le cluster devient un scatter.<\/p>\n<p>L&#039;apparition de 4 symboles scatters ou plus sur le terrain de jeu d\u00e9clenche des tours gratuits Wild Card Gang. Le nombre de ces symboles d\u00e9termine le nombre de fois que vous pouvez d\u00e9marrer les rouleaux :<\/p>\n<ul>\n<li>4 scatters \u2013 15 tours ;<\/li>\n<li>5 scatters \u2013 18 tours ;<\/li>\n<li>6 scatters \u2013 20 tours.<\/li>\n<\/ul>\n<p>Pendant le tour bonus, les cellules dans lesquelles le cluster a \u00e9t\u00e9 collect\u00e9 obtiennent des multiplicateurs. Le coefficient commence \u00e0 x2 et atteint x128. De plus, en collectant une autre combinaison de scatters, vous pouvez augmenter le nombre de tours gratuits de 6, 8 ou 10.<\/p>\n<div style=\"text-align: center;\"><a class=\"glow-button\" href=\"\/fr\/go\/registration\/\" rel=\"noreferrer noopener nofollow\">Essayez Wild Card Gang<\/a><\/div>\n<h3><span class=\"ez-toc-section\" id=\"Paid_Bonuses\"><\/span><strong>Bonus pay\u00e9s<\/strong><span class=\"ez-toc-section-end\"><\/span><\/h3>\n<p>Le joueur peut activer la fonction \u00ab Chance x2 \u00bb, qui augmente de 2 fois la probabilit\u00e9 de voir appara\u00eetre des symboles sp\u00e9ciaux. La mise est augment\u00e9e de 25%. Pour 100 fois la mise, vous pouvez acheter un pass pour le tour de tours gratuits. Le nombre de tours de rouleaux est d\u00e9termin\u00e9 de mani\u00e8re al\u00e9atoire.<\/p><script data-noptimize=\"\" data-wpfc-render=\"false\">\n\/* <![CDATA[ *\/\nfpm_start( \"true\" );\n\/* ]]> *\/\n<\/script>\n\n<p><a href=\"https:\/\/richrocketgame.com\/fr\/go\/registration\/\" target=\"_blank\" rel=\"noreferrer noopener nofollow\"><img decoding=\"async\" class=\"aligncenter wp-image-1087 size-full\" src=\"https:\/\/richrocketgame.com\/wp-content\/uploads\/2025\/02\/wild-card-gang-casino-game.jpg\" alt=\"Jeu de casino Wild Card Gang.\" width=\"998\" height=\"624\" srcset=\"https:\/\/richrocketgame.com\/wp-content\/uploads\/2025\/02\/wild-card-gang-casino-game.jpg 998w, https:\/\/richrocketgame.com\/wp-content\/uploads\/2025\/02\/wild-card-gang-casino-game-300x188.jpg 300w, https:\/\/richrocketgame.com\/wp-content\/uploads\/2025\/02\/wild-card-gang-casino-game-768x480.jpg 768w, https:\/\/richrocketgame.com\/wp-content\/uploads\/2025\/02\/wild-card-gang-casino-game-18x12.jpg 18w, https:\/\/richrocketgame.com\/wp-content\/uploads\/2025\/02\/wild-card-gang-casino-game-64x40.jpg 64w, https:\/\/richrocketgame.com\/wp-content\/uploads\/2025\/02\/wild-card-gang-casino-game-51x32.jpg 51w, https:\/\/richrocketgame.com\/wp-content\/uploads\/2025\/02\/wild-card-gang-casino-game-128x80.jpg 128w, https:\/\/richrocketgame.com\/wp-content\/uploads\/2025\/02\/wild-card-gang-casino-game-216x135.jpg 216w\" sizes=\"(max-width: 998px) 100vw, 998px\" \/><\/a><\/p>\n<h2><span class=\"ez-toc-section\" id=\"Why_Play_Wild_Card_Gang\"><\/span>Pourquoi jouer \u00e0 Wild Card Gang ?<span class=\"ez-toc-section-end\"><\/span><\/h2>\n<p>Le jeu m\u00e9rite l\u2019attention de la communaut\u00e9 des joueurs pour de nombreuses raisons :<\/p>\n<ul>\n<li>Nouvelles m\u00e9caniques. MergeUP\u2122 ajoute de la fra\u00eecheur \u00e0 la machine \u00e0 sous et augmente consid\u00e9rablement le paiement moyen.<\/li>\n<li>RTP tr\u00e8s \u00e9lev\u00e9. Peu de machines \u00e0 sous rapportent aux joueurs plus de 97% de leurs mises \u00e0 ce jour.<\/li>\n<li>Fonctionnalit\u00e9s bonus. Une abondance d&#039;opportunit\u00e9s suppl\u00e9mentaires de gagner ne laissera pas les joueurs s&#039;ennuyer.<\/li>\n<li>Th\u00e8me et design int\u00e9ressants. Am\u00e9lior\u00e9s par l&#039;intelligence artificielle, les illustrations et les voix off des personnages cr\u00e9ent une atmosph\u00e8re m\u00e9morable.<\/li>\n<\/ul>\n<p>Les meilleurs casinos o\u00f9 vous pouvez jouer \u00e0 Wild Card Gang se trouvent sur cette page. Ne manquez pas la machine \u00e0 sous qui pourrait \u00eatre la sensation principale de l&#039;ann\u00e9e.<\/p>\n<h2><span class=\"ez-toc-section\" id=\"FAQ\"><\/span>FAQ<span class=\"ez-toc-section-end\"><\/span><\/h2>\n        <section class=\"sc_fs_faq sc_card\">\n            <div>\n\t\t\t\t<h3><span class=\"ez-toc-section\" id=\"How_does_the_Cluster_Pays_mechanic_work\"><\/span>Comment fonctionne le m\u00e9canisme Cluster Pays ?<span class=\"ez-toc-section-end\"><\/span><\/h3>                <div>\n\t\t\t\t\t                    <p>\n\t\t\t\t\t\tDans les machines \u00e0 sous qui prennent en charge cette fonction, les symboles gagnants sont regroup\u00e9s en symboles de niveau sup\u00e9rieur. De nouveaux symboles apparaissent sur les emplacements vacants, comme dans les jeux avec un syst\u00e8me en cascade.                    <\/p>\n                <\/div>\n            <\/div>\n        <\/section>\n\t\t        <section class=\"sc_fs_faq sc_card\">\n            <div>\n\t\t\t\t<h3><span class=\"ez-toc-section\" id=\"Is_it_worth_playing_Wild_Card_Gang_for_real_money_right_away_or_is_it_better_to_try_the_demo_version\"><\/span>Vaut-il la peine de jouer imm\u00e9diatement \u00e0 Wild Card Gang pour de l&#039;argent r\u00e9el, ou est-il pr\u00e9f\u00e9rable d&#039;essayer la version d\u00e9mo ?<span class=\"ez-toc-section-end\"><\/span><\/h3>                <div>\n\t\t\t\t\t                    <p>\n\t\t\t\t\t\tLa machine \u00e0 sous propose de nombreuses nouvelles m\u00e9caniques qui peuvent \u00eatre inconnues m\u00eame pour les joueurs exp\u00e9riment\u00e9s. Par cons\u00e9quent, il est pr\u00e9f\u00e9rable d&#039;essayer le Wild Card Gang gratuit pour vous familiariser avec les fonctionnalit\u00e9s.                    <\/p>\n                <\/div>\n            <\/div>\n        <\/section>\n\t\t        <section class=\"sc_fs_faq sc_card\">\n            <div>\n\t\t\t\t<h3><span class=\"ez-toc-section\" id=\"How_often_do_the_free_spins_round_fall_out\"><\/span>\u00c0 quelle fr\u00e9quence les tours gratuits sont-ils offerts\u00a0?<span class=\"ez-toc-section-end\"><\/span><\/h3>                <div>\n\t\t\t\t\t                    <p>\n\t\t\t\t\t\tBGaming affirme que le tour de bonus se d\u00e9roule une fois tous les 275 tours. Nous pourrons v\u00e9rifier les statistiques apr\u00e8s la sortie de la machine \u00e0 sous \u00e0 la fin du mois de f\u00e9vrier.                    <\/p>\n                <\/div>\n            <\/div>\n        <\/section>\n\t\t\n<script type=\"application\/ld+json\">{\n    \"@context\": \"https:\\\/\\\/schema.org\",\n    \"@type\": \"FAQPage\",\n    \"mainEntity\": [\n        {\n            \"@type\": \"Question\",\n            \"name\": \"How does the Cluster Pays mechanic work?\",\n            \"acceptedAnswer\": {\n                \"@type\": \"Answer\",\n                \"text\": \"In slots that support this feature, winning symbols are clustered into higher-level symbols. New symbols appear on the vacated places, as in games with a cascade system.\"\n            }\n        },\n        {\n            \"@type\": \"Question\",\n            \"name\": \"Is it worth playing Wild Card Gang for real money right away, or is it better to try the demo version?\",\n            \"acceptedAnswer\": {\n                \"@type\": \"Answer\",\n                \"text\": \"The slot offers a lot of new mechanics that may be unfamiliar even to experienced players. Therefore, trying the free Wild Card Gang to familiarize yourself with the functionality is better.\"\n            }\n        },\n        {\n            \"@type\": \"Question\",\n            \"name\": \"How often do the free spins round fall out?\",\n            \"acceptedAnswer\": {\n                \"@type\": \"Answer\",\n                \"text\": \"BGaming claims that the bonus round falls out once every 275 spins. We can check the statistics after the slot is released at the end of February.\"\n            }\n        }\n    ]\n}<\/script>\n\n<div class=\"fpm_end\"><\/div>\n<div class=\"author-card author-card--top\"><img alt='Photo de l&#039;avatar' src='https:\/\/richrocketgame.com\/wp-content\/uploads\/2023\/03\/Paulo-Dornelas-130x130.jpg' srcset='https:\/\/richrocketgame.com\/wp-content\/uploads\/2023\/03\/Paulo-Dornelas-260x260.jpg 2x' class='avatar avatar-130 photo author-image' height='130' width='130' \/><div class=\"author-content text-md-center\"><span class=\"author-title\">Auteur<\/span><a href=\"https:\/\/richrocketgame.com\/fr\/author\/paulo-dornelas\/\" class=\"author-name\">Paulo Dornelas<\/a><p class=\"author__details\">Paulo Dornelas est un expert en jeux d'argent qui a consacr\u00e9 sa vie \u00e0 comprendre ce secteur et \u00e0 aider les autres \u00e0 en tirer profit. Il est \u00e9galement un grand voyageur et adore explorer de nouveaux endroits. Les connaissances de Paulo en mati\u00e8re de jeux d'argent et sa passion pour les voyages font de lui le guide id\u00e9al pour tous ceux qui cherchent \u00e0 faire de s\u00e9rieux b\u00e9n\u00e9fices en pariant sur les sports ou en jouant aux jeux de casino.<\/p><\/div><!-- \/.author-content --><\/div>","protected":false},"excerpt":{"rendered":"<p>Wild Card Gang is BGaming&#8217;s flagship slot in 2026. The success of this slot will allow the company to establish itself as one of the best slot developers. And the game has every chance of becoming a hit. The mechanics of combining winning symbols and the non-standard system of launching free spins and winning x5,000 [&hellip;]<\/p>","protected":false},"author":2,"featured_media":0,"parent":0,"menu_order":0,"comment_status":"closed","ping_status":"closed","template":"page-no-sidebar.php","meta":{"footnotes":""},"class_list":["post-1080","page","type-page","status-publish","hentry"],"yoast_head":"<!-- This site is optimized with the Yoast SEO plugin v26.7 - https:\/\/yoast.com\/wordpress\/plugins\/seo\/ -->\n<title>Wild Card Gang by BGaming - Free Play<\/title>\n<meta name=\"description\" content=\"Meet Wild Card Gang casino game, a contender for top slot 2026. Get to know the new features. Get ready to play Wild Card Gang.\" \/>\n<meta name=\"robots\" content=\"index, follow, max-snippet:-1, max-image-preview:large, max-video-preview:-1\" \/>\n<link rel=\"canonical\" href=\"https:\/\/richrocketgame.com\/fr\/wild-card-gang\/\" \/>\n<meta property=\"og:locale\" content=\"fr_FR\" \/>\n<meta property=\"og:type\" content=\"article\" \/>\n<meta property=\"og:title\" content=\"Wild Card Gang by BGaming - Free Play\" \/>\n<meta property=\"og:description\" content=\"Meet Wild Card Gang casino game, a contender for top slot 2026. Get to know the new features. Get ready to play Wild Card Gang.\" \/>\n<meta property=\"og:url\" content=\"https:\/\/richrocketgame.com\/fr\/wild-card-gang\/\" \/>\n<meta property=\"og:site_name\" content=\"Rich Rocket Game\" \/>\n<meta property=\"article:modified_time\" content=\"2026-01-13T16:58:17+00:00\" \/>\n<meta property=\"og:image\" content=\"https:\/\/richrocketgame.com\/wp-content\/uploads\/2025\/02\/wild-card-gang-slot.jpg\" \/>\n\t<meta property=\"og:image:width\" content=\"553\" \/>\n\t<meta property=\"og:image:height\" content=\"718\" \/>\n\t<meta property=\"og:image:type\" content=\"image\/jpeg\" \/>\n<meta name=\"twitter:card\" content=\"summary_large_image\" \/>\n<meta name=\"twitter:label1\" content=\"Dur\u00e9e de lecture estim\u00e9e\" \/>\n\t<meta name=\"twitter:data1\" content=\"4 minutes\" \/>\n<!-- \/ Yoast SEO plugin. -->","yoast_head_json":{"title":"Wild Card Gang par BGaming - Jeu gratuit","description":"Meet Wild Card Gang casino game, a contender for top slot 2026. Get to know the new features. Get ready to play Wild Card Gang.","robots":{"index":"index","follow":"follow","max-snippet":"max-snippet:-1","max-image-preview":"max-image-preview:large","max-video-preview":"max-video-preview:-1"},"canonical":"https:\/\/richrocketgame.com\/fr\/wild-card-gang\/","og_locale":"fr_FR","og_type":"article","og_title":"Wild Card Gang by BGaming - Free Play","og_description":"Meet Wild Card Gang casino game, a contender for top slot 2026. Get to know the new features. Get ready to play Wild Card Gang.","og_url":"https:\/\/richrocketgame.com\/fr\/wild-card-gang\/","og_site_name":"Rich Rocket Game","article_modified_time":"2026-01-13T16:58:17+00:00","og_image":[{"width":553,"height":718,"url":"https:\/\/richrocketgame.com\/wp-content\/uploads\/2025\/02\/wild-card-gang-slot.jpg","type":"image\/jpeg"}],"twitter_card":"summary_large_image","twitter_misc":{"Dur\u00e9e de lecture estim\u00e9e":"4 minutes"},"schema":{"@context":"https:\/\/schema.org","@graph":[{"@type":"WebPage","@id":"https:\/\/richrocketgame.com\/wild-card-gang\/","url":"https:\/\/richrocketgame.com\/wild-card-gang\/","name":"Wild Card Gang par BGaming - Jeu gratuit","isPartOf":{"@id":"https:\/\/richrocketgame.com\/#website"},"primaryImageOfPage":{"@id":"https:\/\/richrocketgame.com\/wild-card-gang\/#primaryimage"},"image":{"@id":"https:\/\/richrocketgame.com\/wild-card-gang\/#primaryimage"},"thumbnailUrl":"https:\/\/richrocketgame.com\/wp-content\/uploads\/2025\/02\/wild-card-gang-slot.jpg","datePublished":"2025-02-12T08:57:14+00:00","dateModified":"2026-01-13T16:58:17+00:00","description":"Meet Wild Card Gang casino game, a contender for top slot 2026. Get to know the new features. Get ready to play Wild Card Gang.","breadcrumb":{"@id":"https:\/\/richrocketgame.com\/wild-card-gang\/#breadcrumb"},"inLanguage":"fr-FR","potentialAction":[{"@type":"ReadAction","target":["https:\/\/richrocketgame.com\/wild-card-gang\/"]}]},{"@type":"ImageObject","inLanguage":"fr-FR","@id":"https:\/\/richrocketgame.com\/wild-card-gang\/#primaryimage","url":"https:\/\/richrocketgame.com\/wp-content\/uploads\/2025\/02\/wild-card-gang-slot.jpg","contentUrl":"https:\/\/richrocketgame.com\/wp-content\/uploads\/2025\/02\/wild-card-gang-slot.jpg"},{"@type":"BreadcrumbList","@id":"https:\/\/richrocketgame.com\/wild-card-gang\/#breadcrumb","itemListElement":[{"@type":"ListItem","position":1,"name":"\u0413\u043b\u0430\u0432\u043d\u0430\u044f \u0441\u0442\u0440\u0430\u043d\u0438\u0446\u0430","item":"https:\/\/richrocketgame.com\/"},{"@type":"ListItem","position":2,"name":"Wild Card Gang Slot Demo"}]},{"@type":"WebSite","@id":"https:\/\/richrocketgame.com\/#website","url":"https:\/\/richrocketgame.com\/","name":"Jeu Rich Rocket","description":"","publisher":{"@id":"https:\/\/richrocketgame.com\/#organization"},"potentialAction":[{"@type":"SearchAction","target":{"@type":"EntryPoint","urlTemplate":"https:\/\/richrocketgame.com\/?s={search_term_string}"},"query-input":{"@type":"PropertyValueSpecification","valueRequired":true,"valueName":"search_term_string"}}],"inLanguage":"fr-FR"},{"@type":"Organization","@id":"https:\/\/richrocketgame.com\/#organization","name":"Jeu Rich Rocket","url":"https:\/\/richrocketgame.com\/","logo":{"@type":"ImageObject","inLanguage":"fr-FR","@id":"https:\/\/richrocketgame.com\/#\/schema\/logo\/image\/","url":"https:\/\/richrocketgame.com\/wp-content\/uploads\/2022\/09\/Rich-Rocket-earning-app.png","contentUrl":"https:\/\/richrocketgame.com\/wp-content\/uploads\/2022\/09\/Rich-Rocket-earning-app.png","width":512,"height":512,"caption":"Rich Rocket Game"},"image":{"@id":"https:\/\/richrocketgame.com\/#\/schema\/logo\/image\/"}}]}},"_links":{"self":[{"href":"https:\/\/richrocketgame.com\/fr\/wp-json\/wp\/v2\/pages\/1080","targetHints":{"allow":["GET"]}}],"collection":[{"href":"https:\/\/richrocketgame.com\/fr\/wp-json\/wp\/v2\/pages"}],"about":[{"href":"https:\/\/richrocketgame.com\/fr\/wp-json\/wp\/v2\/types\/page"}],"author":[{"embeddable":true,"href":"https:\/\/richrocketgame.com\/fr\/wp-json\/wp\/v2\/users\/2"}],"replies":[{"embeddable":true,"href":"https:\/\/richrocketgame.com\/fr\/wp-json\/wp\/v2\/comments?post=1080"}],"version-history":[{"count":0,"href":"https:\/\/richrocketgame.com\/fr\/wp-json\/wp\/v2\/pages\/1080\/revisions"}],"wp:attachment":[{"href":"https:\/\/richrocketgame.com\/fr\/wp-json\/wp\/v2\/media?parent=1080"}],"curies":[{"name":"wp","href":"https:\/\/api.w.org\/{rel}","templated":true}]}}