{"id":107,"date":"2022-12-27T16:47:24","date_gmt":"2022-12-27T13:47:24","guid":{"rendered":"https:\/\/richrocketgame.com\/?page_id=107"},"modified":"2024-03-13T23:18:24","modified_gmt":"2024-03-13T20:18:24","slug":"rich-rocket-bot-telegram","status":"publish","type":"page","link":"https:\/\/richrocketgame.com\/fr\/rich-rocket-bot-telegram\/","title":{"rendered":"T\u00e9l\u00e9gramme de robot Rich Rocket"},"content":{"rendered":"<div class=\"fpm_start\"><\/div>\n<div style=\"text-align: center;\"><a class=\"glow-button\" href=\"\/fr\/go\/registration\/\">Jouer au jeu Rich Rocket<\/a><\/div>\n<p>Malgr\u00e9 tous les efforts des d\u00e9veloppeurs de s\u00e9curit\u00e9, les pirates trouvent toujours des moyens de contourner ces protections, comme l&#039;a d\u00e9montr\u00e9 le bot Rich Rocket. Ce logiciel puissant offre aux utilisateurs un large \u00e9ventail d&#039;outils leur permettant de pr\u00e9dire avec pr\u00e9cision les r\u00e9sultats et de tirer parti des jeux. N\u00e9anmoins, des acteurs malveillants ont abus\u00e9 de ces connaissances \u00e0 leurs propres fins illicites, entra\u00eenant des perturbations dans plusieurs programmes et plugins.<\/p>\n<div id=\"attachment_110\" style=\"width: 845px\" class=\"wp-caption aligncenter\"><a href=\"https:\/\/richrocketgame.com\/fr\/go\/registration\/\"><img decoding=\"async\" aria-describedby=\"caption-attachment-110\" class=\"wp-image-110 size-full\" title=\"Rich Rocket Inde\" src=\"https:\/\/richrocketgame.com\/wp-content\/uploads\/2022\/12\/Rich-Rocket-India.jpg\" alt=\"Rich Rocket Inde\" width=\"845\" height=\"546\" srcset=\"https:\/\/richrocketgame.com\/wp-content\/uploads\/2022\/12\/Rich-Rocket-India.jpg 845w, https:\/\/richrocketgame.com\/wp-content\/uploads\/2022\/12\/Rich-Rocket-India-300x194.jpg 300w, https:\/\/richrocketgame.com\/wp-content\/uploads\/2022\/12\/Rich-Rocket-India-768x496.jpg 768w, https:\/\/richrocketgame.com\/wp-content\/uploads\/2022\/12\/Rich-Rocket-India-18x12.jpg 18w, https:\/\/richrocketgame.com\/wp-content\/uploads\/2022\/12\/Rich-Rocket-India-62x40.jpg 62w, https:\/\/richrocketgame.com\/wp-content\/uploads\/2022\/12\/Rich-Rocket-India-50x32.jpg 50w, https:\/\/richrocketgame.com\/wp-content\/uploads\/2022\/12\/Rich-Rocket-India-124x80.jpg 124w, https:\/\/richrocketgame.com\/wp-content\/uploads\/2022\/12\/Rich-Rocket-India-209x135.jpg 209w\" sizes=\"(max-width: 845px) 100vw, 845px\" \/><\/a><p id=\"caption-attachment-110\" class=\"wp-caption-text\">Rich Rocket Inde<\/p><\/div>\n<p>Vous n&#039;avez plus besoin d&#039;attendre patiemment une opportunit\u00e9 - des notifications seront envoy\u00e9es rapidement afin que vous puissiez en profiter et obtenir le plus grand succ\u00e8s\u00a0!<\/p>\n<div id=\"ez-toc-container\" class=\"ez-toc-v2_0_62 counter-hierarchy ez-toc-counter ez-toc-grey ez-toc-container-direction\">\n<div class=\"ez-toc-title-container\">\n<p class=\"ez-toc-title\" >Table des mati\u00e8res<\/p>\n<span class=\"ez-toc-title-toggle\"><a href=\"#\" class=\"ez-toc-pull-right ez-toc-btn ez-toc-btn-xs ez-toc-btn-default ez-toc-toggle\" aria-label=\"Basculer la table des mati\u00e8res\"><span class=\"ez-toc-js-icon-con\"><span class=\"\"><span class=\"eztoc-hide\" style=\"display:none;\">Basculer<\/span><span class=\"ez-toc-icon-toggle-span\"><svg style=\"fill: #999;color:#999\" xmlns=\"http:\/\/www.w3.org\/2000\/svg\" class=\"list-377408\" width=\"20px\" height=\"20px\" viewbox=\"0 0 24 24\" fill=\"none\"><path d=\"M6 6H4v2h2V6zm14 0H8v2h12V6zM4 11h2v2H4v-2zm16 0H8v2h12v-2zM4 16h2v2H4v-2zm16 0H8v2h12v-2z\" fill=\"currentColor\"><\/path><\/svg><svg style=\"fill: #999;color:#999\" class=\"arrow-unsorted-368013\" xmlns=\"http:\/\/www.w3.org\/2000\/svg\" width=\"10px\" height=\"10px\" viewbox=\"0 0 24 24\" version=\"1.2\" baseprofile=\"tiny\"><path d=\"M18.2 9.3l-6.2-6.3-6.2 6.3c-.2.2-.3.4-.3.7s.1.5.3.7c.2.2.4.3.7.3h11c.3 0 .5-.1.7-.3.2-.2.3-.5.3-.7s-.1-.5-.3-.7zM5.8 14.7l6.2 6.3 6.2-6.3c.2-.2.3-.5.3-.7s-.1-.5-.3-.7c-.2-.2-.4-.3-.7-.3h-11c-.3 0-.5.1-.7.3-.2.2-.3.5-.3.7s.1.5.3.7z\"\/><\/svg><\/span><\/span><\/span><\/a><\/span><\/div>\n<nav><ul class='ez-toc-list ez-toc-list-level-1 eztoc-toggle-hide-by-default' ><li class='ez-toc-page-1 ez-toc-heading-level-2'><a class=\"ez-toc-link ez-toc-heading-1\" href=\"https:\/\/richrocketgame.com\/fr\/rich-rocket-bot-telegram\/#Signals_Rich_Rocket_Bot\" title=\"Signaux Rich Rocket Bot\">Signaux Rich Rocket Bot<\/a><\/li><li class='ez-toc-page-1 ez-toc-heading-level-2'><a class=\"ez-toc-link ez-toc-heading-2\" href=\"https:\/\/richrocketgame.com\/fr\/rich-rocket-bot-telegram\/#How_to_Download_Rich_Rocket_Bot\" title=\"Comment t\u00e9l\u00e9charger le robot Rich Rocket ?\">Comment t\u00e9l\u00e9charger le robot Rich Rocket ?<\/a><\/li><li class='ez-toc-page-1 ez-toc-heading-level-2'><a class=\"ez-toc-link ez-toc-heading-3\" href=\"https:\/\/richrocketgame.com\/fr\/rich-rocket-bot-telegram\/#Rich_Rocket_Telegram_Bot\" title=\"Robot de t\u00e9l\u00e9gramme Rich Rocket\">Robot de t\u00e9l\u00e9gramme Rich Rocket<\/a><\/li><li class='ez-toc-page-1 ez-toc-heading-level-2'><a class=\"ez-toc-link ez-toc-heading-4\" href=\"https:\/\/richrocketgame.com\/fr\/rich-rocket-bot-telegram\/#Conclusion\" title=\"Conclusion\">Conclusion<\/a><\/li><\/ul><\/nav><\/div>\n<h2><span class=\"ez-toc-section\" id=\"Signals_Rich_Rocket_Bot\"><\/span>Signaux Rich Rocket Bot<span class=\"ez-toc-section-end\"><\/span><\/h2>\n<p>Pour garantir aux utilisateurs la meilleure exp\u00e9rience possible, <a href=\"https:\/\/richrocketgame.com\/fr\/\">Rich Rocket<\/a> les d\u00e9veloppeurs de signaux ont pass\u00e9 en revue chaque d\u00e9tail de mani\u00e8re exhaustive. Cela a abouti \u00e0 un ensemble sup\u00e9rieur de fonctionnalit\u00e9s qui captivent ses utilisateurs, telles que\u00a0:<\/p>\n<ul>\n<li>Des joueurs d&#039;Inde, d&#039;Afrique du Sud, d&#039;Europe et d&#039;ailleurs se sont port\u00e9s garants de l&#039;authenticit\u00e9 du mat\u00e9riel publi\u00e9.<\/li>\n<li>Les clients et les experts ont fait l&#039;\u00e9loge des pr\u00e9dictions de Rich Rocket India, vous pouvez donc faire confiance \u00e0 leur qualit\u00e9. Non seulement cela, ils continuent de d\u00e9montrer leur d\u00e9vouement \u00e0 fournir le meilleur service possible gr\u00e2ce \u00e0 des examens r\u00e9guliers.<\/li>\n<li>En mettant en commun la force de plusieurs algorithmes qui analysent les tendances actuelles, nous pouvons renforcer les pr\u00e9visions en toute confiance et parvenir \u00e0 un accord partag\u00e9.<\/li>\n<li>En transmettant rapidement les informations critiques qui contribueront au succ\u00e8s, il \u00e9limine toute possibilit\u00e9 d&#039;h\u00e9sitations, de v\u00e9rifications inutiles ou d&#039;autres processus obstructifs.<\/li>\n<li>Restez au courant des derni\u00e8res nouvelles, des avis utiles, des faits intrigants et plus encore - tous vous sont pr\u00e9sent\u00e9s de mani\u00e8re coh\u00e9rente.<\/li>\n<\/ul>\n<p>De plus, se connecter \u00e0 la communaut\u00e9 anim\u00e9e de joueurs chevronn\u00e9s Rich Rocket Telegram est simple. C&#039;est un endroit id\u00e9al pour parler des m\u00e9thodes et des outils que vous utilisez, discuter en profondeur des fonctionnalit\u00e9s du logiciel, participer \u00e0 des discussions stimulantes ou simplement vous d\u00e9tendre en parcourant des messages attrayants\u00a0!<\/p>\n<p>Besoin d&#039;un avantage gagnant? Ne cherchez pas plus loin que notre application innovante. B\u00e9n\u00e9ficiant d&#039;un taux de pr\u00e9cision \u00e9tonnant de 97%, cet outil puissant peut pr\u00e9dire correctement les mouvements des machines \u00e0 sous, ce qui augmente consid\u00e9rablement vos chances de succ\u00e8s\u00a0! Compatible avec n&#039;importe quel appareil, il n&#039;y a pas de temps \u00e0 perdre pour le t\u00e9l\u00e9charger et prendre le dessus d\u00e8s aujourd&#039;hui !<\/p>\n<div id=\"attachment_112\" style=\"width: 994px\" class=\"wp-caption aligncenter\"><a href=\"https:\/\/richrocketgame.com\/fr\/go\/registration\/\"><img decoding=\"async\" aria-describedby=\"caption-attachment-112\" class=\"wp-image-112 size-large\" title=\"Robot Rich Rocket\" src=\"https:\/\/richrocketgame.com\/wp-content\/uploads\/2022\/12\/Rich-Rocket-Bot-1024x443.jpg\" alt=\"Robot Rich Rocket\" width=\"994\" height=\"430\" srcset=\"https:\/\/richrocketgame.com\/wp-content\/uploads\/2022\/12\/Rich-Rocket-Bot-1024x443.jpg 1024w, https:\/\/richrocketgame.com\/wp-content\/uploads\/2022\/12\/Rich-Rocket-Bot-300x130.jpg 300w, https:\/\/richrocketgame.com\/wp-content\/uploads\/2022\/12\/Rich-Rocket-Bot-768x332.jpg 768w, https:\/\/richrocketgame.com\/wp-content\/uploads\/2022\/12\/Rich-Rocket-Bot-18x8.jpg 18w, https:\/\/richrocketgame.com\/wp-content\/uploads\/2022\/12\/Rich-Rocket-Bot-93x40.jpg 93w, https:\/\/richrocketgame.com\/wp-content\/uploads\/2022\/12\/Rich-Rocket-Bot-74x32.jpg 74w, https:\/\/richrocketgame.com\/wp-content\/uploads\/2022\/12\/Rich-Rocket-Bot-185x80.jpg 185w, https:\/\/richrocketgame.com\/wp-content\/uploads\/2022\/12\/Rich-Rocket-Bot-312x135.jpg 312w, https:\/\/richrocketgame.com\/wp-content\/uploads\/2022\/12\/Rich-Rocket-Bot.jpg 1099w\" sizes=\"(max-width: 994px) 100vw, 994px\" \/><\/a><p id=\"caption-attachment-112\" class=\"wp-caption-text\">Robot Rich Rocket<\/p><\/div>\n<div style=\"text-align: center;\"><a class=\"glow-button\" href=\"\/fr\/go\/registration\/\">Rich Rocket Inde<\/a><\/div>\n<h2><span class=\"ez-toc-section\" id=\"How_to_Download_Rich_Rocket_Bot\"><\/span>Comment t\u00e9l\u00e9charger le robot Rich Rocket ?<span class=\"ez-toc-section-end\"><\/span><\/h2>\n<p>L&#039;application est compatible avec tous les syst\u00e8mes les plus populaires, y compris les t\u00e9l\u00e9phones, les tablettes et les ordinateurs, quel que soit l&#039;appareil que vous utilisez\u00a0! De plus, il prend peu de place sur vos appareils et est gratuit lors du t\u00e9l\u00e9chargement. Ses fonctionnalit\u00e9s simples garantissent que m\u00eame si vous n&#039;\u00eates pas vers\u00e9 dans la technologie ou les connaissances sp\u00e9cialis\u00e9es, cette application fonctionne sans accroc et sans aucun stress.<\/p>\n<p>Pour d\u00e9marrer le processus d&#039;installation, l&#039;utilisateur doit\u00a0:<\/p>\n<ol>\n<li>Vous recherchez le programme bot Rich Rocket ? Alors ne cherchez pas plus loin - vous pouvez facilement le trouver avec une recherche rapide en ligne ou via la barre de navigation du site officiel. Avec diverses options disponibles, assurez-vous d&#039;en s\u00e9lectionner une qui est fiable et cr\u00e9dible avant de t\u00e9l\u00e9charger le syst\u00e8me d&#039;exploitation.<\/li>\n<li>Ne vous fiez pas seulement \u00e0 nos pr\u00e9visions et \u00e0 leur fiabilit\u00e9 - essayez l&#039;application pour voir par vous-m\u00eame\u00a0! Il a d\u00e9j\u00e0 pr\u00e9dit des r\u00e9sultats r\u00e9ussis avec un taux de pr\u00e9cision \u00e9norme de 90%, vous pouvez donc \u00eatre assur\u00e9 que ses pr\u00e9dictions seront exactes. Testez-le sur des situations actuelles pour \u00e9valuer si les r\u00e9sultats observ\u00e9s correspondent \u00e0 ce qui avait \u00e9t\u00e9 initialement pr\u00e9vu.<\/li>\n<li>Cr\u00e9ez un compte chez nous et recevez des notifications personnalis\u00e9es sur les remises exclusives con\u00e7ues sp\u00e9cialement pour vous\u00a0! Obtenez les meilleures offres sans avoir \u00e0 chercher - tout est \u00e0 port\u00e9e de main.<\/li>\n<\/ol>\n<p>En mettant en \u0153uvre les conseils fournis et en suivant r\u00e9guli\u00e8rement leurs progr\u00e8s, un joueur est s\u00fbr d&#039;observer un taux de r\u00e9ussite sans cesse croissant. En un rien de temps, ils se retrouveront \u00e0 gagner plus fr\u00e9quemment que jamais !<\/p>\n<div id=\"attachment_111\" style=\"width: 816px\" class=\"wp-caption aligncenter\"><a href=\"https:\/\/richrocketgame.com\/fr\/go\/registration\/\"><img decoding=\"async\" aria-describedby=\"caption-attachment-111\" class=\"wp-image-111 size-full\" title=\"Examen du t\u00e9l\u00e9gramme Rich Rocket\" src=\"https:\/\/richrocketgame.com\/wp-content\/uploads\/2022\/12\/Rich-Rocket-Telegram-Review.jpg\" alt=\"Examen du t\u00e9l\u00e9gramme Rich Rocket\" width=\"816\" height=\"331\" srcset=\"https:\/\/richrocketgame.com\/wp-content\/uploads\/2022\/12\/Rich-Rocket-Telegram-Review.jpg 816w, https:\/\/richrocketgame.com\/wp-content\/uploads\/2022\/12\/Rich-Rocket-Telegram-Review-300x122.jpg 300w, https:\/\/richrocketgame.com\/wp-content\/uploads\/2022\/12\/Rich-Rocket-Telegram-Review-768x312.jpg 768w, https:\/\/richrocketgame.com\/wp-content\/uploads\/2022\/12\/Rich-Rocket-Telegram-Review-18x7.jpg 18w, https:\/\/richrocketgame.com\/wp-content\/uploads\/2022\/12\/Rich-Rocket-Telegram-Review-99x40.jpg 99w, https:\/\/richrocketgame.com\/wp-content\/uploads\/2022\/12\/Rich-Rocket-Telegram-Review-79x32.jpg 79w, https:\/\/richrocketgame.com\/wp-content\/uploads\/2022\/12\/Rich-Rocket-Telegram-Review-197x80.jpg 197w, https:\/\/richrocketgame.com\/wp-content\/uploads\/2022\/12\/Rich-Rocket-Telegram-Review-333x135.jpg 333w\" sizes=\"(max-width: 816px) 100vw, 816px\" \/><\/a><p id=\"caption-attachment-111\" class=\"wp-caption-text\">Examen du t\u00e9l\u00e9gramme Rich Rocket<\/p><\/div>\n<div style=\"text-align: center;\"><a class=\"glow-button\" href=\"\/fr\/go\/registration\/\">Robot Rich Rocket<\/a><\/div>\n<h2><span class=\"ez-toc-section\" id=\"Rich_Rocket_Telegram_Bot\"><\/span>Robot de t\u00e9l\u00e9gramme Rich Rocket<span class=\"ez-toc-section-end\"><\/span><\/h2>\n<p>Si vous \u00eates un joueur ambitieux, Rich Rocket Bot est le compagnon id\u00e9al pour vous. Obtenez les informations les plus r\u00e9centes sur les tendances et les conditions actuelles du march\u00e9 - le tout en un seul endroit\u00a0! Ne manquez aucune des derni\u00e8res nouvelles\u00a0; avec Rich Rocket Telegram Review, le succ\u00e8s n&#039;est qu&#039;\u00e0 un clic !<\/p><script data-noptimize=\"\" data-wpfc-render=\"false\">\n\/* <![CDATA[ *\/\nfpm_start( \"true\" );\n\/* ]]> *\/\n<\/script>\n\n<p>Les utilisateurs n&#039;ont rien \u00e0 craindre lorsqu&#039;il s&#039;agit de faire confiance \u00e0 ce programme - il est s\u00e9curis\u00e9, pr\u00e9cis et v\u00e9ritablement b\u00e9n\u00e9fique pour r\u00e9ussir aux jeux de machines \u00e0 sous. T\u00e9l\u00e9chargez-le maintenant pour avoir une chance d&#039;obtenir le plus grand succ\u00e8s\u00a0!<\/p>\n<p>Ne manquez pas votre chance de devenir un gagnant avec Rich Rocket India\u00a0! T\u00e9l\u00e9chargez l&#039;application maintenant et commencez votre voyage - il est temps d&#039;aller de l&#039;avant.<\/p>\n<h2><span class=\"ez-toc-section\" id=\"Conclusion\"><\/span>Conclusion<span class=\"ez-toc-section-end\"><\/span><\/h2>\n<p>Obtenez un avantage concurrentiel avec Rich Rocket\u00a0! Taux de pr\u00e9cision 97% et acc\u00e8s \u00e0 des joueurs exp\u00e9riment\u00e9s du groupe de t\u00e9l\u00e9grammes pour vous fournir les meilleurs conseils. T\u00e9l\u00e9chargez-le gratuitement et faites passer votre jeu au niveau sup\u00e9rieur - compatible avec n&#039;importe quel appareil, afin que vous puissiez emporter votre A-game partout o\u00f9 vous allez.<\/p>\n<div style=\"height: 0px; overflow: hidden; padding-top: 56.25%; position: relative; width: 100%;\"><iframe style=\"position: absolute; top: 0px; left: 0px; width: 100%; height: 100%;\" title=\"Lecteur vid\u00e9o YouTube\" src=\"https:\/\/tube.rvere.com\/embed?v=9FOIAl95Cyw\" frameborder=\"0\" allowfullscreen=\"allowfullscreen\"><br \/>\n<\/iframe><\/div>\n<div class=\"fpm_end\"><\/div>\n<div class=\"author-card author-card--top\"><img alt='Photo de l&#039;avatar' src='https:\/\/richrocketgame.com\/wp-content\/uploads\/2023\/03\/Paulo-Dornelas-130x130.jpg' srcset='https:\/\/richrocketgame.com\/wp-content\/uploads\/2023\/03\/Paulo-Dornelas-260x260.jpg 2x' class='avatar avatar-130 photo author-image' height='130' width='130' \/><div class=\"author-content text-md-center\"><span class=\"author-title\">Auteur<\/span><a href=\"https:\/\/richrocketgame.com\/fr\/author\/paulo-dornelas\/\" class=\"author-name\">Paulo Dornelas<\/a><p class=\"author__details\">Paulo Dornelas est un expert en jeux d'argent qui a consacr\u00e9 sa vie \u00e0 comprendre ce secteur et \u00e0 aider les autres \u00e0 en tirer profit. Il est \u00e9galement un grand voyageur et adore explorer de nouveaux endroits. Les connaissances de Paulo en mati\u00e8re de jeux d'argent et sa passion pour les voyages font de lui le guide id\u00e9al pour tous ceux qui cherchent \u00e0 faire de s\u00e9rieux b\u00e9n\u00e9fices en pariant sur les sports ou en jouant aux jeux de casino.<\/p><\/div><!-- \/.author-content --><\/div>","protected":false},"excerpt":{"rendered":"<p>Jouer au jeu Rich Rocket Malgr\u00e9 les meilleurs efforts des d\u00e9veloppeurs de s\u00e9curit\u00e9, les pirates trouvent toujours des moyens de contourner ces protections, comme l&#039;a d\u00e9montr\u00e9 le bot Rich Rocket. Ce logiciel puissant offre aux utilisateurs un large \u00e9ventail d&#039;outils leur permettant de pr\u00e9dire avec pr\u00e9cision les r\u00e9sultats et de tirer parti des jeux. N\u00e9anmoins, des acteurs malveillants ont abus\u00e9 de cette connaissance pour leur propre [\u2026]<\/p>","protected":false},"author":2,"featured_media":0,"parent":0,"menu_order":0,"comment_status":"closed","ping_status":"closed","template":"page-no-sidebar.php","meta":{"footnotes":""},"class_list":["post-107","page","type-page","status-publish","hentry"],"yoast_head":"<!-- This site is optimized with the Yoast SEO plugin v26.7 - https:\/\/yoast.com\/wordpress\/plugins\/seo\/ -->\n<title>Rich Rocket Bot Telegram - Rich Rocket India<\/title>\n<meta name=\"description\" content=\"How to Find Rich Rocket Telegram channel and try the application Rich Rocket Bot? Download Bot for Rich Rocket Game India and Start Predict!\" \/>\n<meta name=\"robots\" content=\"index, follow, max-snippet:-1, max-image-preview:large, max-video-preview:-1\" \/>\n<link rel=\"canonical\" href=\"https:\/\/richrocketgame.com\/fr\/rich-rocket-bot-telegram\/\" \/>\n<meta property=\"og:locale\" content=\"fr_FR\" \/>\n<meta property=\"og:type\" content=\"article\" \/>\n<meta property=\"og:title\" content=\"Rich Rocket Bot Telegram - Rich Rocket India\" \/>\n<meta property=\"og:description\" content=\"How to Find Rich Rocket Telegram channel and try the application Rich Rocket Bot? Download Bot for Rich Rocket Game India and Start Predict!\" \/>\n<meta property=\"og:url\" content=\"https:\/\/richrocketgame.com\/fr\/rich-rocket-bot-telegram\/\" \/>\n<meta property=\"og:site_name\" content=\"Rich Rocket Game\" \/>\n<meta property=\"article:modified_time\" content=\"2024-03-13T20:18:24+00:00\" \/>\n<meta property=\"og:image\" content=\"https:\/\/richrocketgame.com\/wp-content\/uploads\/2022\/12\/Rich-Rocket-India.jpg\" \/>\n<meta name=\"twitter:card\" content=\"summary_large_image\" \/>\n<meta name=\"twitter:label1\" content=\"Dur\u00e9e de lecture estim\u00e9e\" \/>\n\t<meta name=\"twitter:data1\" content=\"5 minutes\" \/>\n<!-- \/ Yoast SEO plugin. -->","yoast_head_json":{"title":"Rich Rocket Bot Telegram - Rich Rocket Inde","description":"Comment trouver la cha\u00eene Telegram Rich Rocket et essayer l&#039;application Rich Rocket Bot ? T\u00e9l\u00e9chargez le bot pour Rich Rocket Game India et lancez Predict\u00a0!","robots":{"index":"index","follow":"follow","max-snippet":"max-snippet:-1","max-image-preview":"max-image-preview:large","max-video-preview":"max-video-preview:-1"},"canonical":"https:\/\/richrocketgame.com\/fr\/rich-rocket-bot-telegram\/","og_locale":"fr_FR","og_type":"article","og_title":"Rich Rocket Bot Telegram - Rich Rocket India","og_description":"How to Find Rich Rocket Telegram channel and try the application Rich Rocket Bot? Download Bot for Rich Rocket Game India and Start Predict!","og_url":"https:\/\/richrocketgame.com\/fr\/rich-rocket-bot-telegram\/","og_site_name":"Rich Rocket Game","article_modified_time":"2024-03-13T20:18:24+00:00","og_image":[{"url":"https:\/\/richrocketgame.com\/wp-content\/uploads\/2022\/12\/Rich-Rocket-India.jpg","type":"","width":"","height":""}],"twitter_card":"summary_large_image","twitter_misc":{"Dur\u00e9e de lecture estim\u00e9e":"5 minutes"},"schema":{"@context":"https:\/\/schema.org","@graph":[{"@type":"WebPage","@id":"https:\/\/richrocketgame.com\/rich-rocket-bot-telegram\/","url":"https:\/\/richrocketgame.com\/rich-rocket-bot-telegram\/","name":"Rich Rocket Bot Telegram - Rich Rocket Inde","isPartOf":{"@id":"https:\/\/richrocketgame.com\/#website"},"primaryImageOfPage":{"@id":"https:\/\/richrocketgame.com\/rich-rocket-bot-telegram\/#primaryimage"},"image":{"@id":"https:\/\/richrocketgame.com\/rich-rocket-bot-telegram\/#primaryimage"},"thumbnailUrl":"https:\/\/richrocketgame.com\/wp-content\/uploads\/2022\/12\/Rich-Rocket-India.jpg","datePublished":"2022-12-27T13:47:24+00:00","dateModified":"2024-03-13T20:18:24+00:00","description":"Comment trouver la cha\u00eene Telegram Rich Rocket et essayer l&#039;application Rich Rocket Bot ? T\u00e9l\u00e9chargez le bot pour Rich Rocket Game India et lancez Predict\u00a0!","breadcrumb":{"@id":"https:\/\/richrocketgame.com\/rich-rocket-bot-telegram\/#breadcrumb"},"inLanguage":"fr-FR","potentialAction":[{"@type":"ReadAction","target":["https:\/\/richrocketgame.com\/rich-rocket-bot-telegram\/"]}]},{"@type":"ImageObject","inLanguage":"fr-FR","@id":"https:\/\/richrocketgame.com\/rich-rocket-bot-telegram\/#primaryimage","url":"https:\/\/richrocketgame.com\/wp-content\/uploads\/2022\/12\/Rich-Rocket-India.jpg","contentUrl":"https:\/\/richrocketgame.com\/wp-content\/uploads\/2022\/12\/Rich-Rocket-India.jpg"},{"@type":"BreadcrumbList","@id":"https:\/\/richrocketgame.com\/rich-rocket-bot-telegram\/#breadcrumb","itemListElement":[{"@type":"ListItem","position":1,"name":"\u0413\u043b\u0430\u0432\u043d\u0430\u044f \u0441\u0442\u0440\u0430\u043d\u0438\u0446\u0430","item":"https:\/\/richrocketgame.com\/"},{"@type":"ListItem","position":2,"name":"Rich Rocket Bot Telegram"}]},{"@type":"WebSite","@id":"https:\/\/richrocketgame.com\/#website","url":"https:\/\/richrocketgame.com\/","name":"Jeu Rich Rocket","description":"","publisher":{"@id":"https:\/\/richrocketgame.com\/#organization"},"potentialAction":[{"@type":"SearchAction","target":{"@type":"EntryPoint","urlTemplate":"https:\/\/richrocketgame.com\/?s={search_term_string}"},"query-input":{"@type":"PropertyValueSpecification","valueRequired":true,"valueName":"search_term_string"}}],"inLanguage":"fr-FR"},{"@type":"Organization","@id":"https:\/\/richrocketgame.com\/#organization","name":"Jeu Rich Rocket","url":"https:\/\/richrocketgame.com\/","logo":{"@type":"ImageObject","inLanguage":"fr-FR","@id":"https:\/\/richrocketgame.com\/#\/schema\/logo\/image\/","url":"https:\/\/richrocketgame.com\/wp-content\/uploads\/2022\/09\/Rich-Rocket-earning-app.png","contentUrl":"https:\/\/richrocketgame.com\/wp-content\/uploads\/2022\/09\/Rich-Rocket-earning-app.png","width":512,"height":512,"caption":"Rich Rocket Game"},"image":{"@id":"https:\/\/richrocketgame.com\/#\/schema\/logo\/image\/"}}]}},"_links":{"self":[{"href":"https:\/\/richrocketgame.com\/fr\/wp-json\/wp\/v2\/pages\/107","targetHints":{"allow":["GET"]}}],"collection":[{"href":"https:\/\/richrocketgame.com\/fr\/wp-json\/wp\/v2\/pages"}],"about":[{"href":"https:\/\/richrocketgame.com\/fr\/wp-json\/wp\/v2\/types\/page"}],"author":[{"embeddable":true,"href":"https:\/\/richrocketgame.com\/fr\/wp-json\/wp\/v2\/users\/2"}],"replies":[{"embeddable":true,"href":"https:\/\/richrocketgame.com\/fr\/wp-json\/wp\/v2\/comments?post=107"}],"version-history":[{"count":0,"href":"https:\/\/richrocketgame.com\/fr\/wp-json\/wp\/v2\/pages\/107\/revisions"}],"wp:attachment":[{"href":"https:\/\/richrocketgame.com\/fr\/wp-json\/wp\/v2\/media?parent=107"}],"curies":[{"name":"wp","href":"https:\/\/api.w.org\/{rel}","templated":true}]}}