{"id":1039,"date":"2025-02-11T18:44:02","date_gmt":"2025-02-11T15:44:02","guid":{"rendered":"https:\/\/richrocketgame.com\/?page_id=1039"},"modified":"2025-08-01T11:18:06","modified_gmt":"2025-08-01T08:18:06","slug":"jungle-queen-slot","status":"publish","type":"page","link":"https:\/\/richrocketgame.com\/fr\/jungle-queen-slot\/","title":{"rendered":"D\u00e9mo de la machine \u00e0 sous Jungle Queen"},"content":{"rendered":"<div class=\"fpm_start\"><\/div>\n<p>La machine \u00e0 sous Jungle Queen, dont la sortie est pr\u00e9vue pour le 20 f\u00e9vrier 2025, emm\u00e8nera les joueurs dans le domaine de la reine de la for\u00eat tropicale. Un accueil hospitalier vous attend sur un terrain de jeu 5\u00d73 avec 20 lignes de paiement. Les joueurs chanceux qui font plaisir \u00e0 la reine peuvent gagner x10 000. Jungle Queen de BGaming dispose de quatre fonctions bonus qui rendent chaque tour impr\u00e9visible.<\/p>\n<div style=\"text-align: center;\"><a class=\"glow-button\" href=\"\/fr\/go\/registration\/\" rel=\"noreferrer noopener nofollow\">Jouer \u00e0 la machine \u00e0 sous<\/a><\/div>\n<table>\n<tbody>\n<tr>\n<td>Date de sortie<\/td>\n<td>20 f\u00e9vrier 2025<\/td>\n<\/tr>\n<tr>\n<td>Enrouleurs<\/td>\n<td>5<\/td>\n<\/tr>\n<tr>\n<td>Rangs<\/td>\n<td>3<\/td>\n<\/tr>\n<tr>\n<td>RTP<\/td>\n<td>96,15%<\/td>\n<\/tr>\n<tr>\n<td>Volatilit\u00e9<\/td>\n<td>Haut<\/td>\n<\/tr>\n<tr>\n<td>Lignes gagnantes<\/td>\n<td>20<\/td>\n<\/tr>\n<tr>\n<td>Gains maximum<\/td>\n<td>10 000 $<\/td>\n<\/tr>\n<\/tbody>\n<\/table>\n<p>&nbsp;<\/p>\n<div id=\"ez-toc-container\" class=\"ez-toc-v2_0_62 counter-hierarchy ez-toc-counter ez-toc-grey ez-toc-container-direction\">\n<div class=\"ez-toc-title-container\">\n<p class=\"ez-toc-title\" >Table des mati\u00e8res<\/p>\n<span class=\"ez-toc-title-toggle\"><a href=\"#\" class=\"ez-toc-pull-right ez-toc-btn ez-toc-btn-xs ez-toc-btn-default ez-toc-toggle\" aria-label=\"Basculer la table des mati\u00e8res\"><span class=\"ez-toc-js-icon-con\"><span class=\"\"><span class=\"eztoc-hide\" style=\"display:none;\">Basculer<\/span><span class=\"ez-toc-icon-toggle-span\"><svg style=\"fill: #999;color:#999\" xmlns=\"http:\/\/www.w3.org\/2000\/svg\" class=\"list-377408\" width=\"20px\" height=\"20px\" viewbox=\"0 0 24 24\" fill=\"none\"><path d=\"M6 6H4v2h2V6zm14 0H8v2h12V6zM4 11h2v2H4v-2zm16 0H8v2h12v-2zM4 16h2v2H4v-2zm16 0H8v2h12v-2z\" fill=\"currentColor\"><\/path><\/svg><svg style=\"fill: #999;color:#999\" class=\"arrow-unsorted-368013\" xmlns=\"http:\/\/www.w3.org\/2000\/svg\" width=\"10px\" height=\"10px\" viewbox=\"0 0 24 24\" version=\"1.2\" baseprofile=\"tiny\"><path d=\"M18.2 9.3l-6.2-6.3-6.2 6.3c-.2.2-.3.4-.3.7s.1.5.3.7c.2.2.4.3.7.3h11c.3 0 .5-.1.7-.3.2-.2.3-.5.3-.7s-.1-.5-.3-.7zM5.8 14.7l6.2 6.3 6.2-6.3c.2-.2.3-.5.3-.7s-.1-.5-.3-.7c-.2-.2-.4-.3-.7-.3h-11c-.3 0-.5.1-.7.3-.2.2-.3.5-.3.7s.1.5.3.7z\"\/><\/svg><\/span><\/span><\/span><\/a><\/span><\/div>\n<nav><ul class='ez-toc-list ez-toc-list-level-1 eztoc-toggle-hide-by-default' ><li class='ez-toc-page-1 ez-toc-heading-level-2'><a class=\"ez-toc-link ez-toc-heading-1\" href=\"https:\/\/richrocketgame.com\/fr\/jungle-queen-slot\/#What_we_Know_About_the_Jungle_Queen_Game\" title=\"Ce que nous savons sur le jeu Jungle Queen\">Ce que nous savons sur le jeu Jungle Queen<\/a><ul class='ez-toc-list-level-3' ><li class='ez-toc-heading-level-3'><a class=\"ez-toc-link ez-toc-heading-2\" href=\"https:\/\/richrocketgame.com\/fr\/jungle-queen-slot\/#Bonus_Features_of_the_Slot\" title=\"Fonctionnalit\u00e9s bonus de la machine \u00e0 sous\">Fonctionnalit\u00e9s bonus de la machine \u00e0 sous<\/a><\/li><\/ul><\/li><li class='ez-toc-page-1 ez-toc-heading-level-2'><a class=\"ez-toc-link ez-toc-heading-3\" href=\"https:\/\/richrocketgame.com\/fr\/jungle-queen-slot\/#Why_play_the_Jungle_Queen_slot\" title=\"Pourquoi jouer \u00e0 la machine \u00e0 sous Jungle Queen ?\">Pourquoi jouer \u00e0 la machine \u00e0 sous Jungle Queen ?<\/a><\/li><li class='ez-toc-page-1 ez-toc-heading-level-2'><a class=\"ez-toc-link ez-toc-heading-4\" href=\"https:\/\/richrocketgame.com\/fr\/jungle-queen-slot\/#FAQ\" title=\"FAQ\">FAQ<\/a><ul class='ez-toc-list-level-3' ><li class='ez-toc-heading-level-3'><a class=\"ez-toc-link ez-toc-heading-5\" href=\"https:\/\/richrocketgame.com\/fr\/jungle-queen-slot\/#Is_there_a_jackpot_in_Jungle_Queen\" title=\"Y a-t-il un jackpot dans Jungle Queen ?\">Y a-t-il un jackpot dans Jungle Queen ?<\/a><\/li><li class='ez-toc-page-1 ez-toc-heading-level-3'><a class=\"ez-toc-link ez-toc-heading-6\" href=\"https:\/\/richrocketgame.com\/fr\/jungle-queen-slot\/#Does_BGaming_plan_to_release_Jungle_Queen_Demo\" title=\"BGaming pr\u00e9voit-il de sortir une d\u00e9mo de Jungle Queen ?\">BGaming pr\u00e9voit-il de sortir une d\u00e9mo de Jungle Queen ?<\/a><\/li><li class='ez-toc-page-1 ez-toc-heading-level-3'><a class=\"ez-toc-link ez-toc-heading-7\" href=\"https:\/\/richrocketgame.com\/fr\/jungle-queen-slot\/#What_are_the_main_features_of_the_slot\" title=\"Quelles sont les principales caract\u00e9ristiques de la machine \u00e0 sous ?\">Quelles sont les principales caract\u00e9ristiques de la machine \u00e0 sous ?<\/a><\/li><\/ul><\/li><\/ul><\/nav><\/div>\n<h2><span class=\"ez-toc-section\" id=\"What_we_Know_About_the_Jungle_Queen_Game\"><\/span>Ce que nous savons sur le jeu Jungle Queen<span class=\"ez-toc-section-end\"><\/span><\/h2>\n<p>Le jeu de casino Jungle Queen invite les joueurs \u00e0 trouver des tr\u00e9sors dans une jungle myst\u00e9rieuse. Sur le plan stylistique, le jeu oscille entre les th\u00e8mes animaliers et magiques. Vous verrez des symboles de cartes de bas niveau et des symboles d'animaux de haut niveau sur les rouleaux.<\/p>\n<p>BGaming a fix\u00e9 un gain maximum \u00e9lev\u00e9 de $250 000. Il n'y a pas encore d'informations sp\u00e9cifiques sur la taille des paris, mais le fournisseur promet que le jeu est con\u00e7u pour diff\u00e9rents budgets. Si vous d\u00e9cidez de jouer \u00e0 Jungle Queen, vous pouvez vous attendre \u00e0 obtenir des combinaisons gagnantes tous les 4 ou 5 tours.<\/p>\n<p><a href=\"https:\/\/richrocketgame.com\/fr\/go\/registration\/\" target=\"_blank\" rel=\"noreferrer noopener nofollow\"><img decoding=\"async\" class=\"aligncenter wp-image-1046\" src=\"https:\/\/richrocketgame.com\/wp-content\/uploads\/2025\/02\/jungle-queen-slot.jpg\" alt=\"La machine \u00e0 sous Jungle Queen de BGaming.\" width=\"420\" height=\"512\" srcset=\"https:\/\/richrocketgame.com\/wp-content\/uploads\/2025\/02\/jungle-queen-slot.jpg 574w, https:\/\/richrocketgame.com\/wp-content\/uploads\/2025\/02\/jungle-queen-slot-246x300.jpg 246w, https:\/\/richrocketgame.com\/wp-content\/uploads\/2025\/02\/jungle-queen-slot-10x12.jpg 10w, https:\/\/richrocketgame.com\/wp-content\/uploads\/2025\/02\/jungle-queen-slot-33x40.jpg 33w, https:\/\/richrocketgame.com\/wp-content\/uploads\/2025\/02\/jungle-queen-slot-26x32.jpg 26w, https:\/\/richrocketgame.com\/wp-content\/uploads\/2025\/02\/jungle-queen-slot-66x80.jpg 66w, https:\/\/richrocketgame.com\/wp-content\/uploads\/2025\/02\/jungle-queen-slot-111x135.jpg 111w\" sizes=\"(max-width: 420px) 100vw, 420px\" \/><\/a><\/p>\n<h3><span class=\"ez-toc-section\" id=\"Bonus_Features_of_the_Slot\"><\/span>Fonctionnalit\u00e9s bonus de la machine \u00e0 sous<span class=\"ez-toc-section-end\"><\/span><\/h3>\n<p>Le jeu propose deux types de symboles Wild. En plus de l'inscription traditionnelle \"Wild\", les papillons peuvent appara\u00eetre sur les rouleaux et remplacer tous les autres symboles, \u00e0 l'exception des symboles sp\u00e9ciaux. Dans ce cas, il est essentiel de garder un \u0153il sur le panneau situ\u00e9 au-dessus des rouleaux : il affiche les symboles que les papillons ne transforment pas dans ce tirage.<\/p>\n<p>D'autres bonus de Jungle Queen en ligne promettent des gains encore plus importants :<\/p>\n<ul>\n<li>Tours gratuits. R\u00e9unissez une combinaison de 3 scatters pour avoir droit \u00e0 12 tours gratuits sur les rouleaux.<\/li>\n<li>Papillons mystiques. Pendant les tours gratuits, un multiplicateur est en vigueur. En collectant un certain nombre de papillons, vous augmentez le multiplicateur de 1, supprimez le symbole le moins bien pay\u00e9 des rouleaux et obtenez trois tours gratuits suppl\u00e9mentaires.<\/li>\n<li>Pi\u00e8ces d'or de la Reine. Ces symboles sp\u00e9ciaux peuvent appara\u00eetre \u00e0 tout moment et vous permettent de remporter des prix instantan\u00e9s allant jusqu'\u00e0 2 500 fois votre mise.<\/li>\n<\/ul>\n<p>BGaming a ajout\u00e9 une fonction d'achat de bonus \u00e0 Jungle Queen, permettant aux joueurs d'acheter l'acc\u00e8s aux tours gratuits pour x100 de la mise. Cela vous permettra de passer directement \u00e0 la partie la plus int\u00e9ressante du jeu.<\/p>\n<div style=\"text-align: center;\"><a class=\"glow-button\" href=\"\/fr\/go\/registration\/\">Essayez Jungle Queen<\/a><\/div>\n<h2><span class=\"ez-toc-section\" id=\"Why_play_the_Jungle_Queen_slot\"><\/span>Pourquoi jouer \u00e0 la machine \u00e0 sous Jungle Queen ?<span class=\"ez-toc-section-end\"><\/span><\/h2>\n<p>Le jeu m\u00e9rite l'attention pour plusieurs raisons :<\/p><script data-noptimize=\"\" data-wpfc-render=\"false\">\n\/* <![CDATA[ *\/\nfpm_start( \"true\" );\n\/* ]]> *\/\n<\/script>\n\n<ul>\n<li>Excellents gains maximums. La mise peut \u00eatre multipli\u00e9e par 10 000 en un seul tirage.<\/li>\n<li>Fonctionnalit\u00e9 de la pi\u00e8ce d'or. Une pi\u00e8ce repr\u00e9sentant x2 500 de la mise peut appara\u00eetre sur l'aire de jeu \u00e0 tout moment.<\/li>\n<li>Tours gratuits. Le tour bonus comporte des fonctions suppl\u00e9mentaires qui augmentent les chances de gagner.<\/li>\n<li>Design et style. Bien que le th\u00e8me ne soit pas nouveau, BGaming a cr\u00e9\u00e9 une atmosph\u00e8re attrayante o\u00f9 l'on a envie de s'immerger.<\/li>\n<\/ul>\n<p>Notez la date de sortie de Jungle Queen sur votre calendrier et soyez l'un des premiers \u00e0 l'essayer au casino.<\/p>\n<p><a href=\"https:\/\/richrocketgame.com\/fr\/go\/registration\/\" target=\"_blank\" rel=\"noreferrer noopener nofollow\"><img decoding=\"async\" class=\"aligncenter wp-image-1053 size-full\" src=\"https:\/\/richrocketgame.com\/wp-content\/uploads\/2025\/02\/jungle-queen-casino-game.jpg\" alt=\"Jeu de casino Jungle Queen.\" width=\"992\" height=\"629\" srcset=\"https:\/\/richrocketgame.com\/wp-content\/uploads\/2025\/02\/jungle-queen-casino-game.jpg 992w, https:\/\/richrocketgame.com\/wp-content\/uploads\/2025\/02\/jungle-queen-casino-game-300x190.jpg 300w, https:\/\/richrocketgame.com\/wp-content\/uploads\/2025\/02\/jungle-queen-casino-game-768x487.jpg 768w, https:\/\/richrocketgame.com\/wp-content\/uploads\/2025\/02\/jungle-queen-casino-game-18x12.jpg 18w, https:\/\/richrocketgame.com\/wp-content\/uploads\/2025\/02\/jungle-queen-casino-game-63x40.jpg 63w, https:\/\/richrocketgame.com\/wp-content\/uploads\/2025\/02\/jungle-queen-casino-game-50x32.jpg 50w, https:\/\/richrocketgame.com\/wp-content\/uploads\/2025\/02\/jungle-queen-casino-game-126x80.jpg 126w, https:\/\/richrocketgame.com\/wp-content\/uploads\/2025\/02\/jungle-queen-casino-game-213x135.jpg 213w\" sizes=\"(max-width: 992px) 100vw, 992px\" \/><\/a><\/p>\n<h2><span class=\"ez-toc-section\" id=\"FAQ\"><\/span>FAQ<span class=\"ez-toc-section-end\"><\/span><\/h2>\n        <section class=\"sc_fs_faq sc_card\">\n            <div>\n\t\t\t\t<h3><span class=\"ez-toc-section\" id=\"Is_there_a_jackpot_in_Jungle_Queen\"><\/span>Y a-t-il un jackpot dans Jungle Queen ?<span class=\"ez-toc-section-end\"><\/span><\/h3>                <div>\n\t\t\t\t\t                    <p>\n\t\t\t\t\t\tNon, le fournisseur n'a pas pr\u00e9vu de jackpot dans Jungle Queen. Cependant, les gains maximums de cette machine \u00e0 sous sont suffisamment importants pour satisfaire la soif d'excitation de la plupart des joueurs.                    <\/p>\n                <\/div>\n            <\/div>\n        <\/section>\n\t\t        <section class=\"sc_fs_faq sc_card\">\n            <div>\n\t\t\t\t<h3><span class=\"ez-toc-section\" id=\"Does_BGaming_plan_to_release_Jungle_Queen_Demo\"><\/span>BGaming pr\u00e9voit-il de sortir une d\u00e9mo de Jungle Queen ?<span class=\"ez-toc-section-end\"><\/span><\/h3>                <div>\n\t\t\t\t\t                    <p>\n\t\t\t\t\t\tOui, la version gratuite de Jungle Queen appara\u00eet en m\u00eame temps que le jeu en argent r\u00e9el. Vous pouvez essayer cette nouveaut\u00e9 dans le casino et sur le site du fournisseur.                    <\/p>\n                <\/div>\n            <\/div>\n        <\/section>\n\t\t        <section class=\"sc_fs_faq sc_card\">\n            <div>\n\t\t\t\t<h3><span class=\"ez-toc-section\" id=\"What_are_the_main_features_of_the_slot\"><\/span>Quelles sont les principales caract\u00e9ristiques de la machine \u00e0 sous ?<span class=\"ez-toc-section-end\"><\/span><\/h3>                <div>\n\t\t\t\t\t                    <p>\n\t\t\t\t\t\tLe symbole du papillon peut se substituer \u00e0 n'importe quel autre symbole sur l'aire de jeu. En outre, le jeu offre une s\u00e9rie de tours gratuits et des pi\u00e8ces royales qui peuvent instantan\u00e9ment rapporter x2 500 de la mise.                    <\/p>\n                <\/div>\n            <\/div>\n        <\/section>\n\t\t\n<script type=\"application\/ld+json\">{\n    \"@context\": \"https:\\\/\\\/schema.org\",\n    \"@type\": \"FAQPage\",\n    \"mainEntity\": [\n        {\n            \"@type\": \"Question\",\n            \"name\": \"Is there a jackpot in Jungle Queen?\",\n            \"acceptedAnswer\": {\n                \"@type\": \"Answer\",\n                \"text\": \"No, the provider has not provided a jackpot in Jungle Queen. However, the maximum winnings in the slot are big enough to satisfy most players' thirst for excitement.\"\n            }\n        },\n        {\n            \"@type\": \"Question\",\n            \"name\": \"Does BGaming plan to release Jungle Queen Demo?\",\n            \"acceptedAnswer\": {\n                \"@type\": \"Answer\",\n                \"text\": \"Yes, the free version of Jungle Queen will appear simultaneously as the real money game. You can try out the novelty in the casino and on the provider's website.\"\n            }\n        },\n        {\n            \"@type\": \"Question\",\n            \"name\": \"What are the main features of the slot?\",\n            \"acceptedAnswer\": {\n                \"@type\": \"Answer\",\n                \"text\": \"The butterfly symbol can substitute for any other symbol on the playing field. In addition, the game offers a round of free spins and royal coins that can instantly bring x2,500 of the bet.\"\n            }\n        }\n    ]\n}<\/script>\n\n<div class=\"fpm_end\"><\/div>\n<div class=\"author-card author-card--top\"><img alt='Photo de l&#039;avatar' src='https:\/\/richrocketgame.com\/wp-content\/uploads\/2023\/03\/Paulo-Dornelas-130x130.jpg' srcset='https:\/\/richrocketgame.com\/wp-content\/uploads\/2023\/03\/Paulo-Dornelas-260x260.jpg 2x' class='avatar avatar-130 photo author-image' height='130' width='130' \/><div class=\"author-content text-md-center\"><span class=\"author-title\">Auteur<\/span><a href=\"https:\/\/richrocketgame.com\/fr\/author\/paulo-dornelas\/\" class=\"author-name\">Paulo Dornelas<\/a><p class=\"author__details\">Paulo Dornelas est un expert en jeux d'argent qui a consacr\u00e9 sa vie \u00e0 comprendre ce secteur et \u00e0 aider les autres \u00e0 en tirer profit. Il est \u00e9galement un grand voyageur et adore explorer de nouveaux endroits. Les connaissances de Paulo en mati\u00e8re de jeux d'argent et sa passion pour les voyages font de lui le guide id\u00e9al pour tous ceux qui cherchent \u00e0 faire de s\u00e9rieux b\u00e9n\u00e9fices en pariant sur les sports ou en jouant aux jeux de casino.<\/p><\/div><!-- \/.author-content --><\/div>","protected":false},"excerpt":{"rendered":"<p>La machine \u00e0 sous Jungle Queen, dont la sortie est pr\u00e9vue le 20 f\u00e9vrier 2025, emm\u00e8nera les joueurs dans le domaine de la reine de la for\u00eat tropicale. Un accueil chaleureux vous attend sur un terrain de jeu 5\u00d73 avec 20 lignes de paiement. Les joueurs chanceux qui font plaisir \u00e0 la reine peuvent gagner x10 000. Jungle Queen de BGaming propose quatre fonctionnalit\u00e9s bonus qui font de [\u2026]<\/p>","protected":false},"author":2,"featured_media":0,"parent":0,"menu_order":0,"comment_status":"closed","ping_status":"closed","template":"page-no-sidebar.php","meta":{"footnotes":""},"class_list":["post-1039","page","type-page","status-publish","hentry"],"yoast_head":"<!-- This site is optimized with the Yoast SEO plugin v26.7 - https:\/\/yoast.com\/wordpress\/plugins\/seo\/ -->\n<title>Jungle Queen Slot (BGaming) Demo - RTP, Paytable and Volatility<\/title>\n<meta name=\"description\" content=\"Get ready for the release of Jungle Queen from BGaming. Learn more about the slot in our review. Key parameters of the Jungle Queen game.\" \/>\n<meta name=\"robots\" content=\"index, follow, max-snippet:-1, max-image-preview:large, max-video-preview:-1\" \/>\n<link rel=\"canonical\" href=\"https:\/\/richrocketgame.com\/fr\/jungle-queen-slot\/\" \/>\n<meta property=\"og:locale\" content=\"fr_FR\" \/>\n<meta property=\"og:type\" content=\"article\" \/>\n<meta property=\"og:title\" content=\"Jungle Queen Slot (BGaming) Demo - RTP, Paytable and Volatility\" \/>\n<meta property=\"og:description\" content=\"Get ready for the release of Jungle Queen from BGaming. Learn more about the slot in our review. Key parameters of the Jungle Queen game.\" \/>\n<meta property=\"og:url\" content=\"https:\/\/richrocketgame.com\/fr\/jungle-queen-slot\/\" \/>\n<meta property=\"og:site_name\" content=\"Rich Rocket Game\" \/>\n<meta property=\"article:modified_time\" content=\"2025-08-01T08:18:06+00:00\" \/>\n<meta property=\"og:image\" content=\"https:\/\/richrocketgame.com\/wp-content\/uploads\/2025\/02\/jungle-queen-slot.jpg\" \/>\n<meta name=\"twitter:card\" content=\"summary_large_image\" \/>\n<meta name=\"twitter:label1\" content=\"Dur\u00e9e de lecture estim\u00e9e\" \/>\n\t<meta name=\"twitter:data1\" content=\"4 minutes\" \/>\n<!-- \/ Yoast SEO plugin. -->","yoast_head_json":{"title":"Machine \u00e0 sous Jungle Queen (BGaming)\u00a0: d\u00e9mo\u00a0: RTP, tableau des gains et volatilit\u00e9","description":"Pr\u00e9parez-vous \u00e0 la sortie de Jungle Queen de BGaming. Apprenez-en plus sur cette machine \u00e0 sous dans notre revue. Param\u00e8tres cl\u00e9s du jeu Jungle Queen.","robots":{"index":"index","follow":"follow","max-snippet":"max-snippet:-1","max-image-preview":"max-image-preview:large","max-video-preview":"max-video-preview:-1"},"canonical":"https:\/\/richrocketgame.com\/fr\/jungle-queen-slot\/","og_locale":"fr_FR","og_type":"article","og_title":"Jungle Queen Slot (BGaming) Demo - RTP, Paytable and Volatility","og_description":"Get ready for the release of Jungle Queen from BGaming. Learn more about the slot in our review. Key parameters of the Jungle Queen game.","og_url":"https:\/\/richrocketgame.com\/fr\/jungle-queen-slot\/","og_site_name":"Rich Rocket Game","article_modified_time":"2025-08-01T08:18:06+00:00","og_image":[{"url":"https:\/\/richrocketgame.com\/wp-content\/uploads\/2025\/02\/jungle-queen-slot.jpg","type":"","width":"","height":""}],"twitter_card":"summary_large_image","twitter_misc":{"Dur\u00e9e de lecture estim\u00e9e":"4 minutes"},"schema":{"@context":"https:\/\/schema.org","@graph":[{"@type":"WebPage","@id":"https:\/\/richrocketgame.com\/jungle-queen-slot\/","url":"https:\/\/richrocketgame.com\/jungle-queen-slot\/","name":"Machine \u00e0 sous Jungle Queen (BGaming)\u00a0: d\u00e9mo\u00a0: RTP, tableau des gains et volatilit\u00e9","isPartOf":{"@id":"https:\/\/richrocketgame.com\/#website"},"primaryImageOfPage":{"@id":"https:\/\/richrocketgame.com\/jungle-queen-slot\/#primaryimage"},"image":{"@id":"https:\/\/richrocketgame.com\/jungle-queen-slot\/#primaryimage"},"thumbnailUrl":"https:\/\/richrocketgame.com\/wp-content\/uploads\/2025\/02\/jungle-queen-slot.jpg","datePublished":"2025-02-11T15:44:02+00:00","dateModified":"2025-08-01T08:18:06+00:00","description":"Pr\u00e9parez-vous \u00e0 la sortie de Jungle Queen de BGaming. Apprenez-en plus sur cette machine \u00e0 sous dans notre revue. Param\u00e8tres cl\u00e9s du jeu Jungle Queen.","breadcrumb":{"@id":"https:\/\/richrocketgame.com\/jungle-queen-slot\/#breadcrumb"},"inLanguage":"fr-FR","potentialAction":[{"@type":"ReadAction","target":["https:\/\/richrocketgame.com\/jungle-queen-slot\/"]}]},{"@type":"ImageObject","inLanguage":"fr-FR","@id":"https:\/\/richrocketgame.com\/jungle-queen-slot\/#primaryimage","url":"https:\/\/richrocketgame.com\/wp-content\/uploads\/2025\/02\/jungle-queen-slot.jpg","contentUrl":"https:\/\/richrocketgame.com\/wp-content\/uploads\/2025\/02\/jungle-queen-slot.jpg"},{"@type":"BreadcrumbList","@id":"https:\/\/richrocketgame.com\/jungle-queen-slot\/#breadcrumb","itemListElement":[{"@type":"ListItem","position":1,"name":"\u0413\u043b\u0430\u0432\u043d\u0430\u044f \u0441\u0442\u0440\u0430\u043d\u0438\u0446\u0430","item":"https:\/\/richrocketgame.com\/"},{"@type":"ListItem","position":2,"name":"Jungle Queen Slot Demo"}]},{"@type":"WebSite","@id":"https:\/\/richrocketgame.com\/#website","url":"https:\/\/richrocketgame.com\/","name":"Jeu Rich Rocket","description":"","publisher":{"@id":"https:\/\/richrocketgame.com\/#organization"},"potentialAction":[{"@type":"SearchAction","target":{"@type":"EntryPoint","urlTemplate":"https:\/\/richrocketgame.com\/?s={search_term_string}"},"query-input":{"@type":"PropertyValueSpecification","valueRequired":true,"valueName":"search_term_string"}}],"inLanguage":"fr-FR"},{"@type":"Organization","@id":"https:\/\/richrocketgame.com\/#organization","name":"Jeu Rich Rocket","url":"https:\/\/richrocketgame.com\/","logo":{"@type":"ImageObject","inLanguage":"fr-FR","@id":"https:\/\/richrocketgame.com\/#\/schema\/logo\/image\/","url":"https:\/\/richrocketgame.com\/wp-content\/uploads\/2022\/09\/Rich-Rocket-earning-app.png","contentUrl":"https:\/\/richrocketgame.com\/wp-content\/uploads\/2022\/09\/Rich-Rocket-earning-app.png","width":512,"height":512,"caption":"Rich Rocket Game"},"image":{"@id":"https:\/\/richrocketgame.com\/#\/schema\/logo\/image\/"}}]}},"_links":{"self":[{"href":"https:\/\/richrocketgame.com\/fr\/wp-json\/wp\/v2\/pages\/1039","targetHints":{"allow":["GET"]}}],"collection":[{"href":"https:\/\/richrocketgame.com\/fr\/wp-json\/wp\/v2\/pages"}],"about":[{"href":"https:\/\/richrocketgame.com\/fr\/wp-json\/wp\/v2\/types\/page"}],"author":[{"embeddable":true,"href":"https:\/\/richrocketgame.com\/fr\/wp-json\/wp\/v2\/users\/2"}],"replies":[{"embeddable":true,"href":"https:\/\/richrocketgame.com\/fr\/wp-json\/wp\/v2\/comments?post=1039"}],"version-history":[{"count":0,"href":"https:\/\/richrocketgame.com\/fr\/wp-json\/wp\/v2\/pages\/1039\/revisions"}],"wp:attachment":[{"href":"https:\/\/richrocketgame.com\/fr\/wp-json\/wp\/v2\/media?parent=1039"}],"curies":[{"name":"wp","href":"https:\/\/api.w.org\/{rel}","templated":true}]}}