{"id":35,"date":"2022-09-01T18:01:28","date_gmt":"2022-09-01T15:01:28","guid":{"rendered":"https:\/\/richrocketgame.com\/?page_id=35"},"modified":"2024-12-27T14:14:09","modified_gmt":"2024-12-27T11:14:09","slug":"rich-rocket-app","status":"publish","type":"page","link":"https:\/\/richrocketgame.com\/es\/rich-rocket-app\/","title":{"rendered":"Descargar la aplicaci\u00f3n Rich Rocket para dispositivos m\u00f3viles"},"content":{"rendered":"<div class=\"fpm_start\"><\/div>\n<div style=\"text-align: center;\"><a class=\"glow-button\" href=\"\/es\/go\/registration\/\">Juega la aplicaci\u00f3n Rich Rocket \ud83d\udcf1<\/a><\/div>\n<div id=\"attachment_36\" style=\"width: 994px\" class=\"wp-caption aligncenter\"><a href=\"https:\/\/richrocketgame.com\/es\/go\/registration\/\"><img decoding=\"async\" aria-describedby=\"caption-attachment-36\" class=\"wp-image-36 size-large\" title=\"Descarga del juego Rich Rocket\" src=\"https:\/\/richrocketgame.com\/wp-content\/uploads\/2022\/09\/Rich-Rocket-Game-Download-1024x442.jpg\" alt=\"Descarga del juego Rich Rocket\" width=\"994\" height=\"429\" srcset=\"https:\/\/richrocketgame.com\/wp-content\/uploads\/2022\/09\/Rich-Rocket-Game-Download-1024x442.jpg 1024w, https:\/\/richrocketgame.com\/wp-content\/uploads\/2022\/09\/Rich-Rocket-Game-Download-300x129.jpg 300w, https:\/\/richrocketgame.com\/wp-content\/uploads\/2022\/09\/Rich-Rocket-Game-Download-768x331.jpg 768w, https:\/\/richrocketgame.com\/wp-content\/uploads\/2022\/09\/Rich-Rocket-Game-Download-93x40.jpg 93w, https:\/\/richrocketgame.com\/wp-content\/uploads\/2022\/09\/Rich-Rocket-Game-Download-1170x505.jpg 1170w, https:\/\/richrocketgame.com\/wp-content\/uploads\/2022\/09\/Rich-Rocket-Game-Download-74x32.jpg 74w, https:\/\/richrocketgame.com\/wp-content\/uploads\/2022\/09\/Rich-Rocket-Game-Download-186x80.jpg 186w, https:\/\/richrocketgame.com\/wp-content\/uploads\/2022\/09\/Rich-Rocket-Game-Download-313x135.jpg 313w, https:\/\/richrocketgame.com\/wp-content\/uploads\/2022\/09\/Rich-Rocket-Game-Download.jpg 1484w\" sizes=\"(max-width: 994px) 100vw, 994px\" \/><\/a><p id=\"caption-attachment-36\" class=\"wp-caption-text\">Descarga del juego Rich Rocket<\/p><\/div>\n<p>Con sus r\u00e1pidos sorteos, el\u00a0<a href=\"https:\/\/richrocketgame.com\/es\/\">Juego Rich Rocket<\/a>\u00a0es ideal para dispositivos m\u00f3viles. Un jugador puede realizar una apuesta en cualquier momento: mientras se toma un descanso en el trabajo, viaja en transporte p\u00fablico o sale a cenar. Rocket crash earning app le permite aumentar su bankroll varias veces en pocos minutos y continuar con su actividad diaria.<\/p>\n<p>La tragaperras est\u00e1 incluida en la cartera de los mayores casinos, por lo que encontrarla no ser\u00e1 un problema. Elija los bonos m\u00e1s adecuados y descargue el juego Rich Rocket para acceder a grandes ganancias. Puede que seas t\u00fa quien alcance el multiplicador 1000x.<\/p>\n<div id=\"ez-toc-container\" class=\"ez-toc-v2_0_62 counter-hierarchy ez-toc-counter ez-toc-grey ez-toc-container-direction\">\n<div class=\"ez-toc-title-container\">\n<p class=\"ez-toc-title\" >tabla de contenidos<\/p>\n<span class=\"ez-toc-title-toggle\"><a href=\"#\" class=\"ez-toc-pull-right ez-toc-btn ez-toc-btn-xs ez-toc-btn-default ez-toc-toggle\" aria-label=\"Alternar tabla de contenido\"><span class=\"ez-toc-js-icon-con\"><span class=\"\"><span class=\"eztoc-hide\" style=\"display:none;\">Palanca<\/span><span class=\"ez-toc-icon-toggle-span\"><svg style=\"fill: #999;color:#999\" xmlns=\"http:\/\/www.w3.org\/2000\/svg\" class=\"list-377408\" width=\"20px\" height=\"20px\" viewbox=\"0 0 24 24\" fill=\"none\"><path d=\"M6 6H4v2h2V6zm14 0H8v2h12V6zM4 11h2v2H4v-2zm16 0H8v2h12v-2zM4 16h2v2H4v-2zm16 0H8v2h12v-2z\" fill=\"currentColor\"><\/path><\/svg><svg style=\"fill: #999;color:#999\" class=\"arrow-unsorted-368013\" xmlns=\"http:\/\/www.w3.org\/2000\/svg\" width=\"10px\" height=\"10px\" viewbox=\"0 0 24 24\" version=\"1.2\" baseprofile=\"tiny\"><path d=\"M18.2 9.3l-6.2-6.3-6.2 6.3c-.2.2-.3.4-.3.7s.1.5.3.7c.2.2.4.3.7.3h11c.3 0 .5-.1.7-.3.2-.2.3-.5.3-.7s-.1-.5-.3-.7zM5.8 14.7l6.2 6.3 6.2-6.3c.2-.2.3-.5.3-.7s-.1-.5-.3-.7c-.2-.2-.4-.3-.7-.3h-11c-.3 0-.5.1-.7.3-.2.2-.3.5-.3.7s.1.5.3.7z\"\/><\/svg><\/span><\/span><\/span><\/a><\/span><\/div>\n<nav><ul class='ez-toc-list ez-toc-list-level-1 eztoc-toggle-hide-by-default' ><li class='ez-toc-page-1 ez-toc-heading-level-2'><a class=\"ez-toc-link ez-toc-heading-1\" href=\"https:\/\/richrocketgame.com\/es\/rich-rocket-app\/#Where_can_you_find_the_Rich_Rocket_App\" title=\"\u00bfD\u00f3nde puede encontrar la aplicaci\u00f3n Rich Rocket?\">\u00bfD\u00f3nde puede encontrar la aplicaci\u00f3n Rich Rocket?<\/a><\/li><li class='ez-toc-page-1 ez-toc-heading-level-2'><a class=\"ez-toc-link ez-toc-heading-2\" href=\"https:\/\/richrocketgame.com\/es\/rich-rocket-app\/#How_to_download_and_install_Rocket_Crash_Earning_App\" title=\"\u00bfC\u00f3mo descargar e instalar Rocket Crash Earning App?\">\u00bfC\u00f3mo descargar e instalar Rocket Crash Earning App?<\/a><ul class='ez-toc-list-level-3' ><li class='ez-toc-heading-level-3'><a class=\"ez-toc-link ez-toc-heading-3\" href=\"https:\/\/richrocketgame.com\/es\/rich-rocket-app\/#What_devices_can_I_install_the_app_on\" title=\"\u00bfEn qu\u00e9 dispositivos puedo instalar la aplicaci\u00f3n?\">\u00bfEn qu\u00e9 dispositivos puedo instalar la aplicaci\u00f3n?<\/a><\/li><\/ul><\/li><li class='ez-toc-page-1 ez-toc-heading-level-2'><a class=\"ez-toc-link ez-toc-heading-4\" href=\"https:\/\/richrocketgame.com\/es\/rich-rocket-app\/#Conclusion\" title=\"Conclusi\u00f3n\">Conclusi\u00f3n<\/a><\/li><li class='ez-toc-page-1 ez-toc-heading-level-2'><a class=\"ez-toc-link ez-toc-heading-5\" href=\"https:\/\/richrocketgame.com\/es\/rich-rocket-app\/#FAQ\" title=\"PREGUNTAS FRECUENTES\">PREGUNTAS FRECUENTES<\/a><ul class='ez-toc-list-level-3' ><li class='ez-toc-heading-level-3'><a class=\"ez-toc-link ez-toc-heading-6\" href=\"https:\/\/richrocketgame.com\/es\/rich-rocket-app\/#Are_there_any_bonuses_for_those_who_play_mobile_Rich_Rocket\" title=\"\u00bfHay bonificaciones para los que juegan a Rich Rocket m\u00f3vil?\">\u00bfHay bonificaciones para los que juegan a Rich Rocket m\u00f3vil?<\/a><\/li><li class='ez-toc-page-1 ez-toc-heading-level-3'><a class=\"ez-toc-link ez-toc-heading-7\" href=\"https:\/\/richrocketgame.com\/es\/rich-rocket-app\/#How_safe_are_cash_rocket_app_transactions\" title=\"\u00bfHasta qu\u00e9 punto son seguras las transacciones con la aplicaci\u00f3n Cash Rocket?\">\u00bfHasta qu\u00e9 punto son seguras las transacciones con la aplicaci\u00f3n Cash Rocket?<\/a><\/li><li class='ez-toc-page-1 ez-toc-heading-level-3'><a class=\"ez-toc-link ez-toc-heading-8\" href=\"https:\/\/richrocketgame.com\/es\/rich-rocket-app\/#Are_there_any_differences_in_gameplay_between_the_desktop_and_mobile_versions_of_the_game\" title=\"\u00bfExisten diferencias en la jugabilidad entre las versiones de escritorio y m\u00f3vil del juego?\">\u00bfExisten diferencias en la jugabilidad entre las versiones de escritorio y m\u00f3vil del juego?<\/a><\/li><\/ul><\/li><\/ul><\/nav><\/div>\n<h2><span class=\"ez-toc-section\" id=\"Where_can_you_find_the_Rich_Rocket_App\"><\/span>\u00bfD\u00f3nde puede encontrar la aplicaci\u00f3n Rich Rocket?<span class=\"ez-toc-section-end\"><\/span><\/h2>\n<p>Para jugar sin riesgo, ve a la App Store o a Google Play y escribe \"Rich Rocket\". Podr\u00e1s elegir entre docenas de aplicaciones con diferentes dise\u00f1os, pero no podr\u00e1s ganar dinero en ninguna de ellas. Es una buena forma de familiarizarse con los principios b\u00e1sicos del juego.<\/p>\n<p>Para instalar la app para ganar juegos de rocket crash, tienes que ir directamente al casino seleccionado. Busca un enlace para descargar el archivo APK y sigue las instrucciones de la plataforma. La instalaci\u00f3n tarda unos minutos, pero despu\u00e9s podr\u00e1s acceder a varios cientos de juegos, entre ellos Rich Rocket.<\/p>\n<p>Es importante tener en cuenta que no todos los casinos permiten descargar la aplicaci\u00f3n Cash Rocket. Algunas plataformas tienen una versi\u00f3n m\u00f3vil optimizada del sitio y no han desarrollado programas especiales para iOS o Android. En este caso, para mayor comodidad, vale la pena a\u00f1adir un enlace al sitio a la pantalla de inicio, lo que le permitir\u00e1 acceder al juego lo m\u00e1s r\u00e1pidamente posible.<\/p>\n<div id=\"attachment_37\" style=\"width: 994px\" class=\"wp-caption aligncenter\"><a href=\"https:\/\/richrocketgame.com\/es\/go\/registration\/\"><img decoding=\"async\" aria-describedby=\"caption-attachment-37\" class=\"wp-image-37 size-large\" title=\"Rich Rocket bot\" src=\"https:\/\/richrocketgame.com\/wp-content\/uploads\/2022\/09\/Rich-Rocket-App-1024x594.jpg\" alt=\"Rich Rocket bot\" width=\"994\" height=\"577\" srcset=\"https:\/\/richrocketgame.com\/wp-content\/uploads\/2022\/09\/Rich-Rocket-App-1024x594.jpg 1024w, https:\/\/richrocketgame.com\/wp-content\/uploads\/2022\/09\/Rich-Rocket-App-300x174.jpg 300w, https:\/\/richrocketgame.com\/wp-content\/uploads\/2022\/09\/Rich-Rocket-App-768x446.jpg 768w, https:\/\/richrocketgame.com\/wp-content\/uploads\/2022\/09\/Rich-Rocket-App-69x40.jpg 69w, https:\/\/richrocketgame.com\/wp-content\/uploads\/2022\/09\/Rich-Rocket-App-55x32.jpg 55w, https:\/\/richrocketgame.com\/wp-content\/uploads\/2022\/09\/Rich-Rocket-App-138x80.jpg 138w, https:\/\/richrocketgame.com\/wp-content\/uploads\/2022\/09\/Rich-Rocket-App-233x135.jpg 233w, https:\/\/richrocketgame.com\/wp-content\/uploads\/2022\/09\/Rich-Rocket-App.jpg 1105w\" sizes=\"(max-width: 994px) 100vw, 994px\" \/><\/a><p id=\"caption-attachment-37\" class=\"wp-caption-text\">Rich Rocket bot<\/p><\/div>\n<div style=\"text-align: center;\"><a class=\"glow-button\" href=\"\/es\/go\/registration\/\">\ud83d\ude80 Juega al juego Rich Rocket<\/a><\/div>\n<h2><span class=\"ez-toc-section\" id=\"How_to_download_and_install_Rocket_Crash_Earning_App\"><\/span>\u00bfC\u00f3mo descargar e instalar Rocket Crash Earning App?<span class=\"ez-toc-section-end\"><\/span><\/h2>\n<p>Ante todo, explore todas las ofertas de bonos del casino. Elija un programa de fidelidad que se adapte a su estilo de juego y a su presupuesto. Cuando te decidas, ve al sitio web y sigue las instrucciones:<\/p>\n<ul>\n<li>Permitir la instalaci\u00f3n de aplicaciones de fuentes desconocidas, lo que le permite utilizar aplicaciones descargadas de fuentes distintas de Google Play.<\/li>\n<li>Descargar rocket crash juego dinero real desde el sitio web del casino. Para ir a una plataforma de juego verificada en tu regi\u00f3n, solo tienes que hacer clic en el enlace de esta p\u00e1gina.<\/li>\n<li>Abra la carpeta donde est\u00e1 guardado el archivo APK y haga clic en \u00e9l para iniciar la instalaci\u00f3n.<\/li>\n<\/ul>\n<p>Despu\u00e9s de instalar una aplicaci\u00f3n para ganar cohetes, no olvides volver a activar la prohibici\u00f3n de instalar programas de fuentes desconocidas para proteger tu dispositivo. Ahora puede disfrutar del juego y ganar dinero en cualquier momento conveniente para usted.<\/p>\n<div style=\"text-align: center;\"><a class=\"glow-button\" href=\"\/es\/go\/registration\/\">Comience a jugar el juego Rich Rocket \ud83d\ude80<\/a><\/div>\n<h3><span class=\"ez-toc-section\" id=\"What_devices_can_I_install_the_app_on\"><\/span>\u00bfEn qu\u00e9 dispositivos puedo instalar la aplicaci\u00f3n?<span class=\"ez-toc-section-end\"><\/span><\/h3>\n<p>Las modernas aplicaciones de casino est\u00e1n adaptadas para dispositivos iOS y Android. Para ello, no es necesario poseer modelos emblem\u00e1ticos o nuevos. Una buena optimizaci\u00f3n permite jugar incluso en smartphones que salieron al mercado hace unos a\u00f1os.<\/p>\n<p>Como muestra el estudio, las siguientes caracter\u00edsticas son suficientes para instalar una aplicaci\u00f3n cohete:<\/p><script data-noptimize=\"\" data-wpfc-render=\"false\">\n\/* <![CDATA[ *\/\nfpm_start( \"true\" );\n\/* ]]> *\/\n<\/script>\n\n<table>\n<tbody>\n<tr>\n<td>Frecuencia de reloj de la CPU<\/td>\n<td>A partir de 1,5 MHz<\/td>\n<\/tr>\n<tr>\n<td>N\u00famero de n\u00facleos de procesador<\/td>\n<td>A partir de 2<\/td>\n<\/tr>\n<tr>\n<td>RAM<\/td>\n<td>2 GB o m\u00e1s<\/td>\n<\/tr>\n<tr>\n<td>Memoria libre<\/td>\n<td>De 80 a 400 MB<\/td>\n<\/tr>\n<\/tbody>\n<\/table>\n<p>Si piensas pasar m\u00e1s de 1 hora al d\u00eda jugando, es mejor elegir modelos con una bater\u00eda de 1800 mAh de capacidad. Esto te permitir\u00e1 dedicar tiempo a actividades de ocio sin tener que cargar el dispositivo con frecuencia.<\/p>\n<h2><span class=\"ez-toc-section\" id=\"Conclusion\"><\/span>Conclusi\u00f3n<span class=\"ez-toc-section-end\"><\/span><\/h2>\n<p>Para los jugadores que prefieren aprovechar todas las oportunidades de ganar, vale la pena descargar Rocket Crash Game por dinero real. Dicha aplicaci\u00f3n le permite apostar sin distraerse de cosas m\u00e1s importantes o pasar unos minutos esperando con buenas posibilidades de reponer su presupuesto. La aplicaci\u00f3n Rich Rocket tiene una interfaz f\u00e1cil de usar y permite depositar y retirar dinero r\u00e1pidamente. Y como su descarga es gratuita, no hay raz\u00f3n para no probarla hoy mismo.<\/p>\n<h2><span class=\"ez-toc-section\" id=\"FAQ\"><\/span>PREGUNTAS FRECUENTES<span class=\"ez-toc-section-end\"><\/span><\/h2>\n        <section class=\"sc_fs_faq sc_card\">\n            <div>\n\t\t\t\t<h3><span class=\"ez-toc-section\" id=\"Are_there_any_bonuses_for_those_who_play_mobile_Rich_Rocket\"><\/span>\u00bfHay bonificaciones para los que juegan a Rich Rocket m\u00f3vil?<span class=\"ez-toc-section-end\"><\/span><\/h3>                <div>\n\t\t\t\t\t                    <p>\n\t\t\t\t\t\tMuchos casinos ofrecen bonos exclusivos para usuarios de apps. Encuentra la plataforma adecuada o utiliza nuestras recomendaciones.                    <\/p>\n                <\/div>\n            <\/div>\n        <\/section>\n\t\t        <section class=\"sc_fs_faq sc_card\">\n            <div>\n\t\t\t\t<h3><span class=\"ez-toc-section\" id=\"How_safe_are_cash_rocket_app_transactions\"><\/span>\u00bfHasta qu\u00e9 punto son seguras las transacciones con la aplicaci\u00f3n Cash Rocket?<span class=\"ez-toc-section-end\"><\/span><\/h3>                <div>\n\t\t\t\t\t                    <p>\n\t\t\t\t\t\tLos casinos con licencia ofrecen la m\u00e1xima seguridad a los usuarios a la hora de realizar dep\u00f3sitos y retiradas. Toda la informaci\u00f3n de pago se cifra mediante claves SSL.                    <\/p>\n                <\/div>\n            <\/div>\n        <\/section>\n\t\t        <section class=\"sc_fs_faq sc_card\">\n            <div>\n\t\t\t\t<h3><span class=\"ez-toc-section\" id=\"Are_there_any_differences_in_gameplay_between_the_desktop_and_mobile_versions_of_the_game\"><\/span>\u00bfExisten diferencias en la jugabilidad entre las versiones de escritorio y m\u00f3vil del juego?<span class=\"ez-toc-section-end\"><\/span><\/h3>                <div>\n\t\t\t\t\t                    <p>\n\t\t\t\t\t\tEl juego y las posibilidades de ganar son los mismos en todos los tipos de dispositivos.                    <\/p>\n                <\/div>\n            <\/div>\n        <\/section>\n\t\t\n<script type=\"application\/ld+json\">{\n    \"@context\": \"https:\\\/\\\/schema.org\",\n    \"@type\": \"FAQPage\",\n    \"mainEntity\": [\n        {\n            \"@type\": \"Question\",\n            \"name\": \"Are there any bonuses for those who play mobile Rich Rocket?\",\n            \"acceptedAnswer\": {\n                \"@type\": \"Answer\",\n                \"text\": \"Many casinos provide exclusive bonuses for app users. Find the right platform or use our recommendations.\"\n            }\n        },\n        {\n            \"@type\": \"Question\",\n            \"name\": \"How safe are cash rocket app transactions?\",\n            \"acceptedAnswer\": {\n                \"@type\": \"Answer\",\n                \"text\": \"Licensed casinos provide maximum security for users when making deposits and withdrawals. All payment information is encrypted using SSL keys.\"\n            }\n        },\n        {\n            \"@type\": \"Question\",\n            \"name\": \"Are there any differences in gameplay between the desktop and mobile versions of the game?\",\n            \"acceptedAnswer\": {\n                \"@type\": \"Answer\",\n                \"text\": \"Gameplay and chances to win are the same on all types of devices.\"\n            }\n        }\n    ]\n}<\/script>\n\n<div class=\"fpm_end\"><\/div>\n<div class=\"author-card author-card--top\"><img alt='foto del avatar' src='https:\/\/richrocketgame.com\/wp-content\/uploads\/2023\/03\/Paulo-Dornelas-130x130.jpg' srcset='https:\/\/richrocketgame.com\/wp-content\/uploads\/2023\/03\/Paulo-Dornelas-260x260.jpg 2x' class='avatar avatar-130 photo author-image' height='130' width='130' \/><div class=\"author-content text-md-center\"><span class=\"author-title\">Autor<\/span><a href=\"https:\/\/richrocketgame.com\/es\/author\/paulo-dornelas\/\" class=\"author-name\">Paulo Dornelas<\/a><p class=\"author__details\">Paulo Dornelas es un experto en juegos de azar que ha dedicado su vida a entender el sector y ayudar a otros a ganar dinero con \u00e9l. Tambi\u00e9n es un \u00e1vido viajero y le encanta explorar nuevos lugares. Los conocimientos de Paulo sobre los juegos de azar y su pasi\u00f3n por los viajes lo convierten en el gu\u00eda perfecto para cualquiera que desee obtener grandes beneficios apostando en deportes o jugando a juegos de casino.<\/p><\/div><!-- \/.author-content --><\/div>","protected":false},"excerpt":{"rendered":"<p>Juega a la aplicaci\u00f3n Rich Rocket \ud83d\udcf1 Con sus sorteos r\u00e1pidos, el juego Rich Rocket es ideal para dispositivos m\u00f3viles. Un jugador puede realizar una apuesta en cualquier momento: mientras se toma un descanso en el trabajo, viaja en transporte p\u00fablico o cena fuera. La aplicaci\u00f3n de ganancias r\u00e1pidas Rocket le permite aumentar su bankroll varias veces en solo unos minutos y [\u2026]<\/p>","protected":false},"author":2,"featured_media":0,"parent":0,"menu_order":0,"comment_status":"closed","ping_status":"closed","template":"page-no-sidebar.php","meta":{"footnotes":""},"class_list":["post-35","page","type-page","status-publish","hentry"],"yoast_head":"<!-- This site is optimized with the Yoast SEO plugin v26.7 - https:\/\/yoast.com\/wordpress\/plugins\/seo\/ -->\n<title>Download Rich Rocket App for Mobile Devices - Start Play Now<\/title>\n<meta name=\"description\" content=\"Best ways to download the rocket crash app for real money to your device. How to install the game on iOS and Android. Try rocket crash earning app and win constantly!\" \/>\n<meta name=\"robots\" content=\"index, follow, max-snippet:-1, max-image-preview:large, max-video-preview:-1\" \/>\n<link rel=\"canonical\" href=\"https:\/\/richrocketgame.com\/es\/rich-rocket-app\/\" \/>\n<meta property=\"og:locale\" content=\"es_ES\" \/>\n<meta property=\"og:type\" content=\"article\" \/>\n<meta property=\"og:title\" content=\"Download Rich Rocket App for Mobile Devices - Start Play Now\" \/>\n<meta property=\"og:description\" content=\"Best ways to download the rocket crash app for real money to your device. How to install the game on iOS and Android. Try rocket crash earning app and win constantly!\" \/>\n<meta property=\"og:url\" content=\"https:\/\/richrocketgame.com\/es\/rich-rocket-app\/\" \/>\n<meta property=\"og:site_name\" content=\"Rich Rocket Game\" \/>\n<meta property=\"article:modified_time\" content=\"2024-12-27T11:14:09+00:00\" \/>\n<meta property=\"og:image\" content=\"https:\/\/richrocketgame.com\/wp-content\/uploads\/2022\/09\/Rich-Rocket-Game-Download-1024x442.jpg\" \/>\n<meta name=\"twitter:card\" content=\"summary_large_image\" \/>\n<meta name=\"twitter:label1\" content=\"Tiempo de lectura\" \/>\n\t<meta name=\"twitter:data1\" content=\"5 minutos\" \/>\n<!-- \/ Yoast SEO plugin. -->","yoast_head_json":{"title":"Descargue la aplicaci\u00f3n Rich Rocket para dispositivos m\u00f3viles - Empiece a jugar ahora","description":"Las mejores formas de descargar la aplicaci\u00f3n rocket crash por dinero real en tu dispositivo. C\u00f3mo instalar el juego en iOS y Android. Prueba la aplicaci\u00f3n rocket crash y gana constantemente.","robots":{"index":"index","follow":"follow","max-snippet":"max-snippet:-1","max-image-preview":"max-image-preview:large","max-video-preview":"max-video-preview:-1"},"canonical":"https:\/\/richrocketgame.com\/es\/rich-rocket-app\/","og_locale":"es_ES","og_type":"article","og_title":"Download Rich Rocket App for Mobile Devices - Start Play Now","og_description":"Best ways to download the rocket crash app for real money to your device. How to install the game on iOS and Android. Try rocket crash earning app and win constantly!","og_url":"https:\/\/richrocketgame.com\/es\/rich-rocket-app\/","og_site_name":"Rich Rocket Game","article_modified_time":"2024-12-27T11:14:09+00:00","og_image":[{"url":"https:\/\/richrocketgame.com\/wp-content\/uploads\/2022\/09\/Rich-Rocket-Game-Download-1024x442.jpg","type":"","width":"","height":""}],"twitter_card":"summary_large_image","twitter_misc":{"Tiempo de lectura":"5 minutos"},"schema":{"@context":"https:\/\/schema.org","@graph":[{"@type":"WebPage","@id":"https:\/\/richrocketgame.com\/rich-rocket-app\/","url":"https:\/\/richrocketgame.com\/rich-rocket-app\/","name":"Descargue la aplicaci\u00f3n Rich Rocket para dispositivos m\u00f3viles - Empiece a jugar ahora","isPartOf":{"@id":"https:\/\/richrocketgame.com\/#website"},"primaryImageOfPage":{"@id":"https:\/\/richrocketgame.com\/rich-rocket-app\/#primaryimage"},"image":{"@id":"https:\/\/richrocketgame.com\/rich-rocket-app\/#primaryimage"},"thumbnailUrl":"https:\/\/richrocketgame.com\/wp-content\/uploads\/2022\/09\/Rich-Rocket-Game-Download-1024x442.jpg","datePublished":"2022-09-01T15:01:28+00:00","dateModified":"2024-12-27T11:14:09+00:00","description":"Las mejores formas de descargar la aplicaci\u00f3n rocket crash por dinero real en tu dispositivo. C\u00f3mo instalar el juego en iOS y Android. Prueba la aplicaci\u00f3n rocket crash y gana constantemente.","breadcrumb":{"@id":"https:\/\/richrocketgame.com\/rich-rocket-app\/#breadcrumb"},"inLanguage":"es","potentialAction":[{"@type":"ReadAction","target":["https:\/\/richrocketgame.com\/rich-rocket-app\/"]}]},{"@type":"ImageObject","inLanguage":"es","@id":"https:\/\/richrocketgame.com\/rich-rocket-app\/#primaryimage","url":"https:\/\/richrocketgame.com\/wp-content\/uploads\/2022\/09\/Rich-Rocket-Game-Download-1024x442.jpg","contentUrl":"https:\/\/richrocketgame.com\/wp-content\/uploads\/2022\/09\/Rich-Rocket-Game-Download-1024x442.jpg"},{"@type":"BreadcrumbList","@id":"https:\/\/richrocketgame.com\/rich-rocket-app\/#breadcrumb","itemListElement":[{"@type":"ListItem","position":1,"name":"\u0413\u043b\u0430\u0432\u043d\u0430\u044f \u0441\u0442\u0440\u0430\u043d\u0438\u0446\u0430","item":"https:\/\/richrocketgame.com\/"},{"@type":"ListItem","position":2,"name":"Download Rich Rocket App for Mobile Devices"}]},{"@type":"WebSite","@id":"https:\/\/richrocketgame.com\/#website","url":"https:\/\/richrocketgame.com\/","name":"Juego Rich Rocket","description":"","publisher":{"@id":"https:\/\/richrocketgame.com\/#organization"},"potentialAction":[{"@type":"SearchAction","target":{"@type":"EntryPoint","urlTemplate":"https:\/\/richrocketgame.com\/?s={search_term_string}"},"query-input":{"@type":"PropertyValueSpecification","valueRequired":true,"valueName":"search_term_string"}}],"inLanguage":"es"},{"@type":"Organization","@id":"https:\/\/richrocketgame.com\/#organization","name":"Juego Rich Rocket","url":"https:\/\/richrocketgame.com\/","logo":{"@type":"ImageObject","inLanguage":"es","@id":"https:\/\/richrocketgame.com\/#\/schema\/logo\/image\/","url":"https:\/\/richrocketgame.com\/wp-content\/uploads\/2022\/09\/Rich-Rocket-earning-app.png","contentUrl":"https:\/\/richrocketgame.com\/wp-content\/uploads\/2022\/09\/Rich-Rocket-earning-app.png","width":512,"height":512,"caption":"Rich Rocket Game"},"image":{"@id":"https:\/\/richrocketgame.com\/#\/schema\/logo\/image\/"}}]}},"_links":{"self":[{"href":"https:\/\/richrocketgame.com\/es\/wp-json\/wp\/v2\/pages\/35","targetHints":{"allow":["GET"]}}],"collection":[{"href":"https:\/\/richrocketgame.com\/es\/wp-json\/wp\/v2\/pages"}],"about":[{"href":"https:\/\/richrocketgame.com\/es\/wp-json\/wp\/v2\/types\/page"}],"author":[{"embeddable":true,"href":"https:\/\/richrocketgame.com\/es\/wp-json\/wp\/v2\/users\/2"}],"replies":[{"embeddable":true,"href":"https:\/\/richrocketgame.com\/es\/wp-json\/wp\/v2\/comments?post=35"}],"version-history":[{"count":0,"href":"https:\/\/richrocketgame.com\/es\/wp-json\/wp\/v2\/pages\/35\/revisions"}],"wp:attachment":[{"href":"https:\/\/richrocketgame.com\/es\/wp-json\/wp\/v2\/media?parent=35"}],"curies":[{"name":"gracias","href":"https:\/\/api.w.org\/{rel}","templated":true}]}}