{"id":302,"date":"2023-09-25T12:34:52","date_gmt":"2023-09-25T09:34:52","guid":{"rendered":"https:\/\/richrocketgame.com\/?page_id=302"},"modified":"2023-09-25T20:41:08","modified_gmt":"2023-09-25T17:41:08","slug":"terms-and-conditions","status":"publish","type":"page","link":"https:\/\/richrocketgame.com\/es\/terms-and-conditions\/","title":{"rendered":"Condiciones generales"},"content":{"rendered":"<div class=\"fpm_start\"><\/div>\n<p>Las normas, obligaciones y derechos esenciales que rigen nuestra plataforma pueden consultarse aqu\u00ed. Damos prioridad al mantenimiento de un entorno armonioso para todos los usuarios. Profundiza en los detalles para que tu experiencia sea perfecta.<\/p>\n<div id=\"ez-toc-container\" class=\"ez-toc-v2_0_62 counter-hierarchy ez-toc-counter ez-toc-grey ez-toc-container-direction\">\n<div class=\"ez-toc-title-container\">\n<p class=\"ez-toc-title\" >tabla de contenidos<\/p>\n<span class=\"ez-toc-title-toggle\"><a href=\"#\" class=\"ez-toc-pull-right ez-toc-btn ez-toc-btn-xs ez-toc-btn-default ez-toc-toggle\" aria-label=\"Alternar tabla de contenido\"><span class=\"ez-toc-js-icon-con\"><span class=\"\"><span class=\"eztoc-hide\" style=\"display:none;\">Palanca<\/span><span class=\"ez-toc-icon-toggle-span\"><svg style=\"fill: #999;color:#999\" xmlns=\"http:\/\/www.w3.org\/2000\/svg\" class=\"list-377408\" width=\"20px\" height=\"20px\" viewbox=\"0 0 24 24\" fill=\"none\"><path d=\"M6 6H4v2h2V6zm14 0H8v2h12V6zM4 11h2v2H4v-2zm16 0H8v2h12v-2zM4 16h2v2H4v-2zm16 0H8v2h12v-2z\" fill=\"currentColor\"><\/path><\/svg><svg style=\"fill: #999;color:#999\" class=\"arrow-unsorted-368013\" xmlns=\"http:\/\/www.w3.org\/2000\/svg\" width=\"10px\" height=\"10px\" viewbox=\"0 0 24 24\" version=\"1.2\" baseprofile=\"tiny\"><path d=\"M18.2 9.3l-6.2-6.3-6.2 6.3c-.2.2-.3.4-.3.7s.1.5.3.7c.2.2.4.3.7.3h11c.3 0 .5-.1.7-.3.2-.2.3-.5.3-.7s-.1-.5-.3-.7zM5.8 14.7l6.2 6.3 6.2-6.3c.2-.2.3-.5.3-.7s-.1-.5-.3-.7c-.2-.2-.4-.3-.7-.3h-11c-.3 0-.5.1-.7.3-.2.2-.3.5-.3.7s.1.5.3.7z\"\/><\/svg><\/span><\/span><\/span><\/a><\/span><\/div>\n<nav><ul class='ez-toc-list ez-toc-list-level-1 eztoc-toggle-hide-by-default' ><li class='ez-toc-page-1 ez-toc-heading-level-2'><a class=\"ez-toc-link ez-toc-heading-1\" href=\"https:\/\/richrocketgame.com\/es\/terms-and-conditions\/#Introduction_to_Our_Platforms_Terms\" title=\"Introducci\u00f3n a las condiciones de nuestra plataforma\">Introducci\u00f3n a las condiciones de nuestra plataforma<\/a><\/li><li class='ez-toc-page-1 ez-toc-heading-level-2'><a class=\"ez-toc-link ez-toc-heading-2\" href=\"https:\/\/richrocketgame.com\/es\/terms-and-conditions\/#Your_Duties_as_a_User\" title=\"Sus obligaciones como usuario\">Sus obligaciones como usuario<\/a><\/li><li class='ez-toc-page-1 ez-toc-heading-level-2'><a class=\"ez-toc-link ez-toc-heading-3\" href=\"https:\/\/richrocketgame.com\/es\/terms-and-conditions\/#Understanding_Content_Rights\" title=\"Derechos de contenido\">Derechos de contenido<\/a><\/li><li class='ez-toc-page-1 ez-toc-heading-level-2'><a class=\"ez-toc-link ez-toc-heading-4\" href=\"https:\/\/richrocketgame.com\/es\/terms-and-conditions\/#Protecting_Your_Privacy\" title=\"Proteger su intimidad\">Proteger su intimidad<\/a><\/li><li class='ez-toc-page-1 ez-toc-heading-level-2'><a class=\"ez-toc-link ez-toc-heading-5\" href=\"https:\/\/richrocketgame.com\/es\/terms-and-conditions\/#External_Links_Their_Autonomy\" title=\"Enlaces externos y su autonom\u00eda\">Enlaces externos y su autonom\u00eda<\/a><\/li><li class='ez-toc-page-1 ez-toc-heading-level-2'><a class=\"ez-toc-link ez-toc-heading-6\" href=\"https:\/\/richrocketgame.com\/es\/terms-and-conditions\/#Assurance_Accountability\" title=\"Garant\u00eda y responsabilidad\">Garant\u00eda y responsabilidad<\/a><\/li><li class='ez-toc-page-1 ez-toc-heading-level-2'><a class=\"ez-toc-link ez-toc-heading-7\" href=\"https:\/\/richrocketgame.com\/es\/terms-and-conditions\/#Limits_on_Our_Liability\" title=\"L\u00edmites de nuestra responsabilidad\">L\u00edmites de nuestra responsabilidad<\/a><\/li><\/ul><\/nav><\/div>\n<h2><span class=\"ez-toc-section\" id=\"Introduction_to_Our_Platforms_Terms\"><\/span><strong>Introducci\u00f3n a las condiciones de nuestra plataforma<\/strong><span class=\"ez-toc-section-end\"><\/span><\/h2>\n<p>Bienvenido a bordo. Cuando utilizas Rich Rocket Game, no s\u00f3lo est\u00e1s utilizando una plataforma; te est\u00e1s uniendo a una comunidad. Esta p\u00e1gina sirve como un mapa detallado para navegar por nuestras directrices de la comunidad y asegurar que cada interacci\u00f3n en nuestra plataforma es legal.<\/p>\n<h2><span class=\"ez-toc-section\" id=\"Your_Duties_as_a_User\"><\/span><strong>Sus obligaciones como usuario<\/strong><span class=\"ez-toc-section-end\"><\/span><\/h2>\n<p>Como miembro valioso de nuestra comunidad:<\/p>\n<ul>\n<li><strong>Cumplimiento legal<\/strong>: Aseg\u00farese de que sus interacciones cumplen todas las leyes y normas reglamentarias pertinentes.<\/li>\n<li><strong>Respeto de la propiedad intelectual<\/strong>: Reconocer y respetar los esfuerzos intelectuales de otros miembros y de la plataforma.<\/li>\n<li><strong>Interacciones veraces<\/strong>: La informaci\u00f3n que proporcione debe ser precisa y honesta. La desinformaci\u00f3n empa\u00f1a nuestra integridad colectiva.<\/li>\n<\/ul>\n<h2><span class=\"ez-toc-section\" id=\"Understanding_Content_Rights\"><\/span><strong>Derechos de contenido<\/strong><span class=\"ez-toc-section-end\"><\/span><\/h2>\n<p>Cada pieza de contenido -ya sea una cadena de texto, im\u00e1genes cautivadoras, v\u00eddeos envolventes o los intrincados logotipos- est\u00e1 envuelta en el caparaz\u00f3n protector de las leyes de derechos de autor y propiedad intelectual.<\/p>\n<ul>\n<li><strong>Acciones no autorizadas<\/strong>: No est\u00e1 permitido reproducir, utilizar o distribuir nuestros contenidos sin autorizaci\u00f3n expl\u00edcita por escrito.<\/li>\n<li><strong>Sus contribuciones<\/strong>: Cuando usted enriquece nuestra plataforma con su contenido, nos concede una licencia global, libre de derechos de autor, para ajustar, mostrar y utilizar su presentaci\u00f3n en armon\u00eda con nuestros servicios.<\/li>\n<\/ul>\n<h2><span class=\"ez-toc-section\" id=\"Protecting_Your_Privacy\"><\/span><strong>Proteger su intimidad<\/strong><span class=\"ez-toc-section-end\"><\/span><\/h2>\n<p>Su privacidad no es s\u00f3lo una pol\u00edtica; es una promesa. Consulte nuestra Pol\u00edtica de privacidad para conocer nuestro compromiso con la protecci\u00f3n de sus datos personales.<\/p>\n<h2><span class=\"ez-toc-section\" id=\"External_Links_Their_Autonomy\"><\/span><strong>Enlaces externos y su autonom\u00eda<\/strong><span class=\"ez-toc-section-end\"><\/span><\/h2>\n<p>Durante la navegaci\u00f3n, es posible que encuentre enlaces que le dirijan a plataformas fuera de nuestra jurisdicci\u00f3n. Recuerde:<\/p>\n<ul>\n<li><strong>Plataformas aut\u00f3nomas<\/strong>: Su contenido, t\u00e9rminos y pr\u00e1cticas de privacidad son independientes. No los respaldamos ni nos responsabilizamos de ellos.<\/li>\n<li><strong>Decisiones informadas<\/strong>: Antes de sumergirse en contenidos externos, conviene familiarizarse con sus directrices.<\/li>\n<\/ul>\n<h2><span class=\"ez-toc-section\" id=\"Assurance_Accountability\"><\/span><strong>Garant\u00eda y responsabilidad<\/strong><span class=\"ez-toc-section-end\"><\/span><\/h2>\n<p>Estamos orgullosos de la informaci\u00f3n y los servicios que ofrecemos. Sin embargo, vienen con una cl\u00e1usula de \"tal cual\" y \"cuando est\u00e9n disponibles\". Nos esforzamos, pero no nos comprometemos, a alcanzar la perfecci\u00f3n en cuanto a exactitud, integridad o disponibilidad.<\/p>\n<h2><span class=\"ez-toc-section\" id=\"Limits_on_Our_Liability\"><\/span><strong>L\u00edmites de nuestra responsabilidad<\/strong><span class=\"ez-toc-section-end\"><\/span><\/h2>\n<p>Los marcos legales pueden variar, pero dentro de los l\u00edmites permisibles, cualquier forma de da\u00f1o, ya sea directo, incidental o consecuente derivado del uso de la plataforma, no nos hace responsables.<\/p><script data-noptimize=\"\" data-wpfc-render=\"false\">\n\/* <![CDATA[ *\/\nfpm_start( \"true\" );\n\/* ]]> *\/\n<\/script>\n\n<div class=\"fpm_end\"><\/div>\n<div class=\"author-card author-card--top\"><img alt='foto del avatar' src='https:\/\/richrocketgame.com\/wp-content\/uploads\/2023\/03\/Paulo-Dornelas-130x130.jpg' srcset='https:\/\/richrocketgame.com\/wp-content\/uploads\/2023\/03\/Paulo-Dornelas-260x260.jpg 2x' class='avatar avatar-130 photo author-image' height='130' width='130' \/><div class=\"author-content text-md-center\"><span class=\"author-title\">Autor<\/span><a href=\"https:\/\/richrocketgame.com\/es\/author\/paulo-dornelas\/\" class=\"author-name\">Paulo Dornelas<\/a><p class=\"author__details\">Paulo Dornelas es un experto en juegos de azar que ha dedicado su vida a entender el sector y ayudar a otros a ganar dinero con \u00e9l. Tambi\u00e9n es un \u00e1vido viajero y le encanta explorar nuevos lugares. Los conocimientos de Paulo sobre los juegos de azar y su pasi\u00f3n por los viajes lo convierten en el gu\u00eda perfecto para cualquiera que desee obtener grandes beneficios apostando en deportes o jugando a juegos de casino.<\/p><\/div><!-- \/.author-content --><\/div>","protected":false},"excerpt":{"rendered":"<p>Las reglas, obligaciones y derechos esenciales que rigen nuestra plataforma se pueden encontrar aqu\u00ed. Priorizamos mantener un ambiente armonioso para todos los usuarios. Profundice en los detalles para que su experiencia sea perfecta. Introducci\u00f3n a los t\u00e9rminos de nuestra plataforma Bienvenido a bordo. Cuando usas Rich Rocket Game, no solo est\u00e1s usando una plataforma; te est\u00e1s uniendo a una comunidad. [\u2026]<\/p>","protected":false},"author":2,"featured_media":0,"parent":0,"menu_order":0,"comment_status":"closed","ping_status":"closed","template":"","meta":{"footnotes":""},"class_list":["post-302","page","type-page","status-publish","hentry"],"yoast_head":"<!-- This site is optimized with the Yoast SEO plugin v26.7 - https:\/\/yoast.com\/wordpress\/plugins\/seo\/ -->\n<title>Rich Rocket Game: Terms and Conditions<\/title>\n<meta name=\"description\" content=\"Navigate Rich Rocket Game&#039;s terms with ease. From user responsibilities, content rights to privacy assurance, understand the standards ensuring a secure, harmonious gaming environment. Dive in for a seamless experience.\" \/>\n<meta name=\"robots\" content=\"index, follow, max-snippet:-1, max-image-preview:large, max-video-preview:-1\" \/>\n<link rel=\"canonical\" href=\"https:\/\/richrocketgame.com\/es\/terms-and-conditions\/\" \/>\n<meta property=\"og:locale\" content=\"es_ES\" \/>\n<meta property=\"og:type\" content=\"article\" \/>\n<meta property=\"og:title\" content=\"Rich Rocket Game: Terms and Conditions\" \/>\n<meta property=\"og:description\" content=\"Navigate Rich Rocket Game&#039;s terms with ease. From user responsibilities, content rights to privacy assurance, understand the standards ensuring a secure, harmonious gaming environment. Dive in for a seamless experience.\" \/>\n<meta property=\"og:url\" content=\"https:\/\/richrocketgame.com\/es\/terms-and-conditions\/\" \/>\n<meta property=\"og:site_name\" content=\"Rich Rocket Game\" \/>\n<meta property=\"article:modified_time\" content=\"2023-09-25T17:41:08+00:00\" \/>\n<meta name=\"twitter:card\" content=\"summary_large_image\" \/>\n<meta name=\"twitter:label1\" content=\"Tiempo de lectura\" \/>\n\t<meta name=\"twitter:data1\" content=\"2 minutos\" \/>\n<!-- \/ Yoast SEO plugin. -->","yoast_head_json":{"title":"Juego Rich Rocket: T\u00e9rminos y condiciones","description":"Navegue por las condiciones de Rich Rocket Game con facilidad. Desde las responsabilidades de los usuarios y los derechos de contenido hasta la garant\u00eda de privacidad, conozca las normas que garantizan un entorno de juego seguro y armonioso. Sum\u00e9rjase en una experiencia sin fisuras.","robots":{"index":"index","follow":"follow","max-snippet":"max-snippet:-1","max-image-preview":"max-image-preview:large","max-video-preview":"max-video-preview:-1"},"canonical":"https:\/\/richrocketgame.com\/es\/terms-and-conditions\/","og_locale":"es_ES","og_type":"article","og_title":"Rich Rocket Game: Terms and Conditions","og_description":"Navigate Rich Rocket Game's terms with ease. From user responsibilities, content rights to privacy assurance, understand the standards ensuring a secure, harmonious gaming environment. Dive in for a seamless experience.","og_url":"https:\/\/richrocketgame.com\/es\/terms-and-conditions\/","og_site_name":"Rich Rocket Game","article_modified_time":"2023-09-25T17:41:08+00:00","twitter_card":"summary_large_image","twitter_misc":{"Tiempo de lectura":"2 minutos"},"schema":{"@context":"https:\/\/schema.org","@graph":[{"@type":"WebPage","@id":"https:\/\/richrocketgame.com\/terms-and-conditions\/","url":"https:\/\/richrocketgame.com\/terms-and-conditions\/","name":"Juego Rich Rocket: T\u00e9rminos y condiciones","isPartOf":{"@id":"https:\/\/richrocketgame.com\/#website"},"datePublished":"2023-09-25T09:34:52+00:00","dateModified":"2023-09-25T17:41:08+00:00","description":"Navegue por las condiciones de Rich Rocket Game con facilidad. Desde las responsabilidades de los usuarios y los derechos de contenido hasta la garant\u00eda de privacidad, conozca las normas que garantizan un entorno de juego seguro y armonioso. Sum\u00e9rjase en una experiencia sin fisuras.","breadcrumb":{"@id":"https:\/\/richrocketgame.com\/terms-and-conditions\/#breadcrumb"},"inLanguage":"es","potentialAction":[{"@type":"ReadAction","target":["https:\/\/richrocketgame.com\/terms-and-conditions\/"]}]},{"@type":"BreadcrumbList","@id":"https:\/\/richrocketgame.com\/terms-and-conditions\/#breadcrumb","itemListElement":[{"@type":"ListItem","position":1,"name":"\u0413\u043b\u0430\u0432\u043d\u0430\u044f \u0441\u0442\u0440\u0430\u043d\u0438\u0446\u0430","item":"https:\/\/richrocketgame.com\/"},{"@type":"ListItem","position":2,"name":"Terms and Conditions"}]},{"@type":"WebSite","@id":"https:\/\/richrocketgame.com\/#website","url":"https:\/\/richrocketgame.com\/","name":"Juego Rich Rocket","description":"","publisher":{"@id":"https:\/\/richrocketgame.com\/#organization"},"potentialAction":[{"@type":"SearchAction","target":{"@type":"EntryPoint","urlTemplate":"https:\/\/richrocketgame.com\/?s={search_term_string}"},"query-input":{"@type":"PropertyValueSpecification","valueRequired":true,"valueName":"search_term_string"}}],"inLanguage":"es"},{"@type":"Organization","@id":"https:\/\/richrocketgame.com\/#organization","name":"Juego Rich Rocket","url":"https:\/\/richrocketgame.com\/","logo":{"@type":"ImageObject","inLanguage":"es","@id":"https:\/\/richrocketgame.com\/#\/schema\/logo\/image\/","url":"https:\/\/richrocketgame.com\/wp-content\/uploads\/2022\/09\/Rich-Rocket-earning-app.png","contentUrl":"https:\/\/richrocketgame.com\/wp-content\/uploads\/2022\/09\/Rich-Rocket-earning-app.png","width":512,"height":512,"caption":"Rich Rocket Game"},"image":{"@id":"https:\/\/richrocketgame.com\/#\/schema\/logo\/image\/"}}]}},"_links":{"self":[{"href":"https:\/\/richrocketgame.com\/es\/wp-json\/wp\/v2\/pages\/302","targetHints":{"allow":["GET"]}}],"collection":[{"href":"https:\/\/richrocketgame.com\/es\/wp-json\/wp\/v2\/pages"}],"about":[{"href":"https:\/\/richrocketgame.com\/es\/wp-json\/wp\/v2\/types\/page"}],"author":[{"embeddable":true,"href":"https:\/\/richrocketgame.com\/es\/wp-json\/wp\/v2\/users\/2"}],"replies":[{"embeddable":true,"href":"https:\/\/richrocketgame.com\/es\/wp-json\/wp\/v2\/comments?post=302"}],"version-history":[{"count":0,"href":"https:\/\/richrocketgame.com\/es\/wp-json\/wp\/v2\/pages\/302\/revisions"}],"wp:attachment":[{"href":"https:\/\/richrocketgame.com\/es\/wp-json\/wp\/v2\/media?parent=302"}],"curies":[{"name":"gracias","href":"https:\/\/api.w.org\/{rel}","templated":true}]}}