{"id":292,"date":"2023-09-25T12:06:19","date_gmt":"2023-09-25T09:06:19","guid":{"rendered":"https:\/\/richrocketgame.com\/?page_id=292"},"modified":"2023-09-25T20:40:56","modified_gmt":"2023-09-25T17:40:56","slug":"cookies-policy","status":"publish","type":"page","link":"https:\/\/richrocketgame.com\/es\/cookies-policy\/","title":{"rendered":"Pol\u00edtica de cookies"},"content":{"rendered":"<div class=\"fpm_start\"><\/div>\n<p>Ad\u00e9ntrate en el polifac\u00e9tico mundo de las cookies en Rich Rocket Game. Nuestra gu\u00eda aclara los m\u00faltiples tipos de cookies empleadas, destacando su papel fundamental en la mejora de su viaje en l\u00ednea. Ad\u00e9ntrate en el laberinto de las cookies y adquiere los conocimientos necesarios para controlar y optimizar tus preferencias de navegaci\u00f3n.<\/p>\n<div id=\"ez-toc-container\" class=\"ez-toc-v2_0_62 counter-hierarchy ez-toc-counter ez-toc-grey ez-toc-container-direction\">\n<div class=\"ez-toc-title-container\">\n<p class=\"ez-toc-title\" >tabla de contenidos<\/p>\n<span class=\"ez-toc-title-toggle\"><a href=\"#\" class=\"ez-toc-pull-right ez-toc-btn ez-toc-btn-xs ez-toc-btn-default ez-toc-toggle\" aria-label=\"Alternar tabla de contenido\"><span class=\"ez-toc-js-icon-con\"><span class=\"\"><span class=\"eztoc-hide\" style=\"display:none;\">Palanca<\/span><span class=\"ez-toc-icon-toggle-span\"><svg style=\"fill: #999;color:#999\" xmlns=\"http:\/\/www.w3.org\/2000\/svg\" class=\"list-377408\" width=\"20px\" height=\"20px\" viewbox=\"0 0 24 24\" fill=\"none\"><path d=\"M6 6H4v2h2V6zm14 0H8v2h12V6zM4 11h2v2H4v-2zm16 0H8v2h12v-2zM4 16h2v2H4v-2zm16 0H8v2h12v-2z\" fill=\"currentColor\"><\/path><\/svg><svg style=\"fill: #999;color:#999\" class=\"arrow-unsorted-368013\" xmlns=\"http:\/\/www.w3.org\/2000\/svg\" width=\"10px\" height=\"10px\" viewbox=\"0 0 24 24\" version=\"1.2\" baseprofile=\"tiny\"><path d=\"M18.2 9.3l-6.2-6.3-6.2 6.3c-.2.2-.3.4-.3.7s.1.5.3.7c.2.2.4.3.7.3h11c.3 0 .5-.1.7-.3.2-.2.3-.5.3-.7s-.1-.5-.3-.7zM5.8 14.7l6.2 6.3 6.2-6.3c.2-.2.3-.5.3-.7s-.1-.5-.3-.7c-.2-.2-.4-.3-.7-.3h-11c-.3 0-.5.1-.7.3-.2.2-.3.5-.3.7s.1.5.3.7z\"\/><\/svg><\/span><\/span><\/span><\/a><\/span><\/div>\n<nav><ul class='ez-toc-list ez-toc-list-level-1 eztoc-toggle-hide-by-default' ><li class='ez-toc-page-1 ez-toc-heading-level-2'><a class=\"ez-toc-link ez-toc-heading-1\" href=\"https:\/\/richrocketgame.com\/es\/cookies-policy\/#Rich_Rocket_Game_The_Cookie_Conundrum\" title=\"Juego Rich Rocket y el enigma de las galletas\">Juego Rich Rocket y el enigma de las galletas<\/a><\/li><li class='ez-toc-page-1 ez-toc-heading-level-2'><a class=\"ez-toc-link ez-toc-heading-2\" href=\"https:\/\/richrocketgame.com\/es\/cookies-policy\/#Cookie_Chronicles_The_What_and_Why\" title=\"Cr\u00f3nicas de las galletas: El qu\u00e9 y el porqu\u00e9\">Cr\u00f3nicas de las galletas: El qu\u00e9 y el porqu\u00e9<\/a><\/li><li class='ez-toc-page-1 ez-toc-heading-level-2'><a class=\"ez-toc-link ez-toc-heading-3\" href=\"https:\/\/richrocketgame.com\/es\/cookies-policy\/#Deploying_Cookies_at_Rich_Rocket_Game\" title=\"Despliegue de Cookies en el Juego Rich Rocket\">Despliegue de Cookies en el Juego Rich Rocket<\/a><\/li><li class='ez-toc-page-1 ez-toc-heading-level-2'><a class=\"ez-toc-link ez-toc-heading-4\" href=\"https:\/\/richrocketgame.com\/es\/cookies-policy\/#Associating_with_Third-party_Cookies\" title=\"Asociaci\u00f3n con cookies de terceros\">Asociaci\u00f3n con cookies de terceros<\/a><\/li><li class='ez-toc-page-1 ez-toc-heading-level-2'><a class=\"ez-toc-link ez-toc-heading-5\" href=\"https:\/\/richrocketgame.com\/es\/cookies-policy\/#Mastering_Your_Cookie_Destiny\" title=\"Dominar el destino de las galletas\">Dominar el destino de las galletas<\/a><\/li><\/ul><\/nav><\/div>\n<h2><span class=\"ez-toc-section\" id=\"Rich_Rocket_Game_The_Cookie_Conundrum\"><\/span><strong>Juego Rich Rocket y el enigma de las galletas<\/strong><span class=\"ez-toc-section-end\"><\/span><\/h2>\n<p>En el coraz\u00f3n de Rich Rocket Game, empleamos diminutos paquetes de datos, com\u00fanmente denominados cookies, para combinar a la perfecci\u00f3n la experiencia del usuario con la funcionalidad principal de nuestro sitio. Su interacci\u00f3n con nuestro portal significa una aprobaci\u00f3n impl\u00edcita de nuestro despliegue de cookies. Esta gu\u00eda explicativa aclara la naturaleza de las cookies, su aplicaci\u00f3n, las afiliaciones con terceros y las estrategias integrales para controlar su elecci\u00f3n de cookies.<\/p>\n<h2><span class=\"ez-toc-section\" id=\"Cookie_Chronicles_The_What_and_Why\"><\/span><strong>Cr\u00f3nicas de las galletas: El qu\u00e9 y el porqu\u00e9<\/strong><span class=\"ez-toc-section-end\"><\/span><\/h2>\n<p>Las cookies son fragmentos de texto sucintos transmitidos por un portal web, que su navegador archiva. Esta reliquia digital sirve como identificador, refinando sus visitas sucesivas, mejorando la eficiencia del sitio y adaptando el contenido espec\u00edfico del usuario. Clasificadas en persistentes y de sesi\u00f3n, las primeras perduran despu\u00e9s de la sesi\u00f3n, mientras que las segundas desaparecen tras la navegaci\u00f3n.<\/p>\n<h2><span class=\"ez-toc-section\" id=\"Deploying_Cookies_at_Rich_Rocket_Game\"><\/span><strong>Despliegue de Cookies en el Juego Rich Rocket<\/strong><span class=\"ez-toc-section-end\"><\/span><\/h2>\n<p>Nuestra estrategia emplea cookies para:<\/p>\n<ol>\n<li><strong>Activar funciones integrales<\/strong>: Apuntalar las operaciones fundamentales del sitio, garantizar la identificaci\u00f3n segura de los usuarios y luchar contra el enga\u00f1o de cuentas.<\/li>\n<li><strong>Analizar y perfeccionar<\/strong>: Aprovechamiento de cookies anal\u00edticas para examinar las interacciones en el sitio, allanando el camino para mejoras iterativas y lanzamientos de funciones innovadoras.<\/li>\n<li><strong>Personalizaci\u00f3n de anuncios<\/strong>: Obtenci\u00f3n de cookies publicitarias de terceros, selecci\u00f3n de anuncios que coincidan con su rastro digital, encapsulaci\u00f3n de las p\u00e1ginas visitadas y los enlaces pulsados.<\/li>\n<\/ol>\n<h2><span class=\"ez-toc-section\" id=\"Associating_with_Third-party_Cookies\"><\/span><strong>Asociaci\u00f3n con cookies de terceros<\/strong><span class=\"ez-toc-section-end\"><\/span><\/h2>\n<p>M\u00e1s all\u00e1 de nuestras cookies nativas, Rich Rocket Game se al\u00eda con estimadas entidades de terceros, con el objetivo de capturar m\u00e9tricas de uso intrincadas, propagar anuncios estrat\u00e9gicos y refinar las ofertas centradas en el usuario.<\/p>\n<h2><span class=\"ez-toc-section\" id=\"Mastering_Your_Cookie_Destiny\"><\/span><strong>Dominar el destino de las galletas<\/strong><span class=\"ez-toc-section-end\"><\/span><\/h2>\n<p>Mejore su navegaci\u00f3n gestionando las cookies a trav\u00e9s de los ajustes espec\u00edficos de su navegador. Vaya al apartado de ayuda de su navegador para obtener instrucciones paso a paso. Recuerde que restringir determinadas cookies podr\u00eda inhibir funcionalidades espec\u00edficas, lo que podr\u00eda afectar a la visualizaci\u00f3n del sitio y a la experiencia del usuario.<\/p><script data-noptimize=\"\" data-wpfc-render=\"false\">\n\/* <![CDATA[ *\/\nfpm_start( \"true\" );\n\/* ]]> *\/\n<\/script>\n\n<div class=\"fpm_end\"><\/div>\n<div class=\"author-card author-card--top\"><img alt='foto del avatar' src='https:\/\/richrocketgame.com\/wp-content\/uploads\/2023\/03\/Paulo-Dornelas-130x130.jpg' srcset='https:\/\/richrocketgame.com\/wp-content\/uploads\/2023\/03\/Paulo-Dornelas-260x260.jpg 2x' class='avatar avatar-130 photo author-image' height='130' width='130' \/><div class=\"author-content text-md-center\"><span class=\"author-title\">Autor<\/span><a href=\"https:\/\/richrocketgame.com\/es\/author\/paulo-dornelas\/\" class=\"author-name\">Paulo Dornelas<\/a><p class=\"author__details\">Paulo Dornelas es un experto en juegos de azar que ha dedicado su vida a entender el sector y ayudar a otros a ganar dinero con \u00e9l. Tambi\u00e9n es un \u00e1vido viajero y le encanta explorar nuevos lugares. Los conocimientos de Paulo sobre los juegos de azar y su pasi\u00f3n por los viajes lo convierten en el gu\u00eda perfecto para cualquiera que desee obtener grandes beneficios apostando en deportes o jugando a juegos de casino.<\/p><\/div><!-- \/.author-content --><\/div>","protected":false},"excerpt":{"rendered":"<p>Ad\u00e9ntrate en el \u00e1mbito multifac\u00e9tico de las cookies en Rich Rocket Game. Nuestra gu\u00eda aclara los innumerables tipos de cookies empleadas y destaca su papel fundamental a la hora de mejorar su viaje en l\u00ednea. Recorre este laberinto de cookies, arm\u00e1ndote de conocimientos para controlar y optimizar tus preferencias de navegaci\u00f3n. El juego Rich Rocket y el enigma de las galletas En el coraz\u00f3n [\u2026]<\/p>","protected":false},"author":2,"featured_media":0,"parent":0,"menu_order":0,"comment_status":"closed","ping_status":"closed","template":"","meta":{"footnotes":""},"class_list":["post-292","page","type-page","status-publish","hentry"],"yoast_head":"<!-- This site is optimized with the Yoast SEO plugin v26.7 - https:\/\/yoast.com\/wordpress\/plugins\/seo\/ -->\n<title>Rich Rocket Game: Comprehensive Cookie Policy Guide<\/title>\n<meta name=\"description\" content=\"Explore Rich Rocket Game&#039;s detailed cookie policy. Understand their types, usage, and your control options. Ensuring a transparent, enhanced browsing experience.\" \/>\n<meta name=\"robots\" content=\"index, follow, max-snippet:-1, max-image-preview:large, max-video-preview:-1\" \/>\n<link rel=\"canonical\" href=\"https:\/\/richrocketgame.com\/es\/cookies-policy\/\" \/>\n<meta property=\"og:locale\" content=\"es_ES\" \/>\n<meta property=\"og:type\" content=\"article\" \/>\n<meta property=\"og:title\" content=\"Rich Rocket Game: Comprehensive Cookie Policy Guide\" \/>\n<meta property=\"og:description\" content=\"Explore Rich Rocket Game&#039;s detailed cookie policy. Understand their types, usage, and your control options. Ensuring a transparent, enhanced browsing experience.\" \/>\n<meta property=\"og:url\" content=\"https:\/\/richrocketgame.com\/es\/cookies-policy\/\" \/>\n<meta property=\"og:site_name\" content=\"Rich Rocket Game\" \/>\n<meta property=\"article:modified_time\" content=\"2023-09-25T17:40:56+00:00\" \/>\n<meta name=\"twitter:card\" content=\"summary_large_image\" \/>\n<meta name=\"twitter:label1\" content=\"Tiempo de lectura\" \/>\n\t<meta name=\"twitter:data1\" content=\"2 minutos\" \/>\n<!-- \/ Yoast SEO plugin. -->","yoast_head_json":{"title":"Juego Rich Rocket: Gu\u00eda completa sobre la pol\u00edtica de cookies","description":"Explore la detallada pol\u00edtica de cookies de Rich Rocket Game. Comprenda sus tipos, su uso y sus opciones de control. Garantizamos una experiencia de navegaci\u00f3n transparente y mejorada.","robots":{"index":"index","follow":"follow","max-snippet":"max-snippet:-1","max-image-preview":"max-image-preview:large","max-video-preview":"max-video-preview:-1"},"canonical":"https:\/\/richrocketgame.com\/es\/cookies-policy\/","og_locale":"es_ES","og_type":"article","og_title":"Rich Rocket Game: Comprehensive Cookie Policy Guide","og_description":"Explore Rich Rocket Game's detailed cookie policy. Understand their types, usage, and your control options. Ensuring a transparent, enhanced browsing experience.","og_url":"https:\/\/richrocketgame.com\/es\/cookies-policy\/","og_site_name":"Rich Rocket Game","article_modified_time":"2023-09-25T17:40:56+00:00","twitter_card":"summary_large_image","twitter_misc":{"Tiempo de lectura":"2 minutos"},"schema":{"@context":"https:\/\/schema.org","@graph":[{"@type":"WebPage","@id":"https:\/\/richrocketgame.com\/cookies-policy\/","url":"https:\/\/richrocketgame.com\/cookies-policy\/","name":"Juego Rich Rocket: Gu\u00eda completa sobre la pol\u00edtica de cookies","isPartOf":{"@id":"https:\/\/richrocketgame.com\/#website"},"datePublished":"2023-09-25T09:06:19+00:00","dateModified":"2023-09-25T17:40:56+00:00","description":"Explore la detallada pol\u00edtica de cookies de Rich Rocket Game. Comprenda sus tipos, su uso y sus opciones de control. Garantizamos una experiencia de navegaci\u00f3n transparente y mejorada.","breadcrumb":{"@id":"https:\/\/richrocketgame.com\/cookies-policy\/#breadcrumb"},"inLanguage":"es","potentialAction":[{"@type":"ReadAction","target":["https:\/\/richrocketgame.com\/cookies-policy\/"]}]},{"@type":"BreadcrumbList","@id":"https:\/\/richrocketgame.com\/cookies-policy\/#breadcrumb","itemListElement":[{"@type":"ListItem","position":1,"name":"\u0413\u043b\u0430\u0432\u043d\u0430\u044f \u0441\u0442\u0440\u0430\u043d\u0438\u0446\u0430","item":"https:\/\/richrocketgame.com\/"},{"@type":"ListItem","position":2,"name":"Cookie Policy"}]},{"@type":"WebSite","@id":"https:\/\/richrocketgame.com\/#website","url":"https:\/\/richrocketgame.com\/","name":"Juego Rich Rocket","description":"","publisher":{"@id":"https:\/\/richrocketgame.com\/#organization"},"potentialAction":[{"@type":"SearchAction","target":{"@type":"EntryPoint","urlTemplate":"https:\/\/richrocketgame.com\/?s={search_term_string}"},"query-input":{"@type":"PropertyValueSpecification","valueRequired":true,"valueName":"search_term_string"}}],"inLanguage":"es"},{"@type":"Organization","@id":"https:\/\/richrocketgame.com\/#organization","name":"Juego Rich Rocket","url":"https:\/\/richrocketgame.com\/","logo":{"@type":"ImageObject","inLanguage":"es","@id":"https:\/\/richrocketgame.com\/#\/schema\/logo\/image\/","url":"https:\/\/richrocketgame.com\/wp-content\/uploads\/2022\/09\/Rich-Rocket-earning-app.png","contentUrl":"https:\/\/richrocketgame.com\/wp-content\/uploads\/2022\/09\/Rich-Rocket-earning-app.png","width":512,"height":512,"caption":"Rich Rocket Game"},"image":{"@id":"https:\/\/richrocketgame.com\/#\/schema\/logo\/image\/"}}]}},"_links":{"self":[{"href":"https:\/\/richrocketgame.com\/es\/wp-json\/wp\/v2\/pages\/292","targetHints":{"allow":["GET"]}}],"collection":[{"href":"https:\/\/richrocketgame.com\/es\/wp-json\/wp\/v2\/pages"}],"about":[{"href":"https:\/\/richrocketgame.com\/es\/wp-json\/wp\/v2\/types\/page"}],"author":[{"embeddable":true,"href":"https:\/\/richrocketgame.com\/es\/wp-json\/wp\/v2\/users\/2"}],"replies":[{"embeddable":true,"href":"https:\/\/richrocketgame.com\/es\/wp-json\/wp\/v2\/comments?post=292"}],"version-history":[{"count":0,"href":"https:\/\/richrocketgame.com\/es\/wp-json\/wp\/v2\/pages\/292\/revisions"}],"wp:attachment":[{"href":"https:\/\/richrocketgame.com\/es\/wp-json\/wp\/v2\/media?parent=292"}],"curies":[{"name":"gracias","href":"https:\/\/api.w.org\/{rel}","templated":true}]}}