{"id":1135,"date":"2025-02-12T14:08:53","date_gmt":"2025-02-12T11:08:53","guid":{"rendered":"https:\/\/richrocketgame.com\/?page_id=1135"},"modified":"2025-08-01T11:22:18","modified_gmt":"2025-08-01T08:22:18","slug":"all-star-fruits","status":"publish","type":"page","link":"https:\/\/richrocketgame.com\/es\/all-star-fruits\/","title":{"rendered":"Tragamonedas de demostraci\u00f3n All-Star Fruits"},"content":{"rendered":"<div class=\"fpm_start\"><\/div>\n<p>BGaming anunci\u00f3 una nueva tragamonedas con tem\u00e1tica de frutas, All-Star Fruits. El juego promete ser visualmente atractivo y f\u00e1cil de aprender. Dos funciones de bonificaci\u00f3n deber\u00edan aumentar significativamente el RTP y las ganancias promedio.<\/p>\n<div style=\"text-align: center;\"><a class=\"glow-button\" href=\"\/es\/go\/registration\/\" rel=\"noreferrer noopener nofollow\">Jugar al casino<\/a><\/div>\n<table>\n<tbody>\n<tr>\n<td>Fecha de publicaci\u00f3n<\/td>\n<td>18.02.2025<\/td>\n<\/tr>\n<tr>\n<td>Carretes<\/td>\n<td>5<\/td>\n<\/tr>\n<tr>\n<td>Filas<\/td>\n<td>3<\/td>\n<\/tr>\n<tr>\n<td>RTP<\/td>\n<td>97,04%<\/td>\n<\/tr>\n<tr>\n<td>Volatilidad<\/td>\n<td>Promedio (3 de 5)<\/td>\n<\/tr>\n<tr>\n<td>L\u00edneas ganadoras<\/td>\n<td>243<\/td>\n<\/tr>\n<tr>\n<td>Ganancias m\u00e1ximas<\/td>\n<td>1500 x<\/td>\n<\/tr>\n<\/tbody>\n<\/table>\n<div id=\"ez-toc-container\" class=\"ez-toc-v2_0_62 counter-hierarchy ez-toc-counter ez-toc-grey ez-toc-container-direction\">\n<div class=\"ez-toc-title-container\">\n<p class=\"ez-toc-title\" >tabla de contenidos<\/p>\n<span class=\"ez-toc-title-toggle\"><a href=\"#\" class=\"ez-toc-pull-right ez-toc-btn ez-toc-btn-xs ez-toc-btn-default ez-toc-toggle\" aria-label=\"Alternar tabla de contenido\"><span class=\"ez-toc-js-icon-con\"><span class=\"\"><span class=\"eztoc-hide\" style=\"display:none;\">Palanca<\/span><span class=\"ez-toc-icon-toggle-span\"><svg style=\"fill: #999;color:#999\" xmlns=\"http:\/\/www.w3.org\/2000\/svg\" class=\"list-377408\" width=\"20px\" height=\"20px\" viewbox=\"0 0 24 24\" fill=\"none\"><path d=\"M6 6H4v2h2V6zm14 0H8v2h12V6zM4 11h2v2H4v-2zm16 0H8v2h12v-2zM4 16h2v2H4v-2zm16 0H8v2h12v-2z\" fill=\"currentColor\"><\/path><\/svg><svg style=\"fill: #999;color:#999\" class=\"arrow-unsorted-368013\" xmlns=\"http:\/\/www.w3.org\/2000\/svg\" width=\"10px\" height=\"10px\" viewbox=\"0 0 24 24\" version=\"1.2\" baseprofile=\"tiny\"><path d=\"M18.2 9.3l-6.2-6.3-6.2 6.3c-.2.2-.3.4-.3.7s.1.5.3.7c.2.2.4.3.7.3h11c.3 0 .5-.1.7-.3.2-.2.3-.5.3-.7s-.1-.5-.3-.7zM5.8 14.7l6.2 6.3 6.2-6.3c.2-.2.3-.5.3-.7s-.1-.5-.3-.7c-.2-.2-.4-.3-.7-.3h-11c-.3 0-.5.1-.7.3-.2.2-.3.5-.3.7s.1.5.3.7z\"\/><\/svg><\/span><\/span><\/span><\/a><\/span><\/div>\n<nav><ul class='ez-toc-list ez-toc-list-level-1 eztoc-toggle-hide-by-default' ><li class='ez-toc-page-1 ez-toc-heading-level-2'><a class=\"ez-toc-link ez-toc-heading-1\" href=\"https:\/\/richrocketgame.com\/es\/all-star-fruits\/#What_We_Know_About_All-Star_Fruits_Slot\" title=\"Lo que sabemos sobre la tragamonedas All-Star Fruits\">Lo que sabemos sobre la tragamonedas All-Star Fruits<\/a><ul class='ez-toc-list-level-3' ><li class='ez-toc-heading-level-3'><a class=\"ez-toc-link ez-toc-heading-2\" href=\"https:\/\/richrocketgame.com\/es\/all-star-fruits\/#Bonus_Features_of_the_Game\" title=\"Caracter\u00edsticas adicionales del juego\">Caracter\u00edsticas adicionales del juego<\/a><\/li><\/ul><\/li><li class='ez-toc-page-1 ez-toc-heading-level-2'><a class=\"ez-toc-link ez-toc-heading-3\" href=\"https:\/\/richrocketgame.com\/es\/all-star-fruits\/#Why_You_Should_Play_All-Star_Fruits\" title=\"\u00bfPor qu\u00e9 deber\u00edas jugar a All-Star Fruits?\">\u00bfPor qu\u00e9 deber\u00edas jugar a All-Star Fruits?<\/a><\/li><li class='ez-toc-page-1 ez-toc-heading-level-2'><a class=\"ez-toc-link ez-toc-heading-4\" href=\"https:\/\/richrocketgame.com\/es\/all-star-fruits\/#FAQ\" title=\"PREGUNTAS FRECUENTES\">PREGUNTAS FRECUENTES<\/a><ul class='ez-toc-list-level-3' ><li class='ez-toc-heading-level-3'><a class=\"ez-toc-link ez-toc-heading-5\" href=\"https:\/\/richrocketgame.com\/es\/all-star-fruits\/#Will_it_be_possible_to_play_All-Star_Fruits_for_free\" title=\"\u00bfSer\u00e1 posible jugar All-Star Fruits gratis?\">\u00bfSer\u00e1 posible jugar All-Star Fruits gratis?<\/a><\/li><li class='ez-toc-page-1 ez-toc-heading-level-3'><a class=\"ez-toc-link ez-toc-heading-6\" href=\"https:\/\/richrocketgame.com\/es\/all-star-fruits\/#Will_the_slot_be_optimized_for_mobile_devices\" title=\"\u00bfLa tragamonedas estar\u00e1 optimizada para dispositivos m\u00f3viles?\">\u00bfLa tragamonedas estar\u00e1 optimizada para dispositivos m\u00f3viles?<\/a><\/li><li class='ez-toc-page-1 ez-toc-heading-level-3'><a class=\"ez-toc-link ez-toc-heading-7\" href=\"https:\/\/richrocketgame.com\/es\/all-star-fruits\/#Where_can_I_play_All-Star_Fruits_Slot_for_real_money\" title=\"\u00bfD\u00f3nde puedo jugar a la tragamonedas All-Star Fruits con dinero real?\">\u00bfD\u00f3nde puedo jugar a la tragamonedas All-Star Fruits con dinero real?<\/a><\/li><\/ul><\/li><\/ul><\/nav><\/div>\n<h2><span class=\"ez-toc-section\" id=\"What_We_Know_About_All-Star_Fruits_Slot\"><\/span>Lo que sabemos sobre la tragamonedas All-Star Fruits<span class=\"ez-toc-section-end\"><\/span><\/h2>\n<p>All-Star Fruits de BGaming est\u00e1 dise\u00f1ado al estilo de las tragamonedas cl\u00e1sicas de frutas. El juego tiene una estructura est\u00e1ndar de 5x3 y ofrece un conjunto familiar de s\u00edmbolos: lim\u00f3n, cereza, sand\u00eda, uva, BAR y campana. La estrella realiza la funci\u00f3n de scatter. La aparici\u00f3n de 3, 4 o 5 de estos s\u00edmbolos otorga 10, 15 o 25 giros gratis, respectivamente.<\/p>\n<p>La rueda que se encuentra sobre el campo de juego principal tiene dos funciones: el juego normal muestra la cantidad de s\u00edmbolos scatter y el juego de bonificaci\u00f3n aplica el multiplicador a las ganancias.<\/p>\n<p>Las ganancias m\u00e1ximas son una buena raz\u00f3n para jugar a All-Star Fruits. El proveedor dijo que los jugadores pueden obtener hasta $255,000 por un sorteo exitoso. En las pruebas, las combinaciones ganadoras cayeron en promedio una vez cada seis giros.<\/p>\n<p><a href=\"https:\/\/richrocketgame.com\/es\/go\/registration\/\" target=\"_blank\" rel=\"noreferrer noopener nofollow\"><img decoding=\"async\" class=\"wp-image-1142 aligncenter\" src=\"https:\/\/richrocketgame.com\/wp-content\/uploads\/2025\/02\/all-star-fruits-slot.jpg\" alt=\"Tragamonedas All-Star Fruits de BGaming.\" width=\"309\" height=\"360\" srcset=\"https:\/\/richrocketgame.com\/wp-content\/uploads\/2025\/02\/all-star-fruits-slot.jpg 519w, https:\/\/richrocketgame.com\/wp-content\/uploads\/2025\/02\/all-star-fruits-slot-258x300.jpg 258w, https:\/\/richrocketgame.com\/wp-content\/uploads\/2025\/02\/all-star-fruits-slot-10x12.jpg 10w, https:\/\/richrocketgame.com\/wp-content\/uploads\/2025\/02\/all-star-fruits-slot-34x40.jpg 34w, https:\/\/richrocketgame.com\/wp-content\/uploads\/2025\/02\/all-star-fruits-slot-27x32.jpg 27w, https:\/\/richrocketgame.com\/wp-content\/uploads\/2025\/02\/all-star-fruits-slot-69x80.jpg 69w, https:\/\/richrocketgame.com\/wp-content\/uploads\/2025\/02\/all-star-fruits-slot-116x135.jpg 116w\" sizes=\"(max-width: 309px) 100vw, 309px\" \/><\/a><\/p>\n<h3><span class=\"ez-toc-section\" id=\"Bonus_Features_of_the_Game\"><\/span>Caracter\u00edsticas adicionales del juego<span class=\"ez-toc-section-end\"><\/span><\/h3>\n<p>Se aplican multiplicadores aleatorios a cada ganancia durante los giros gratis: x1, x2, x3, x5 o x10. Este bono aumenta significativamente el tama\u00f1o de los pagos.<\/p>\n<p>Los jugadores que no quieran esperar a que aparezca una combinaci\u00f3n de s\u00edmbolos scatter pueden utilizar la funci\u00f3n Bonus Buy. Para x75 o x150 de tu apuesta, puedes elegir entre dos modos con diferentes multiplicadores.<\/p>\n<div style=\"text-align: center;\"><a class=\"glow-button\" href=\"\/es\/go\/registration\/\" rel=\"noreferrer noopener nofollow\">Prueba la tragamonedas All-Star Fruits<\/a><\/div>\n<h2><span class=\"ez-toc-section\" id=\"Why_You_Should_Play_All-Star_Fruits\"><\/span>\u00bfPor qu\u00e9 deber\u00edas jugar a All-Star Fruits?<span class=\"ez-toc-section-end\"><\/span><\/h2>\n<p>La tragamonedas All-Star Fruits atrae la atenci\u00f3n con las siguientes ventajas:<\/p>\n<ul>\n<li>Estilo tragamonedas de frutas con gr\u00e1ficos brillantes inusuales.<\/li>\n<li>Funciones de bonificaci\u00f3n simples pero muy lucrativas.<\/li>\n<li>Grandes ganancias potenciales.<\/li>\n<li>Alto RTP.<\/li>\n<\/ul>\n<p>Sum\u00e9rgete en el mundo de las frutas jugosas y los grandes multiplicadores el 18 de febrero de 2025. Nuestro sitio web proporcionar\u00e1 una revisi\u00f3n detallada y una demostraci\u00f3n de All-Star Fruits.<\/p><script data-noptimize=\"\" data-wpfc-render=\"false\">\n\/* <![CDATA[ *\/\nfpm_start( \"true\" );\n\/* ]]> *\/\n<\/script>\n\n<p><a href=\"https:\/\/richrocketgame.com\/es\/go\/registration\/\" target=\"_blank\" rel=\"noreferrer noopener nofollow\"><img decoding=\"async\" class=\"aligncenter wp-image-1149 size-full\" src=\"https:\/\/richrocketgame.com\/wp-content\/uploads\/2025\/02\/all-star-fruits-casino-game.jpg\" alt=\"Juego de casino All-Star Fruits.\" width=\"994\" height=\"610\" srcset=\"https:\/\/richrocketgame.com\/wp-content\/uploads\/2025\/02\/all-star-fruits-casino-game.jpg 994w, https:\/\/richrocketgame.com\/wp-content\/uploads\/2025\/02\/all-star-fruits-casino-game-300x184.jpg 300w, https:\/\/richrocketgame.com\/wp-content\/uploads\/2025\/02\/all-star-fruits-casino-game-768x471.jpg 768w, https:\/\/richrocketgame.com\/wp-content\/uploads\/2025\/02\/all-star-fruits-casino-game-18x12.jpg 18w, https:\/\/richrocketgame.com\/wp-content\/uploads\/2025\/02\/all-star-fruits-casino-game-65x40.jpg 65w, https:\/\/richrocketgame.com\/wp-content\/uploads\/2025\/02\/all-star-fruits-casino-game-52x32.jpg 52w, https:\/\/richrocketgame.com\/wp-content\/uploads\/2025\/02\/all-star-fruits-casino-game-130x80.jpg 130w, https:\/\/richrocketgame.com\/wp-content\/uploads\/2025\/02\/all-star-fruits-casino-game-220x135.jpg 220w\" sizes=\"(max-width: 994px) 100vw, 994px\" \/><\/a><\/p>\n<h2><span class=\"ez-toc-section\" id=\"FAQ\"><\/span>PREGUNTAS FRECUENTES<span class=\"ez-toc-section-end\"><\/span><\/h2>\n        <section class=\"sc_fs_faq sc_card\">\n            <div>\n\t\t\t\t<h3><span class=\"ez-toc-section\" id=\"Will_it_be_possible_to_play_All-Star_Fruits_for_free\"><\/span>\u00bfSer\u00e1 posible jugar All-Star Fruits gratis?<span class=\"ez-toc-section-end\"><\/span><\/h3>                <div>\n\t\t\t\t\t                    <p>\n\t\t\t\t\t\tS\u00ed, se espera que la versi\u00f3n demo de All-Star Fruits est\u00e9 disponible en la mayor\u00eda de los casinos m\u00e1s importantes. Adem\u00e1s, la tragamonedas estar\u00e1 disponible para jugar sin dep\u00f3sito en el sitio web oficial de BGaming.                    <\/p>\n                <\/div>\n            <\/div>\n        <\/section>\n\t\t        <section class=\"sc_fs_faq sc_card\">\n            <div>\n\t\t\t\t<h3><span class=\"ez-toc-section\" id=\"Will_the_slot_be_optimized_for_mobile_devices\"><\/span>\u00bfLa tragamonedas estar\u00e1 optimizada para dispositivos m\u00f3viles?<span class=\"ez-toc-section-end\"><\/span><\/h3>                <div>\n\t\t\t\t\t                    <p>\n\t\t\t\t\t\tS\u00ed, la versi\u00f3n m\u00f3vil de All-Star Fruits se lanzar\u00e1 al mismo tiempo que la versi\u00f3n de escritorio. Puedes jugar en tel\u00e9fonos inteligentes y tabletas Android e iOS sin descargar software.                    <\/p>\n                <\/div>\n            <\/div>\n        <\/section>\n\t\t        <section class=\"sc_fs_faq sc_card\">\n            <div>\n\t\t\t\t<h3><span class=\"ez-toc-section\" id=\"Where_can_I_play_All-Star_Fruits_Slot_for_real_money\"><\/span>\u00bfD\u00f3nde puedo jugar a la tragamonedas All-Star Fruits con dinero real?<span class=\"ez-toc-section-end\"><\/span><\/h3>                <div>\n\t\t\t\t\t                    <p>\n\t\t\t\t\t\tLa tragamonedas All-Star Fruits con dinero real estar\u00e1 disponible en casinos autorizados. Si aprovecha nuestra recomendaci\u00f3n, obtendr\u00e1 las mejores aplicaciones de bonificaci\u00f3n para comenzar a jugar.                    <\/p>\n                <\/div>\n            <\/div>\n        <\/section>\n\t\t\n<script type=\"application\/ld+json\">{\n    \"@context\": \"https:\\\/\\\/schema.org\",\n    \"@type\": \"FAQPage\",\n    \"mainEntity\": [\n        {\n            \"@type\": \"Question\",\n            \"name\": \"Will it be possible to play All-Star Fruits for free?\",\n            \"acceptedAnswer\": {\n                \"@type\": \"Answer\",\n                \"text\": \"Yes, the All-Star Fruits demo is expected to be available in most major casinos. In addition, the slot will be available to play without deposit on the official BGaming website.\"\n            }\n        },\n        {\n            \"@type\": \"Question\",\n            \"name\": \"Will the slot be optimized for mobile devices?\",\n            \"acceptedAnswer\": {\n                \"@type\": \"Answer\",\n                \"text\": \"Yes, the mobile version of All-Star Fruits will be released at the same time as the desktop version. You can play on Android and iOS smartphones and tablets without downloading software.\"\n            }\n        },\n        {\n            \"@type\": \"Question\",\n            \"name\": \"Where can I play All-Star Fruits Slot for real money?\",\n            \"acceptedAnswer\": {\n                \"@type\": \"Answer\",\n                \"text\": \"All-Star Fruits Slot for real money will be available at licensed casinos. By taking advantage of our recommendation, you will get the best bonus apps to start playing.\"\n            }\n        }\n    ]\n}<\/script>\n\n<div class=\"fpm_end\"><\/div>\n<div class=\"author-card author-card--top\"><img alt='foto del avatar' src='https:\/\/richrocketgame.com\/wp-content\/uploads\/2023\/03\/Paulo-Dornelas-130x130.jpg' srcset='https:\/\/richrocketgame.com\/wp-content\/uploads\/2023\/03\/Paulo-Dornelas-260x260.jpg 2x' class='avatar avatar-130 photo author-image' height='130' width='130' \/><div class=\"author-content text-md-center\"><span class=\"author-title\">Autor<\/span><a href=\"https:\/\/richrocketgame.com\/es\/author\/paulo-dornelas\/\" class=\"author-name\">Paulo Dornelas<\/a><p class=\"author__details\">Paulo Dornelas es un experto en juegos de azar que ha dedicado su vida a entender el sector y ayudar a otros a ganar dinero con \u00e9l. Tambi\u00e9n es un \u00e1vido viajero y le encanta explorar nuevos lugares. Los conocimientos de Paulo sobre los juegos de azar y su pasi\u00f3n por los viajes lo convierten en el gu\u00eda perfecto para cualquiera que desee obtener grandes beneficios apostando en deportes o jugando a juegos de casino.<\/p><\/div><!-- \/.author-content --><\/div>","protected":false},"excerpt":{"rendered":"<p>BGaming anunci\u00f3 una nueva tragamonedas con tem\u00e1tica de frutas, All-Star Fruits. El juego promete ser visualmente brillante y f\u00e1cil de aprender. Dos funciones de bonificaci\u00f3n deber\u00edan aumentar significativamente el RTP y aumentar las ganancias promedio. Jugar Casino Fecha de lanzamiento 18.02.2025 Carretes 5 Filas 3 RTP 97,04% Volatilidad Promedio (3 de 5) L\u00edneas ganadoras 243 Ganancias m\u00e1ximas \u04451500 Lo que [\u2026]<\/p>","protected":false},"author":2,"featured_media":0,"parent":0,"menu_order":0,"comment_status":"closed","ping_status":"closed","template":"page-no-sidebar.php","meta":{"footnotes":""},"class_list":["post-1135","page","type-page","status-publish","hentry"],"yoast_head":"<!-- This site is optimized with the Yoast SEO plugin v26.7 - https:\/\/yoast.com\/wordpress\/plugins\/seo\/ -->\n<title>All-Star Fruits Slot (BGaming) - Free Play, RTP and Max. Winnings<\/title>\n<meta name=\"description\" content=\"Learn more about All-Star Fruits casino game. Read information about the slot in our announcement. When you can play All-Star Fruits.\" \/>\n<meta name=\"robots\" content=\"index, follow, max-snippet:-1, max-image-preview:large, max-video-preview:-1\" \/>\n<link rel=\"canonical\" href=\"https:\/\/richrocketgame.com\/es\/all-star-fruits\/\" \/>\n<meta property=\"og:locale\" content=\"es_ES\" \/>\n<meta property=\"og:type\" content=\"article\" \/>\n<meta property=\"og:title\" content=\"All-Star Fruits Slot (BGaming) - Free Play, RTP and Max. Winnings\" \/>\n<meta property=\"og:description\" content=\"Learn more about All-Star Fruits casino game. Read information about the slot in our announcement. When you can play All-Star Fruits.\" \/>\n<meta property=\"og:url\" content=\"https:\/\/richrocketgame.com\/es\/all-star-fruits\/\" \/>\n<meta property=\"og:site_name\" content=\"Rich Rocket Game\" \/>\n<meta property=\"article:modified_time\" content=\"2025-08-01T08:22:18+00:00\" \/>\n<meta property=\"og:image\" content=\"https:\/\/richrocketgame.com\/wp-content\/uploads\/2025\/02\/all-star-fruits-slot.jpg\" \/>\n<meta name=\"twitter:card\" content=\"summary_large_image\" \/>\n<meta name=\"twitter:label1\" content=\"Tiempo de lectura\" \/>\n\t<meta name=\"twitter:data1\" content=\"3 minutos\" \/>\n<!-- \/ Yoast SEO plugin. -->","yoast_head_json":{"title":"Tragamonedas All-Star Fruits (BGaming): Juego gratis, RTP y ganancias m\u00e1ximas","description":"Obtenga m\u00e1s informaci\u00f3n sobre el juego de casino All-Star Fruits. Lea informaci\u00f3n sobre la tragamonedas en nuestro anuncio. Cu\u00e1ndo puede jugar All-Star Fruits.","robots":{"index":"index","follow":"follow","max-snippet":"max-snippet:-1","max-image-preview":"max-image-preview:large","max-video-preview":"max-video-preview:-1"},"canonical":"https:\/\/richrocketgame.com\/es\/all-star-fruits\/","og_locale":"es_ES","og_type":"article","og_title":"All-Star Fruits Slot (BGaming) - Free Play, RTP and Max. Winnings","og_description":"Learn more about All-Star Fruits casino game. Read information about the slot in our announcement. When you can play All-Star Fruits.","og_url":"https:\/\/richrocketgame.com\/es\/all-star-fruits\/","og_site_name":"Rich Rocket Game","article_modified_time":"2025-08-01T08:22:18+00:00","og_image":[{"url":"https:\/\/richrocketgame.com\/wp-content\/uploads\/2025\/02\/all-star-fruits-slot.jpg","type":"","width":"","height":""}],"twitter_card":"summary_large_image","twitter_misc":{"Tiempo de lectura":"3 minutos"},"schema":{"@context":"https:\/\/schema.org","@graph":[{"@type":"WebPage","@id":"https:\/\/richrocketgame.com\/all-star-fruits\/","url":"https:\/\/richrocketgame.com\/all-star-fruits\/","name":"Tragamonedas All-Star Fruits (BGaming): Juego gratis, RTP y ganancias m\u00e1ximas","isPartOf":{"@id":"https:\/\/richrocketgame.com\/#website"},"primaryImageOfPage":{"@id":"https:\/\/richrocketgame.com\/all-star-fruits\/#primaryimage"},"image":{"@id":"https:\/\/richrocketgame.com\/all-star-fruits\/#primaryimage"},"thumbnailUrl":"https:\/\/richrocketgame.com\/wp-content\/uploads\/2025\/02\/all-star-fruits-slot.jpg","datePublished":"2025-02-12T11:08:53+00:00","dateModified":"2025-08-01T08:22:18+00:00","description":"Obtenga m\u00e1s informaci\u00f3n sobre el juego de casino All-Star Fruits. Lea informaci\u00f3n sobre la tragamonedas en nuestro anuncio. Cu\u00e1ndo puede jugar All-Star Fruits.","breadcrumb":{"@id":"https:\/\/richrocketgame.com\/all-star-fruits\/#breadcrumb"},"inLanguage":"es","potentialAction":[{"@type":"ReadAction","target":["https:\/\/richrocketgame.com\/all-star-fruits\/"]}]},{"@type":"ImageObject","inLanguage":"es","@id":"https:\/\/richrocketgame.com\/all-star-fruits\/#primaryimage","url":"https:\/\/richrocketgame.com\/wp-content\/uploads\/2025\/02\/all-star-fruits-slot.jpg","contentUrl":"https:\/\/richrocketgame.com\/wp-content\/uploads\/2025\/02\/all-star-fruits-slot.jpg"},{"@type":"BreadcrumbList","@id":"https:\/\/richrocketgame.com\/all-star-fruits\/#breadcrumb","itemListElement":[{"@type":"ListItem","position":1,"name":"\u0413\u043b\u0430\u0432\u043d\u0430\u044f \u0441\u0442\u0440\u0430\u043d\u0438\u0446\u0430","item":"https:\/\/richrocketgame.com\/"},{"@type":"ListItem","position":2,"name":"All-Star Fruits Demo Slot"}]},{"@type":"WebSite","@id":"https:\/\/richrocketgame.com\/#website","url":"https:\/\/richrocketgame.com\/","name":"Juego Rich Rocket","description":"","publisher":{"@id":"https:\/\/richrocketgame.com\/#organization"},"potentialAction":[{"@type":"SearchAction","target":{"@type":"EntryPoint","urlTemplate":"https:\/\/richrocketgame.com\/?s={search_term_string}"},"query-input":{"@type":"PropertyValueSpecification","valueRequired":true,"valueName":"search_term_string"}}],"inLanguage":"es"},{"@type":"Organization","@id":"https:\/\/richrocketgame.com\/#organization","name":"Juego Rich Rocket","url":"https:\/\/richrocketgame.com\/","logo":{"@type":"ImageObject","inLanguage":"es","@id":"https:\/\/richrocketgame.com\/#\/schema\/logo\/image\/","url":"https:\/\/richrocketgame.com\/wp-content\/uploads\/2022\/09\/Rich-Rocket-earning-app.png","contentUrl":"https:\/\/richrocketgame.com\/wp-content\/uploads\/2022\/09\/Rich-Rocket-earning-app.png","width":512,"height":512,"caption":"Rich Rocket Game"},"image":{"@id":"https:\/\/richrocketgame.com\/#\/schema\/logo\/image\/"}}]}},"_links":{"self":[{"href":"https:\/\/richrocketgame.com\/es\/wp-json\/wp\/v2\/pages\/1135","targetHints":{"allow":["GET"]}}],"collection":[{"href":"https:\/\/richrocketgame.com\/es\/wp-json\/wp\/v2\/pages"}],"about":[{"href":"https:\/\/richrocketgame.com\/es\/wp-json\/wp\/v2\/types\/page"}],"author":[{"embeddable":true,"href":"https:\/\/richrocketgame.com\/es\/wp-json\/wp\/v2\/users\/2"}],"replies":[{"embeddable":true,"href":"https:\/\/richrocketgame.com\/es\/wp-json\/wp\/v2\/comments?post=1135"}],"version-history":[{"count":0,"href":"https:\/\/richrocketgame.com\/es\/wp-json\/wp\/v2\/pages\/1135\/revisions"}],"wp:attachment":[{"href":"https:\/\/richrocketgame.com\/es\/wp-json\/wp\/v2\/media?parent=1135"}],"curies":[{"name":"gracias","href":"https:\/\/api.w.org\/{rel}","templated":true}]}}