{"id":1115,"date":"2025-02-12T13:49:43","date_gmt":"2025-02-12T10:49:43","guid":{"rendered":"https:\/\/richrocketgame.com\/?page_id=1115"},"modified":"2025-08-01T11:24:01","modified_gmt":"2025-08-01T08:24:01","slug":"mad-blast","status":"publish","type":"page","link":"https:\/\/richrocketgame.com\/es\/mad-blast\/","title":{"rendered":"Demostraci\u00f3n de la tragamonedas Mad Blast"},"content":{"rendered":"<div class=\"fpm_start\"><\/div>\n<p>Mad Blast puede convertirse en una de las tragamonedas m\u00e1s populares en 2025. Push Gaming ha programado el lanzamiento del juego para el 20 de febrero y los jugadores ya est\u00e1n ansiosos por verlo. Seg\u00fan el anuncio, el juego tiene siete s\u00edmbolos y funciones de bonificaci\u00f3n, y las ganancias m\u00e1ximas son de hasta x10,000.<\/p>\n<div style=\"text-align: center;\"><a class=\"glow-button\" href=\"\/es\/go\/registration\/\" rel=\"noreferrer noopener nofollow\">Jugar al casino<\/a><\/div>\n<table>\n<tbody>\n<tr>\n<td>Fecha de publicaci\u00f3n<\/td>\n<td>20.02.2025<\/td>\n<\/tr>\n<tr>\n<td>Carretes<\/td>\n<td>6<\/td>\n<\/tr>\n<tr>\n<td>Filas<\/td>\n<td>5<\/td>\n<\/tr>\n<tr>\n<td>RTP<\/td>\n<td>96,34%<\/td>\n<\/tr>\n<tr>\n<td>Volatilidad<\/td>\n<td>Alta<\/td>\n<\/tr>\n<tr>\n<td>L\u00edneas de pago<\/td>\n<td>Mec\u00e1nica de pagos dispersos<\/td>\n<\/tr>\n<tr>\n<td>Ganancias m\u00e1ximas<\/td>\n<td>10.000 x<\/td>\n<\/tr>\n<\/tbody>\n<\/table>\n<div id=\"ez-toc-container\" class=\"ez-toc-v2_0_62 counter-hierarchy ez-toc-counter ez-toc-grey ez-toc-container-direction\">\n<div class=\"ez-toc-title-container\">\n<p class=\"ez-toc-title\" >tabla de contenidos<\/p>\n<span class=\"ez-toc-title-toggle\"><a href=\"#\" class=\"ez-toc-pull-right ez-toc-btn ez-toc-btn-xs ez-toc-btn-default ez-toc-toggle\" aria-label=\"Alternar tabla de contenido\"><span class=\"ez-toc-js-icon-con\"><span class=\"\"><span class=\"eztoc-hide\" style=\"display:none;\">Palanca<\/span><span class=\"ez-toc-icon-toggle-span\"><svg style=\"fill: #999;color:#999\" xmlns=\"http:\/\/www.w3.org\/2000\/svg\" class=\"list-377408\" width=\"20px\" height=\"20px\" viewbox=\"0 0 24 24\" fill=\"none\"><path d=\"M6 6H4v2h2V6zm14 0H8v2h12V6zM4 11h2v2H4v-2zm16 0H8v2h12v-2zM4 16h2v2H4v-2zm16 0H8v2h12v-2z\" fill=\"currentColor\"><\/path><\/svg><svg style=\"fill: #999;color:#999\" class=\"arrow-unsorted-368013\" xmlns=\"http:\/\/www.w3.org\/2000\/svg\" width=\"10px\" height=\"10px\" viewbox=\"0 0 24 24\" version=\"1.2\" baseprofile=\"tiny\"><path d=\"M18.2 9.3l-6.2-6.3-6.2 6.3c-.2.2-.3.4-.3.7s.1.5.3.7c.2.2.4.3.7.3h11c.3 0 .5-.1.7-.3.2-.2.3-.5.3-.7s-.1-.5-.3-.7zM5.8 14.7l6.2 6.3 6.2-6.3c.2-.2.3-.5.3-.7s-.1-.5-.3-.7c-.2-.2-.4-.3-.7-.3h-11c-.3 0-.5.1-.7.3-.2.2-.3.5-.3.7s.1.5.3.7z\"\/><\/svg><\/span><\/span><\/span><\/a><\/span><\/div>\n<nav><ul class='ez-toc-list ez-toc-list-level-1 eztoc-toggle-hide-by-default' ><ul class='ez-toc-list-level-3' ><li class='ez-toc-heading-level-3'><a class=\"ez-toc-link ez-toc-heading-1\" href=\"https:\/\/richrocketgame.com\/es\/mad-blast\/#What_We_Know_About_Mad_Blast_Game\" title=\"Lo que sabemos sobre el juego Mad Blast\">Lo que sabemos sobre el juego Mad Blast<\/a><\/li><li class='ez-toc-page-1 ez-toc-heading-level-3'><a class=\"ez-toc-link ez-toc-heading-2\" href=\"https:\/\/richrocketgame.com\/es\/mad-blast\/#Bonus_features_of_the_game\" title=\"Caracter\u00edsticas adicionales del juego\">Caracter\u00edsticas adicionales del juego<\/a><\/li><li class='ez-toc-page-1 ez-toc-heading-level-3'><a class=\"ez-toc-link ez-toc-heading-3\" href=\"https:\/\/richrocketgame.com\/es\/mad-blast\/#Paid_Features\" title=\"Funciones pagas\">Funciones pagas<\/a><\/li><li class='ez-toc-page-1 ez-toc-heading-level-3'><a class=\"ez-toc-link ez-toc-heading-4\" href=\"https:\/\/richrocketgame.com\/es\/mad-blast\/#Why_play_the_Mad_Blast_slot\" title=\"\u00bfPor qu\u00e9 jugar a la tragamonedas Mad Blast?\">\u00bfPor qu\u00e9 jugar a la tragamonedas Mad Blast?<\/a><\/li><\/ul><\/li><li class='ez-toc-page-1 ez-toc-heading-level-2'><a class=\"ez-toc-link ez-toc-heading-5\" href=\"https:\/\/richrocketgame.com\/es\/mad-blast\/#FAQ\" title=\"PREGUNTAS FRECUENTES\">PREGUNTAS FRECUENTES<\/a><ul class='ez-toc-list-level-3' ><li class='ez-toc-heading-level-3'><a class=\"ez-toc-link ez-toc-heading-6\" href=\"https:\/\/richrocketgame.com\/es\/mad-blast\/#What_is_the_RTP_of_the_Mad_Blast_casino_game\" title=\"\u00bfCu\u00e1l es el RTP del juego de casino Mad Blast?\">\u00bfCu\u00e1l es el RTP del juego de casino Mad Blast?<\/a><\/li><li class='ez-toc-page-1 ez-toc-heading-level-3'><a class=\"ez-toc-link ez-toc-heading-7\" href=\"https:\/\/richrocketgame.com\/es\/mad-blast\/#Where_will_it_be_possible_to_play_Mad_Blast_for_free\" title=\"\u00bfD\u00f3nde ser\u00e1 posible jugar Mad Blast gratis?\">\u00bfD\u00f3nde ser\u00e1 posible jugar Mad Blast gratis?<\/a><\/li><li class='ez-toc-page-1 ez-toc-heading-level-3'><a class=\"ez-toc-link ez-toc-heading-8\" href=\"https:\/\/richrocketgame.com\/es\/mad-blast\/#Are_there_any_strategies_for_the_game\" title=\"\u00bfExisten estrategias para el juego?\">\u00bfExisten estrategias para el juego?<\/a><\/li><\/ul><\/li><\/ul><\/nav><\/div>\n<h3><span class=\"ez-toc-section\" id=\"What_We_Know_About_Mad_Blast_Game\"><\/span>Lo que sabemos sobre el juego Mad Blast<span class=\"ez-toc-section-end\"><\/span><\/h3>\n<p>Mad Blast lleva a los jugadores a un taller donde los robots gobiernan. Tendr\u00e1s que lidiar con una inteligencia artificial exc\u00e9ntrica y dispositivos explosivos. El juego consta de 6 carretes y 5 filas, y en lugar de las l\u00edneas de pago tradicionales, se utiliza la mec\u00e1nica Scatter-Pays. Esto significa que recibir\u00e1s pagos por la aparici\u00f3n de 8 s\u00edmbolos id\u00e9nticos en cualquier parte del campo de juego.<\/p>\n<p>Los s\u00edmbolos son cajas de hierro multicolor y robots. Otros s\u00edmbolos especiales compensan la falta de Wild:<\/p>\n<ul>\n<li>Scatter realiza la funci\u00f3n tradicional de activar giros gratis;<\/li>\n<li>El s\u00edmbolo de aumento multiplicador muestra cu\u00e1ntos pasos aumentar\u00e1 el multiplicador si se forma una combinaci\u00f3n ganadora.<\/li>\n<li>El s\u00edmbolo de vida extra en forma de bot\u00f3n verde te da una oportunidad adicional de ganar. Obtienes un giro adicional y el tipo de s\u00edmbolo que m\u00e1s paga permanece en el campo de juego.<\/li>\n<\/ul>\n<p>Push Gaming ha adaptado la tragamonedas para el p\u00fablico m\u00e1s amplio posible. El rango de apuestas en el juego de casino Mad Blast es de 0,1 a 100 (la moneda depende del pa\u00eds en el que opera el casino).<\/p>\n<p><a href=\"https:\/\/richrocketgame.com\/es\/go\/registration\/\" target=\"_blank\" rel=\"noreferrer noopener nofollow\"><img decoding=\"async\" class=\"aligncenter wp-image-1122 size-full\" src=\"https:\/\/richrocketgame.com\/wp-content\/uploads\/2025\/02\/mad-blast-slot.jpg\" alt=\"Tragamonedas Mad Blast de Push Gaming\" width=\"976\" height=\"489\" srcset=\"https:\/\/richrocketgame.com\/wp-content\/uploads\/2025\/02\/mad-blast-slot.jpg 976w, https:\/\/richrocketgame.com\/wp-content\/uploads\/2025\/02\/mad-blast-slot-300x150.jpg 300w, https:\/\/richrocketgame.com\/wp-content\/uploads\/2025\/02\/mad-blast-slot-768x385.jpg 768w, https:\/\/richrocketgame.com\/wp-content\/uploads\/2025\/02\/mad-blast-slot-18x9.jpg 18w, https:\/\/richrocketgame.com\/wp-content\/uploads\/2025\/02\/mad-blast-slot-80x40.jpg 80w, https:\/\/richrocketgame.com\/wp-content\/uploads\/2025\/02\/mad-blast-slot-64x32.jpg 64w, https:\/\/richrocketgame.com\/wp-content\/uploads\/2025\/02\/mad-blast-slot-160x80.jpg 160w, https:\/\/richrocketgame.com\/wp-content\/uploads\/2025\/02\/mad-blast-slot-269x135.jpg 269w\" sizes=\"(max-width: 976px) 100vw, 976px\" \/><\/a><\/p>\n<h3><span class=\"ez-toc-section\" id=\"Bonus_features_of_the_game\"><\/span>Caracter\u00edsticas adicionales del juego<span class=\"ez-toc-section-end\"><\/span><\/h3>\n<p>La primera funci\u00f3n de bonificaci\u00f3n que encontrar\u00e1s son los carretes en cascada. Los s\u00edmbolos que forman parte de una combinaci\u00f3n ganadora se eliminan y aparecen otros nuevos. De esta forma, puedes ganar varias veces en un solo giro.<\/p>\n<p>Otra caracter\u00edstica asociada con los carretes en cascada es Mad Blast de Push Gaming. Cada vez que se obtiene una combinaci\u00f3n, se duplica un multiplicador. En una tirada de carretes, el multiplicador puede aumentar hasta x2048. Los jugadores pueden seguir el progreso en la escala que se encuentra a la izquierda de los carretes.<\/p>\n<p>La funci\u00f3n m\u00e1s interesante son, sin duda, los giros gratis Mad Blast. Puedes conseguirlos cuando salga una combinaci\u00f3n de s\u00edmbolos scatter:<\/p>\n<ul>\n<li>3 s\u00edmbolos \u2013 8 giros gratis con multiplicador x2;<\/li>\n<li>4 s\u00edmbolos \u2013 10 giros gratis con un multiplicador inicial de x4;<\/li>\n<li>5 s\u00edmbolos \u2013 12 giros gratis y el multiplicador inicial ser\u00e1 x8.<\/li>\n<\/ul>\n<p>El proveedor ha introducido un bono adicional durante la ronda de giros gratis para aumentar la emoci\u00f3n. El multiplicador m\u00e1s bajo desaparece de la escala cuando se obtienen 3 combinaciones ganadoras en un giro.<\/p><script data-noptimize=\"\" data-wpfc-render=\"false\">\n\/* <![CDATA[ *\/\nfpm_start( \"true\" );\n\/* ]]> *\/\n<\/script>\n\n<div style=\"text-align: center;\"><a class=\"glow-button\" href=\"\/es\/go\/registration\/\" rel=\"noreferrer noopener nofollow\">Prueba Mad Blast<\/a><\/div>\n<h3><span class=\"ez-toc-section\" id=\"Paid_Features\"><\/span>Funciones pagas<span class=\"ez-toc-section-end\"><\/span><\/h3>\n<p>Por una tarifa adicional, puedes jugar Mad Blast con privilegios. Al habilitar la opci\u00f3n Ante, duplicar\u00e1s tu apuesta, pero aumentar\u00e1s significativamente la probabilidad de que aparezcan s\u00edmbolos de bonificaci\u00f3n en los carretes. Los jugadores que quieran obtener la m\u00e1xima dosis de emoci\u00f3n pueden comprar el acceso a la ronda de giros gratis. Por 150x tu apuesta, puedes obtener ocho giros en los carretes con un multiplicador de 2x. Por 750x, puedes obtener 12 giros con un multiplicador de x8.<\/p>\n<p><a href=\"https:\/\/richrocketgame.com\/es\/go\/registration\/\" target=\"_blank\" rel=\"noreferrer noopener nofollow\"><img decoding=\"async\" class=\"aligncenter wp-image-1116 size-full\" src=\"https:\/\/richrocketgame.com\/wp-content\/uploads\/2025\/02\/mad-blast-casino-game.jpg\" alt=\"Juego de casino Mad Blast.\" width=\"981\" height=\"531\" srcset=\"https:\/\/richrocketgame.com\/wp-content\/uploads\/2025\/02\/mad-blast-casino-game.jpg 981w, https:\/\/richrocketgame.com\/wp-content\/uploads\/2025\/02\/mad-blast-casino-game-300x162.jpg 300w, https:\/\/richrocketgame.com\/wp-content\/uploads\/2025\/02\/mad-blast-casino-game-768x416.jpg 768w, https:\/\/richrocketgame.com\/wp-content\/uploads\/2025\/02\/mad-blast-casino-game-18x10.jpg 18w, https:\/\/richrocketgame.com\/wp-content\/uploads\/2025\/02\/mad-blast-casino-game-74x40.jpg 74w, https:\/\/richrocketgame.com\/wp-content\/uploads\/2025\/02\/mad-blast-casino-game-59x32.jpg 59w, https:\/\/richrocketgame.com\/wp-content\/uploads\/2025\/02\/mad-blast-casino-game-148x80.jpg 148w, https:\/\/richrocketgame.com\/wp-content\/uploads\/2025\/02\/mad-blast-casino-game-249x135.jpg 249w\" sizes=\"(max-width: 981px) 100vw, 981px\" \/><\/a><\/p>\n<h3><span class=\"ez-toc-section\" id=\"Why_play_the_Mad_Blast_slot\"><\/span>\u00bfPor qu\u00e9 jugar a la tragamonedas Mad Blast?<span class=\"ez-toc-section-end\"><\/span><\/h3>\n<p>Mad Blast tiene el potencial de convertirse en una sensaci\u00f3n en el mundo de los juegos de azar por varias razones:<\/p>\n<ul>\n<li>El uso de tendencias modernas. La mec\u00e1nica Scatter-Pay y los carretes en cascada son muy demandados hoy en d\u00eda.<\/li>\n<li>Ganancias m\u00e1ximas enormes. Puedes conseguir pagos de x10.000 en el modo normal y en la ronda de giros gratis.<\/li>\n<li>Una combinaci\u00f3n \u00fanica de funciones. La tragamonedas ofrece una combinaci\u00f3n de bonificaciones que los mejores proveedores a\u00fan no han utilizado.<\/li>\n<\/ul>\n<p>A\u00fan tienes tiempo para luchar contra la insidiosa inteligencia artificial y derrotar al ej\u00e9rcito de robots de hierro. Prep\u00e1rate para luchar por las m\u00e1ximas ganancias en el juego Mad Blast.<\/p>\n<h2><span class=\"ez-toc-section\" id=\"FAQ\"><\/span>PREGUNTAS FRECUENTES<span class=\"ez-toc-section-end\"><\/span><\/h2>\n        <section class=\"sc_fs_faq sc_card\">\n            <div>\n\t\t\t\t<h3><span class=\"ez-toc-section\" id=\"What_is_the_RTP_of_the_Mad_Blast_casino_game\"><\/span>\u00bfCu\u00e1l es el RTP del juego de casino Mad Blast?<span class=\"ez-toc-section-end\"><\/span><\/h3>                <div>\n\t\t\t\t\t                    <p>\n\t\t\t\t\t\tEl proveedor planea lanzar la tragamonedas en 3 versiones con diferentes RTP. El retorno al jugador m\u00e1s alto ser\u00e1 de 96.34%. Algunos casinos podr\u00e1n agregar un juego con un RTP de 94.30% y 85.43% a su cartera.                    <\/p>\n                <\/div>\n            <\/div>\n        <\/section>\n\t\t        <section class=\"sc_fs_faq sc_card\">\n            <div>\n\t\t\t\t<h3><span class=\"ez-toc-section\" id=\"Where_will_it_be_possible_to_play_Mad_Blast_for_free\"><\/span>\u00bfD\u00f3nde ser\u00e1 posible jugar Mad Blast gratis?<span class=\"ez-toc-section-end\"><\/span><\/h3>                <div>\n\t\t\t\t\t                    <p>\n\t\t\t\t\t\tLa versi\u00f3n demo de la tragamonedas estar\u00e1 disponible en el casino. Adem\u00e1s, ser\u00e1 posible jugar gratis en sitios dedicados a temas de juegos de azar y en el recurso web del proveedor Push Gaming.                    <\/p>\n                <\/div>\n            <\/div>\n        <\/section>\n\t\t        <section class=\"sc_fs_faq sc_card\">\n            <div>\n\t\t\t\t<h3><span class=\"ez-toc-section\" id=\"Are_there_any_strategies_for_the_game\"><\/span>\u00bfExisten estrategias para el juego?<span class=\"ez-toc-section-end\"><\/span><\/h3>                <div>\n\t\t\t\t\t                    <p>\n\t\t\t\t\t\tEl jugador solo puede influir en el tama\u00f1o de la apuesta. Debido a la alta volatilidad de la tragamonedas, se recomienda apostar no m\u00e1s de 1% del bankroll. De esta manera, podr\u00e1 jugar el tiempo suficiente para esperar a que aparezcan las funciones m\u00e1s rentables del juego. Antes de comenzar a jugar a Mad Blast con dinero real, puede practicar los m\u00e9todos de apuesta en la versi\u00f3n demo.                    <\/p>\n                <\/div>\n            <\/div>\n        <\/section>\n\t\t\n<script type=\"application\/ld+json\">{\n    \"@context\": \"https:\\\/\\\/schema.org\",\n    \"@type\": \"FAQPage\",\n    \"mainEntity\": [\n        {\n            \"@type\": \"Question\",\n            \"name\": \"What is the RTP of the Mad Blast casino game?\",\n            \"acceptedAnswer\": {\n                \"@type\": \"Answer\",\n                \"text\": \"The provider plans to release the slot in 3 versions with different RTP. The highest return to player will be 96.34%. Some casinos will be able to add a game with an RTP of 94.30% and 85.43% to their portfolio.\"\n            }\n        },\n        {\n            \"@type\": \"Question\",\n            \"name\": \"Where will it be possible to play Mad Blast for free?\",\n            \"acceptedAnswer\": {\n                \"@type\": \"Answer\",\n                \"text\": \"Demo version of the slot will be available in the casino. In addition, it will be possible to play for free on sites dedicated to gambling themes and on the web resource of the provider Push Gaming.\"\n            }\n        },\n        {\n            \"@type\": \"Question\",\n            \"name\": \"Are there any strategies for the game?\",\n            \"acceptedAnswer\": {\n                \"@type\": \"Answer\",\n                \"text\": \"The player can only influence the size of the bet. Due to the high volatility of the slot, it is recommended to bet no more than 1% of the bankroll. So you can play long enough to wait for the most profitable features of the game. Before you start playing Mad Blast for real money, you can practice betting methods in the demo version.\"\n            }\n        }\n    ]\n}<\/script>\n\n<div class=\"fpm_end\"><\/div>\n<div class=\"author-card author-card--top\"><img alt='foto del avatar' src='https:\/\/richrocketgame.com\/wp-content\/uploads\/2023\/03\/Paulo-Dornelas-130x130.jpg' srcset='https:\/\/richrocketgame.com\/wp-content\/uploads\/2023\/03\/Paulo-Dornelas-260x260.jpg 2x' class='avatar avatar-130 photo author-image' height='130' width='130' \/><div class=\"author-content text-md-center\"><span class=\"author-title\">Autor<\/span><a href=\"https:\/\/richrocketgame.com\/es\/author\/paulo-dornelas\/\" class=\"author-name\">Paulo Dornelas<\/a><p class=\"author__details\">Paulo Dornelas es un experto en juegos de azar que ha dedicado su vida a entender el sector y ayudar a otros a ganar dinero con \u00e9l. Tambi\u00e9n es un \u00e1vido viajero y le encanta explorar nuevos lugares. Los conocimientos de Paulo sobre los juegos de azar y su pasi\u00f3n por los viajes lo convierten en el gu\u00eda perfecto para cualquiera que desee obtener grandes beneficios apostando en deportes o jugando a juegos de casino.<\/p><\/div><!-- \/.author-content --><\/div>","protected":false},"excerpt":{"rendered":"<p>Mad Blast puede convertirse en una de las tragamonedas m\u00e1s populares en 2025. Push Gaming ha programado el lanzamiento del juego para el 20 de febrero y los jugadores ya est\u00e1n ansiosos por verlo. Seg\u00fan el anuncio, el juego tiene siete s\u00edmbolos y funciones de bonificaci\u00f3n, y las ganancias m\u00e1ximas son de hasta x10,000. Play Casino Fecha de lanzamiento 20.02.2025 Reels 6 [\u2026]<\/p>","protected":false},"author":2,"featured_media":0,"parent":0,"menu_order":0,"comment_status":"closed","ping_status":"closed","template":"page-no-sidebar.php","meta":{"footnotes":""},"class_list":["post-1115","page","type-page","status-publish","hentry"],"yoast_head":"<!-- This site is optimized with the Yoast SEO plugin v26.7 - https:\/\/yoast.com\/wordpress\/plugins\/seo\/ -->\n<title>Mad Blast Slot (Push Gaming) Demo - RTP, Payouts, Volatility<\/title>\n<meta name=\"description\" content=\"Find out more about Mad Blast by Push Gaming. Learn more about the 7 bonus features of the slot. Features and parameters of Mad Blast casino game.\" \/>\n<meta name=\"robots\" content=\"index, follow, max-snippet:-1, max-image-preview:large, max-video-preview:-1\" \/>\n<link rel=\"canonical\" href=\"https:\/\/richrocketgame.com\/es\/mad-blast\/\" \/>\n<meta property=\"og:locale\" content=\"es_ES\" \/>\n<meta property=\"og:type\" content=\"article\" \/>\n<meta property=\"og:title\" content=\"Mad Blast Slot (Push Gaming) Demo - RTP, Payouts, Volatility\" \/>\n<meta property=\"og:description\" content=\"Find out more about Mad Blast by Push Gaming. Learn more about the 7 bonus features of the slot. Features and parameters of Mad Blast casino game.\" \/>\n<meta property=\"og:url\" content=\"https:\/\/richrocketgame.com\/es\/mad-blast\/\" \/>\n<meta property=\"og:site_name\" content=\"Rich Rocket Game\" \/>\n<meta property=\"article:modified_time\" content=\"2025-08-01T08:24:01+00:00\" \/>\n<meta property=\"og:image\" content=\"https:\/\/richrocketgame.com\/wp-content\/uploads\/2025\/02\/mad-blast-slot.jpg\" \/>\n<meta name=\"twitter:card\" content=\"summary_large_image\" \/>\n<meta name=\"twitter:label1\" content=\"Tiempo de lectura\" \/>\n\t<meta name=\"twitter:data1\" content=\"5 minutos\" \/>\n<!-- \/ Yoast SEO plugin. -->","yoast_head_json":{"title":"Demo de la tragamonedas Mad Blast (Push Gaming): RTP, pagos y volatilidad","description":"Obtenga m\u00e1s informaci\u00f3n sobre Mad Blast de Push Gaming. Obtenga m\u00e1s informaci\u00f3n sobre las 7 funciones de bonificaci\u00f3n de la tragamonedas. Caracter\u00edsticas y par\u00e1metros del juego de casino Mad Blast.","robots":{"index":"index","follow":"follow","max-snippet":"max-snippet:-1","max-image-preview":"max-image-preview:large","max-video-preview":"max-video-preview:-1"},"canonical":"https:\/\/richrocketgame.com\/es\/mad-blast\/","og_locale":"es_ES","og_type":"article","og_title":"Mad Blast Slot (Push Gaming) Demo - RTP, Payouts, Volatility","og_description":"Find out more about Mad Blast by Push Gaming. Learn more about the 7 bonus features of the slot. Features and parameters of Mad Blast casino game.","og_url":"https:\/\/richrocketgame.com\/es\/mad-blast\/","og_site_name":"Rich Rocket Game","article_modified_time":"2025-08-01T08:24:01+00:00","og_image":[{"url":"https:\/\/richrocketgame.com\/wp-content\/uploads\/2025\/02\/mad-blast-slot.jpg","type":"","width":"","height":""}],"twitter_card":"summary_large_image","twitter_misc":{"Tiempo de lectura":"5 minutos"},"schema":{"@context":"https:\/\/schema.org","@graph":[{"@type":"WebPage","@id":"https:\/\/richrocketgame.com\/mad-blast\/","url":"https:\/\/richrocketgame.com\/mad-blast\/","name":"Demo de la tragamonedas Mad Blast (Push Gaming): RTP, pagos y volatilidad","isPartOf":{"@id":"https:\/\/richrocketgame.com\/#website"},"primaryImageOfPage":{"@id":"https:\/\/richrocketgame.com\/mad-blast\/#primaryimage"},"image":{"@id":"https:\/\/richrocketgame.com\/mad-blast\/#primaryimage"},"thumbnailUrl":"https:\/\/richrocketgame.com\/wp-content\/uploads\/2025\/02\/mad-blast-slot.jpg","datePublished":"2025-02-12T10:49:43+00:00","dateModified":"2025-08-01T08:24:01+00:00","description":"Obtenga m\u00e1s informaci\u00f3n sobre Mad Blast de Push Gaming. Obtenga m\u00e1s informaci\u00f3n sobre las 7 funciones de bonificaci\u00f3n de la tragamonedas. Caracter\u00edsticas y par\u00e1metros del juego de casino Mad Blast.","breadcrumb":{"@id":"https:\/\/richrocketgame.com\/mad-blast\/#breadcrumb"},"inLanguage":"es","potentialAction":[{"@type":"ReadAction","target":["https:\/\/richrocketgame.com\/mad-blast\/"]}]},{"@type":"ImageObject","inLanguage":"es","@id":"https:\/\/richrocketgame.com\/mad-blast\/#primaryimage","url":"https:\/\/richrocketgame.com\/wp-content\/uploads\/2025\/02\/mad-blast-slot.jpg","contentUrl":"https:\/\/richrocketgame.com\/wp-content\/uploads\/2025\/02\/mad-blast-slot.jpg"},{"@type":"BreadcrumbList","@id":"https:\/\/richrocketgame.com\/mad-blast\/#breadcrumb","itemListElement":[{"@type":"ListItem","position":1,"name":"\u0413\u043b\u0430\u0432\u043d\u0430\u044f \u0441\u0442\u0440\u0430\u043d\u0438\u0446\u0430","item":"https:\/\/richrocketgame.com\/"},{"@type":"ListItem","position":2,"name":"Mad Blast Slot Demo"}]},{"@type":"WebSite","@id":"https:\/\/richrocketgame.com\/#website","url":"https:\/\/richrocketgame.com\/","name":"Juego Rich Rocket","description":"","publisher":{"@id":"https:\/\/richrocketgame.com\/#organization"},"potentialAction":[{"@type":"SearchAction","target":{"@type":"EntryPoint","urlTemplate":"https:\/\/richrocketgame.com\/?s={search_term_string}"},"query-input":{"@type":"PropertyValueSpecification","valueRequired":true,"valueName":"search_term_string"}}],"inLanguage":"es"},{"@type":"Organization","@id":"https:\/\/richrocketgame.com\/#organization","name":"Juego Rich Rocket","url":"https:\/\/richrocketgame.com\/","logo":{"@type":"ImageObject","inLanguage":"es","@id":"https:\/\/richrocketgame.com\/#\/schema\/logo\/image\/","url":"https:\/\/richrocketgame.com\/wp-content\/uploads\/2022\/09\/Rich-Rocket-earning-app.png","contentUrl":"https:\/\/richrocketgame.com\/wp-content\/uploads\/2022\/09\/Rich-Rocket-earning-app.png","width":512,"height":512,"caption":"Rich Rocket Game"},"image":{"@id":"https:\/\/richrocketgame.com\/#\/schema\/logo\/image\/"}}]}},"_links":{"self":[{"href":"https:\/\/richrocketgame.com\/es\/wp-json\/wp\/v2\/pages\/1115","targetHints":{"allow":["GET"]}}],"collection":[{"href":"https:\/\/richrocketgame.com\/es\/wp-json\/wp\/v2\/pages"}],"about":[{"href":"https:\/\/richrocketgame.com\/es\/wp-json\/wp\/v2\/types\/page"}],"author":[{"embeddable":true,"href":"https:\/\/richrocketgame.com\/es\/wp-json\/wp\/v2\/users\/2"}],"replies":[{"embeddable":true,"href":"https:\/\/richrocketgame.com\/es\/wp-json\/wp\/v2\/comments?post=1115"}],"version-history":[{"count":0,"href":"https:\/\/richrocketgame.com\/es\/wp-json\/wp\/v2\/pages\/1115\/revisions"}],"wp:attachment":[{"href":"https:\/\/richrocketgame.com\/es\/wp-json\/wp\/v2\/media?parent=1115"}],"curies":[{"name":"gracias","href":"https:\/\/api.w.org\/{rel}","templated":true}]}}