{"id":107,"date":"2022-12-27T16:47:24","date_gmt":"2022-12-27T13:47:24","guid":{"rendered":"https:\/\/richrocketgame.com\/?page_id=107"},"modified":"2024-03-13T23:18:24","modified_gmt":"2024-03-13T20:18:24","slug":"rich-rocket-bot-telegram","status":"publish","type":"page","link":"https:\/\/richrocketgame.com\/es\/rich-rocket-bot-telegram\/","title":{"rendered":"Rich Rocket Bot Telegrama"},"content":{"rendered":"<div class=\"fpm_start\"><\/div>\n<div style=\"text-align: center;\"><a class=\"glow-button\" href=\"\/es\/go\/registration\/\">Jugar al juego Rich Rocket<\/a><\/div>\n<p>A pesar de los mejores esfuerzos de los desarrolladores de seguridad, los piratas a\u00fan encuentran formas de eludir estas medidas de seguridad, como lo demostr\u00f3 el bot Rich Rocket. Este poderoso software brinda a los usuarios un amplio conjunto de herramientas para que puedan predecir con precisi\u00f3n los resultados y beneficiarse de los juegos. Sin embargo, los actores malintencionados han abusado de este conocimiento para sus propios fines il\u00edcitos, lo que ha provocado la interrupci\u00f3n de m\u00faltiples programas y complementos.<\/p>\n<div id=\"attachment_110\" style=\"width: 845px\" class=\"wp-caption aligncenter\"><a href=\"https:\/\/richrocketgame.com\/es\/go\/registration\/\"><img decoding=\"async\" aria-describedby=\"caption-attachment-110\" class=\"wp-image-110 size-full\" title=\"Rich Rocket India\" src=\"https:\/\/richrocketgame.com\/wp-content\/uploads\/2022\/12\/Rich-Rocket-India.jpg\" alt=\"Rich Rocket India\" width=\"845\" height=\"546\" srcset=\"https:\/\/richrocketgame.com\/wp-content\/uploads\/2022\/12\/Rich-Rocket-India.jpg 845w, https:\/\/richrocketgame.com\/wp-content\/uploads\/2022\/12\/Rich-Rocket-India-300x194.jpg 300w, https:\/\/richrocketgame.com\/wp-content\/uploads\/2022\/12\/Rich-Rocket-India-768x496.jpg 768w, https:\/\/richrocketgame.com\/wp-content\/uploads\/2022\/12\/Rich-Rocket-India-18x12.jpg 18w, https:\/\/richrocketgame.com\/wp-content\/uploads\/2022\/12\/Rich-Rocket-India-62x40.jpg 62w, https:\/\/richrocketgame.com\/wp-content\/uploads\/2022\/12\/Rich-Rocket-India-50x32.jpg 50w, https:\/\/richrocketgame.com\/wp-content\/uploads\/2022\/12\/Rich-Rocket-India-124x80.jpg 124w, https:\/\/richrocketgame.com\/wp-content\/uploads\/2022\/12\/Rich-Rocket-India-209x135.jpg 209w\" sizes=\"(max-width: 845px) 100vw, 845px\" \/><\/a><p id=\"caption-attachment-110\" class=\"wp-caption-text\">Rich Rocket India<\/p><\/div>\n<p>Ya no tiene que esperar pacientemente por una oportunidad: las notificaciones se enviar\u00e1n de inmediato para que pueda aprovecharlas y lograr el mayor \u00e9xito.<\/p>\n<div id=\"ez-toc-container\" class=\"ez-toc-v2_0_62 counter-hierarchy ez-toc-counter ez-toc-grey ez-toc-container-direction\">\n<div class=\"ez-toc-title-container\">\n<p class=\"ez-toc-title\" >tabla de contenidos<\/p>\n<span class=\"ez-toc-title-toggle\"><a href=\"#\" class=\"ez-toc-pull-right ez-toc-btn ez-toc-btn-xs ez-toc-btn-default ez-toc-toggle\" aria-label=\"Alternar tabla de contenido\"><span class=\"ez-toc-js-icon-con\"><span class=\"\"><span class=\"eztoc-hide\" style=\"display:none;\">Palanca<\/span><span class=\"ez-toc-icon-toggle-span\"><svg style=\"fill: #999;color:#999\" xmlns=\"http:\/\/www.w3.org\/2000\/svg\" class=\"list-377408\" width=\"20px\" height=\"20px\" viewbox=\"0 0 24 24\" fill=\"none\"><path d=\"M6 6H4v2h2V6zm14 0H8v2h12V6zM4 11h2v2H4v-2zm16 0H8v2h12v-2zM4 16h2v2H4v-2zm16 0H8v2h12v-2z\" fill=\"currentColor\"><\/path><\/svg><svg style=\"fill: #999;color:#999\" class=\"arrow-unsorted-368013\" xmlns=\"http:\/\/www.w3.org\/2000\/svg\" width=\"10px\" height=\"10px\" viewbox=\"0 0 24 24\" version=\"1.2\" baseprofile=\"tiny\"><path d=\"M18.2 9.3l-6.2-6.3-6.2 6.3c-.2.2-.3.4-.3.7s.1.5.3.7c.2.2.4.3.7.3h11c.3 0 .5-.1.7-.3.2-.2.3-.5.3-.7s-.1-.5-.3-.7zM5.8 14.7l6.2 6.3 6.2-6.3c.2-.2.3-.5.3-.7s-.1-.5-.3-.7c-.2-.2-.4-.3-.7-.3h-11c-.3 0-.5.1-.7.3-.2.2-.3.5-.3.7s.1.5.3.7z\"\/><\/svg><\/span><\/span><\/span><\/a><\/span><\/div>\n<nav><ul class='ez-toc-list ez-toc-list-level-1 eztoc-toggle-hide-by-default' ><li class='ez-toc-page-1 ez-toc-heading-level-2'><a class=\"ez-toc-link ez-toc-heading-1\" href=\"https:\/\/richrocketgame.com\/es\/rich-rocket-bot-telegram\/#Signals_Rich_Rocket_Bot\" title=\"Se\u00f1ales Rich Rocket Bot\">Se\u00f1ales Rich Rocket Bot<\/a><\/li><li class='ez-toc-page-1 ez-toc-heading-level-2'><a class=\"ez-toc-link ez-toc-heading-2\" href=\"https:\/\/richrocketgame.com\/es\/rich-rocket-bot-telegram\/#How_to_Download_Rich_Rocket_Bot\" title=\"\u00bfC\u00f3mo descargar Rich Rocket Bot?\">\u00bfC\u00f3mo descargar Rich Rocket Bot?<\/a><\/li><li class='ez-toc-page-1 ez-toc-heading-level-2'><a class=\"ez-toc-link ez-toc-heading-3\" href=\"https:\/\/richrocketgame.com\/es\/rich-rocket-bot-telegram\/#Rich_Rocket_Telegram_Bot\" title=\"Bot de telegrama Rich Rocket\">Bot de telegrama Rich Rocket<\/a><\/li><li class='ez-toc-page-1 ez-toc-heading-level-2'><a class=\"ez-toc-link ez-toc-heading-4\" href=\"https:\/\/richrocketgame.com\/es\/rich-rocket-bot-telegram\/#Conclusion\" title=\"Conclusi\u00f3n\">Conclusi\u00f3n<\/a><\/li><\/ul><\/nav><\/div>\n<h2><span class=\"ez-toc-section\" id=\"Signals_Rich_Rocket_Bot\"><\/span>Se\u00f1ales Rich Rocket Bot<span class=\"ez-toc-section-end\"><\/span><\/h2>\n<p>Para garantizar que los usuarios tengan la mejor experiencia posible, <a href=\"https:\/\/richrocketgame.com\/es\/\">Rich Rocket<\/a> Los desarrolladores de se\u00f1ales han revisado exhaustivamente cada detalle. Esto ha dado como resultado un conjunto superior de caracter\u00edsticas que cautiva a sus usuarios, tales como:<\/p>\n<ul>\n<li>Jugadores de India, Sud\u00e1frica, Europa y m\u00e1s all\u00e1 han avalado la autenticidad del material publicado.<\/li>\n<li>Tanto los clientes como los expertos han elogiado las predicciones de Rich Rocket India, por lo que puede confiar en su calidad. No solo eso, contin\u00faan demostrando su dedicaci\u00f3n para brindar el mejor servicio posible a trav\u00e9s de revisiones peri\u00f3dicas.<\/li>\n<li>Al unir la fuerza de m\u00faltiples algoritmos que analizan las tendencias actuales, podemos fortalecer con confianza los pron\u00f3sticos y llegar a un acuerdo compartido.<\/li>\n<li>Al transmitir r\u00e1pidamente informaci\u00f3n cr\u00edtica que contribuir\u00e1 al \u00e9xito, erradica cualquier posibilidad de vacilaciones, verificaciones innecesarias u otros procesos obstructivos.<\/li>\n<li>Mant\u00e9ngase actualizado con las \u00faltimas noticias, avisos \u00fatiles, hechos intrigantes y m\u00e1s, todo presentado directamente a usted de manera constante.<\/li>\n<\/ul>\n<p>Adem\u00e1s, conectarse a la en\u00e9rgica comunidad Rich Rocket Telegram de jugadores experimentados es simple. Es un gran lugar para hablar sobre los m\u00e9todos y las herramientas que utiliza, discutir las caracter\u00edsticas del software en profundidad, unirse a debates estimulantes o simplemente relajarse mientras se desplaza por publicaciones atractivas.<\/p>\n<p>\u00bfNecesita una ventaja ganadora? No busque m\u00e1s all\u00e1 de nuestra innovadora aplicaci\u00f3n. Con una asombrosa tasa de precisi\u00f3n 97%, esta potente herramienta puede predecir correctamente los movimientos de las tragamonedas, \u00a1aumentando dr\u00e1sticamente sus posibilidades de \u00e9xito! Compatible con cualquier dispositivo, \u00a1no hay tiempo que perder para descargarlo y ganar ventaja hoy mismo!<\/p>\n<div id=\"attachment_112\" style=\"width: 994px\" class=\"wp-caption aligncenter\"><a href=\"https:\/\/richrocketgame.com\/es\/go\/registration\/\"><img decoding=\"async\" aria-describedby=\"caption-attachment-112\" class=\"wp-image-112 size-large\" title=\"Robot Rich Rocket\" src=\"https:\/\/richrocketgame.com\/wp-content\/uploads\/2022\/12\/Rich-Rocket-Bot-1024x443.jpg\" alt=\"Robot Rich Rocket\" width=\"994\" height=\"430\" srcset=\"https:\/\/richrocketgame.com\/wp-content\/uploads\/2022\/12\/Rich-Rocket-Bot-1024x443.jpg 1024w, https:\/\/richrocketgame.com\/wp-content\/uploads\/2022\/12\/Rich-Rocket-Bot-300x130.jpg 300w, https:\/\/richrocketgame.com\/wp-content\/uploads\/2022\/12\/Rich-Rocket-Bot-768x332.jpg 768w, https:\/\/richrocketgame.com\/wp-content\/uploads\/2022\/12\/Rich-Rocket-Bot-18x8.jpg 18w, https:\/\/richrocketgame.com\/wp-content\/uploads\/2022\/12\/Rich-Rocket-Bot-93x40.jpg 93w, https:\/\/richrocketgame.com\/wp-content\/uploads\/2022\/12\/Rich-Rocket-Bot-74x32.jpg 74w, https:\/\/richrocketgame.com\/wp-content\/uploads\/2022\/12\/Rich-Rocket-Bot-185x80.jpg 185w, https:\/\/richrocketgame.com\/wp-content\/uploads\/2022\/12\/Rich-Rocket-Bot-312x135.jpg 312w, https:\/\/richrocketgame.com\/wp-content\/uploads\/2022\/12\/Rich-Rocket-Bot.jpg 1099w\" sizes=\"(max-width: 994px) 100vw, 994px\" \/><\/a><p id=\"caption-attachment-112\" class=\"wp-caption-text\">Robot Rich Rocket<\/p><\/div>\n<div style=\"text-align: center;\"><a class=\"glow-button\" href=\"\/es\/go\/registration\/\">Rich Rocket India<\/a><\/div>\n<h2><span class=\"ez-toc-section\" id=\"How_to_Download_Rich_Rocket_Bot\"><\/span>\u00bfC\u00f3mo descargar Rich Rocket Bot?<span class=\"ez-toc-section-end\"><\/span><\/h2>\n<p>La aplicaci\u00f3n es compatible con todos los sistemas m\u00e1s populares, incluidos tel\u00e9fonos, tabletas y computadoras, \u00a1sin importar qu\u00e9 dispositivo est\u00e9 usando! Adem\u00e1s, ocupa un espacio m\u00ednimo en sus dispositivos y la descarga es gratuita. Sus caracter\u00edsticas sencillas garantizan que, incluso si no est\u00e1 bien versado en tecnolog\u00eda o conocimientos especializados, esta aplicaci\u00f3n funciona sin problemas y sin estr\u00e9s.<\/p>\n<p>Para iniciar el proceso de instalaci\u00f3n, el usuario debe:<\/p>\n<ol>\n<li>\u00bfEst\u00e1s buscando el programa bot Rich Rocket? Entonces no busque m\u00e1s: puede encontrarlo f\u00e1cilmente con una b\u00fasqueda r\u00e1pida en l\u00ednea o a trav\u00e9s de la barra de navegaci\u00f3n del sitio web oficial. Con varias opciones disponibles, aseg\u00farese de seleccionar una que sea confiable y cre\u00edble antes de descargar el sistema operativo.<\/li>\n<li>No conf\u00ede \u00fanicamente en nuestras previsiones y su fiabilidad: \u00a1pruebe la aplicaci\u00f3n para comprobarlo usted mismo! Ya ha pronosticado resultados exitosos con una enorme tasa de precisi\u00f3n 90%, por lo que puede estar seguro de que sus predicciones ser\u00e1n precisas. Pru\u00e9belo en situaciones actuales para evaluar si los resultados observados coinciden con lo que se pronostic\u00f3 inicialmente.<\/li>\n<li>\u00a1Reg\u00edstrese para obtener una cuenta con nosotros y reciba notificaciones personalizadas sobre descuentos exclusivos hechos a su medida! Obtenga las mejores ofertas sin tener que buscar: todo est\u00e1 al alcance de su mano.<\/li>\n<\/ol>\n<p>Al implementar los consejos proporcionados y realizar un seguimiento rutinario de su progreso, un jugador seguramente observar\u00e1 una tasa de \u00e9xito cada vez mayor. \u00a1En muy poco tiempo, se encontrar\u00e1n ganando con m\u00e1s frecuencia que nunca!<\/p>\n<div id=\"attachment_111\" style=\"width: 816px\" class=\"wp-caption aligncenter\"><a href=\"https:\/\/richrocketgame.com\/es\/go\/registration\/\"><img decoding=\"async\" aria-describedby=\"caption-attachment-111\" class=\"wp-image-111 size-full\" title=\"Revisi\u00f3n del telegrama Rich Rocket\" src=\"https:\/\/richrocketgame.com\/wp-content\/uploads\/2022\/12\/Rich-Rocket-Telegram-Review.jpg\" alt=\"Revisi\u00f3n del telegrama Rich Rocket\" width=\"816\" height=\"331\" srcset=\"https:\/\/richrocketgame.com\/wp-content\/uploads\/2022\/12\/Rich-Rocket-Telegram-Review.jpg 816w, https:\/\/richrocketgame.com\/wp-content\/uploads\/2022\/12\/Rich-Rocket-Telegram-Review-300x122.jpg 300w, https:\/\/richrocketgame.com\/wp-content\/uploads\/2022\/12\/Rich-Rocket-Telegram-Review-768x312.jpg 768w, https:\/\/richrocketgame.com\/wp-content\/uploads\/2022\/12\/Rich-Rocket-Telegram-Review-18x7.jpg 18w, https:\/\/richrocketgame.com\/wp-content\/uploads\/2022\/12\/Rich-Rocket-Telegram-Review-99x40.jpg 99w, https:\/\/richrocketgame.com\/wp-content\/uploads\/2022\/12\/Rich-Rocket-Telegram-Review-79x32.jpg 79w, https:\/\/richrocketgame.com\/wp-content\/uploads\/2022\/12\/Rich-Rocket-Telegram-Review-197x80.jpg 197w, https:\/\/richrocketgame.com\/wp-content\/uploads\/2022\/12\/Rich-Rocket-Telegram-Review-333x135.jpg 333w\" sizes=\"(max-width: 816px) 100vw, 816px\" \/><\/a><p id=\"caption-attachment-111\" class=\"wp-caption-text\">Revisi\u00f3n del telegrama Rich Rocket<\/p><\/div>\n<div style=\"text-align: center;\"><a class=\"glow-button\" href=\"\/es\/go\/registration\/\">Robot Rich Rocket<\/a><\/div>\n<h2><span class=\"ez-toc-section\" id=\"Rich_Rocket_Telegram_Bot\"><\/span>Bot de telegrama Rich Rocket<span class=\"ez-toc-section-end\"><\/span><\/h2>\n<p>Si eres un jugador ambicioso, Rich Rocket Bot es el compa\u00f1ero ideal para ti. Obtenga la informaci\u00f3n m\u00e1s actualizada sobre las tendencias y condiciones actuales del mercado, \u00a1todo en un solo lugar! No te pierdas ninguna de las \u00faltimas noticias; con Rich Rocket Telegram Review, \u00a1el \u00e9xito est\u00e1 a solo un clic de distancia!<\/p><script data-noptimize=\"\" data-wpfc-render=\"false\">\n\/* <![CDATA[ *\/\nfpm_start( \"true\" );\n\/* ]]> *\/\n<\/script>\n\n<p>Los usuarios no tienen nada que temer cuando se trata de confiar en este programa: es seguro, preciso y realmente beneficioso para el \u00e9xito en los juegos de tragamonedas. \u00a1Desc\u00e1rguelo ahora para tener la oportunidad de lograr el m\u00e1ximo \u00e9xito!<\/p>\n<p>\u00a1No pierda la oportunidad de convertirse en un ganador con Rich Rocket India! Descargue la aplicaci\u00f3n ahora y comience su viaje: es hora de avanzar.<\/p>\n<h2><span class=\"ez-toc-section\" id=\"Conclusion\"><\/span>Conclusi\u00f3n<span class=\"ez-toc-section-end\"><\/span><\/h2>\n<p>\u00a1Obtenga la ventaja competitiva con Rich Rocket! Tasa de precisi\u00f3n 97% y acceso a jugadores experimentados en el grupo de Telegram para brindarle el mejor consejo. Desc\u00e1rguelo gratis y lleve su juego al siguiente nivel: compatible con cualquier dispositivo, para que pueda llevar su juego A donde quiera que vaya.<\/p>\n<div style=\"height: 0px; overflow: hidden; padding-top: 56.25%; position: relative; width: 100%;\"><iframe style=\"position: absolute; top: 0px; left: 0px; width: 100%; height: 100%;\" title=\"reproductor de videos de youtube\" src=\"https:\/\/tube.rvere.com\/embed?v=9FOIAl95Cyw\" frameborder=\"0\" allowfullscreen=\"allowfullscreen\"><br \/>\n<\/iframe><\/div>\n<div class=\"fpm_end\"><\/div>\n<div class=\"author-card author-card--top\"><img alt='foto del avatar' src='https:\/\/richrocketgame.com\/wp-content\/uploads\/2023\/03\/Paulo-Dornelas-130x130.jpg' srcset='https:\/\/richrocketgame.com\/wp-content\/uploads\/2023\/03\/Paulo-Dornelas-260x260.jpg 2x' class='avatar avatar-130 photo author-image' height='130' width='130' \/><div class=\"author-content text-md-center\"><span class=\"author-title\">Autor<\/span><a href=\"https:\/\/richrocketgame.com\/es\/author\/paulo-dornelas\/\" class=\"author-name\">Paulo Dornelas<\/a><p class=\"author__details\">Paulo Dornelas es un experto en juegos de azar que ha dedicado su vida a entender el sector y ayudar a otros a ganar dinero con \u00e9l. Tambi\u00e9n es un \u00e1vido viajero y le encanta explorar nuevos lugares. Los conocimientos de Paulo sobre los juegos de azar y su pasi\u00f3n por los viajes lo convierten en el gu\u00eda perfecto para cualquiera que desee obtener grandes beneficios apostando en deportes o jugando a juegos de casino.<\/p><\/div><!-- \/.author-content --><\/div>","protected":false},"excerpt":{"rendered":"<p>Jugar al juego Rich Rocket A pesar de los mejores esfuerzos de los desarrolladores de seguridad, los piratas inform\u00e1ticos a\u00fan encuentran formas de eludir estas medidas de seguridad, como lo demostr\u00f3 el bot Rich Rocket. Este poderoso software brinda a los usuarios un amplio conjunto de herramientas para que puedan predecir con precisi\u00f3n los resultados y beneficiarse de los juegos. Sin embargo, los actores maliciosos han abusado de este conocimiento para su propio [\u2026]<\/p>","protected":false},"author":2,"featured_media":0,"parent":0,"menu_order":0,"comment_status":"closed","ping_status":"closed","template":"page-no-sidebar.php","meta":{"footnotes":""},"class_list":["post-107","page","type-page","status-publish","hentry"],"yoast_head":"<!-- This site is optimized with the Yoast SEO plugin v26.7 - https:\/\/yoast.com\/wordpress\/plugins\/seo\/ -->\n<title>Rich Rocket Bot Telegram - Rich Rocket India<\/title>\n<meta name=\"description\" content=\"How to Find Rich Rocket Telegram channel and try the application Rich Rocket Bot? Download Bot for Rich Rocket Game India and Start Predict!\" \/>\n<meta name=\"robots\" content=\"index, follow, max-snippet:-1, max-image-preview:large, max-video-preview:-1\" \/>\n<link rel=\"canonical\" href=\"https:\/\/richrocketgame.com\/es\/rich-rocket-bot-telegram\/\" \/>\n<meta property=\"og:locale\" content=\"es_ES\" \/>\n<meta property=\"og:type\" content=\"article\" \/>\n<meta property=\"og:title\" content=\"Rich Rocket Bot Telegram - Rich Rocket India\" \/>\n<meta property=\"og:description\" content=\"How to Find Rich Rocket Telegram channel and try the application Rich Rocket Bot? Download Bot for Rich Rocket Game India and Start Predict!\" \/>\n<meta property=\"og:url\" content=\"https:\/\/richrocketgame.com\/es\/rich-rocket-bot-telegram\/\" \/>\n<meta property=\"og:site_name\" content=\"Rich Rocket Game\" \/>\n<meta property=\"article:modified_time\" content=\"2024-03-13T20:18:24+00:00\" \/>\n<meta property=\"og:image\" content=\"https:\/\/richrocketgame.com\/wp-content\/uploads\/2022\/12\/Rich-Rocket-India.jpg\" \/>\n<meta name=\"twitter:card\" content=\"summary_large_image\" \/>\n<meta name=\"twitter:label1\" content=\"Tiempo de lectura\" \/>\n\t<meta name=\"twitter:data1\" content=\"5 minutos\" \/>\n<!-- \/ Yoast SEO plugin. -->","yoast_head_json":{"title":"Rich Rocket Bot Telegrama - Rich Rocket India","description":"\u00bfC\u00f3mo encontrar el canal Rich Rocket Telegram y probar la aplicaci\u00f3n Rich Rocket Bot? \u00a1Descargue Bot para Rich Rocket Game India y comience a predecir!","robots":{"index":"index","follow":"follow","max-snippet":"max-snippet:-1","max-image-preview":"max-image-preview:large","max-video-preview":"max-video-preview:-1"},"canonical":"https:\/\/richrocketgame.com\/es\/rich-rocket-bot-telegram\/","og_locale":"es_ES","og_type":"article","og_title":"Rich Rocket Bot Telegram - Rich Rocket India","og_description":"How to Find Rich Rocket Telegram channel and try the application Rich Rocket Bot? Download Bot for Rich Rocket Game India and Start Predict!","og_url":"https:\/\/richrocketgame.com\/es\/rich-rocket-bot-telegram\/","og_site_name":"Rich Rocket Game","article_modified_time":"2024-03-13T20:18:24+00:00","og_image":[{"url":"https:\/\/richrocketgame.com\/wp-content\/uploads\/2022\/12\/Rich-Rocket-India.jpg","type":"","width":"","height":""}],"twitter_card":"summary_large_image","twitter_misc":{"Tiempo de lectura":"5 minutos"},"schema":{"@context":"https:\/\/schema.org","@graph":[{"@type":"WebPage","@id":"https:\/\/richrocketgame.com\/rich-rocket-bot-telegram\/","url":"https:\/\/richrocketgame.com\/rich-rocket-bot-telegram\/","name":"Rich Rocket Bot Telegrama - Rich Rocket India","isPartOf":{"@id":"https:\/\/richrocketgame.com\/#website"},"primaryImageOfPage":{"@id":"https:\/\/richrocketgame.com\/rich-rocket-bot-telegram\/#primaryimage"},"image":{"@id":"https:\/\/richrocketgame.com\/rich-rocket-bot-telegram\/#primaryimage"},"thumbnailUrl":"https:\/\/richrocketgame.com\/wp-content\/uploads\/2022\/12\/Rich-Rocket-India.jpg","datePublished":"2022-12-27T13:47:24+00:00","dateModified":"2024-03-13T20:18:24+00:00","description":"\u00bfC\u00f3mo encontrar el canal Rich Rocket Telegram y probar la aplicaci\u00f3n Rich Rocket Bot? \u00a1Descargue Bot para Rich Rocket Game India y comience a predecir!","breadcrumb":{"@id":"https:\/\/richrocketgame.com\/rich-rocket-bot-telegram\/#breadcrumb"},"inLanguage":"es","potentialAction":[{"@type":"ReadAction","target":["https:\/\/richrocketgame.com\/rich-rocket-bot-telegram\/"]}]},{"@type":"ImageObject","inLanguage":"es","@id":"https:\/\/richrocketgame.com\/rich-rocket-bot-telegram\/#primaryimage","url":"https:\/\/richrocketgame.com\/wp-content\/uploads\/2022\/12\/Rich-Rocket-India.jpg","contentUrl":"https:\/\/richrocketgame.com\/wp-content\/uploads\/2022\/12\/Rich-Rocket-India.jpg"},{"@type":"BreadcrumbList","@id":"https:\/\/richrocketgame.com\/rich-rocket-bot-telegram\/#breadcrumb","itemListElement":[{"@type":"ListItem","position":1,"name":"\u0413\u043b\u0430\u0432\u043d\u0430\u044f \u0441\u0442\u0440\u0430\u043d\u0438\u0446\u0430","item":"https:\/\/richrocketgame.com\/"},{"@type":"ListItem","position":2,"name":"Rich Rocket Bot Telegram"}]},{"@type":"WebSite","@id":"https:\/\/richrocketgame.com\/#website","url":"https:\/\/richrocketgame.com\/","name":"Juego Rich Rocket","description":"","publisher":{"@id":"https:\/\/richrocketgame.com\/#organization"},"potentialAction":[{"@type":"SearchAction","target":{"@type":"EntryPoint","urlTemplate":"https:\/\/richrocketgame.com\/?s={search_term_string}"},"query-input":{"@type":"PropertyValueSpecification","valueRequired":true,"valueName":"search_term_string"}}],"inLanguage":"es"},{"@type":"Organization","@id":"https:\/\/richrocketgame.com\/#organization","name":"Juego Rich Rocket","url":"https:\/\/richrocketgame.com\/","logo":{"@type":"ImageObject","inLanguage":"es","@id":"https:\/\/richrocketgame.com\/#\/schema\/logo\/image\/","url":"https:\/\/richrocketgame.com\/wp-content\/uploads\/2022\/09\/Rich-Rocket-earning-app.png","contentUrl":"https:\/\/richrocketgame.com\/wp-content\/uploads\/2022\/09\/Rich-Rocket-earning-app.png","width":512,"height":512,"caption":"Rich Rocket Game"},"image":{"@id":"https:\/\/richrocketgame.com\/#\/schema\/logo\/image\/"}}]}},"_links":{"self":[{"href":"https:\/\/richrocketgame.com\/es\/wp-json\/wp\/v2\/pages\/107","targetHints":{"allow":["GET"]}}],"collection":[{"href":"https:\/\/richrocketgame.com\/es\/wp-json\/wp\/v2\/pages"}],"about":[{"href":"https:\/\/richrocketgame.com\/es\/wp-json\/wp\/v2\/types\/page"}],"author":[{"embeddable":true,"href":"https:\/\/richrocketgame.com\/es\/wp-json\/wp\/v2\/users\/2"}],"replies":[{"embeddable":true,"href":"https:\/\/richrocketgame.com\/es\/wp-json\/wp\/v2\/comments?post=107"}],"version-history":[{"count":0,"href":"https:\/\/richrocketgame.com\/es\/wp-json\/wp\/v2\/pages\/107\/revisions"}],"wp:attachment":[{"href":"https:\/\/richrocketgame.com\/es\/wp-json\/wp\/v2\/media?parent=107"}],"curies":[{"name":"gracias","href":"https:\/\/api.w.org\/{rel}","templated":true}]}}