{"id":1039,"date":"2025-02-11T18:44:02","date_gmt":"2025-02-11T15:44:02","guid":{"rendered":"https:\/\/richrocketgame.com\/?page_id=1039"},"modified":"2025-08-01T11:18:06","modified_gmt":"2025-08-01T08:18:06","slug":"jungle-queen-slot","status":"publish","type":"page","link":"https:\/\/richrocketgame.com\/es\/jungle-queen-slot\/","title":{"rendered":"Demostraci\u00f3n de la tragamonedas Jungle Queen"},"content":{"rendered":"<div class=\"fpm_start\"><\/div>\n<p>La tragaperras Jungle Queen, cuyo lanzamiento est\u00e1 previsto para el 20 de febrero de 2025, llevar\u00e1 a los jugadores a los dominios de la reina de la selva tropical. Le espera una hospitalaria bienvenida en un campo de juego de 5\u00d73 con 20 l\u00edneas de pago. Los afortunados jugadores que complazcan a la reina podr\u00e1n ganar x10.000. Jungle Queen de BGaming tiene cuatro funciones de bonificaci\u00f3n que hacen que cada tirada sea impredecible.<\/p>\n<div style=\"text-align: center;\"><a class=\"glow-button\" href=\"\/es\/go\/registration\/\" rel=\"noreferrer noopener nofollow\">Jugar a la tragaperras<\/a><\/div>\n<table>\n<tbody>\n<tr>\n<td>Fecha de publicaci\u00f3n<\/td>\n<td>20 de febrero de 2025<\/td>\n<\/tr>\n<tr>\n<td>Carretes<\/td>\n<td>5<\/td>\n<\/tr>\n<tr>\n<td>Filas<\/td>\n<td>3<\/td>\n<\/tr>\n<tr>\n<td>RTP<\/td>\n<td>96,15%<\/td>\n<\/tr>\n<tr>\n<td>Volatilidad<\/td>\n<td>Alta<\/td>\n<\/tr>\n<tr>\n<td>L\u00edneas ganadoras<\/td>\n<td>20<\/td>\n<\/tr>\n<tr>\n<td>Ganancias m\u00e1ximas<\/td>\n<td>10.000 x<\/td>\n<\/tr>\n<\/tbody>\n<\/table>\n<p>&nbsp;<\/p>\n<div id=\"ez-toc-container\" class=\"ez-toc-v2_0_62 counter-hierarchy ez-toc-counter ez-toc-grey ez-toc-container-direction\">\n<div class=\"ez-toc-title-container\">\n<p class=\"ez-toc-title\" >tabla de contenidos<\/p>\n<span class=\"ez-toc-title-toggle\"><a href=\"#\" class=\"ez-toc-pull-right ez-toc-btn ez-toc-btn-xs ez-toc-btn-default ez-toc-toggle\" aria-label=\"Alternar tabla de contenido\"><span class=\"ez-toc-js-icon-con\"><span class=\"\"><span class=\"eztoc-hide\" style=\"display:none;\">Palanca<\/span><span class=\"ez-toc-icon-toggle-span\"><svg style=\"fill: #999;color:#999\" xmlns=\"http:\/\/www.w3.org\/2000\/svg\" class=\"list-377408\" width=\"20px\" height=\"20px\" viewbox=\"0 0 24 24\" fill=\"none\"><path d=\"M6 6H4v2h2V6zm14 0H8v2h12V6zM4 11h2v2H4v-2zm16 0H8v2h12v-2zM4 16h2v2H4v-2zm16 0H8v2h12v-2z\" fill=\"currentColor\"><\/path><\/svg><svg style=\"fill: #999;color:#999\" class=\"arrow-unsorted-368013\" xmlns=\"http:\/\/www.w3.org\/2000\/svg\" width=\"10px\" height=\"10px\" viewbox=\"0 0 24 24\" version=\"1.2\" baseprofile=\"tiny\"><path d=\"M18.2 9.3l-6.2-6.3-6.2 6.3c-.2.2-.3.4-.3.7s.1.5.3.7c.2.2.4.3.7.3h11c.3 0 .5-.1.7-.3.2-.2.3-.5.3-.7s-.1-.5-.3-.7zM5.8 14.7l6.2 6.3 6.2-6.3c.2-.2.3-.5.3-.7s-.1-.5-.3-.7c-.2-.2-.4-.3-.7-.3h-11c-.3 0-.5.1-.7.3-.2.2-.3.5-.3.7s.1.5.3.7z\"\/><\/svg><\/span><\/span><\/span><\/a><\/span><\/div>\n<nav><ul class='ez-toc-list ez-toc-list-level-1 eztoc-toggle-hide-by-default' ><li class='ez-toc-page-1 ez-toc-heading-level-2'><a class=\"ez-toc-link ez-toc-heading-1\" href=\"https:\/\/richrocketgame.com\/es\/jungle-queen-slot\/#What_we_Know_About_the_Jungle_Queen_Game\" title=\"Lo que sabemos sobre el juego Jungle Queen\">Lo que sabemos sobre el juego Jungle Queen<\/a><ul class='ez-toc-list-level-3' ><li class='ez-toc-heading-level-3'><a class=\"ez-toc-link ez-toc-heading-2\" href=\"https:\/\/richrocketgame.com\/es\/jungle-queen-slot\/#Bonus_Features_of_the_Slot\" title=\"Caracter\u00edsticas adicionales de la tragamonedas\">Caracter\u00edsticas adicionales de la tragamonedas<\/a><\/li><\/ul><\/li><li class='ez-toc-page-1 ez-toc-heading-level-2'><a class=\"ez-toc-link ez-toc-heading-3\" href=\"https:\/\/richrocketgame.com\/es\/jungle-queen-slot\/#Why_play_the_Jungle_Queen_slot\" title=\"\u00bfPor qu\u00e9 jugar a la tragaperras Jungle Queen?\">\u00bfPor qu\u00e9 jugar a la tragaperras Jungle Queen?<\/a><\/li><li class='ez-toc-page-1 ez-toc-heading-level-2'><a class=\"ez-toc-link ez-toc-heading-4\" href=\"https:\/\/richrocketgame.com\/es\/jungle-queen-slot\/#FAQ\" title=\"PREGUNTAS FRECUENTES\">PREGUNTAS FRECUENTES<\/a><ul class='ez-toc-list-level-3' ><li class='ez-toc-heading-level-3'><a class=\"ez-toc-link ez-toc-heading-5\" href=\"https:\/\/richrocketgame.com\/es\/jungle-queen-slot\/#Is_there_a_jackpot_in_Jungle_Queen\" title=\"\u00bfHay bote en Jungle Queen?\">\u00bfHay bote en Jungle Queen?<\/a><\/li><li class='ez-toc-page-1 ez-toc-heading-level-3'><a class=\"ez-toc-link ez-toc-heading-6\" href=\"https:\/\/richrocketgame.com\/es\/jungle-queen-slot\/#Does_BGaming_plan_to_release_Jungle_Queen_Demo\" title=\"\u00bfPlanea BGaming lanzar la demo de Jungle Queen?\">\u00bfPlanea BGaming lanzar la demo de Jungle Queen?<\/a><\/li><li class='ez-toc-page-1 ez-toc-heading-level-3'><a class=\"ez-toc-link ez-toc-heading-7\" href=\"https:\/\/richrocketgame.com\/es\/jungle-queen-slot\/#What_are_the_main_features_of_the_slot\" title=\"\u00bfCu\u00e1les son las principales caracter\u00edsticas de la tragaperras?\">\u00bfCu\u00e1les son las principales caracter\u00edsticas de la tragaperras?<\/a><\/li><\/ul><\/li><\/ul><\/nav><\/div>\n<h2><span class=\"ez-toc-section\" id=\"What_we_Know_About_the_Jungle_Queen_Game\"><\/span>Lo que sabemos sobre el juego Jungle Queen<span class=\"ez-toc-section-end\"><\/span><\/h2>\n<p>El juego de casino Jungle Queen invita a los jugadores a encontrar un tesoro en una selva misteriosa. Estil\u00edsticamente, el juego se balancea entre temas animales y m\u00e1gicos. Ver\u00e1 s\u00edmbolos de cartas de bajo nivel y de animales de alto nivel en los rodillos.<\/p>\n<p>BGaming ha establecido una ganancia m\u00e1xima elevada de $250.000. A\u00fan no hay informaci\u00f3n espec\u00edfica sobre el tama\u00f1o de las apuestas, pero el proveedor promete que el juego est\u00e1 dise\u00f1ado para diferentes presupuestos. Si decides jugar a Jungle Queen, puedes esperar obtener combinaciones ganadoras cada 4-5 giros.<\/p>\n<p><a href=\"https:\/\/richrocketgame.com\/es\/go\/registration\/\" target=\"_blank\" rel=\"noreferrer noopener nofollow\"><img decoding=\"async\" class=\"aligncenter wp-image-1046\" src=\"https:\/\/richrocketgame.com\/wp-content\/uploads\/2025\/02\/jungle-queen-slot.jpg\" alt=\"Tragaperras Jungle Queen de BGaming.\" width=\"420\" height=\"512\" srcset=\"https:\/\/richrocketgame.com\/wp-content\/uploads\/2025\/02\/jungle-queen-slot.jpg 574w, https:\/\/richrocketgame.com\/wp-content\/uploads\/2025\/02\/jungle-queen-slot-246x300.jpg 246w, https:\/\/richrocketgame.com\/wp-content\/uploads\/2025\/02\/jungle-queen-slot-10x12.jpg 10w, https:\/\/richrocketgame.com\/wp-content\/uploads\/2025\/02\/jungle-queen-slot-33x40.jpg 33w, https:\/\/richrocketgame.com\/wp-content\/uploads\/2025\/02\/jungle-queen-slot-26x32.jpg 26w, https:\/\/richrocketgame.com\/wp-content\/uploads\/2025\/02\/jungle-queen-slot-66x80.jpg 66w, https:\/\/richrocketgame.com\/wp-content\/uploads\/2025\/02\/jungle-queen-slot-111x135.jpg 111w\" sizes=\"(max-width: 420px) 100vw, 420px\" \/><\/a><\/p>\n<h3><span class=\"ez-toc-section\" id=\"Bonus_Features_of_the_Slot\"><\/span>Caracter\u00edsticas adicionales de la tragamonedas<span class=\"ez-toc-section-end\"><\/span><\/h3>\n<p>El juego ofrece dos tipos de s\u00edmbolos Wild. Adem\u00e1s de la tradicional inscripci\u00f3n \"Wild\", las mariposas pueden aparecer en los rodillos, sustituyendo a cualquier otro s\u00edmbolo excepto a los especiales. En este caso, es esencial no perder de vista el panel situado encima de los rodillos: en \u00e9l se muestran los s\u00edmbolos en los que no se convierten las mariposas en ese sorteo.<\/p>\n<p>Otras funciones de bonificaci\u00f3n de Jungle Queen online prometen beneficios a\u00fan mayores:<\/p>\n<ul>\n<li>Tiradas Gratis. Recoge una combinaci\u00f3n de 3 scatters para tener derecho a 12 tiradas gratuitas de los rodillos.<\/li>\n<li>Mariposas m\u00edsticas. Durante las tiradas gratuitas, se activa un multiplicador. Al reunir un n\u00famero determinado de mariposas, el multiplicador aumenta en 1, se elimina el s\u00edmbolo menos pagado de los rodillos y se obtienen tres tiradas gratuitas adicionales.<\/li>\n<li>Monedas de oro de la reina. Estos s\u00edmbolos especiales pueden aparecer en cualquier momento, otorgando premios instant\u00e1neos de hasta 2.500 veces tu apuesta.<\/li>\n<\/ul>\n<p>BGaming ha a\u00f1adido la funci\u00f3n Bonus Buy a Jungle Queen, que permite a los jugadores comprar la entrada a la ronda de tiradas gratuitas por x100 de la apuesta. Esto te permitir\u00e1 saltar directamente a la parte m\u00e1s interesante del juego.<\/p>\n<div style=\"text-align: center;\"><a class=\"glow-button\" href=\"\/es\/go\/registration\/\">Prueba Jungle Queen<\/a><\/div>\n<h2><span class=\"ez-toc-section\" id=\"Why_play_the_Jungle_Queen_slot\"><\/span>\u00bfPor qu\u00e9 jugar a la tragaperras Jungle Queen?<span class=\"ez-toc-section-end\"><\/span><\/h2>\n<p>El juego merece atenci\u00f3n por varias razones:<\/p><script data-noptimize=\"\" data-wpfc-render=\"false\">\n\/* <![CDATA[ *\/\nfpm_start( \"true\" );\n\/* ]]> *\/\n<\/script>\n\n<ul>\n<li>Excelentes ganancias m\u00e1ximas. La apuesta puede aumentar 10.000 veces en un sorteo.<\/li>\n<li>Funci\u00f3n Moneda de oro. Una moneda con x2.500 de la apuesta puede aparecer en el campo de juego en cualquier momento.<\/li>\n<li>Tiradas gratuitas. La ronda de bonificaci\u00f3n tiene funciones adicionales que aumentan las posibilidades de ganar.<\/li>\n<li>Dise\u00f1o y estilo. Aunque el tema no es nuevo, BGaming ha creado una atm\u00f3sfera atractiva en la que querr\u00e1s sumergirte.<\/li>\n<\/ul>\n<p>Marca la fecha de lanzamiento de Jungle Queen en tu calendario y s\u00e9 uno de los primeros en probarlo en el casino.<\/p>\n<p><a href=\"https:\/\/richrocketgame.com\/es\/go\/registration\/\" target=\"_blank\" rel=\"noreferrer noopener nofollow\"><img decoding=\"async\" class=\"aligncenter wp-image-1053 size-full\" src=\"https:\/\/richrocketgame.com\/wp-content\/uploads\/2025\/02\/jungle-queen-casino-game.jpg\" alt=\"Juego de casino Jungle Queen.\" width=\"992\" height=\"629\" srcset=\"https:\/\/richrocketgame.com\/wp-content\/uploads\/2025\/02\/jungle-queen-casino-game.jpg 992w, https:\/\/richrocketgame.com\/wp-content\/uploads\/2025\/02\/jungle-queen-casino-game-300x190.jpg 300w, https:\/\/richrocketgame.com\/wp-content\/uploads\/2025\/02\/jungle-queen-casino-game-768x487.jpg 768w, https:\/\/richrocketgame.com\/wp-content\/uploads\/2025\/02\/jungle-queen-casino-game-18x12.jpg 18w, https:\/\/richrocketgame.com\/wp-content\/uploads\/2025\/02\/jungle-queen-casino-game-63x40.jpg 63w, https:\/\/richrocketgame.com\/wp-content\/uploads\/2025\/02\/jungle-queen-casino-game-50x32.jpg 50w, https:\/\/richrocketgame.com\/wp-content\/uploads\/2025\/02\/jungle-queen-casino-game-126x80.jpg 126w, https:\/\/richrocketgame.com\/wp-content\/uploads\/2025\/02\/jungle-queen-casino-game-213x135.jpg 213w\" sizes=\"(max-width: 992px) 100vw, 992px\" \/><\/a><\/p>\n<h2><span class=\"ez-toc-section\" id=\"FAQ\"><\/span>PREGUNTAS FRECUENTES<span class=\"ez-toc-section-end\"><\/span><\/h2>\n        <section class=\"sc_fs_faq sc_card\">\n            <div>\n\t\t\t\t<h3><span class=\"ez-toc-section\" id=\"Is_there_a_jackpot_in_Jungle_Queen\"><\/span>\u00bfHay bote en Jungle Queen?<span class=\"ez-toc-section-end\"><\/span><\/h3>                <div>\n\t\t\t\t\t                    <p>\n\t\t\t\t\t\tNo, el proveedor no ha proporcionado un bote en Jungle Queen. Sin embargo, las ganancias m\u00e1ximas de la tragaperras son lo suficientemente grandes como para satisfacer la sed de emoci\u00f3n de la mayor\u00eda de los jugadores.                    <\/p>\n                <\/div>\n            <\/div>\n        <\/section>\n\t\t        <section class=\"sc_fs_faq sc_card\">\n            <div>\n\t\t\t\t<h3><span class=\"ez-toc-section\" id=\"Does_BGaming_plan_to_release_Jungle_Queen_Demo\"><\/span>\u00bfPlanea BGaming lanzar la demo de Jungle Queen?<span class=\"ez-toc-section-end\"><\/span><\/h3>                <div>\n\t\t\t\t\t                    <p>\n\t\t\t\t\t\tS\u00ed, la versi\u00f3n gratuita de Jungle Queen aparecer\u00e1 simult\u00e1neamente como el juego por dinero real. Puedes probar la novedad en el casino y en el sitio web del proveedor.                    <\/p>\n                <\/div>\n            <\/div>\n        <\/section>\n\t\t        <section class=\"sc_fs_faq sc_card\">\n            <div>\n\t\t\t\t<h3><span class=\"ez-toc-section\" id=\"What_are_the_main_features_of_the_slot\"><\/span>\u00bfCu\u00e1les son las principales caracter\u00edsticas de la tragaperras?<span class=\"ez-toc-section-end\"><\/span><\/h3>                <div>\n\t\t\t\t\t                    <p>\n\t\t\t\t\t\tEl s\u00edmbolo de la mariposa puede sustituir a cualquier otro s\u00edmbolo del campo de juego. Adem\u00e1s, el juego ofrece una ronda de tiradas gratuitas y monedas reales que pueden aportar al instante x2.500 de la apuesta.                    <\/p>\n                <\/div>\n            <\/div>\n        <\/section>\n\t\t\n<script type=\"application\/ld+json\">{\n    \"@context\": \"https:\\\/\\\/schema.org\",\n    \"@type\": \"FAQPage\",\n    \"mainEntity\": [\n        {\n            \"@type\": \"Question\",\n            \"name\": \"Is there a jackpot in Jungle Queen?\",\n            \"acceptedAnswer\": {\n                \"@type\": \"Answer\",\n                \"text\": \"No, the provider has not provided a jackpot in Jungle Queen. However, the maximum winnings in the slot are big enough to satisfy most players' thirst for excitement.\"\n            }\n        },\n        {\n            \"@type\": \"Question\",\n            \"name\": \"Does BGaming plan to release Jungle Queen Demo?\",\n            \"acceptedAnswer\": {\n                \"@type\": \"Answer\",\n                \"text\": \"Yes, the free version of Jungle Queen will appear simultaneously as the real money game. You can try out the novelty in the casino and on the provider's website.\"\n            }\n        },\n        {\n            \"@type\": \"Question\",\n            \"name\": \"What are the main features of the slot?\",\n            \"acceptedAnswer\": {\n                \"@type\": \"Answer\",\n                \"text\": \"The butterfly symbol can substitute for any other symbol on the playing field. In addition, the game offers a round of free spins and royal coins that can instantly bring x2,500 of the bet.\"\n            }\n        }\n    ]\n}<\/script>\n\n<div class=\"fpm_end\"><\/div>\n<div class=\"author-card author-card--top\"><img alt='foto del avatar' src='https:\/\/richrocketgame.com\/wp-content\/uploads\/2023\/03\/Paulo-Dornelas-130x130.jpg' srcset='https:\/\/richrocketgame.com\/wp-content\/uploads\/2023\/03\/Paulo-Dornelas-260x260.jpg 2x' class='avatar avatar-130 photo author-image' height='130' width='130' \/><div class=\"author-content text-md-center\"><span class=\"author-title\">Autor<\/span><a href=\"https:\/\/richrocketgame.com\/es\/author\/paulo-dornelas\/\" class=\"author-name\">Paulo Dornelas<\/a><p class=\"author__details\">Paulo Dornelas es un experto en juegos de azar que ha dedicado su vida a entender el sector y ayudar a otros a ganar dinero con \u00e9l. Tambi\u00e9n es un \u00e1vido viajero y le encanta explorar nuevos lugares. Los conocimientos de Paulo sobre los juegos de azar y su pasi\u00f3n por los viajes lo convierten en el gu\u00eda perfecto para cualquiera que desee obtener grandes beneficios apostando en deportes o jugando a juegos de casino.<\/p><\/div><!-- \/.author-content --><\/div>","protected":false},"excerpt":{"rendered":"<p>La tragamonedas Jungle Queen, cuyo lanzamiento est\u00e1 previsto para el 20 de febrero de 2025, llevar\u00e1 a los jugadores al dominio de la reina de la selva tropical. Te espera una c\u00e1lida bienvenida en un campo de juego de 5\u00d73 con 20 l\u00edneas de pago. Los jugadores afortunados que complazcan a la reina podr\u00e1n ganar x10,000. Jungle Queen de BGaming tiene cuatro funciones de bonificaci\u00f3n que hacen [\u2026]<\/p>","protected":false},"author":2,"featured_media":0,"parent":0,"menu_order":0,"comment_status":"closed","ping_status":"closed","template":"page-no-sidebar.php","meta":{"footnotes":""},"class_list":["post-1039","page","type-page","status-publish","hentry"],"yoast_head":"<!-- This site is optimized with the Yoast SEO plugin v26.7 - https:\/\/yoast.com\/wordpress\/plugins\/seo\/ -->\n<title>Jungle Queen Slot (BGaming) Demo - RTP, Paytable and Volatility<\/title>\n<meta name=\"description\" content=\"Get ready for the release of Jungle Queen from BGaming. Learn more about the slot in our review. Key parameters of the Jungle Queen game.\" \/>\n<meta name=\"robots\" content=\"index, follow, max-snippet:-1, max-image-preview:large, max-video-preview:-1\" \/>\n<link rel=\"canonical\" href=\"https:\/\/richrocketgame.com\/es\/jungle-queen-slot\/\" \/>\n<meta property=\"og:locale\" content=\"es_ES\" \/>\n<meta property=\"og:type\" content=\"article\" \/>\n<meta property=\"og:title\" content=\"Jungle Queen Slot (BGaming) Demo - RTP, Paytable and Volatility\" \/>\n<meta property=\"og:description\" content=\"Get ready for the release of Jungle Queen from BGaming. Learn more about the slot in our review. Key parameters of the Jungle Queen game.\" \/>\n<meta property=\"og:url\" content=\"https:\/\/richrocketgame.com\/es\/jungle-queen-slot\/\" \/>\n<meta property=\"og:site_name\" content=\"Rich Rocket Game\" \/>\n<meta property=\"article:modified_time\" content=\"2025-08-01T08:18:06+00:00\" \/>\n<meta property=\"og:image\" content=\"https:\/\/richrocketgame.com\/wp-content\/uploads\/2025\/02\/jungle-queen-slot.jpg\" \/>\n<meta name=\"twitter:card\" content=\"summary_large_image\" \/>\n<meta name=\"twitter:label1\" content=\"Tiempo de lectura\" \/>\n\t<meta name=\"twitter:data1\" content=\"4 minutos\" \/>\n<!-- \/ Yoast SEO plugin. -->","yoast_head_json":{"title":"Demo de la tragamonedas Jungle Queen (BGaming): RTP, tabla de pagos y volatilidad","description":"Prep\u00e1rate para el lanzamiento de Jungle Queen de BGaming. Obtenga m\u00e1s informaci\u00f3n sobre la tragaperras en nuestra rese\u00f1a. Par\u00e1metros clave del juego Jungle Queen.","robots":{"index":"index","follow":"follow","max-snippet":"max-snippet:-1","max-image-preview":"max-image-preview:large","max-video-preview":"max-video-preview:-1"},"canonical":"https:\/\/richrocketgame.com\/es\/jungle-queen-slot\/","og_locale":"es_ES","og_type":"article","og_title":"Jungle Queen Slot (BGaming) Demo - RTP, Paytable and Volatility","og_description":"Get ready for the release of Jungle Queen from BGaming. Learn more about the slot in our review. Key parameters of the Jungle Queen game.","og_url":"https:\/\/richrocketgame.com\/es\/jungle-queen-slot\/","og_site_name":"Rich Rocket Game","article_modified_time":"2025-08-01T08:18:06+00:00","og_image":[{"url":"https:\/\/richrocketgame.com\/wp-content\/uploads\/2025\/02\/jungle-queen-slot.jpg","type":"","width":"","height":""}],"twitter_card":"summary_large_image","twitter_misc":{"Tiempo de lectura":"4 minutos"},"schema":{"@context":"https:\/\/schema.org","@graph":[{"@type":"WebPage","@id":"https:\/\/richrocketgame.com\/jungle-queen-slot\/","url":"https:\/\/richrocketgame.com\/jungle-queen-slot\/","name":"Demo de la tragamonedas Jungle Queen (BGaming): RTP, tabla de pagos y volatilidad","isPartOf":{"@id":"https:\/\/richrocketgame.com\/#website"},"primaryImageOfPage":{"@id":"https:\/\/richrocketgame.com\/jungle-queen-slot\/#primaryimage"},"image":{"@id":"https:\/\/richrocketgame.com\/jungle-queen-slot\/#primaryimage"},"thumbnailUrl":"https:\/\/richrocketgame.com\/wp-content\/uploads\/2025\/02\/jungle-queen-slot.jpg","datePublished":"2025-02-11T15:44:02+00:00","dateModified":"2025-08-01T08:18:06+00:00","description":"Prep\u00e1rate para el lanzamiento de Jungle Queen de BGaming. Obtenga m\u00e1s informaci\u00f3n sobre la tragaperras en nuestra rese\u00f1a. Par\u00e1metros clave del juego Jungle Queen.","breadcrumb":{"@id":"https:\/\/richrocketgame.com\/jungle-queen-slot\/#breadcrumb"},"inLanguage":"es","potentialAction":[{"@type":"ReadAction","target":["https:\/\/richrocketgame.com\/jungle-queen-slot\/"]}]},{"@type":"ImageObject","inLanguage":"es","@id":"https:\/\/richrocketgame.com\/jungle-queen-slot\/#primaryimage","url":"https:\/\/richrocketgame.com\/wp-content\/uploads\/2025\/02\/jungle-queen-slot.jpg","contentUrl":"https:\/\/richrocketgame.com\/wp-content\/uploads\/2025\/02\/jungle-queen-slot.jpg"},{"@type":"BreadcrumbList","@id":"https:\/\/richrocketgame.com\/jungle-queen-slot\/#breadcrumb","itemListElement":[{"@type":"ListItem","position":1,"name":"\u0413\u043b\u0430\u0432\u043d\u0430\u044f \u0441\u0442\u0440\u0430\u043d\u0438\u0446\u0430","item":"https:\/\/richrocketgame.com\/"},{"@type":"ListItem","position":2,"name":"Jungle Queen Slot Demo"}]},{"@type":"WebSite","@id":"https:\/\/richrocketgame.com\/#website","url":"https:\/\/richrocketgame.com\/","name":"Juego Rich Rocket","description":"","publisher":{"@id":"https:\/\/richrocketgame.com\/#organization"},"potentialAction":[{"@type":"SearchAction","target":{"@type":"EntryPoint","urlTemplate":"https:\/\/richrocketgame.com\/?s={search_term_string}"},"query-input":{"@type":"PropertyValueSpecification","valueRequired":true,"valueName":"search_term_string"}}],"inLanguage":"es"},{"@type":"Organization","@id":"https:\/\/richrocketgame.com\/#organization","name":"Juego Rich Rocket","url":"https:\/\/richrocketgame.com\/","logo":{"@type":"ImageObject","inLanguage":"es","@id":"https:\/\/richrocketgame.com\/#\/schema\/logo\/image\/","url":"https:\/\/richrocketgame.com\/wp-content\/uploads\/2022\/09\/Rich-Rocket-earning-app.png","contentUrl":"https:\/\/richrocketgame.com\/wp-content\/uploads\/2022\/09\/Rich-Rocket-earning-app.png","width":512,"height":512,"caption":"Rich Rocket Game"},"image":{"@id":"https:\/\/richrocketgame.com\/#\/schema\/logo\/image\/"}}]}},"_links":{"self":[{"href":"https:\/\/richrocketgame.com\/es\/wp-json\/wp\/v2\/pages\/1039","targetHints":{"allow":["GET"]}}],"collection":[{"href":"https:\/\/richrocketgame.com\/es\/wp-json\/wp\/v2\/pages"}],"about":[{"href":"https:\/\/richrocketgame.com\/es\/wp-json\/wp\/v2\/types\/page"}],"author":[{"embeddable":true,"href":"https:\/\/richrocketgame.com\/es\/wp-json\/wp\/v2\/users\/2"}],"replies":[{"embeddable":true,"href":"https:\/\/richrocketgame.com\/es\/wp-json\/wp\/v2\/comments?post=1039"}],"version-history":[{"count":0,"href":"https:\/\/richrocketgame.com\/es\/wp-json\/wp\/v2\/pages\/1039\/revisions"}],"wp:attachment":[{"href":"https:\/\/richrocketgame.com\/es\/wp-json\/wp\/v2\/media?parent=1039"}],"curies":[{"name":"gracias","href":"https:\/\/api.w.org\/{rel}","templated":true}]}}