{"id":35,"date":"2022-09-01T18:01:28","date_gmt":"2022-09-01T15:01:28","guid":{"rendered":"https:\/\/richrocketgame.com\/?page_id=35"},"modified":"2024-12-27T14:14:09","modified_gmt":"2024-12-27T11:14:09","slug":"rich-rocket-app","status":"publish","type":"page","link":"https:\/\/richrocketgame.com\/de\/rich-rocket-app\/","title":{"rendered":"Rich Rocket App f\u00fcr mobile Ger\u00e4te herunterladen"},"content":{"rendered":"<div class=\"fpm_start\"><\/div>\n<div style=\"text-align: center;\"><a class=\"glow-button\" href=\"\/de\/go\/registration\/\">Spielen Sie die Rich Rocket-App \ud83d\udcf1<\/a><\/div>\n<div id=\"attachment_36\" style=\"width: 994px\" class=\"wp-caption aligncenter\"><a href=\"https:\/\/richrocketgame.com\/de\/go\/registration\/\"><img decoding=\"async\" aria-describedby=\"caption-attachment-36\" class=\"wp-image-36 size-large\" title=\"Rich Rocket Spiel Runterladen\" src=\"https:\/\/richrocketgame.com\/wp-content\/uploads\/2022\/09\/Rich-Rocket-Game-Download-1024x442.jpg\" alt=\"Rich Rocket Spiel Runterladen\" width=\"994\" height=\"429\" srcset=\"https:\/\/richrocketgame.com\/wp-content\/uploads\/2022\/09\/Rich-Rocket-Game-Download-1024x442.jpg 1024w, https:\/\/richrocketgame.com\/wp-content\/uploads\/2022\/09\/Rich-Rocket-Game-Download-300x129.jpg 300w, https:\/\/richrocketgame.com\/wp-content\/uploads\/2022\/09\/Rich-Rocket-Game-Download-768x331.jpg 768w, https:\/\/richrocketgame.com\/wp-content\/uploads\/2022\/09\/Rich-Rocket-Game-Download-93x40.jpg 93w, https:\/\/richrocketgame.com\/wp-content\/uploads\/2022\/09\/Rich-Rocket-Game-Download-1170x505.jpg 1170w, https:\/\/richrocketgame.com\/wp-content\/uploads\/2022\/09\/Rich-Rocket-Game-Download-74x32.jpg 74w, https:\/\/richrocketgame.com\/wp-content\/uploads\/2022\/09\/Rich-Rocket-Game-Download-186x80.jpg 186w, https:\/\/richrocketgame.com\/wp-content\/uploads\/2022\/09\/Rich-Rocket-Game-Download-313x135.jpg 313w, https:\/\/richrocketgame.com\/wp-content\/uploads\/2022\/09\/Rich-Rocket-Game-Download.jpg 1484w\" sizes=\"(max-width: 994px) 100vw, 994px\" \/><\/a><p id=\"caption-attachment-36\" class=\"wp-caption-text\">Rich Rocket Spiel Runterladen<\/p><\/div>\n<p>Mit seinen schnellen Ziehungen ist der\u00a0<a href=\"https:\/\/richrocketgame.com\/de\/\">Rich Rocket-Spiel<\/a>\u00a0ist ideal f\u00fcr mobile Ger\u00e4te. Ein Spieler kann in jedem Moment eine Wette platzieren: w\u00e4hrend einer Pause bei der Arbeit, in \u00f6ffentlichen Verkehrsmitteln oder beim Essengehen. Mit der Rocket Crash Earning App k\u00f6nnen Sie Ihr Guthaben in nur wenigen Minuten um ein Vielfaches erh\u00f6hen und Ihren t\u00e4glichen Gesch\u00e4ften nachgehen.<\/p>\n<p>Der Slot ist im Portfolio der gr\u00f6\u00dften Casinos enthalten, so dass es kein Problem sein wird, ihn zu finden. W\u00e4hlen Sie die am besten geeigneten Boni und laden Sie das Rich Rocket-Spiel herunter, um den Zugang zu gro\u00dfen Gewinnen zu \u00f6ffnen. Sie k\u00f6nnten derjenige sein, der den 1000-fachen Multiplikator erreichen kann.<\/p>\n<div id=\"ez-toc-container\" class=\"ez-toc-v2_0_62 counter-hierarchy ez-toc-counter ez-toc-grey ez-toc-container-direction\">\n<div class=\"ez-toc-title-container\">\n<p class=\"ez-toc-title\" >Inhaltsverzeichnis<\/p>\n<span class=\"ez-toc-title-toggle\"><a href=\"#\" class=\"ez-toc-pull-right ez-toc-btn ez-toc-btn-xs ez-toc-btn-default ez-toc-toggle\" aria-label=\"Inhaltsverzeichnis umschalten\"><span class=\"ez-toc-js-icon-con\"><span class=\"\"><span class=\"eztoc-hide\" style=\"display:none;\">Umschalten<\/span><span class=\"ez-toc-icon-toggle-span\"><svg style=\"fill: #999;color:#999\" xmlns=\"http:\/\/www.w3.org\/2000\/svg\" class=\"list-377408\" width=\"20px\" height=\"20px\" viewbox=\"0 0 24 24\" fill=\"none\"><path d=\"M6 6H4v2h2V6zm14 0H8v2h12V6zM4 11h2v2H4v-2zm16 0H8v2h12v-2zM4 16h2v2H4v-2zm16 0H8v2h12v-2z\" fill=\"currentColor\"><\/path><\/svg><svg style=\"fill: #999;color:#999\" class=\"arrow-unsorted-368013\" xmlns=\"http:\/\/www.w3.org\/2000\/svg\" width=\"10px\" height=\"10px\" viewbox=\"0 0 24 24\" version=\"1.2\" baseprofile=\"tiny\"><path d=\"M18.2 9.3l-6.2-6.3-6.2 6.3c-.2.2-.3.4-.3.7s.1.5.3.7c.2.2.4.3.7.3h11c.3 0 .5-.1.7-.3.2-.2.3-.5.3-.7s-.1-.5-.3-.7zM5.8 14.7l6.2 6.3 6.2-6.3c.2-.2.3-.5.3-.7s-.1-.5-.3-.7c-.2-.2-.4-.3-.7-.3h-11c-.3 0-.5.1-.7.3-.2.2-.3.5-.3.7s.1.5.3.7z\"\/><\/svg><\/span><\/span><\/span><\/a><\/span><\/div>\n<nav><ul class='ez-toc-list ez-toc-list-level-1 eztoc-toggle-hide-by-default' ><li class='ez-toc-page-1 ez-toc-heading-level-2'><a class=\"ez-toc-link ez-toc-heading-1\" href=\"https:\/\/richrocketgame.com\/de\/rich-rocket-app\/#Where_can_you_find_the_Rich_Rocket_App\" title=\"Wo k\u00f6nnen Sie die Rich Rocket-App finden?\">Wo k\u00f6nnen Sie die Rich Rocket-App finden?<\/a><\/li><li class='ez-toc-page-1 ez-toc-heading-level-2'><a class=\"ez-toc-link ez-toc-heading-2\" href=\"https:\/\/richrocketgame.com\/de\/rich-rocket-app\/#How_to_download_and_install_Rocket_Crash_Earning_App\" title=\"Wie kann ich die Rocket Crash Earning App herunterladen und installieren?\">Wie kann ich die Rocket Crash Earning App herunterladen und installieren?<\/a><ul class='ez-toc-list-level-3' ><li class='ez-toc-heading-level-3'><a class=\"ez-toc-link ez-toc-heading-3\" href=\"https:\/\/richrocketgame.com\/de\/rich-rocket-app\/#What_devices_can_I_install_the_app_on\" title=\"Auf welchen Ger\u00e4ten kann ich die App installieren?\">Auf welchen Ger\u00e4ten kann ich die App installieren?<\/a><\/li><\/ul><\/li><li class='ez-toc-page-1 ez-toc-heading-level-2'><a class=\"ez-toc-link ez-toc-heading-4\" href=\"https:\/\/richrocketgame.com\/de\/rich-rocket-app\/#Conclusion\" title=\"Schlussfolgerung\">Schlussfolgerung<\/a><\/li><li class='ez-toc-page-1 ez-toc-heading-level-2'><a class=\"ez-toc-link ez-toc-heading-5\" href=\"https:\/\/richrocketgame.com\/de\/rich-rocket-app\/#FAQ\" title=\"FAQ\">FAQ<\/a><ul class='ez-toc-list-level-3' ><li class='ez-toc-heading-level-3'><a class=\"ez-toc-link ez-toc-heading-6\" href=\"https:\/\/richrocketgame.com\/de\/rich-rocket-app\/#Are_there_any_bonuses_for_those_who_play_mobile_Rich_Rocket\" title=\"Gibt es irgendwelche Boni f\u00fcr diejenigen, die mobil Rich Rocket spielen?\">Gibt es irgendwelche Boni f\u00fcr diejenigen, die mobil Rich Rocket spielen?<\/a><\/li><li class='ez-toc-page-1 ez-toc-heading-level-3'><a class=\"ez-toc-link ez-toc-heading-7\" href=\"https:\/\/richrocketgame.com\/de\/rich-rocket-app\/#How_safe_are_cash_rocket_app_transactions\" title=\"Wie sicher sind Transaktionen mit der Cash-Rocket-App?\">Wie sicher sind Transaktionen mit der Cash-Rocket-App?<\/a><\/li><li class='ez-toc-page-1 ez-toc-heading-level-3'><a class=\"ez-toc-link ez-toc-heading-8\" href=\"https:\/\/richrocketgame.com\/de\/rich-rocket-app\/#Are_there_any_differences_in_gameplay_between_the_desktop_and_mobile_versions_of_the_game\" title=\"Gibt es Unterschiede im Gameplay zwischen der Desktop- und der mobilen Version des Spiels?\">Gibt es Unterschiede im Gameplay zwischen der Desktop- und der mobilen Version des Spiels?<\/a><\/li><\/ul><\/li><\/ul><\/nav><\/div>\n<h2><span class=\"ez-toc-section\" id=\"Where_can_you_find_the_Rich_Rocket_App\"><\/span>Wo k\u00f6nnen Sie die Rich Rocket-App finden?<span class=\"ez-toc-section-end\"><\/span><\/h2>\n<p>Um risikofrei zu spielen, gehen Sie in den App Store oder zu Google Play und geben Sie \"Rich Rocket\" ein. Sie k\u00f6nnen aus Dutzenden von Apps mit verschiedenen Designs w\u00e4hlen, aber Sie k\u00f6nnen in keiner von ihnen Geld gewinnen. Dies ist eine gute M\u00f6glichkeit, sich mit den Grundprinzipien des Spiels vertraut zu machen.<\/p>\n<p>Um die Raketenabsturz-Spielgewinnungs-App zu installieren, m\u00fcssen Sie direkt zum ausgew\u00e4hlten Casino gehen. Finden Sie einen Link zum Herunterladen der APK-Datei und folgen Sie den Anweisungen der Plattform. Die Installation dauert ein paar Minuten, aber dann k\u00f6nnen Sie auf mehrere hundert Spiele zugreifen, einschlie\u00dflich Rich Rocket.<\/p>\n<p>Es ist wichtig zu beachten, dass nicht jedes Casino den Download der Cash Rakete App erlaubt. Einige Plattformen haben eine optimierte mobile Version der Website und haben keine speziellen Programme f\u00fcr iOS oder Android entwickelt. In diesem Fall lohnt es sich, der Bequemlichkeit halber einen Link zur Website auf dem Startbildschirm hinzuzuf\u00fcgen, der es Ihnen erm\u00f6glicht, so schnell wie m\u00f6glich auf das Spiel zuzugreifen.<\/p>\n<div id=\"attachment_37\" style=\"width: 994px\" class=\"wp-caption aligncenter\"><a href=\"https:\/\/richrocketgame.com\/de\/go\/registration\/\"><img decoding=\"async\" aria-describedby=\"caption-attachment-37\" class=\"wp-image-37 size-large\" title=\"Rich Rocket bot\" src=\"https:\/\/richrocketgame.com\/wp-content\/uploads\/2022\/09\/Rich-Rocket-App-1024x594.jpg\" alt=\"Rich Rocket bot\" width=\"994\" height=\"577\" srcset=\"https:\/\/richrocketgame.com\/wp-content\/uploads\/2022\/09\/Rich-Rocket-App-1024x594.jpg 1024w, https:\/\/richrocketgame.com\/wp-content\/uploads\/2022\/09\/Rich-Rocket-App-300x174.jpg 300w, https:\/\/richrocketgame.com\/wp-content\/uploads\/2022\/09\/Rich-Rocket-App-768x446.jpg 768w, https:\/\/richrocketgame.com\/wp-content\/uploads\/2022\/09\/Rich-Rocket-App-69x40.jpg 69w, https:\/\/richrocketgame.com\/wp-content\/uploads\/2022\/09\/Rich-Rocket-App-55x32.jpg 55w, https:\/\/richrocketgame.com\/wp-content\/uploads\/2022\/09\/Rich-Rocket-App-138x80.jpg 138w, https:\/\/richrocketgame.com\/wp-content\/uploads\/2022\/09\/Rich-Rocket-App-233x135.jpg 233w, https:\/\/richrocketgame.com\/wp-content\/uploads\/2022\/09\/Rich-Rocket-App.jpg 1105w\" sizes=\"(max-width: 994px) 100vw, 994px\" \/><\/a><p id=\"caption-attachment-37\" class=\"wp-caption-text\">Rich Rocket bot<\/p><\/div>\n<div style=\"text-align: center;\"><a class=\"glow-button\" href=\"\/de\/go\/registration\/\">\ud83d\ude80 Spielen Sie das Rich Rocket-Spiel<\/a><\/div>\n<h2><span class=\"ez-toc-section\" id=\"How_to_download_and_install_Rocket_Crash_Earning_App\"><\/span>Wie kann ich die Rocket Crash Earning App herunterladen und installieren?<span class=\"ez-toc-section-end\"><\/span><\/h2>\n<p>Informieren Sie sich zuallererst \u00fcber alle Bonusangebote des Casinos. W\u00e4hlen Sie ein Treueprogramm, das zu Ihrem Spielstil und Ihrem Budget passt. Wenn Sie sich entschieden haben, gehen Sie auf die Website und folgen Sie den Anweisungen:<\/p>\n<ul>\n<li>Erlauben Sie die Installation von Apps aus unbekannten Quellen, damit Sie Apps verwenden k\u00f6nnen, die von anderen Quellen als Google Play heruntergeladen wurden.<\/li>\n<li>Laden Sie das Raketencrash-Spiel mit echtem Geld von der Casino-Website herunter. Um zu einer verifizierten Gl\u00fccksspielplattform in Ihrer Region zu gelangen, klicken Sie einfach auf den Link auf dieser Seite.<\/li>\n<li>\u00d6ffnen Sie den Ordner, in dem die APK-Datei gespeichert ist, und klicken Sie darauf, um die Installation zu starten.<\/li>\n<\/ul>\n<p>Vergessen Sie nicht, nach der Installation einer Raketensammel-App das Verbot der Installation von Programmen aus unbekannten Quellen wieder zu aktivieren, um Ihr Ger\u00e4t zu sch\u00fctzen. Jetzt k\u00f6nnen Sie das Spiel genie\u00dfen und Geld gewinnen, wann immer es Ihnen passt.<\/p>\n<div style=\"text-align: center;\"><a class=\"glow-button\" href=\"\/de\/go\/registration\/\">Starten Sie das Rich Rocket-Spiel \ud83d\ude80<\/a><\/div>\n<h3><span class=\"ez-toc-section\" id=\"What_devices_can_I_install_the_app_on\"><\/span>Auf welchen Ger\u00e4ten kann ich die App installieren?<span class=\"ez-toc-section-end\"><\/span><\/h3>\n<p>Moderne Casino-Apps sind f\u00fcr iOS- und Android-Ger\u00e4te angepasst. Dabei ist es nicht notwendig, ein Flaggschiff oder neue Modelle zu besitzen. Eine gute Optimierung erm\u00f6glicht es Ihnen, auch auf Smartphones zu spielen, die vor ein paar Jahren ver\u00f6ffentlicht wurden.<\/p>\n<p>Wie die Studie zeigt, reichen die folgenden Merkmale aus, um eine Raketen-App zu installieren:<\/p><script data-noptimize=\"\" data-wpfc-render=\"false\">\n\/* <![CDATA[ *\/\nfpm_start( \"true\" );\n\/* ]]> *\/\n<\/script>\n\n<table>\n<tbody>\n<tr>\n<td>CPU-Taktfrequenz<\/td>\n<td>Ab 1,5 MHz<\/td>\n<\/tr>\n<tr>\n<td>Anzahl der Prozessorkerne<\/td>\n<td>Von 2<\/td>\n<\/tr>\n<tr>\n<td>RAM<\/td>\n<td>2 GB oder mehr<\/td>\n<\/tr>\n<tr>\n<td>Freier Speicher<\/td>\n<td>80 bis 400 MB<\/td>\n<\/tr>\n<\/tbody>\n<\/table>\n<p>Wenn Sie vorhaben, mehr als 1 Stunde pro Tag mit dem Spiel zu verbringen, sollten Sie Modelle mit einer Akkukapazit\u00e4t von 1800 mAh w\u00e4hlen. So k\u00f6nnen Sie sich den Freizeitaktivit\u00e4ten widmen, ohne das Ger\u00e4t h\u00e4ufig aufladen zu m\u00fcssen.<\/p>\n<h2><span class=\"ez-toc-section\" id=\"Conclusion\"><\/span>Schlussfolgerung<span class=\"ez-toc-section-end\"><\/span><\/h2>\n<p>F\u00fcr Spieler, die es vorziehen, jede Chance auf einen Gewinn zu nutzen, lohnt es sich, Rocket Crash Game f\u00fcr echtes Geld herunterzuladen. Mit einer solchen Anwendung k\u00f6nnen Sie wetten, ohne sich von wichtigeren Dingen ablenken zu lassen oder ein paar Minuten mit guten Chancen zu warten, um Ihr Budget wieder aufzuf\u00fcllen. Die Rich Rocket-App verf\u00fcgt \u00fcber eine benutzerfreundliche Oberfl\u00e4che und erm\u00f6glicht schnelle Ein- und Auszahlungen von Geld. Und da sie kostenlos heruntergeladen werden kann, gibt es keinen Grund, sie nicht noch heute auszuprobieren.<\/p>\n<h2><span class=\"ez-toc-section\" id=\"FAQ\"><\/span>FAQ<span class=\"ez-toc-section-end\"><\/span><\/h2>\n        <section class=\"sc_fs_faq sc_card\">\n            <div>\n\t\t\t\t<h3><span class=\"ez-toc-section\" id=\"Are_there_any_bonuses_for_those_who_play_mobile_Rich_Rocket\"><\/span>Gibt es irgendwelche Boni f\u00fcr diejenigen, die mobil Rich Rocket spielen?<span class=\"ez-toc-section-end\"><\/span><\/h3>                <div>\n\t\t\t\t\t                    <p>\n\t\t\t\t\t\tViele Casinos bieten exklusive Boni f\u00fcr App-Nutzer. Finden Sie die richtige Plattform oder nutzen Sie unsere Empfehlungen.                    <\/p>\n                <\/div>\n            <\/div>\n        <\/section>\n\t\t        <section class=\"sc_fs_faq sc_card\">\n            <div>\n\t\t\t\t<h3><span class=\"ez-toc-section\" id=\"How_safe_are_cash_rocket_app_transactions\"><\/span>Wie sicher sind Transaktionen mit der Cash-Rocket-App?<span class=\"ez-toc-section-end\"><\/span><\/h3>                <div>\n\t\t\t\t\t                    <p>\n\t\t\t\t\t\tZugelassene Casinos bieten maximale Sicherheit f\u00fcr Benutzer bei Ein- und Auszahlungen. Alle Zahlungsinformationen werden mit SSL-Schl\u00fcsseln verschl\u00fcsselt.                    <\/p>\n                <\/div>\n            <\/div>\n        <\/section>\n\t\t        <section class=\"sc_fs_faq sc_card\">\n            <div>\n\t\t\t\t<h3><span class=\"ez-toc-section\" id=\"Are_there_any_differences_in_gameplay_between_the_desktop_and_mobile_versions_of_the_game\"><\/span>Gibt es Unterschiede im Gameplay zwischen der Desktop- und der mobilen Version des Spiels?<span class=\"ez-toc-section-end\"><\/span><\/h3>                <div>\n\t\t\t\t\t                    <p>\n\t\t\t\t\t\tDer Spielablauf und die Gewinnchancen sind auf allen Ger\u00e4ten gleich.                    <\/p>\n                <\/div>\n            <\/div>\n        <\/section>\n\t\t\n<script type=\"application\/ld+json\">{\n    \"@context\": \"https:\\\/\\\/schema.org\",\n    \"@type\": \"FAQPage\",\n    \"mainEntity\": [\n        {\n            \"@type\": \"Question\",\n            \"name\": \"Are there any bonuses for those who play mobile Rich Rocket?\",\n            \"acceptedAnswer\": {\n                \"@type\": \"Answer\",\n                \"text\": \"Many casinos provide exclusive bonuses for app users. Find the right platform or use our recommendations.\"\n            }\n        },\n        {\n            \"@type\": \"Question\",\n            \"name\": \"How safe are cash rocket app transactions?\",\n            \"acceptedAnswer\": {\n                \"@type\": \"Answer\",\n                \"text\": \"Licensed casinos provide maximum security for users when making deposits and withdrawals. All payment information is encrypted using SSL keys.\"\n            }\n        },\n        {\n            \"@type\": \"Question\",\n            \"name\": \"Are there any differences in gameplay between the desktop and mobile versions of the game?\",\n            \"acceptedAnswer\": {\n                \"@type\": \"Answer\",\n                \"text\": \"Gameplay and chances to win are the same on all types of devices.\"\n            }\n        }\n    ]\n}<\/script>\n\n<div class=\"fpm_end\"><\/div>\n<div class=\"author-card author-card--top\"><img alt='Avatar-Foto' src='https:\/\/richrocketgame.com\/wp-content\/uploads\/2023\/03\/Paulo-Dornelas-130x130.jpg' srcset='https:\/\/richrocketgame.com\/wp-content\/uploads\/2023\/03\/Paulo-Dornelas-260x260.jpg 2x' class='avatar avatar-130 photo author-image' height='130' width='130' \/><div class=\"author-content text-md-center\"><span class=\"author-title\">Autor<\/span><a href=\"https:\/\/richrocketgame.com\/de\/author\/paulo-dornelas\/\" class=\"author-name\">Paulo Dornelas<\/a><p class=\"author__details\">Paulo Dornelas ist ein Gl\u00fccksspiel-Experte, der sein Leben dem Verst\u00e4ndnis der Branche gewidmet hat und anderen hilft, damit Geld zu verdienen. Er ist auch ein begeisterter Reisender und liebt es, neue Orte zu erkunden. Paulos Wissen \u00fcber Gl\u00fccksspiele und seine Leidenschaft f\u00fcr Reisen machen ihn zum perfekten Ratgeber f\u00fcr alle, die mit Sportwetten oder Casinospielen ernsthafte Gewinne erzielen m\u00f6chten.<\/p><\/div><!-- \/.author-content --><\/div>","protected":false},"excerpt":{"rendered":"<p>Spielen Sie die Rich Rocket-App \ud83d\udcf1 Mit seinen schnellen Ziehungen ist das Rich Rocket-Spiel ideal f\u00fcr Mobilger\u00e4te. Ein Spieler kann jederzeit eine Wette platzieren: w\u00e4hrend einer Arbeitspause, w\u00e4hrend der Fahrt mit \u00f6ffentlichen Verkehrsmitteln oder beim Essengehen. Mit der Crash-Earning-App Rocket k\u00f6nnen Sie Ihr Guthaben in nur wenigen Minuten um ein Vielfaches erh\u00f6hen und [\u2026]<\/p>","protected":false},"author":2,"featured_media":0,"parent":0,"menu_order":0,"comment_status":"closed","ping_status":"closed","template":"page-no-sidebar.php","meta":{"footnotes":""},"class_list":["post-35","page","type-page","status-publish","hentry"],"yoast_head":"<!-- This site is optimized with the Yoast SEO plugin v26.7 - https:\/\/yoast.com\/wordpress\/plugins\/seo\/ -->\n<title>Download Rich Rocket App for Mobile Devices - Start Play Now<\/title>\n<meta name=\"description\" content=\"Best ways to download the rocket crash app for real money to your device. How to install the game on iOS and Android. Try rocket crash earning app and win constantly!\" \/>\n<meta name=\"robots\" content=\"index, follow, max-snippet:-1, max-image-preview:large, max-video-preview:-1\" \/>\n<link rel=\"canonical\" href=\"https:\/\/richrocketgame.com\/de\/rich-rocket-app\/\" \/>\n<meta property=\"og:locale\" content=\"de_DE\" \/>\n<meta property=\"og:type\" content=\"article\" \/>\n<meta property=\"og:title\" content=\"Download Rich Rocket App for Mobile Devices - Start Play Now\" \/>\n<meta property=\"og:description\" content=\"Best ways to download the rocket crash app for real money to your device. How to install the game on iOS and Android. Try rocket crash earning app and win constantly!\" \/>\n<meta property=\"og:url\" content=\"https:\/\/richrocketgame.com\/de\/rich-rocket-app\/\" \/>\n<meta property=\"og:site_name\" content=\"Rich Rocket Game\" \/>\n<meta property=\"article:modified_time\" content=\"2024-12-27T11:14:09+00:00\" \/>\n<meta property=\"og:image\" content=\"https:\/\/richrocketgame.com\/wp-content\/uploads\/2022\/09\/Rich-Rocket-Game-Download-1024x442.jpg\" \/>\n<meta name=\"twitter:card\" content=\"summary_large_image\" \/>\n<meta name=\"twitter:label1\" content=\"Gesch\u00e4tzte Lesezeit\" \/>\n\t<meta name=\"twitter:data1\" content=\"5\u00a0Minuten\" \/>\n<!-- \/ Yoast SEO plugin. -->","yoast_head_json":{"title":"Rich Rocket App f\u00fcr mobile Ger\u00e4te herunterladen - Jetzt spielen","description":"Die besten M\u00f6glichkeiten, die Raketencrash-App f\u00fcr echtes Geld auf Ihr Ger\u00e4t herunterzuladen. Wie man das Spiel auf iOS und Android installiert. Versuchen Sie Rakete Absturz verdienen App und gewinnen st\u00e4ndig!","robots":{"index":"index","follow":"follow","max-snippet":"max-snippet:-1","max-image-preview":"max-image-preview:large","max-video-preview":"max-video-preview:-1"},"canonical":"https:\/\/richrocketgame.com\/de\/rich-rocket-app\/","og_locale":"de_DE","og_type":"article","og_title":"Download Rich Rocket App for Mobile Devices - Start Play Now","og_description":"Best ways to download the rocket crash app for real money to your device. How to install the game on iOS and Android. Try rocket crash earning app and win constantly!","og_url":"https:\/\/richrocketgame.com\/de\/rich-rocket-app\/","og_site_name":"Rich Rocket Game","article_modified_time":"2024-12-27T11:14:09+00:00","og_image":[{"url":"https:\/\/richrocketgame.com\/wp-content\/uploads\/2022\/09\/Rich-Rocket-Game-Download-1024x442.jpg","type":"","width":"","height":""}],"twitter_card":"summary_large_image","twitter_misc":{"Gesch\u00e4tzte Lesezeit":"5\u00a0Minuten"},"schema":{"@context":"https:\/\/schema.org","@graph":[{"@type":"WebPage","@id":"https:\/\/richrocketgame.com\/rich-rocket-app\/","url":"https:\/\/richrocketgame.com\/rich-rocket-app\/","name":"Rich Rocket App f\u00fcr mobile Ger\u00e4te herunterladen - Jetzt spielen","isPartOf":{"@id":"https:\/\/richrocketgame.com\/#website"},"primaryImageOfPage":{"@id":"https:\/\/richrocketgame.com\/rich-rocket-app\/#primaryimage"},"image":{"@id":"https:\/\/richrocketgame.com\/rich-rocket-app\/#primaryimage"},"thumbnailUrl":"https:\/\/richrocketgame.com\/wp-content\/uploads\/2022\/09\/Rich-Rocket-Game-Download-1024x442.jpg","datePublished":"2022-09-01T15:01:28+00:00","dateModified":"2024-12-27T11:14:09+00:00","description":"Die besten M\u00f6glichkeiten, die Raketencrash-App f\u00fcr echtes Geld auf Ihr Ger\u00e4t herunterzuladen. Wie man das Spiel auf iOS und Android installiert. Versuchen Sie Rakete Absturz verdienen App und gewinnen st\u00e4ndig!","breadcrumb":{"@id":"https:\/\/richrocketgame.com\/rich-rocket-app\/#breadcrumb"},"inLanguage":"de","potentialAction":[{"@type":"ReadAction","target":["https:\/\/richrocketgame.com\/rich-rocket-app\/"]}]},{"@type":"ImageObject","inLanguage":"de","@id":"https:\/\/richrocketgame.com\/rich-rocket-app\/#primaryimage","url":"https:\/\/richrocketgame.com\/wp-content\/uploads\/2022\/09\/Rich-Rocket-Game-Download-1024x442.jpg","contentUrl":"https:\/\/richrocketgame.com\/wp-content\/uploads\/2022\/09\/Rich-Rocket-Game-Download-1024x442.jpg"},{"@type":"BreadcrumbList","@id":"https:\/\/richrocketgame.com\/rich-rocket-app\/#breadcrumb","itemListElement":[{"@type":"ListItem","position":1,"name":"\u0413\u043b\u0430\u0432\u043d\u0430\u044f \u0441\u0442\u0440\u0430\u043d\u0438\u0446\u0430","item":"https:\/\/richrocketgame.com\/"},{"@type":"ListItem","position":2,"name":"Download Rich Rocket App for Mobile Devices"}]},{"@type":"WebSite","@id":"https:\/\/richrocketgame.com\/#website","url":"https:\/\/richrocketgame.com\/","name":"Rich Rocket Spiel","description":"","publisher":{"@id":"https:\/\/richrocketgame.com\/#organization"},"potentialAction":[{"@type":"SearchAction","target":{"@type":"EntryPoint","urlTemplate":"https:\/\/richrocketgame.com\/?s={search_term_string}"},"query-input":{"@type":"PropertyValueSpecification","valueRequired":true,"valueName":"search_term_string"}}],"inLanguage":"de"},{"@type":"Organization","@id":"https:\/\/richrocketgame.com\/#organization","name":"Rich Rocket Spiel","url":"https:\/\/richrocketgame.com\/","logo":{"@type":"ImageObject","inLanguage":"de","@id":"https:\/\/richrocketgame.com\/#\/schema\/logo\/image\/","url":"https:\/\/richrocketgame.com\/wp-content\/uploads\/2022\/09\/Rich-Rocket-earning-app.png","contentUrl":"https:\/\/richrocketgame.com\/wp-content\/uploads\/2022\/09\/Rich-Rocket-earning-app.png","width":512,"height":512,"caption":"Rich Rocket Game"},"image":{"@id":"https:\/\/richrocketgame.com\/#\/schema\/logo\/image\/"}}]}},"_links":{"self":[{"href":"https:\/\/richrocketgame.com\/de\/wp-json\/wp\/v2\/pages\/35","targetHints":{"allow":["GET"]}}],"collection":[{"href":"https:\/\/richrocketgame.com\/de\/wp-json\/wp\/v2\/pages"}],"about":[{"href":"https:\/\/richrocketgame.com\/de\/wp-json\/wp\/v2\/types\/page"}],"author":[{"embeddable":true,"href":"https:\/\/richrocketgame.com\/de\/wp-json\/wp\/v2\/users\/2"}],"replies":[{"embeddable":true,"href":"https:\/\/richrocketgame.com\/de\/wp-json\/wp\/v2\/comments?post=35"}],"version-history":[{"count":0,"href":"https:\/\/richrocketgame.com\/de\/wp-json\/wp\/v2\/pages\/35\/revisions"}],"wp:attachment":[{"href":"https:\/\/richrocketgame.com\/de\/wp-json\/wp\/v2\/media?parent=35"}],"curies":[{"name":"wp","href":"https:\/\/api.w.org\/{rel}","templated":true}]}}