{"id":302,"date":"2023-09-25T12:34:52","date_gmt":"2023-09-25T09:34:52","guid":{"rendered":"https:\/\/richrocketgame.com\/?page_id=302"},"modified":"2023-09-25T20:41:08","modified_gmt":"2023-09-25T17:41:08","slug":"terms-and-conditions","status":"publish","type":"page","link":"https:\/\/richrocketgame.com\/de\/terms-and-conditions\/","title":{"rendered":"Bedingungen und Konditionen"},"content":{"rendered":"<div class=\"fpm_start\"><\/div>\n<p>Die wesentlichen Regeln, Pflichten und Rechte, die f\u00fcr unsere Plattform gelten, finden Sie hier. Wir legen gro\u00dfen Wert darauf, eine harmonische Umgebung f\u00fcr alle Nutzer zu schaffen. Informieren Sie sich \u00fcber die Einzelheiten, damit Ihre Erfahrung nahtlos ist.<\/p>\n<div id=\"ez-toc-container\" class=\"ez-toc-v2_0_62 counter-hierarchy ez-toc-counter ez-toc-grey ez-toc-container-direction\">\n<div class=\"ez-toc-title-container\">\n<p class=\"ez-toc-title\" >Inhaltsverzeichnis<\/p>\n<span class=\"ez-toc-title-toggle\"><a href=\"#\" class=\"ez-toc-pull-right ez-toc-btn ez-toc-btn-xs ez-toc-btn-default ez-toc-toggle\" aria-label=\"Inhaltsverzeichnis umschalten\"><span class=\"ez-toc-js-icon-con\"><span class=\"\"><span class=\"eztoc-hide\" style=\"display:none;\">Umschalten<\/span><span class=\"ez-toc-icon-toggle-span\"><svg style=\"fill: #999;color:#999\" xmlns=\"http:\/\/www.w3.org\/2000\/svg\" class=\"list-377408\" width=\"20px\" height=\"20px\" viewbox=\"0 0 24 24\" fill=\"none\"><path d=\"M6 6H4v2h2V6zm14 0H8v2h12V6zM4 11h2v2H4v-2zm16 0H8v2h12v-2zM4 16h2v2H4v-2zm16 0H8v2h12v-2z\" fill=\"currentColor\"><\/path><\/svg><svg style=\"fill: #999;color:#999\" class=\"arrow-unsorted-368013\" xmlns=\"http:\/\/www.w3.org\/2000\/svg\" width=\"10px\" height=\"10px\" viewbox=\"0 0 24 24\" version=\"1.2\" baseprofile=\"tiny\"><path d=\"M18.2 9.3l-6.2-6.3-6.2 6.3c-.2.2-.3.4-.3.7s.1.5.3.7c.2.2.4.3.7.3h11c.3 0 .5-.1.7-.3.2-.2.3-.5.3-.7s-.1-.5-.3-.7zM5.8 14.7l6.2 6.3 6.2-6.3c.2-.2.3-.5.3-.7s-.1-.5-.3-.7c-.2-.2-.4-.3-.7-.3h-11c-.3 0-.5.1-.7.3-.2.2-.3.5-.3.7s.1.5.3.7z\"\/><\/svg><\/span><\/span><\/span><\/a><\/span><\/div>\n<nav><ul class='ez-toc-list ez-toc-list-level-1 eztoc-toggle-hide-by-default' ><li class='ez-toc-page-1 ez-toc-heading-level-2'><a class=\"ez-toc-link ez-toc-heading-1\" href=\"https:\/\/richrocketgame.com\/de\/terms-and-conditions\/#Introduction_to_Our_Platforms_Terms\" title=\"Einf\u00fchrung in die Bedingungen unserer Plattform\">Einf\u00fchrung in die Bedingungen unserer Plattform<\/a><\/li><li class='ez-toc-page-1 ez-toc-heading-level-2'><a class=\"ez-toc-link ez-toc-heading-2\" href=\"https:\/\/richrocketgame.com\/de\/terms-and-conditions\/#Your_Duties_as_a_User\" title=\"Ihre Pflichten als Nutzer\">Ihre Pflichten als Nutzer<\/a><\/li><li class='ez-toc-page-1 ez-toc-heading-level-2'><a class=\"ez-toc-link ez-toc-heading-3\" href=\"https:\/\/richrocketgame.com\/de\/terms-and-conditions\/#Understanding_Content_Rights\" title=\"Rechte an Inhalten verstehen\">Rechte an Inhalten verstehen<\/a><\/li><li class='ez-toc-page-1 ez-toc-heading-level-2'><a class=\"ez-toc-link ez-toc-heading-4\" href=\"https:\/\/richrocketgame.com\/de\/terms-and-conditions\/#Protecting_Your_Privacy\" title=\"Schutz Ihrer Privatsph\u00e4re\">Schutz Ihrer Privatsph\u00e4re<\/a><\/li><li class='ez-toc-page-1 ez-toc-heading-level-2'><a class=\"ez-toc-link ez-toc-heading-5\" href=\"https:\/\/richrocketgame.com\/de\/terms-and-conditions\/#External_Links_Their_Autonomy\" title=\"Externe Links und ihre Autonomie\">Externe Links und ihre Autonomie<\/a><\/li><li class='ez-toc-page-1 ez-toc-heading-level-2'><a class=\"ez-toc-link ez-toc-heading-6\" href=\"https:\/\/richrocketgame.com\/de\/terms-and-conditions\/#Assurance_Accountability\" title=\"Zusicherung und Rechenschaftspflicht\">Zusicherung und Rechenschaftspflicht<\/a><\/li><li class='ez-toc-page-1 ez-toc-heading-level-2'><a class=\"ez-toc-link ez-toc-heading-7\" href=\"https:\/\/richrocketgame.com\/de\/terms-and-conditions\/#Limits_on_Our_Liability\" title=\"Beschr\u00e4nkung unserer Haftung\">Beschr\u00e4nkung unserer Haftung<\/a><\/li><\/ul><\/nav><\/div>\n<h2><span class=\"ez-toc-section\" id=\"Introduction_to_Our_Platforms_Terms\"><\/span><strong>Einf\u00fchrung in die Bedingungen unserer Plattform<\/strong><span class=\"ez-toc-section-end\"><\/span><\/h2>\n<p>Willkommen an Bord. Wenn Sie Rich Rocket Game verwenden, nutzen Sie nicht nur eine Plattform, sondern werden Teil einer Gemeinschaft. Diese Seite dient als detaillierte Karte, um durch unsere Community-Richtlinien zu navigieren und sicherzustellen, dass jede Interaktion auf unserer Plattform einwandfrei ist.<\/p>\n<h2><span class=\"ez-toc-section\" id=\"Your_Duties_as_a_User\"><\/span><strong>Ihre Pflichten als Nutzer<\/strong><span class=\"ez-toc-section-end\"><\/span><\/h2>\n<p>Als ein wertvolles Mitglied unserer Gemeinschaft:<\/p>\n<ul>\n<li><strong>Einhaltung von Rechtsvorschriften<\/strong>: Stellen Sie sicher, dass bei Ihren Interaktionen alle einschl\u00e4gigen Gesetze und Vorschriften eingehalten werden.<\/li>\n<li><strong>Geistiges Eigentum Respekt<\/strong>: Anerkennen und respektieren Sie die intellektuellen Bem\u00fchungen anderer Mitglieder und der Plattform.<\/li>\n<li><strong>Wahrheitsgem\u00e4\u00dfe Interaktionen<\/strong>: Die von Ihnen zur Verf\u00fcgung gestellten Informationen sollten sowohl korrekt als auch ehrlich sein. Fehlinformationen beeintr\u00e4chtigen unsere kollektive Integrit\u00e4t.<\/li>\n<\/ul>\n<h2><span class=\"ez-toc-section\" id=\"Understanding_Content_Rights\"><\/span><strong>Rechte an Inhalten verstehen<\/strong><span class=\"ez-toc-section-end\"><\/span><\/h2>\n<p>Jeder Inhalt - sei es ein Text, ein fesselndes Bild, ein eindrucksvolles Video oder ein ausgekl\u00fcgeltes Logo - ist in den Schutzmantel des Urheberrechts und des Rechts auf geistiges Eigentum geh\u00fcllt.<\/p>\n<ul>\n<li><strong>Unbefugte Handlungen<\/strong>: Das Vervielf\u00e4ltigen, Verwenden oder Verbreiten unserer Inhalte ohne ausdr\u00fcckliche schriftliche Genehmigung ist nicht gestattet.<\/li>\n<li><strong>Ihre Beitr\u00e4ge<\/strong>: Wenn Sie unsere Plattform mit Ihren Inhalten bereichern, gew\u00e4hren Sie uns eine weltweite, geb\u00fchrenfreie Lizenz, um Ihren Beitrag im Einklang mit unseren Diensten zu optimieren, zu pr\u00e4sentieren und zu nutzen.<\/li>\n<\/ul>\n<h2><span class=\"ez-toc-section\" id=\"Protecting_Your_Privacy\"><\/span><strong>Schutz Ihrer Privatsph\u00e4re<\/strong><span class=\"ez-toc-section-end\"><\/span><\/h2>\n<p>Ihre Privatsph\u00e4re ist nicht nur eine Richtlinie, sondern ein Versprechen. In unserer Datenschutzrichtlinie erfahren Sie, wie wir uns f\u00fcr den Schutz Ihrer pers\u00f6nlichen Daten einsetzen.<\/p>\n<h2><span class=\"ez-toc-section\" id=\"External_Links_Their_Autonomy\"><\/span><strong>Externe Links und ihre Autonomie<\/strong><span class=\"ez-toc-section-end\"><\/span><\/h2>\n<p>Beim Surfen k\u00f6nnen Sie auf Links sto\u00dfen, die Sie zu Plattformen au\u00dferhalb unseres Zust\u00e4ndigkeitsbereichs f\u00fchren. Denken Sie daran:<\/p>\n<ul>\n<li><strong>Autonome Plattformen<\/strong>: Deren Inhalte, Bedingungen und Datenschutzpraktiken sind unabh\u00e4ngig. Wir bef\u00fcrworten sie nicht und \u00fcbernehmen keine Verantwortung f\u00fcr sie.<\/li>\n<li><strong>Informierte Entscheidungen<\/strong>: Bevor Sie sich mit externen Inhalten befassen, sollten Sie sich mit den entsprechenden Richtlinien vertraut machen.<\/li>\n<\/ul>\n<h2><span class=\"ez-toc-section\" id=\"Assurance_Accountability\"><\/span><strong>Zusicherung und Rechenschaftspflicht<\/strong><span class=\"ez-toc-section-end\"><\/span><\/h2>\n<p>Wir sind stolz auf die Informationen und Dienstleistungen, die wir anbieten. Sie sind jedoch mit der Klausel \"wie besehen\" und \"wenn verf\u00fcgbar\" versehen. Wir streben nach Perfektion in Bezug auf Genauigkeit, Vollst\u00e4ndigkeit und Verf\u00fcgbarkeit, verpflichten uns aber nicht dazu.<\/p>\n<h2><span class=\"ez-toc-section\" id=\"Limits_on_Our_Liability\"><\/span><strong>Beschr\u00e4nkung unserer Haftung<\/strong><span class=\"ez-toc-section-end\"><\/span><\/h2>\n<p>Die rechtlichen Rahmenbedingungen k\u00f6nnen variieren, aber innerhalb der zul\u00e4ssigen Grenzen k\u00f6nnen wir f\u00fcr jegliche Form von Sch\u00e4den, seien es direkte, zuf\u00e4llige oder Folgesch\u00e4den, die sich aus der Nutzung der Plattform ergeben, nicht zur Verantwortung gezogen werden.<\/p><script data-noptimize=\"\" data-wpfc-render=\"false\">\n\/* <![CDATA[ *\/\nfpm_start( \"true\" );\n\/* ]]> *\/\n<\/script>\n\n<div class=\"fpm_end\"><\/div>\n<div class=\"author-card author-card--top\"><img alt='Avatar-Foto' src='https:\/\/richrocketgame.com\/wp-content\/uploads\/2023\/03\/Paulo-Dornelas-130x130.jpg' srcset='https:\/\/richrocketgame.com\/wp-content\/uploads\/2023\/03\/Paulo-Dornelas-260x260.jpg 2x' class='avatar avatar-130 photo author-image' height='130' width='130' \/><div class=\"author-content text-md-center\"><span class=\"author-title\">Autor<\/span><a href=\"https:\/\/richrocketgame.com\/de\/author\/paulo-dornelas\/\" class=\"author-name\">Paulo Dornelas<\/a><p class=\"author__details\">Paulo Dornelas ist ein Gl\u00fccksspiel-Experte, der sein Leben dem Verst\u00e4ndnis der Branche gewidmet hat und anderen hilft, damit Geld zu verdienen. Er ist auch ein begeisterter Reisender und liebt es, neue Orte zu erkunden. Paulos Wissen \u00fcber Gl\u00fccksspiele und seine Leidenschaft f\u00fcr Reisen machen ihn zum perfekten Ratgeber f\u00fcr alle, die mit Sportwetten oder Casinospielen ernsthafte Gewinne erzielen m\u00f6chten.<\/p><\/div><!-- \/.author-content --><\/div>","protected":false},"excerpt":{"rendered":"<p>Die wesentlichen Regeln, Pflichten und Rechte unserer Plattform finden Sie hier. Wir legen gro\u00dfen Wert auf die Aufrechterhaltung einer harmonischen Umgebung f\u00fcr alle Benutzer. Tauchen Sie tief in die Einzelheiten ein, um Ihr Erlebnis reibungslos zu gestalten. Einf\u00fchrung in die Nutzungsbedingungen unserer Plattform Willkommen an Bord. Wenn Sie Rich Rocket Game nutzen, nutzen Sie nicht nur eine Plattform; Du trittst einer Community bei. [\u2026]<\/p>","protected":false},"author":2,"featured_media":0,"parent":0,"menu_order":0,"comment_status":"closed","ping_status":"closed","template":"","meta":{"footnotes":""},"class_list":["post-302","page","type-page","status-publish","hentry"],"yoast_head":"<!-- This site is optimized with the Yoast SEO plugin v26.7 - https:\/\/yoast.com\/wordpress\/plugins\/seo\/ -->\n<title>Rich Rocket Game: Terms and Conditions<\/title>\n<meta name=\"description\" content=\"Navigate Rich Rocket Game&#039;s terms with ease. From user responsibilities, content rights to privacy assurance, understand the standards ensuring a secure, harmonious gaming environment. Dive in for a seamless experience.\" \/>\n<meta name=\"robots\" content=\"index, follow, max-snippet:-1, max-image-preview:large, max-video-preview:-1\" \/>\n<link rel=\"canonical\" href=\"https:\/\/richrocketgame.com\/de\/terms-and-conditions\/\" \/>\n<meta property=\"og:locale\" content=\"de_DE\" \/>\n<meta property=\"og:type\" content=\"article\" \/>\n<meta property=\"og:title\" content=\"Rich Rocket Game: Terms and Conditions\" \/>\n<meta property=\"og:description\" content=\"Navigate Rich Rocket Game&#039;s terms with ease. From user responsibilities, content rights to privacy assurance, understand the standards ensuring a secure, harmonious gaming environment. Dive in for a seamless experience.\" \/>\n<meta property=\"og:url\" content=\"https:\/\/richrocketgame.com\/de\/terms-and-conditions\/\" \/>\n<meta property=\"og:site_name\" content=\"Rich Rocket Game\" \/>\n<meta property=\"article:modified_time\" content=\"2023-09-25T17:41:08+00:00\" \/>\n<meta name=\"twitter:card\" content=\"summary_large_image\" \/>\n<meta name=\"twitter:label1\" content=\"Gesch\u00e4tzte Lesezeit\" \/>\n\t<meta name=\"twitter:data1\" content=\"2\u00a0Minuten\" \/>\n<!-- \/ Yoast SEO plugin. -->","yoast_head_json":{"title":"Rich Rocket Spiel: Bedingungen und Konditionen","description":"Navigieren Sie mit Leichtigkeit durch die Bedingungen von Rich Rocket Game. Von den Verantwortlichkeiten der Nutzer \u00fcber die Rechte an den Inhalten bis hin zur Gew\u00e4hrleistung des Datenschutzes - verstehen Sie die Standards, die eine sichere und harmonische Spielumgebung gew\u00e4hrleisten. Tauchen Sie ein f\u00fcr ein nahtloses Erlebnis.","robots":{"index":"index","follow":"follow","max-snippet":"max-snippet:-1","max-image-preview":"max-image-preview:large","max-video-preview":"max-video-preview:-1"},"canonical":"https:\/\/richrocketgame.com\/de\/terms-and-conditions\/","og_locale":"de_DE","og_type":"article","og_title":"Rich Rocket Game: Terms and Conditions","og_description":"Navigate Rich Rocket Game's terms with ease. From user responsibilities, content rights to privacy assurance, understand the standards ensuring a secure, harmonious gaming environment. Dive in for a seamless experience.","og_url":"https:\/\/richrocketgame.com\/de\/terms-and-conditions\/","og_site_name":"Rich Rocket Game","article_modified_time":"2023-09-25T17:41:08+00:00","twitter_card":"summary_large_image","twitter_misc":{"Gesch\u00e4tzte Lesezeit":"2\u00a0Minuten"},"schema":{"@context":"https:\/\/schema.org","@graph":[{"@type":"WebPage","@id":"https:\/\/richrocketgame.com\/terms-and-conditions\/","url":"https:\/\/richrocketgame.com\/terms-and-conditions\/","name":"Rich Rocket Spiel: Bedingungen und Konditionen","isPartOf":{"@id":"https:\/\/richrocketgame.com\/#website"},"datePublished":"2023-09-25T09:34:52+00:00","dateModified":"2023-09-25T17:41:08+00:00","description":"Navigieren Sie mit Leichtigkeit durch die Bedingungen von Rich Rocket Game. Von den Verantwortlichkeiten der Nutzer \u00fcber die Rechte an den Inhalten bis hin zur Gew\u00e4hrleistung des Datenschutzes - verstehen Sie die Standards, die eine sichere und harmonische Spielumgebung gew\u00e4hrleisten. Tauchen Sie ein f\u00fcr ein nahtloses Erlebnis.","breadcrumb":{"@id":"https:\/\/richrocketgame.com\/terms-and-conditions\/#breadcrumb"},"inLanguage":"de","potentialAction":[{"@type":"ReadAction","target":["https:\/\/richrocketgame.com\/terms-and-conditions\/"]}]},{"@type":"BreadcrumbList","@id":"https:\/\/richrocketgame.com\/terms-and-conditions\/#breadcrumb","itemListElement":[{"@type":"ListItem","position":1,"name":"\u0413\u043b\u0430\u0432\u043d\u0430\u044f \u0441\u0442\u0440\u0430\u043d\u0438\u0446\u0430","item":"https:\/\/richrocketgame.com\/"},{"@type":"ListItem","position":2,"name":"Terms and Conditions"}]},{"@type":"WebSite","@id":"https:\/\/richrocketgame.com\/#website","url":"https:\/\/richrocketgame.com\/","name":"Rich Rocket Spiel","description":"","publisher":{"@id":"https:\/\/richrocketgame.com\/#organization"},"potentialAction":[{"@type":"SearchAction","target":{"@type":"EntryPoint","urlTemplate":"https:\/\/richrocketgame.com\/?s={search_term_string}"},"query-input":{"@type":"PropertyValueSpecification","valueRequired":true,"valueName":"search_term_string"}}],"inLanguage":"de"},{"@type":"Organization","@id":"https:\/\/richrocketgame.com\/#organization","name":"Rich Rocket Spiel","url":"https:\/\/richrocketgame.com\/","logo":{"@type":"ImageObject","inLanguage":"de","@id":"https:\/\/richrocketgame.com\/#\/schema\/logo\/image\/","url":"https:\/\/richrocketgame.com\/wp-content\/uploads\/2022\/09\/Rich-Rocket-earning-app.png","contentUrl":"https:\/\/richrocketgame.com\/wp-content\/uploads\/2022\/09\/Rich-Rocket-earning-app.png","width":512,"height":512,"caption":"Rich Rocket Game"},"image":{"@id":"https:\/\/richrocketgame.com\/#\/schema\/logo\/image\/"}}]}},"_links":{"self":[{"href":"https:\/\/richrocketgame.com\/de\/wp-json\/wp\/v2\/pages\/302","targetHints":{"allow":["GET"]}}],"collection":[{"href":"https:\/\/richrocketgame.com\/de\/wp-json\/wp\/v2\/pages"}],"about":[{"href":"https:\/\/richrocketgame.com\/de\/wp-json\/wp\/v2\/types\/page"}],"author":[{"embeddable":true,"href":"https:\/\/richrocketgame.com\/de\/wp-json\/wp\/v2\/users\/2"}],"replies":[{"embeddable":true,"href":"https:\/\/richrocketgame.com\/de\/wp-json\/wp\/v2\/comments?post=302"}],"version-history":[{"count":0,"href":"https:\/\/richrocketgame.com\/de\/wp-json\/wp\/v2\/pages\/302\/revisions"}],"wp:attachment":[{"href":"https:\/\/richrocketgame.com\/de\/wp-json\/wp\/v2\/media?parent=302"}],"curies":[{"name":"wp","href":"https:\/\/api.w.org\/{rel}","templated":true}]}}