{"id":292,"date":"2023-09-25T12:06:19","date_gmt":"2023-09-25T09:06:19","guid":{"rendered":"https:\/\/richrocketgame.com\/?page_id=292"},"modified":"2023-09-25T20:40:56","modified_gmt":"2023-09-25T17:40:56","slug":"cookies-policy","status":"publish","type":"page","link":"https:\/\/richrocketgame.com\/de\/cookies-policy\/","title":{"rendered":"Cookie-Richtlinie"},"content":{"rendered":"<div class=\"fpm_start\"><\/div>\n<p>Tauchen Sie bei Rich Rocket Game in das facettenreiche Reich der Cookies ein. Unser Leitfaden erl\u00e4utert die unz\u00e4hligen Arten von Cookies, die verwendet werden, und beleuchtet ihre zentrale Rolle bei der Verbesserung Ihrer Online-Reise. Durchqueren Sie dieses Cookie-Labyrinth und wappnen Sie sich mit dem Wissen, das Sie brauchen, um Ihr Surfverhalten zu kontrollieren und zu optimieren.<\/p>\n<div id=\"ez-toc-container\" class=\"ez-toc-v2_0_62 counter-hierarchy ez-toc-counter ez-toc-grey ez-toc-container-direction\">\n<div class=\"ez-toc-title-container\">\n<p class=\"ez-toc-title\" >Inhaltsverzeichnis<\/p>\n<span class=\"ez-toc-title-toggle\"><a href=\"#\" class=\"ez-toc-pull-right ez-toc-btn ez-toc-btn-xs ez-toc-btn-default ez-toc-toggle\" aria-label=\"Inhaltsverzeichnis umschalten\"><span class=\"ez-toc-js-icon-con\"><span class=\"\"><span class=\"eztoc-hide\" style=\"display:none;\">Umschalten<\/span><span class=\"ez-toc-icon-toggle-span\"><svg style=\"fill: #999;color:#999\" xmlns=\"http:\/\/www.w3.org\/2000\/svg\" class=\"list-377408\" width=\"20px\" height=\"20px\" viewbox=\"0 0 24 24\" fill=\"none\"><path d=\"M6 6H4v2h2V6zm14 0H8v2h12V6zM4 11h2v2H4v-2zm16 0H8v2h12v-2zM4 16h2v2H4v-2zm16 0H8v2h12v-2z\" fill=\"currentColor\"><\/path><\/svg><svg style=\"fill: #999;color:#999\" class=\"arrow-unsorted-368013\" xmlns=\"http:\/\/www.w3.org\/2000\/svg\" width=\"10px\" height=\"10px\" viewbox=\"0 0 24 24\" version=\"1.2\" baseprofile=\"tiny\"><path d=\"M18.2 9.3l-6.2-6.3-6.2 6.3c-.2.2-.3.4-.3.7s.1.5.3.7c.2.2.4.3.7.3h11c.3 0 .5-.1.7-.3.2-.2.3-.5.3-.7s-.1-.5-.3-.7zM5.8 14.7l6.2 6.3 6.2-6.3c.2-.2.3-.5.3-.7s-.1-.5-.3-.7c-.2-.2-.4-.3-.7-.3h-11c-.3 0-.5.1-.7.3-.2.2-.3.5-.3.7s.1.5.3.7z\"\/><\/svg><\/span><\/span><\/span><\/a><\/span><\/div>\n<nav><ul class='ez-toc-list ez-toc-list-level-1 eztoc-toggle-hide-by-default' ><li class='ez-toc-page-1 ez-toc-heading-level-2'><a class=\"ez-toc-link ez-toc-heading-1\" href=\"https:\/\/richrocketgame.com\/de\/cookies-policy\/#Rich_Rocket_Game_The_Cookie_Conundrum\" title=\"Rich Rocket Spiel &amp; Das Keksr\u00e4tsel\">Rich Rocket Spiel &amp; Das Keksr\u00e4tsel<\/a><\/li><li class='ez-toc-page-1 ez-toc-heading-level-2'><a class=\"ez-toc-link ez-toc-heading-2\" href=\"https:\/\/richrocketgame.com\/de\/cookies-policy\/#Cookie_Chronicles_The_What_and_Why\" title=\"Die Keks-Chronik: Das Was und Warum\">Die Keks-Chronik: Das Was und Warum<\/a><\/li><li class='ez-toc-page-1 ez-toc-heading-level-2'><a class=\"ez-toc-link ez-toc-heading-3\" href=\"https:\/\/richrocketgame.com\/de\/cookies-policy\/#Deploying_Cookies_at_Rich_Rocket_Game\" title=\"Einsatz von Cookies beim Rich Rocket-Spiel\">Einsatz von Cookies beim Rich Rocket-Spiel<\/a><\/li><li class='ez-toc-page-1 ez-toc-heading-level-2'><a class=\"ez-toc-link ez-toc-heading-4\" href=\"https:\/\/richrocketgame.com\/de\/cookies-policy\/#Associating_with_Third-party_Cookies\" title=\"Assoziierung mit Cookies von Drittanbietern\">Assoziierung mit Cookies von Drittanbietern<\/a><\/li><li class='ez-toc-page-1 ez-toc-heading-level-2'><a class=\"ez-toc-link ez-toc-heading-5\" href=\"https:\/\/richrocketgame.com\/de\/cookies-policy\/#Mastering_Your_Cookie_Destiny\" title=\"Ihr Keks-Schicksal meistern\">Ihr Keks-Schicksal meistern<\/a><\/li><\/ul><\/nav><\/div>\n<h2><span class=\"ez-toc-section\" id=\"Rich_Rocket_Game_The_Cookie_Conundrum\"><\/span><strong>Rich Rocket Spiel &amp; Das Keksr\u00e4tsel<\/strong><span class=\"ez-toc-section-end\"><\/span><\/h2>\n<p>Im Herzen von Rich Rocket Game verwenden wir kleine Datenpakete, die gemeinhin als Cookies bezeichnet werden, um die Benutzererfahrung nahtlos mit den Kernfunktionen unserer Website zu verbinden. Ihre Interaktion mit unserem Portal bedeutet eine implizite Zustimmung zu unserem Cookie-Einsatz. Dieser Leitfaden beleuchtet die Natur von Cookies, ihre Anwendung, die Zugeh\u00f6rigkeit zu Dritten und umfassende Strategien, um Ihre Cookie-Entscheidungen zu steuern.<\/p>\n<h2><span class=\"ez-toc-section\" id=\"Cookie_Chronicles_The_What_and_Why\"><\/span><strong>Die Keks-Chronik: Das Was und Warum<\/strong><span class=\"ez-toc-section-end\"><\/span><\/h2>\n<p>Cookies sind kurze Textfragmente, die von einem Webportal \u00fcbermittelt werden und die Ihr Browser archiviert. Dieses digitale Relikt dient als Identifizierungsmerkmal, das Ihre aufeinanderfolgenden Besuche verfeinert, die Effizienz der Website verbessert und benutzerspezifische Inhalte anpasst. Erstere werden in dauerhafte und Sitzungs-Cookies unterteilt, wobei erstere auch nach der Sitzung bestehen bleiben, w\u00e4hrend letztere nach dem Surfen verschwinden.<\/p>\n<h2><span class=\"ez-toc-section\" id=\"Deploying_Cookies_at_Rich_Rocket_Game\"><\/span><strong>Einsatz von Cookies beim Rich Rocket-Spiel<\/strong><span class=\"ez-toc-section-end\"><\/span><\/h2>\n<p>Unsere Strategie setzt Cookies ein, um:<\/p>\n<ol>\n<li><strong>Aktivieren von Integralfunktionen<\/strong>: Unterst\u00fctzung der grundlegenden Website-Abl\u00e4ufe, Gew\u00e4hrleistung einer sicheren Nutzeridentifizierung und Bek\u00e4mpfung von Kontobetrug.<\/li>\n<li><strong>Analysieren &amp; Verfeinern<\/strong>: Nutzung von Analyse-Cookies, um die Interaktionen auf der Website zu untersuchen und den Weg f\u00fcr iterative Verbesserungen und die Einf\u00fchrung innovativer Funktionen zu ebnen.<\/li>\n<li><strong>Anzeigenpersonalisierung<\/strong>: Beschaffung von Werbe-Cookies von Drittanbietern, Zusammenstellung von Anzeigen, die mit Ihrer digitalen Spur \u00fcbereinstimmen, Kapselung der besuchten Seiten und angeklickten Links.<\/li>\n<\/ol>\n<h2><span class=\"ez-toc-section\" id=\"Associating_with_Third-party_Cookies\"><\/span><strong>Assoziierung mit Cookies von Drittanbietern<\/strong><span class=\"ez-toc-section-end\"><\/span><\/h2>\n<p>\u00dcber unsere eigenen Cookies hinaus arbeitet Rich Rocket Game mit angesehenen Drittanbietern zusammen, um komplexe Nutzungsdaten zu erfassen, strategische Werbung zu verbreiten und nutzerorientierte Angebote zu verfeinern.<\/p>\n<h2><span class=\"ez-toc-section\" id=\"Mastering_Your_Cookie_Destiny\"><\/span><strong>Ihr Keks-Schicksal meistern<\/strong><span class=\"ez-toc-section-end\"><\/span><\/h2>\n<p>Erleichtern Sie Ihr Surfen, indem Sie Cookies \u00fcber die entsprechenden Einstellungen Ihres Browsers verwalten. Navigieren Sie zum Hilfesegment Ihres Browsers, um eine schrittweise Anleitung zu erhalten. Denken Sie daran, dass die Einschr\u00e4nkung bestimmter Cookies bestimmte Funktionen beeintr\u00e4chtigen kann, was die Anzeige der Website und die Benutzerfreundlichkeit beeintr\u00e4chtigen kann.<\/p><script data-noptimize=\"\" data-wpfc-render=\"false\">\n\/* <![CDATA[ *\/\nfpm_start( \"true\" );\n\/* ]]> *\/\n<\/script>\n\n<div class=\"fpm_end\"><\/div>\n<div class=\"author-card author-card--top\"><img alt='Avatar-Foto' src='https:\/\/richrocketgame.com\/wp-content\/uploads\/2023\/03\/Paulo-Dornelas-130x130.jpg' srcset='https:\/\/richrocketgame.com\/wp-content\/uploads\/2023\/03\/Paulo-Dornelas-260x260.jpg 2x' class='avatar avatar-130 photo author-image' height='130' width='130' \/><div class=\"author-content text-md-center\"><span class=\"author-title\">Autor<\/span><a href=\"https:\/\/richrocketgame.com\/de\/author\/paulo-dornelas\/\" class=\"author-name\">Paulo Dornelas<\/a><p class=\"author__details\">Paulo Dornelas ist ein Gl\u00fccksspiel-Experte, der sein Leben dem Verst\u00e4ndnis der Branche gewidmet hat und anderen hilft, damit Geld zu verdienen. Er ist auch ein begeisterter Reisender und liebt es, neue Orte zu erkunden. Paulos Wissen \u00fcber Gl\u00fccksspiele und seine Leidenschaft f\u00fcr Reisen machen ihn zum perfekten Ratgeber f\u00fcr alle, die mit Sportwetten oder Casinospielen ernsthafte Gewinne erzielen m\u00f6chten.<\/p><\/div><!-- \/.author-content --><\/div>","protected":false},"excerpt":{"rendered":"<p>Tauchen Sie bei Rich Rocket Game in die vielf\u00e4ltige Welt der Cookies ein. Unser Leitfaden erkl\u00e4rt die unz\u00e4hligen Arten von Cookies, die verwendet werden, und beleuchtet ihre entscheidende Rolle bei der Verbesserung Ihrer Online-Reise. Durchqueren Sie dieses Cookie-Labyrinth und r\u00fcsten Sie sich mit dem Wissen aus, mit dem Sie Ihre Surfpr\u00e4ferenzen steuern und optimieren k\u00f6nnen. Rich Rocket-Spiel und das Cookie-R\u00e4tsel Im Herzen [\u2026]<\/p>","protected":false},"author":2,"featured_media":0,"parent":0,"menu_order":0,"comment_status":"closed","ping_status":"closed","template":"","meta":{"footnotes":""},"class_list":["post-292","page","type-page","status-publish","hentry"],"yoast_head":"<!-- This site is optimized with the Yoast SEO plugin v26.7 - https:\/\/yoast.com\/wordpress\/plugins\/seo\/ -->\n<title>Rich Rocket Game: Comprehensive Cookie Policy Guide<\/title>\n<meta name=\"description\" content=\"Explore Rich Rocket Game&#039;s detailed cookie policy. Understand their types, usage, and your control options. Ensuring a transparent, enhanced browsing experience.\" \/>\n<meta name=\"robots\" content=\"index, follow, max-snippet:-1, max-image-preview:large, max-video-preview:-1\" \/>\n<link rel=\"canonical\" href=\"https:\/\/richrocketgame.com\/de\/cookies-policy\/\" \/>\n<meta property=\"og:locale\" content=\"de_DE\" \/>\n<meta property=\"og:type\" content=\"article\" \/>\n<meta property=\"og:title\" content=\"Rich Rocket Game: Comprehensive Cookie Policy Guide\" \/>\n<meta property=\"og:description\" content=\"Explore Rich Rocket Game&#039;s detailed cookie policy. Understand their types, usage, and your control options. Ensuring a transparent, enhanced browsing experience.\" \/>\n<meta property=\"og:url\" content=\"https:\/\/richrocketgame.com\/de\/cookies-policy\/\" \/>\n<meta property=\"og:site_name\" content=\"Rich Rocket Game\" \/>\n<meta property=\"article:modified_time\" content=\"2023-09-25T17:40:56+00:00\" \/>\n<meta name=\"twitter:card\" content=\"summary_large_image\" \/>\n<meta name=\"twitter:label1\" content=\"Gesch\u00e4tzte Lesezeit\" \/>\n\t<meta name=\"twitter:data1\" content=\"2\u00a0Minuten\" \/>\n<!-- \/ Yoast SEO plugin. -->","yoast_head_json":{"title":"Rich Rocket Spiel: Umfassender Leitfaden zur Cookie-Richtlinie","description":"Entdecken Sie die detaillierte Cookie-Richtlinie von Rich Rocket Game. Verstehen Sie deren Arten, Verwendung und Ihre Kontrollm\u00f6glichkeiten. F\u00fcr ein transparentes, verbessertes Browsing-Erlebnis.","robots":{"index":"index","follow":"follow","max-snippet":"max-snippet:-1","max-image-preview":"max-image-preview:large","max-video-preview":"max-video-preview:-1"},"canonical":"https:\/\/richrocketgame.com\/de\/cookies-policy\/","og_locale":"de_DE","og_type":"article","og_title":"Rich Rocket Game: Comprehensive Cookie Policy Guide","og_description":"Explore Rich Rocket Game's detailed cookie policy. Understand their types, usage, and your control options. Ensuring a transparent, enhanced browsing experience.","og_url":"https:\/\/richrocketgame.com\/de\/cookies-policy\/","og_site_name":"Rich Rocket Game","article_modified_time":"2023-09-25T17:40:56+00:00","twitter_card":"summary_large_image","twitter_misc":{"Gesch\u00e4tzte Lesezeit":"2\u00a0Minuten"},"schema":{"@context":"https:\/\/schema.org","@graph":[{"@type":"WebPage","@id":"https:\/\/richrocketgame.com\/cookies-policy\/","url":"https:\/\/richrocketgame.com\/cookies-policy\/","name":"Rich Rocket Spiel: Umfassender Leitfaden zur Cookie-Richtlinie","isPartOf":{"@id":"https:\/\/richrocketgame.com\/#website"},"datePublished":"2023-09-25T09:06:19+00:00","dateModified":"2023-09-25T17:40:56+00:00","description":"Entdecken Sie die detaillierte Cookie-Richtlinie von Rich Rocket Game. Verstehen Sie deren Arten, Verwendung und Ihre Kontrollm\u00f6glichkeiten. F\u00fcr ein transparentes, verbessertes Browsing-Erlebnis.","breadcrumb":{"@id":"https:\/\/richrocketgame.com\/cookies-policy\/#breadcrumb"},"inLanguage":"de","potentialAction":[{"@type":"ReadAction","target":["https:\/\/richrocketgame.com\/cookies-policy\/"]}]},{"@type":"BreadcrumbList","@id":"https:\/\/richrocketgame.com\/cookies-policy\/#breadcrumb","itemListElement":[{"@type":"ListItem","position":1,"name":"\u0413\u043b\u0430\u0432\u043d\u0430\u044f \u0441\u0442\u0440\u0430\u043d\u0438\u0446\u0430","item":"https:\/\/richrocketgame.com\/"},{"@type":"ListItem","position":2,"name":"Cookie Policy"}]},{"@type":"WebSite","@id":"https:\/\/richrocketgame.com\/#website","url":"https:\/\/richrocketgame.com\/","name":"Rich Rocket Spiel","description":"","publisher":{"@id":"https:\/\/richrocketgame.com\/#organization"},"potentialAction":[{"@type":"SearchAction","target":{"@type":"EntryPoint","urlTemplate":"https:\/\/richrocketgame.com\/?s={search_term_string}"},"query-input":{"@type":"PropertyValueSpecification","valueRequired":true,"valueName":"search_term_string"}}],"inLanguage":"de"},{"@type":"Organization","@id":"https:\/\/richrocketgame.com\/#organization","name":"Rich Rocket Spiel","url":"https:\/\/richrocketgame.com\/","logo":{"@type":"ImageObject","inLanguage":"de","@id":"https:\/\/richrocketgame.com\/#\/schema\/logo\/image\/","url":"https:\/\/richrocketgame.com\/wp-content\/uploads\/2022\/09\/Rich-Rocket-earning-app.png","contentUrl":"https:\/\/richrocketgame.com\/wp-content\/uploads\/2022\/09\/Rich-Rocket-earning-app.png","width":512,"height":512,"caption":"Rich Rocket Game"},"image":{"@id":"https:\/\/richrocketgame.com\/#\/schema\/logo\/image\/"}}]}},"_links":{"self":[{"href":"https:\/\/richrocketgame.com\/de\/wp-json\/wp\/v2\/pages\/292","targetHints":{"allow":["GET"]}}],"collection":[{"href":"https:\/\/richrocketgame.com\/de\/wp-json\/wp\/v2\/pages"}],"about":[{"href":"https:\/\/richrocketgame.com\/de\/wp-json\/wp\/v2\/types\/page"}],"author":[{"embeddable":true,"href":"https:\/\/richrocketgame.com\/de\/wp-json\/wp\/v2\/users\/2"}],"replies":[{"embeddable":true,"href":"https:\/\/richrocketgame.com\/de\/wp-json\/wp\/v2\/comments?post=292"}],"version-history":[{"count":0,"href":"https:\/\/richrocketgame.com\/de\/wp-json\/wp\/v2\/pages\/292\/revisions"}],"wp:attachment":[{"href":"https:\/\/richrocketgame.com\/de\/wp-json\/wp\/v2\/media?parent=292"}],"curies":[{"name":"wp","href":"https:\/\/api.w.org\/{rel}","templated":true}]}}