{"id":129,"date":"2023-02-14T21:04:36","date_gmt":"2023-02-14T18:04:36","guid":{"rendered":"https:\/\/richrocketgame.com\/?page_id=129"},"modified":"2024-04-12T13:43:29","modified_gmt":"2024-04-12T10:43:29","slug":"rich-rocket-demo-game","status":"publish","type":"page","link":"https:\/\/richrocketgame.com\/de\/rich-rocket-demo-game\/","title":{"rendered":"Rich Rocket Demo-Spiel"},"content":{"rendered":"<div class=\"fpm_start\"><\/div>\n<p>Rich Rocket vom Softwareanbieter Lucky Elephant ist das perfekte Automatenspiel f\u00fcr alle, die ein aufregendes und spannendes Spielerlebnis suchen. Mit einer RTP-Rate von 96,30% und gro\u00dfz\u00fcgigen Auszahlungsm\u00f6glichkeiten ist diese Version aus dem Jahr 2020 ein Favorit unter vielen indischen Spielern, die das 4rabet Casino als ihre erste Unterhaltungsquelle w\u00e4hlen. Was dieses Spiel noch einzigartiger macht, ist die Jackpot Safe-Funktion, die den Spielern einen zus\u00e4tzlichen Vorteil bietet, wenn sie ihr Gl\u00fcck versuchen!<br \/>\n<iframe style=\"overflow: hidden; display: block; width: 100%; height: 691px; border: none; margin: 0px auto;\" src=\"https:\/\/gamicorp.com\/api\/wrapper\/MThwUE0KP5TkVgJiOHNt6ObZJJ7bAMTlteTXMFkH1lPOu9iBwHG8LyqUYzrVvu84LbtkLKbpZtchjQGqupXB8uEB9mlIRYaWkrNUgsQkzm1C23RqJgfMlZRyUPnpmjxv\" frameborder=\"0\" scrolling=\"no\" allowfullscreen=\"allowfullscreen\"><span data-mce-type=\"bookmark\" style=\"display: inline-block; width: 0px; overflow: hidden; line-height: 0;\" class=\"mce_SELRES_start\">.<\/span><\/iframe><\/p>\n<div style=\"text-align: center;\"><a class=\"glow-button\" href=\"\/de\/go\/registration\/\">Spielen Sie Rich Rocket um echtes Geld \ud83d\ude80<\/a><\/div>\n<div id=\"ez-toc-container\" class=\"ez-toc-v2_0_62 counter-hierarchy ez-toc-counter ez-toc-grey ez-toc-container-direction\">\n<div class=\"ez-toc-title-container\">\n<p class=\"ez-toc-title\" >Inhaltsverzeichnis<\/p>\n<span class=\"ez-toc-title-toggle\"><a href=\"#\" class=\"ez-toc-pull-right ez-toc-btn ez-toc-btn-xs ez-toc-btn-default ez-toc-toggle\" aria-label=\"Inhaltsverzeichnis umschalten\"><span class=\"ez-toc-js-icon-con\"><span class=\"\"><span class=\"eztoc-hide\" style=\"display:none;\">Umschalten<\/span><span class=\"ez-toc-icon-toggle-span\"><svg style=\"fill: #999;color:#999\" xmlns=\"http:\/\/www.w3.org\/2000\/svg\" class=\"list-377408\" width=\"20px\" height=\"20px\" viewbox=\"0 0 24 24\" fill=\"none\"><path d=\"M6 6H4v2h2V6zm14 0H8v2h12V6zM4 11h2v2H4v-2zm16 0H8v2h12v-2zM4 16h2v2H4v-2zm16 0H8v2h12v-2z\" fill=\"currentColor\"><\/path><\/svg><svg style=\"fill: #999;color:#999\" class=\"arrow-unsorted-368013\" xmlns=\"http:\/\/www.w3.org\/2000\/svg\" width=\"10px\" height=\"10px\" viewbox=\"0 0 24 24\" version=\"1.2\" baseprofile=\"tiny\"><path d=\"M18.2 9.3l-6.2-6.3-6.2 6.3c-.2.2-.3.4-.3.7s.1.5.3.7c.2.2.4.3.7.3h11c.3 0 .5-.1.7-.3.2-.2.3-.5.3-.7s-.1-.5-.3-.7zM5.8 14.7l6.2 6.3 6.2-6.3c.2-.2.3-.5.3-.7s-.1-.5-.3-.7c-.2-.2-.4-.3-.7-.3h-11c-.3 0-.5.1-.7.3-.2.2-.3.5-.3.7s.1.5.3.7z\"\/><\/svg><\/span><\/span><\/span><\/a><\/span><\/div>\n<nav><ul class='ez-toc-list ez-toc-list-level-1 eztoc-toggle-hide-by-default' ><li class='ez-toc-page-1 ez-toc-heading-level-2'><a class=\"ez-toc-link ez-toc-heading-1\" href=\"https:\/\/richrocketgame.com\/de\/rich-rocket-demo-game\/#What_you_need_to_know_about_Rich_Rocket_Demo\" title=\"Was m\u00fcssen Sie \u00fcber Rich Rocket Demo wissen?\">Was m\u00fcssen Sie \u00fcber Rich Rocket Demo wissen?<\/a><\/li><li class='ez-toc-page-1 ez-toc-heading-level-2'><a class=\"ez-toc-link ez-toc-heading-2\" href=\"https:\/\/richrocketgame.com\/de\/rich-rocket-demo-game\/#Benefits_of_Free_Play_Rick_Rocket_Version\" title=\"Vorteile der Freispiel-Rick-Rocket-Version\">Vorteile der Freispiel-Rick-Rocket-Version<\/a><\/li><li class='ez-toc-page-1 ez-toc-heading-level-2'><a class=\"ez-toc-link ez-toc-heading-3\" href=\"https:\/\/richrocketgame.com\/de\/rich-rocket-demo-game\/#Where_can_you_play_at_Rich_Rocket_Demo\" title=\"Wo k\u00f6nnen Sie bei Rich Rocket Demo spielen?\">Wo k\u00f6nnen Sie bei Rich Rocket Demo spielen?<\/a><\/li><li class='ez-toc-page-1 ez-toc-heading-level-2'><a class=\"ez-toc-link ez-toc-heading-4\" href=\"https:\/\/richrocketgame.com\/de\/rich-rocket-demo-game\/#FAQ\" title=\"FAQ\">FAQ<\/a><ul class='ez-toc-list-level-3' ><li class='ez-toc-heading-level-3'><a class=\"ez-toc-link ez-toc-heading-5\" href=\"https:\/\/richrocketgame.com\/de\/rich-rocket-demo-game\/#Is_Rich_Rocket_Demo_available_to_play_in_India\" title=\"Ist die Rich Rocket-Demo in Indien spielbar?\">Ist die Rich Rocket-Demo in Indien spielbar?<\/a><\/li><li class='ez-toc-page-1 ez-toc-heading-level-3'><a class=\"ez-toc-link ez-toc-heading-6\" href=\"https:\/\/richrocketgame.com\/de\/rich-rocket-demo-game\/#Are_there_any_differences_between_the_demo_and_paid_versions_of_this_game\" title=\"Gibt es Unterschiede zwischen der Demoversion und der kostenpflichtigen Version dieses Spiels?\">Gibt es Unterschiede zwischen der Demoversion und der kostenpflichtigen Version dieses Spiels?<\/a><\/li><li class='ez-toc-page-1 ez-toc-heading-level-3'><a class=\"ez-toc-link ez-toc-heading-7\" href=\"https:\/\/richrocketgame.com\/de\/rich-rocket-demo-game\/#What_are_the_benefits_of_playing_this_game_in_demo_mode\" title=\"Welche Vorteile hat es, dieses Spiel im Demomodus zu spielen?\">Welche Vorteile hat es, dieses Spiel im Demomodus zu spielen?<\/a><\/li><\/ul><\/li><\/ul><\/nav><\/div>\n<h2><span class=\"ez-toc-section\" id=\"What_you_need_to_know_about_Rich_Rocket_Demo\"><\/span>Was m\u00fcssen Sie \u00fcber Rich Rocket Demo wissen?<span class=\"ez-toc-section-end\"><\/span><\/h2>\n<p>Wenn Sie <a href=\"https:\/\/richrocketgame.com\/de\/\">Rich Rocket spielen<\/a> in einem lizenzierten Online-Casino k\u00f6nnen Sie das Spiel ausprobieren, ohne Geld zu riskieren; dies hilft Ihnen, sich mit dem Slot vertraut zu machen und Taktiken und Strategien zu entwickeln. Die kostenlose Version ist v\u00f6llig identisch mit dem kostenpflichtigen Pendant, nur dass es beim kostenlosen Spiel keine Geldpreise gibt. Das macht es einfacher zu erkennen, welche Eins\u00e4tze erfolgreich waren, da virtuelles Geld eingesetzt wird, unabh\u00e4ngig davon, ob sie gewinnen oder nicht - so k\u00f6nnen die Spieler ihre F\u00e4higkeiten risikofrei \u00fcben!<\/p>\n<div id=\"attachment_133\" style=\"width: 994px\" class=\"wp-caption aligncenter\"><a href=\"https:\/\/richrocketgame.com\/de\/go\/registration\/\"><img decoding=\"async\" aria-describedby=\"caption-attachment-133\" class=\"wp-image-133 size-large\" title=\"Rich Rocket Demo\" src=\"https:\/\/richrocketgame.com\/wp-content\/uploads\/2023\/02\/Rich-Rocket-Demo-1024x260.png\" alt=\"Rich Rocket Demo\" width=\"994\" height=\"252\" srcset=\"https:\/\/richrocketgame.com\/wp-content\/uploads\/2023\/02\/Rich-Rocket-Demo-1024x260.png 1024w, https:\/\/richrocketgame.com\/wp-content\/uploads\/2023\/02\/Rich-Rocket-Demo-300x76.png 300w, https:\/\/richrocketgame.com\/wp-content\/uploads\/2023\/02\/Rich-Rocket-Demo-768x195.png 768w, https:\/\/richrocketgame.com\/wp-content\/uploads\/2023\/02\/Rich-Rocket-Demo-18x5.png 18w, https:\/\/richrocketgame.com\/wp-content\/uploads\/2023\/02\/Rich-Rocket-Demo-158x40.png 158w, https:\/\/richrocketgame.com\/wp-content\/uploads\/2023\/02\/Rich-Rocket-Demo-126x32.png 126w, https:\/\/richrocketgame.com\/wp-content\/uploads\/2023\/02\/Rich-Rocket-Demo-315x80.png 315w, https:\/\/richrocketgame.com\/wp-content\/uploads\/2023\/02\/Rich-Rocket-Demo-532x135.png 532w, https:\/\/richrocketgame.com\/wp-content\/uploads\/2023\/02\/Rich-Rocket-Demo.png 1414w\" sizes=\"(max-width: 994px) 100vw, 994px\" \/><\/a><p id=\"caption-attachment-133\" class=\"wp-caption-text\">Rich Rocket Demo<\/p><\/div>\n<p>Mit der kostenpflichtigen Version dieses Spiels k\u00f6nnen Sie Ihre Erfolgschancen erh\u00f6hen, indem Sie Wetten platzieren und gewinnen. Ob auf einem Computer oder durch das Herunterladen von Casinospielen direkt auf Ihr Smartphone, Sie haben jederzeit und \u00fcberall Zugang!<\/p>\n<div style=\"text-align: center;\"><a class=\"glow-button\" href=\"\/de\/go\/registration\/\">Spielen Sie das Rich Rocket-Spiel \ud83d\ude80<\/a><\/div>\n<h2><span class=\"ez-toc-section\" id=\"Benefits_of_Free_Play_Rick_Rocket_Version\"><\/span>Vorteile der Freispiel-Rick-Rocket-Version<span class=\"ez-toc-section-end\"><\/span><\/h2>\n<p>Die Rich Rocket Free Demo ist eine gro\u00dfartige M\u00f6glichkeit f\u00fcr neue und erfahrene Spieler, ihre Spielf\u00e4higkeiten zu \u00fcben. Ohne das Risiko, Geld zu verlieren, k\u00f6nnen die Spieler verschiedene Strategien ausprobieren, die beim Spielen mit echtem Geld von Vorteil sein k\u00f6nnten. Dar\u00fcber hinaus erm\u00f6glicht diese Version des Spiels, alle Funktionen und Boni von Rich Rocket zu erkunden, ohne Geld ausgeben zu m\u00fcssen. Dies hilft den Spielern, sich gut zu informieren und erh\u00f6ht zweifellos ihre Erfolgschancen, wenn sie mit echten Eins\u00e4tzen spielen.<\/p>\n<div id=\"attachment_134\" style=\"width: 780px\" class=\"wp-caption aligncenter\"><a href=\"https:\/\/richrocketgame.com\/de\/go\/registration\/\"><img decoding=\"async\" aria-describedby=\"caption-attachment-134\" class=\"wp-image-134\" title=\"Rich Rocket Freies Spiel\" src=\"https:\/\/richrocketgame.com\/wp-content\/uploads\/2023\/02\/Rich-Rocket-Free-Play.png\" alt=\"Rich Rocket Freies Spiel\" width=\"780\" height=\"525\" srcset=\"https:\/\/richrocketgame.com\/wp-content\/uploads\/2023\/02\/Rich-Rocket-Free-Play.png 826w, https:\/\/richrocketgame.com\/wp-content\/uploads\/2023\/02\/Rich-Rocket-Free-Play-300x202.png 300w, https:\/\/richrocketgame.com\/wp-content\/uploads\/2023\/02\/Rich-Rocket-Free-Play-768x517.png 768w, https:\/\/richrocketgame.com\/wp-content\/uploads\/2023\/02\/Rich-Rocket-Free-Play-18x12.png 18w, https:\/\/richrocketgame.com\/wp-content\/uploads\/2023\/02\/Rich-Rocket-Free-Play-59x40.png 59w, https:\/\/richrocketgame.com\/wp-content\/uploads\/2023\/02\/Rich-Rocket-Free-Play-48x32.png 48w, https:\/\/richrocketgame.com\/wp-content\/uploads\/2023\/02\/Rich-Rocket-Free-Play-119x80.png 119w, https:\/\/richrocketgame.com\/wp-content\/uploads\/2023\/02\/Rich-Rocket-Free-Play-201x135.png 201w\" sizes=\"(max-width: 780px) 100vw, 780px\" \/><\/a><p id=\"caption-attachment-134\" class=\"wp-caption-text\">Rich Rocket Freies Spiel<\/p><\/div>\n<p>Au\u00dferdem ist es, wie bereits erw\u00e4hnt, immer ratsam, ein Casinospiel auszuprobieren, bevor man sein hart verdientes Geld investiert - und die Rich Rocket-Demoversion erlaubt es den Spielern, dies zu tun. Und wenn sie sich bereit f\u00fchlen, k\u00f6nnen sie direkt in die kostenpflichtige Version einsteigen und um echtes Geld spielen!<\/p>\n<div style=\"text-align: center;\"><a class=\"glow-button\" href=\"\/de\/go\/registration\/\">\ud83d\ude80 Spielen Sie Rich Rocket<\/a><\/div>\n<h2><span class=\"ez-toc-section\" id=\"Where_can_you_play_at_Rich_Rocket_Demo\"><\/span>Wo k\u00f6nnen Sie bei Rich Rocket Demo spielen?<span class=\"ez-toc-section-end\"><\/span><\/h2>\n<p><a href=\"https:\/\/richrocketgame.com\/de\/play-rich-rocket-parimatch-casino\/\">Parimatch<\/a> und <a href=\"https:\/\/richrocketgame.com\/de\/play-rich-rocket-4rabet-casino\/\">4rabet Kasino<\/a> sind zwei der beliebtesten Online-Casinos in Indien und bieten eine breite Palette an Spielerfahrungen. In beiden Casinos steht die Rich Rocket-Demoversion zur Verf\u00fcgung, die es den Spielern erm\u00f6glicht, dieses aufregende Spiel ohne Risiko zu erleben. Mit der Demoversion k\u00f6nnen die Spieler verschiedene Strategien und Taktiken ausprobieren, bevor sie sich entscheiden, ob sie um echtes Geld spielen m\u00f6chten oder nicht.<\/p><script data-noptimize=\"\" data-wpfc-render=\"false\">\n\/* <![CDATA[ *\/\nfpm_start( \"true\" );\n\/* ]]> *\/\n<\/script>\n\n<div style=\"text-align: center;\"><a class=\"glow-button\" href=\"\/de\/go\/registration\/\">Spielen Sie Rich Rocket um echtes Geld \ud83d\udcb0<\/a><\/div>\n<h2><span class=\"ez-toc-section\" id=\"FAQ\"><\/span>FAQ<span class=\"ez-toc-section-end\"><\/span><\/h2>\n        <section class=\"sc_fs_faq sc_card\">\n            <div>\n\t\t\t\t<h3><span class=\"ez-toc-section\" id=\"Is_Rich_Rocket_Demo_available_to_play_in_India\"><\/span>Ist die Rich Rocket-Demo in Indien spielbar?<span class=\"ez-toc-section-end\"><\/span><\/h3>                <div>\n\t\t\t\t\t                    <p>\n\t\t\t\t\t\tJa, sowohl Parimatch als auch 4rabet Casino bieten ihren Spielern die Rich Rocket-Demoversion an. Auf diese Weise k\u00f6nnen die Benutzer ihre F\u00e4higkeiten \u00fcben, ohne das Risiko, Geld zu verlieren.                    <\/p>\n                <\/div>\n            <\/div>\n        <\/section>\n\t\t        <section class=\"sc_fs_faq sc_card\">\n            <div>\n\t\t\t\t<h3><span class=\"ez-toc-section\" id=\"Are_there_any_differences_between_the_demo_and_paid_versions_of_this_game\"><\/span>Gibt es Unterschiede zwischen der Demoversion und der kostenpflichtigen Version dieses Spiels?<span class=\"ez-toc-section-end\"><\/span><\/h3>                <div>\n\t\t\t\t\t                    <p>\n\t\t\t\t\t\tDie Demoversion von Rich Rocket ist v\u00f6llig identisch mit dem kostenpflichtigen Gegenst\u00fcck, mit der Ausnahme, dass es beim kostenlosen Spiel keine Geldpreise gibt. Dies erm\u00f6glicht es den Spielern, ihre Spielf\u00e4higkeiten ohne finanzielles Risiko zu \u00fcben.                    <\/p>\n                <\/div>\n            <\/div>\n        <\/section>\n\t\t        <section class=\"sc_fs_faq sc_card\">\n            <div>\n\t\t\t\t<h3><span class=\"ez-toc-section\" id=\"What_are_the_benefits_of_playing_this_game_in_demo_mode\"><\/span>Welche Vorteile hat es, dieses Spiel im Demomodus zu spielen?<span class=\"ez-toc-section-end\"><\/span><\/h3>                <div>\n\t\t\t\t\t                    <p>\n\t\t\t\t\t\tDas Spielen der Rich Rocket-Demo hilft Benutzern, ihre Spielf\u00e4higkeiten zu \u00fcben und sich mit dem Spiel vertraut zu machen. Es gibt ihnen auch die M\u00f6glichkeit, alle Funktionen und Boni in Rich Rocket zu erkunden, ohne dass sie Geld ausgeben m\u00fcssen.                    <\/p>\n                <\/div>\n            <\/div>\n        <\/section>\n\t\t\n<script type=\"application\/ld+json\">{\n    \"@context\": \"https:\\\/\\\/schema.org\",\n    \"@type\": \"FAQPage\",\n    \"mainEntity\": [\n        {\n            \"@type\": \"Question\",\n            \"name\": \"Is Rich Rocket Demo available to play in India?\",\n            \"acceptedAnswer\": {\n                \"@type\": \"Answer\",\n                \"text\": \"Yes, both Parimatch and 4rabet Casino offer the Rich Rocket Demo version to their players. This way, users can practice their skillset without risk of losing money.\"\n            }\n        },\n        {\n            \"@type\": \"Question\",\n            \"name\": \"Are there any differences between the demo and paid versions of this game?\",\n            \"acceptedAnswer\": {\n                \"@type\": \"Answer\",\n                \"text\": \"The demo version of Rich Rocket is completely identical to its paid counterpart, except that when playing for free there are no cash prizes awarded. This allows players to practice their gaming skills without any financial risk.\"\n            }\n        },\n        {\n            \"@type\": \"Question\",\n            \"name\": \"What are the benefits of playing this game in demo mode?\",\n            \"acceptedAnswer\": {\n                \"@type\": \"Answer\",\n                \"text\": \"Playing the Rich Rocket Demo helps users to practice their gaming skills and familiarize themselves with the game. It also gives them an opportunity to explore all the features and bonuses included in Rich Rocket without having to spend any money.\"\n            }\n        }\n    ]\n}<\/script>\n\n<div class=\"fpm_end\"><\/div>\n<div class=\"author-card author-card--top\"><img alt='Avatar-Foto' src='https:\/\/richrocketgame.com\/wp-content\/uploads\/2023\/03\/Paulo-Dornelas-130x130.jpg' srcset='https:\/\/richrocketgame.com\/wp-content\/uploads\/2023\/03\/Paulo-Dornelas-260x260.jpg 2x' class='avatar avatar-130 photo author-image' height='130' width='130' \/><div class=\"author-content text-md-center\"><span class=\"author-title\">Autor<\/span><a href=\"https:\/\/richrocketgame.com\/de\/author\/paulo-dornelas\/\" class=\"author-name\">Paulo Dornelas<\/a><p class=\"author__details\">Paulo Dornelas ist ein Gl\u00fccksspiel-Experte, der sein Leben dem Verst\u00e4ndnis der Branche gewidmet hat und anderen hilft, damit Geld zu verdienen. Er ist auch ein begeisterter Reisender und liebt es, neue Orte zu erkunden. Paulos Wissen \u00fcber Gl\u00fccksspiele und seine Leidenschaft f\u00fcr Reisen machen ihn zum perfekten Ratgeber f\u00fcr alle, die mit Sportwetten oder Casinospielen ernsthafte Gewinne erzielen m\u00f6chten.<\/p><\/div><!-- \/.author-content --><\/div>","protected":false},"excerpt":{"rendered":"<p>Rich Rocket, pr\u00e4sentiert vom Softwareanbieter Lucky Elephant, ist das perfekte Spielautomatenspiel f\u00fcr diejenigen, die ein aufregendes und aufregendes Spielerlebnis suchen. Mit seiner RTP-Rate von 96,30% und gro\u00dfz\u00fcgigen Auszahlungspotenzialen ist diese Ver\u00f6ffentlichung von 2020 zu einem Favoriten unter vielen indischen Spielern geworden, die das 4rabet Casino als ihre bevorzugte Unterhaltungsquelle w\u00e4hlen. [\u2026]<\/p>","protected":false},"author":2,"featured_media":0,"parent":0,"menu_order":0,"comment_status":"closed","ping_status":"closed","template":"page-no-sidebar.php","meta":{"footnotes":""},"class_list":["post-129","page","type-page","status-publish","hentry"],"yoast_head":"<!-- This site is optimized with the Yoast SEO plugin v26.7 - https:\/\/yoast.com\/wordpress\/plugins\/seo\/ -->\n<title>Rich Rocket Demo Game - Play | Rocket Game Free to Play<\/title>\n<meta name=\"description\" content=\"How to Play in Rich Rocket Game and Where to Find Rocket Game Demo? Best online casinos where you can play Rich Rocket for free or on real money.\" \/>\n<meta name=\"robots\" content=\"index, follow, max-snippet:-1, max-image-preview:large, max-video-preview:-1\" \/>\n<link rel=\"canonical\" href=\"https:\/\/richrocketgame.com\/de\/rich-rocket-demo-game\/\" \/>\n<meta property=\"og:locale\" content=\"de_DE\" \/>\n<meta property=\"og:type\" content=\"article\" \/>\n<meta property=\"og:title\" content=\"Rich Rocket Demo Game - Play | Rocket Game Free to Play\" \/>\n<meta property=\"og:description\" content=\"How to Play in Rich Rocket Game and Where to Find Rocket Game Demo? Best online casinos where you can play Rich Rocket for free or on real money.\" \/>\n<meta property=\"og:url\" content=\"https:\/\/richrocketgame.com\/de\/rich-rocket-demo-game\/\" \/>\n<meta property=\"og:site_name\" content=\"Rich Rocket Game\" \/>\n<meta property=\"article:modified_time\" content=\"2024-04-12T10:43:29+00:00\" \/>\n<meta property=\"og:image\" content=\"https:\/\/richrocketgame.com\/wp-content\/uploads\/2023\/02\/Rich-Rocket-Demo-1024x260.png\" \/>\n<meta name=\"twitter:card\" content=\"summary_large_image\" \/>\n<meta name=\"twitter:label1\" content=\"Gesch\u00e4tzte Lesezeit\" \/>\n\t<meta name=\"twitter:data1\" content=\"4\u00a0Minuten\" \/>\n<!-- \/ Yoast SEO plugin. -->","yoast_head_json":{"title":"Rich Rocket Demo Spiel - Spielen | Rocket Spiel kostenlos spielen","description":"Wie man Rich Rocket spielt und wo man Rocket Game Demo findet? Die besten Online Casinos in denen Sie Rich Rocket umsonst oder um echtes Geld spielen k\u00f6nnen.","robots":{"index":"index","follow":"follow","max-snippet":"max-snippet:-1","max-image-preview":"max-image-preview:large","max-video-preview":"max-video-preview:-1"},"canonical":"https:\/\/richrocketgame.com\/de\/rich-rocket-demo-game\/","og_locale":"de_DE","og_type":"article","og_title":"Rich Rocket Demo Game - Play | Rocket Game Free to Play","og_description":"How to Play in Rich Rocket Game and Where to Find Rocket Game Demo? Best online casinos where you can play Rich Rocket for free or on real money.","og_url":"https:\/\/richrocketgame.com\/de\/rich-rocket-demo-game\/","og_site_name":"Rich Rocket Game","article_modified_time":"2024-04-12T10:43:29+00:00","og_image":[{"url":"https:\/\/richrocketgame.com\/wp-content\/uploads\/2023\/02\/Rich-Rocket-Demo-1024x260.png","type":"","width":"","height":""}],"twitter_card":"summary_large_image","twitter_misc":{"Gesch\u00e4tzte Lesezeit":"4\u00a0Minuten"},"schema":{"@context":"https:\/\/schema.org","@graph":[{"@type":"WebPage","@id":"https:\/\/richrocketgame.com\/rich-rocket-demo-game\/","url":"https:\/\/richrocketgame.com\/rich-rocket-demo-game\/","name":"Rich Rocket Demo Spiel - Spielen | Rocket Spiel kostenlos spielen","isPartOf":{"@id":"https:\/\/richrocketgame.com\/#website"},"primaryImageOfPage":{"@id":"https:\/\/richrocketgame.com\/rich-rocket-demo-game\/#primaryimage"},"image":{"@id":"https:\/\/richrocketgame.com\/rich-rocket-demo-game\/#primaryimage"},"thumbnailUrl":"https:\/\/richrocketgame.com\/wp-content\/uploads\/2023\/02\/Rich-Rocket-Demo-1024x260.png","datePublished":"2023-02-14T18:04:36+00:00","dateModified":"2024-04-12T10:43:29+00:00","description":"Wie man Rich Rocket spielt und wo man Rocket Game Demo findet? Die besten Online Casinos in denen Sie Rich Rocket umsonst oder um echtes Geld spielen k\u00f6nnen.","breadcrumb":{"@id":"https:\/\/richrocketgame.com\/rich-rocket-demo-game\/#breadcrumb"},"inLanguage":"de","potentialAction":[{"@type":"ReadAction","target":["https:\/\/richrocketgame.com\/rich-rocket-demo-game\/"]}]},{"@type":"ImageObject","inLanguage":"de","@id":"https:\/\/richrocketgame.com\/rich-rocket-demo-game\/#primaryimage","url":"https:\/\/richrocketgame.com\/wp-content\/uploads\/2023\/02\/Rich-Rocket-Demo-1024x260.png","contentUrl":"https:\/\/richrocketgame.com\/wp-content\/uploads\/2023\/02\/Rich-Rocket-Demo-1024x260.png"},{"@type":"BreadcrumbList","@id":"https:\/\/richrocketgame.com\/rich-rocket-demo-game\/#breadcrumb","itemListElement":[{"@type":"ListItem","position":1,"name":"\u0413\u043b\u0430\u0432\u043d\u0430\u044f \u0441\u0442\u0440\u0430\u043d\u0438\u0446\u0430","item":"https:\/\/richrocketgame.com\/"},{"@type":"ListItem","position":2,"name":"Rich Rocket Demo Game"}]},{"@type":"WebSite","@id":"https:\/\/richrocketgame.com\/#website","url":"https:\/\/richrocketgame.com\/","name":"Rich Rocket Spiel","description":"","publisher":{"@id":"https:\/\/richrocketgame.com\/#organization"},"potentialAction":[{"@type":"SearchAction","target":{"@type":"EntryPoint","urlTemplate":"https:\/\/richrocketgame.com\/?s={search_term_string}"},"query-input":{"@type":"PropertyValueSpecification","valueRequired":true,"valueName":"search_term_string"}}],"inLanguage":"de"},{"@type":"Organization","@id":"https:\/\/richrocketgame.com\/#organization","name":"Rich Rocket Spiel","url":"https:\/\/richrocketgame.com\/","logo":{"@type":"ImageObject","inLanguage":"de","@id":"https:\/\/richrocketgame.com\/#\/schema\/logo\/image\/","url":"https:\/\/richrocketgame.com\/wp-content\/uploads\/2022\/09\/Rich-Rocket-earning-app.png","contentUrl":"https:\/\/richrocketgame.com\/wp-content\/uploads\/2022\/09\/Rich-Rocket-earning-app.png","width":512,"height":512,"caption":"Rich Rocket Game"},"image":{"@id":"https:\/\/richrocketgame.com\/#\/schema\/logo\/image\/"}}]}},"_links":{"self":[{"href":"https:\/\/richrocketgame.com\/de\/wp-json\/wp\/v2\/pages\/129","targetHints":{"allow":["GET"]}}],"collection":[{"href":"https:\/\/richrocketgame.com\/de\/wp-json\/wp\/v2\/pages"}],"about":[{"href":"https:\/\/richrocketgame.com\/de\/wp-json\/wp\/v2\/types\/page"}],"author":[{"embeddable":true,"href":"https:\/\/richrocketgame.com\/de\/wp-json\/wp\/v2\/users\/2"}],"replies":[{"embeddable":true,"href":"https:\/\/richrocketgame.com\/de\/wp-json\/wp\/v2\/comments?post=129"}],"version-history":[{"count":0,"href":"https:\/\/richrocketgame.com\/de\/wp-json\/wp\/v2\/pages\/129\/revisions"}],"wp:attachment":[{"href":"https:\/\/richrocketgame.com\/de\/wp-json\/wp\/v2\/media?parent=129"}],"curies":[{"name":"wp","href":"https:\/\/api.w.org\/{rel}","templated":true}]}}