{"id":1135,"date":"2025-02-12T14:08:53","date_gmt":"2025-02-12T11:08:53","guid":{"rendered":"https:\/\/richrocketgame.com\/?page_id=1135"},"modified":"2025-08-01T11:22:18","modified_gmt":"2025-08-01T08:22:18","slug":"all-star-fruits","status":"publish","type":"page","link":"https:\/\/richrocketgame.com\/de\/all-star-fruits\/","title":{"rendered":"All-Star Fruits Demo-Spielautomat"},"content":{"rendered":"<div class=\"fpm_start\"><\/div>\n<p>BGaming hat einen neuen Spielautomaten mit Fruchtthema angek\u00fcndigt: All-Star Fruits. Das Spiel verspricht optisch ansprechend und leicht zu erlernen zu sein. Zwei Bonusfunktionen sollen den RTP deutlich steigern und den durchschnittlichen Gewinn erh\u00f6hen.<\/p>\n<div style=\"text-align: center;\"><a class=\"glow-button\" href=\"\/de\/go\/registration\/\" rel=\"noreferrer noopener nofollow\">Spielcasino<\/a><\/div>\n<table>\n<tbody>\n<tr>\n<td>Datum der Ver\u00f6ffentlichung<\/td>\n<td>18.02.2025<\/td>\n<\/tr>\n<tr>\n<td>Rollen<\/td>\n<td>5<\/td>\n<\/tr>\n<tr>\n<td>Zeilen<\/td>\n<td>3<\/td>\n<\/tr>\n<tr>\n<td>RTP<\/td>\n<td>97,04%<\/td>\n<\/tr>\n<tr>\n<td>Volatilit\u00e4t<\/td>\n<td>Durchschnittlich (3 von 5)<\/td>\n<\/tr>\n<tr>\n<td>Gewinnende Linien<\/td>\n<td>243<\/td>\n<\/tr>\n<tr>\n<td>Maximale Gewinne<\/td>\n<td>x1500<\/td>\n<\/tr>\n<\/tbody>\n<\/table>\n<div id=\"ez-toc-container\" class=\"ez-toc-v2_0_62 counter-hierarchy ez-toc-counter ez-toc-grey ez-toc-container-direction\">\n<div class=\"ez-toc-title-container\">\n<p class=\"ez-toc-title\" >Inhaltsverzeichnis<\/p>\n<span class=\"ez-toc-title-toggle\"><a href=\"#\" class=\"ez-toc-pull-right ez-toc-btn ez-toc-btn-xs ez-toc-btn-default ez-toc-toggle\" aria-label=\"Inhaltsverzeichnis umschalten\"><span class=\"ez-toc-js-icon-con\"><span class=\"\"><span class=\"eztoc-hide\" style=\"display:none;\">Umschalten<\/span><span class=\"ez-toc-icon-toggle-span\"><svg style=\"fill: #999;color:#999\" xmlns=\"http:\/\/www.w3.org\/2000\/svg\" class=\"list-377408\" width=\"20px\" height=\"20px\" viewbox=\"0 0 24 24\" fill=\"none\"><path d=\"M6 6H4v2h2V6zm14 0H8v2h12V6zM4 11h2v2H4v-2zm16 0H8v2h12v-2zM4 16h2v2H4v-2zm16 0H8v2h12v-2z\" fill=\"currentColor\"><\/path><\/svg><svg style=\"fill: #999;color:#999\" class=\"arrow-unsorted-368013\" xmlns=\"http:\/\/www.w3.org\/2000\/svg\" width=\"10px\" height=\"10px\" viewbox=\"0 0 24 24\" version=\"1.2\" baseprofile=\"tiny\"><path d=\"M18.2 9.3l-6.2-6.3-6.2 6.3c-.2.2-.3.4-.3.7s.1.5.3.7c.2.2.4.3.7.3h11c.3 0 .5-.1.7-.3.2-.2.3-.5.3-.7s-.1-.5-.3-.7zM5.8 14.7l6.2 6.3 6.2-6.3c.2-.2.3-.5.3-.7s-.1-.5-.3-.7c-.2-.2-.4-.3-.7-.3h-11c-.3 0-.5.1-.7.3-.2.2-.3.5-.3.7s.1.5.3.7z\"\/><\/svg><\/span><\/span><\/span><\/a><\/span><\/div>\n<nav><ul class='ez-toc-list ez-toc-list-level-1 eztoc-toggle-hide-by-default' ><li class='ez-toc-page-1 ez-toc-heading-level-2'><a class=\"ez-toc-link ez-toc-heading-1\" href=\"https:\/\/richrocketgame.com\/de\/all-star-fruits\/#What_We_Know_About_All-Star_Fruits_Slot\" title=\"Was wir \u00fcber den All-Star Fruits Slot wissen\">Was wir \u00fcber den All-Star Fruits Slot wissen<\/a><ul class='ez-toc-list-level-3' ><li class='ez-toc-heading-level-3'><a class=\"ez-toc-link ez-toc-heading-2\" href=\"https:\/\/richrocketgame.com\/de\/all-star-fruits\/#Bonus_Features_of_the_Game\" title=\"Bonusfunktionen des Spiels\">Bonusfunktionen des Spiels<\/a><\/li><\/ul><\/li><li class='ez-toc-page-1 ez-toc-heading-level-2'><a class=\"ez-toc-link ez-toc-heading-3\" href=\"https:\/\/richrocketgame.com\/de\/all-star-fruits\/#Why_You_Should_Play_All-Star_Fruits\" title=\"Warum Sie All-Star Fruits spielen sollten\">Warum Sie All-Star Fruits spielen sollten<\/a><\/li><li class='ez-toc-page-1 ez-toc-heading-level-2'><a class=\"ez-toc-link ez-toc-heading-4\" href=\"https:\/\/richrocketgame.com\/de\/all-star-fruits\/#FAQ\" title=\"FAQ\">FAQ<\/a><ul class='ez-toc-list-level-3' ><li class='ez-toc-heading-level-3'><a class=\"ez-toc-link ez-toc-heading-5\" href=\"https:\/\/richrocketgame.com\/de\/all-star-fruits\/#Will_it_be_possible_to_play_All-Star_Fruits_for_free\" title=\"Wird es m\u00f6glich sein, All-Star Fruits kostenlos zu spielen?\">Wird es m\u00f6glich sein, All-Star Fruits kostenlos zu spielen?<\/a><\/li><li class='ez-toc-page-1 ez-toc-heading-level-3'><a class=\"ez-toc-link ez-toc-heading-6\" href=\"https:\/\/richrocketgame.com\/de\/all-star-fruits\/#Will_the_slot_be_optimized_for_mobile_devices\" title=\"Wird der Slot f\u00fcr Mobilger\u00e4te optimiert?\">Wird der Slot f\u00fcr Mobilger\u00e4te optimiert?<\/a><\/li><li class='ez-toc-page-1 ez-toc-heading-level-3'><a class=\"ez-toc-link ez-toc-heading-7\" href=\"https:\/\/richrocketgame.com\/de\/all-star-fruits\/#Where_can_I_play_All-Star_Fruits_Slot_for_real_money\" title=\"Wo kann ich All-Star Fruits Slot um echtes Geld spielen?\">Wo kann ich All-Star Fruits Slot um echtes Geld spielen?<\/a><\/li><\/ul><\/li><\/ul><\/nav><\/div>\n<h2><span class=\"ez-toc-section\" id=\"What_We_Know_About_All-Star_Fruits_Slot\"><\/span>Was wir \u00fcber den All-Star Fruits Slot wissen<span class=\"ez-toc-section-end\"><\/span><\/h2>\n<p>All-Star Fruits von BGaming ist im Stil klassischer Frucht-Slots gestaltet. Das Spiel hat eine standardm\u00e4\u00dfige 5\u00d73-Struktur und bietet einen vertrauten Satz von Symbolen: Zitrone, Kirsche, Wassermelonentraube, BAR und Glocke. Der Stern erf\u00fcllt die Scatter-Funktion. Wenn 3, 4 oder 5 dieser Symbole fallen, erh\u00e4lt man 10, 15 bzw. 25 Freispiele.<\/p>\n<p>Das Rad \u00fcber dem Hauptspielfeld hat zwei Funktionen. Das regul\u00e4re Spiel zeigt die Anzahl der Scatter an und das Bonusspiel wendet den Multiplikator auf die Gewinne an.<\/p>\n<p>Die H\u00f6chstgewinne sind ein guter Grund, All-Star Fruits zu spielen. Der Anbieter gab an, dass Spieler f\u00fcr eine erfolgreiche Ziehung bis zu $255.000 erhalten k\u00f6nnen. In den Tests fielen Gewinnkombinationen im Durchschnitt einmal alle sechs Drehungen.<\/p>\n<p><a href=\"https:\/\/richrocketgame.com\/de\/go\/registration\/\" target=\"_blank\" rel=\"noreferrer noopener nofollow\"><img decoding=\"async\" class=\"wp-image-1142 aligncenter\" src=\"https:\/\/richrocketgame.com\/wp-content\/uploads\/2025\/02\/all-star-fruits-slot.jpg\" alt=\"All-Star Fruits-Slot von BGaming.\" width=\"309\" height=\"360\" srcset=\"https:\/\/richrocketgame.com\/wp-content\/uploads\/2025\/02\/all-star-fruits-slot.jpg 519w, https:\/\/richrocketgame.com\/wp-content\/uploads\/2025\/02\/all-star-fruits-slot-258x300.jpg 258w, https:\/\/richrocketgame.com\/wp-content\/uploads\/2025\/02\/all-star-fruits-slot-10x12.jpg 10w, https:\/\/richrocketgame.com\/wp-content\/uploads\/2025\/02\/all-star-fruits-slot-34x40.jpg 34w, https:\/\/richrocketgame.com\/wp-content\/uploads\/2025\/02\/all-star-fruits-slot-27x32.jpg 27w, https:\/\/richrocketgame.com\/wp-content\/uploads\/2025\/02\/all-star-fruits-slot-69x80.jpg 69w, https:\/\/richrocketgame.com\/wp-content\/uploads\/2025\/02\/all-star-fruits-slot-116x135.jpg 116w\" sizes=\"(max-width: 309px) 100vw, 309px\" \/><\/a><\/p>\n<h3><span class=\"ez-toc-section\" id=\"Bonus_Features_of_the_Game\"><\/span>Bonusfunktionen des Spiels<span class=\"ez-toc-section-end\"><\/span><\/h3>\n<p>Auf jeden Gewinn w\u00e4hrend der Freispiele werden zuf\u00e4llige Multiplikatoren angewendet: x1, x2, x3, x5 oder x10. Dieser Bonus erh\u00f6ht die H\u00f6he der Auszahlungen erheblich.<\/p>\n<p>Spieler, die nicht auf eine Scatter-Kombination warten m\u00f6chten, k\u00f6nnen die Bonus Buy-Funktion nutzen. F\u00fcr x75 oder x150 Ihres Einsatzes k\u00f6nnen Sie zwischen zwei Modi mit unterschiedlichen Multiplikatoren w\u00e4hlen.<\/p>\n<div style=\"text-align: center;\"><a class=\"glow-button\" href=\"\/de\/go\/registration\/\" rel=\"noreferrer noopener nofollow\">Probieren Sie den All-Star Fruits Slot<\/a><\/div>\n<h2><span class=\"ez-toc-section\" id=\"Why_You_Should_Play_All-Star_Fruits\"><\/span>Warum Sie All-Star Fruits spielen sollten<span class=\"ez-toc-section-end\"><\/span><\/h2>\n<p>Der All-Star Fruits Slot macht mit folgenden Vorteilen auf sich aufmerksam:<\/p>\n<ul>\n<li>Frucht-Slot-Stil mit ungew\u00f6hnlich heller Grafik.<\/li>\n<li>Einfache, aber sehr lukrative Bonusfunktionen.<\/li>\n<li>Gro\u00dfe potenzielle Gewinne.<\/li>\n<li>Hoher RTP.<\/li>\n<\/ul>\n<p>Tauche am 18. Februar 2025 ein in die Welt saftiger Fr\u00fcchte und gro\u00dfer Multiplikatoren. Auf unserer Website findest du einen ausf\u00fchrlichen Testbericht und eine All-Star Fruits-Demo.<\/p><script data-noptimize=\"\" data-wpfc-render=\"false\">\n\/* <![CDATA[ *\/\nfpm_start( \"true\" );\n\/* ]]> *\/\n<\/script>\n\n<p><a href=\"https:\/\/richrocketgame.com\/de\/go\/registration\/\" target=\"_blank\" rel=\"noreferrer noopener nofollow\"><img decoding=\"async\" class=\"aligncenter wp-image-1149 size-full\" src=\"https:\/\/richrocketgame.com\/wp-content\/uploads\/2025\/02\/all-star-fruits-casino-game.jpg\" alt=\"All-Star Fruits-Casinospiel.\" width=\"994\" height=\"610\" srcset=\"https:\/\/richrocketgame.com\/wp-content\/uploads\/2025\/02\/all-star-fruits-casino-game.jpg 994w, https:\/\/richrocketgame.com\/wp-content\/uploads\/2025\/02\/all-star-fruits-casino-game-300x184.jpg 300w, https:\/\/richrocketgame.com\/wp-content\/uploads\/2025\/02\/all-star-fruits-casino-game-768x471.jpg 768w, https:\/\/richrocketgame.com\/wp-content\/uploads\/2025\/02\/all-star-fruits-casino-game-18x12.jpg 18w, https:\/\/richrocketgame.com\/wp-content\/uploads\/2025\/02\/all-star-fruits-casino-game-65x40.jpg 65w, https:\/\/richrocketgame.com\/wp-content\/uploads\/2025\/02\/all-star-fruits-casino-game-52x32.jpg 52w, https:\/\/richrocketgame.com\/wp-content\/uploads\/2025\/02\/all-star-fruits-casino-game-130x80.jpg 130w, https:\/\/richrocketgame.com\/wp-content\/uploads\/2025\/02\/all-star-fruits-casino-game-220x135.jpg 220w\" sizes=\"(max-width: 994px) 100vw, 994px\" \/><\/a><\/p>\n<h2><span class=\"ez-toc-section\" id=\"FAQ\"><\/span>FAQ<span class=\"ez-toc-section-end\"><\/span><\/h2>\n        <section class=\"sc_fs_faq sc_card\">\n            <div>\n\t\t\t\t<h3><span class=\"ez-toc-section\" id=\"Will_it_be_possible_to_play_All-Star_Fruits_for_free\"><\/span>Wird es m\u00f6glich sein, All-Star Fruits kostenlos zu spielen?<span class=\"ez-toc-section-end\"><\/span><\/h3>                <div>\n\t\t\t\t\t                    <p>\n\t\t\t\t\t\tJa, die All-Star Fruits-Demo wird voraussichtlich in den meisten gro\u00dfen Casinos verf\u00fcgbar sein. Dar\u00fcber hinaus kann der Slot ohne Einzahlung auf der offiziellen BGaming-Website gespielt werden.                    <\/p>\n                <\/div>\n            <\/div>\n        <\/section>\n\t\t        <section class=\"sc_fs_faq sc_card\">\n            <div>\n\t\t\t\t<h3><span class=\"ez-toc-section\" id=\"Will_the_slot_be_optimized_for_mobile_devices\"><\/span>Wird der Slot f\u00fcr Mobilger\u00e4te optimiert?<span class=\"ez-toc-section-end\"><\/span><\/h3>                <div>\n\t\t\t\t\t                    <p>\n\t\t\t\t\t\tJa, die mobile Version von All-Star Fruits wird gleichzeitig mit der Desktop-Version ver\u00f6ffentlicht. Sie k\u00f6nnen auf Android- und iOS-Smartphones und -Tablets spielen, ohne Software herunterladen zu m\u00fcssen.                    <\/p>\n                <\/div>\n            <\/div>\n        <\/section>\n\t\t        <section class=\"sc_fs_faq sc_card\">\n            <div>\n\t\t\t\t<h3><span class=\"ez-toc-section\" id=\"Where_can_I_play_All-Star_Fruits_Slot_for_real_money\"><\/span>Wo kann ich All-Star Fruits Slot um echtes Geld spielen?<span class=\"ez-toc-section-end\"><\/span><\/h3>                <div>\n\t\t\t\t\t                    <p>\n\t\t\t\t\t\tAll-Star Fruits Slot f\u00fcr echtes Geld ist in lizenzierten Casinos verf\u00fcgbar. Wenn Sie unsere Empfehlung nutzen, erhalten Sie die besten Bonus-Apps zum Spielen.                    <\/p>\n                <\/div>\n            <\/div>\n        <\/section>\n\t\t\n<script type=\"application\/ld+json\">{\n    \"@context\": \"https:\\\/\\\/schema.org\",\n    \"@type\": \"FAQPage\",\n    \"mainEntity\": [\n        {\n            \"@type\": \"Question\",\n            \"name\": \"Will it be possible to play All-Star Fruits for free?\",\n            \"acceptedAnswer\": {\n                \"@type\": \"Answer\",\n                \"text\": \"Yes, the All-Star Fruits demo is expected to be available in most major casinos. In addition, the slot will be available to play without deposit on the official BGaming website.\"\n            }\n        },\n        {\n            \"@type\": \"Question\",\n            \"name\": \"Will the slot be optimized for mobile devices?\",\n            \"acceptedAnswer\": {\n                \"@type\": \"Answer\",\n                \"text\": \"Yes, the mobile version of All-Star Fruits will be released at the same time as the desktop version. You can play on Android and iOS smartphones and tablets without downloading software.\"\n            }\n        },\n        {\n            \"@type\": \"Question\",\n            \"name\": \"Where can I play All-Star Fruits Slot for real money?\",\n            \"acceptedAnswer\": {\n                \"@type\": \"Answer\",\n                \"text\": \"All-Star Fruits Slot for real money will be available at licensed casinos. By taking advantage of our recommendation, you will get the best bonus apps to start playing.\"\n            }\n        }\n    ]\n}<\/script>\n\n<div class=\"fpm_end\"><\/div>\n<div class=\"author-card author-card--top\"><img alt='Avatar-Foto' src='https:\/\/richrocketgame.com\/wp-content\/uploads\/2023\/03\/Paulo-Dornelas-130x130.jpg' srcset='https:\/\/richrocketgame.com\/wp-content\/uploads\/2023\/03\/Paulo-Dornelas-260x260.jpg 2x' class='avatar avatar-130 photo author-image' height='130' width='130' \/><div class=\"author-content text-md-center\"><span class=\"author-title\">Autor<\/span><a href=\"https:\/\/richrocketgame.com\/de\/author\/paulo-dornelas\/\" class=\"author-name\">Paulo Dornelas<\/a><p class=\"author__details\">Paulo Dornelas ist ein Gl\u00fccksspiel-Experte, der sein Leben dem Verst\u00e4ndnis der Branche gewidmet hat und anderen hilft, damit Geld zu verdienen. Er ist auch ein begeisterter Reisender und liebt es, neue Orte zu erkunden. Paulos Wissen \u00fcber Gl\u00fccksspiele und seine Leidenschaft f\u00fcr Reisen machen ihn zum perfekten Ratgeber f\u00fcr alle, die mit Sportwetten oder Casinospielen ernsthafte Gewinne erzielen m\u00f6chten.<\/p><\/div><!-- \/.author-content --><\/div>","protected":false},"excerpt":{"rendered":"<p>BGaming hat einen neuen Spielautomaten mit Fruchtthema angek\u00fcndigt: All-Star Fruits. Das Spiel verspricht optisch ansprechend und leicht zu erlernen zu sein. Zwei Bonusfunktionen sollen den RTP deutlich steigern und den durchschnittlichen Gewinn erh\u00f6hen. Play Casino Ver\u00f6ffentlichungsdatum 18.02.2025 Walzen 5 Reihen 3 RTP 97.04% Durchschnittliche Volatilit\u00e4t (3 von 5) Gewinnlinien 243 Maximaler Gewinn \u04451500 Was wir [\u2026]<\/p>","protected":false},"author":2,"featured_media":0,"parent":0,"menu_order":0,"comment_status":"closed","ping_status":"closed","template":"page-no-sidebar.php","meta":{"footnotes":""},"class_list":["post-1135","page","type-page","status-publish","hentry"],"yoast_head":"<!-- This site is optimized with the Yoast SEO plugin v26.7 - https:\/\/yoast.com\/wordpress\/plugins\/seo\/ -->\n<title>All-Star Fruits Slot (BGaming) - Free Play, RTP and Max. Winnings<\/title>\n<meta name=\"description\" content=\"Learn more about All-Star Fruits casino game. Read information about the slot in our announcement. When you can play All-Star Fruits.\" \/>\n<meta name=\"robots\" content=\"index, follow, max-snippet:-1, max-image-preview:large, max-video-preview:-1\" \/>\n<link rel=\"canonical\" href=\"https:\/\/richrocketgame.com\/de\/all-star-fruits\/\" \/>\n<meta property=\"og:locale\" content=\"de_DE\" \/>\n<meta property=\"og:type\" content=\"article\" \/>\n<meta property=\"og:title\" content=\"All-Star Fruits Slot (BGaming) - Free Play, RTP and Max. Winnings\" \/>\n<meta property=\"og:description\" content=\"Learn more about All-Star Fruits casino game. Read information about the slot in our announcement. When you can play All-Star Fruits.\" \/>\n<meta property=\"og:url\" content=\"https:\/\/richrocketgame.com\/de\/all-star-fruits\/\" \/>\n<meta property=\"og:site_name\" content=\"Rich Rocket Game\" \/>\n<meta property=\"article:modified_time\" content=\"2025-08-01T08:22:18+00:00\" \/>\n<meta property=\"og:image\" content=\"https:\/\/richrocketgame.com\/wp-content\/uploads\/2025\/02\/all-star-fruits-slot.jpg\" \/>\n<meta name=\"twitter:card\" content=\"summary_large_image\" \/>\n<meta name=\"twitter:label1\" content=\"Gesch\u00e4tzte Lesezeit\" \/>\n\t<meta name=\"twitter:data1\" content=\"3\u00a0Minuten\" \/>\n<!-- \/ Yoast SEO plugin. -->","yoast_head_json":{"title":"All-Star Fruits Slot (BGaming) \u2013 Kostenloses Spiel, RTP und maximale Gewinne","description":"Erfahren Sie mehr \u00fcber das Casinospiel All-Star Fruits. Informationen zum Slot finden Sie in unserer Ank\u00fcndigung. Wann Sie All-Star Fruits spielen k\u00f6nnen.","robots":{"index":"index","follow":"follow","max-snippet":"max-snippet:-1","max-image-preview":"max-image-preview:large","max-video-preview":"max-video-preview:-1"},"canonical":"https:\/\/richrocketgame.com\/de\/all-star-fruits\/","og_locale":"de_DE","og_type":"article","og_title":"All-Star Fruits Slot (BGaming) - Free Play, RTP and Max. Winnings","og_description":"Learn more about All-Star Fruits casino game. Read information about the slot in our announcement. When you can play All-Star Fruits.","og_url":"https:\/\/richrocketgame.com\/de\/all-star-fruits\/","og_site_name":"Rich Rocket Game","article_modified_time":"2025-08-01T08:22:18+00:00","og_image":[{"url":"https:\/\/richrocketgame.com\/wp-content\/uploads\/2025\/02\/all-star-fruits-slot.jpg","type":"","width":"","height":""}],"twitter_card":"summary_large_image","twitter_misc":{"Gesch\u00e4tzte Lesezeit":"3\u00a0Minuten"},"schema":{"@context":"https:\/\/schema.org","@graph":[{"@type":"WebPage","@id":"https:\/\/richrocketgame.com\/all-star-fruits\/","url":"https:\/\/richrocketgame.com\/all-star-fruits\/","name":"All-Star Fruits Slot (BGaming) \u2013 Kostenloses Spiel, RTP und maximale Gewinne","isPartOf":{"@id":"https:\/\/richrocketgame.com\/#website"},"primaryImageOfPage":{"@id":"https:\/\/richrocketgame.com\/all-star-fruits\/#primaryimage"},"image":{"@id":"https:\/\/richrocketgame.com\/all-star-fruits\/#primaryimage"},"thumbnailUrl":"https:\/\/richrocketgame.com\/wp-content\/uploads\/2025\/02\/all-star-fruits-slot.jpg","datePublished":"2025-02-12T11:08:53+00:00","dateModified":"2025-08-01T08:22:18+00:00","description":"Erfahren Sie mehr \u00fcber das Casinospiel All-Star Fruits. Informationen zum Slot finden Sie in unserer Ank\u00fcndigung. Wann Sie All-Star Fruits spielen k\u00f6nnen.","breadcrumb":{"@id":"https:\/\/richrocketgame.com\/all-star-fruits\/#breadcrumb"},"inLanguage":"de","potentialAction":[{"@type":"ReadAction","target":["https:\/\/richrocketgame.com\/all-star-fruits\/"]}]},{"@type":"ImageObject","inLanguage":"de","@id":"https:\/\/richrocketgame.com\/all-star-fruits\/#primaryimage","url":"https:\/\/richrocketgame.com\/wp-content\/uploads\/2025\/02\/all-star-fruits-slot.jpg","contentUrl":"https:\/\/richrocketgame.com\/wp-content\/uploads\/2025\/02\/all-star-fruits-slot.jpg"},{"@type":"BreadcrumbList","@id":"https:\/\/richrocketgame.com\/all-star-fruits\/#breadcrumb","itemListElement":[{"@type":"ListItem","position":1,"name":"\u0413\u043b\u0430\u0432\u043d\u0430\u044f \u0441\u0442\u0440\u0430\u043d\u0438\u0446\u0430","item":"https:\/\/richrocketgame.com\/"},{"@type":"ListItem","position":2,"name":"All-Star Fruits Demo Slot"}]},{"@type":"WebSite","@id":"https:\/\/richrocketgame.com\/#website","url":"https:\/\/richrocketgame.com\/","name":"Rich Rocket Spiel","description":"","publisher":{"@id":"https:\/\/richrocketgame.com\/#organization"},"potentialAction":[{"@type":"SearchAction","target":{"@type":"EntryPoint","urlTemplate":"https:\/\/richrocketgame.com\/?s={search_term_string}"},"query-input":{"@type":"PropertyValueSpecification","valueRequired":true,"valueName":"search_term_string"}}],"inLanguage":"de"},{"@type":"Organization","@id":"https:\/\/richrocketgame.com\/#organization","name":"Rich Rocket Spiel","url":"https:\/\/richrocketgame.com\/","logo":{"@type":"ImageObject","inLanguage":"de","@id":"https:\/\/richrocketgame.com\/#\/schema\/logo\/image\/","url":"https:\/\/richrocketgame.com\/wp-content\/uploads\/2022\/09\/Rich-Rocket-earning-app.png","contentUrl":"https:\/\/richrocketgame.com\/wp-content\/uploads\/2022\/09\/Rich-Rocket-earning-app.png","width":512,"height":512,"caption":"Rich Rocket Game"},"image":{"@id":"https:\/\/richrocketgame.com\/#\/schema\/logo\/image\/"}}]}},"_links":{"self":[{"href":"https:\/\/richrocketgame.com\/de\/wp-json\/wp\/v2\/pages\/1135","targetHints":{"allow":["GET"]}}],"collection":[{"href":"https:\/\/richrocketgame.com\/de\/wp-json\/wp\/v2\/pages"}],"about":[{"href":"https:\/\/richrocketgame.com\/de\/wp-json\/wp\/v2\/types\/page"}],"author":[{"embeddable":true,"href":"https:\/\/richrocketgame.com\/de\/wp-json\/wp\/v2\/users\/2"}],"replies":[{"embeddable":true,"href":"https:\/\/richrocketgame.com\/de\/wp-json\/wp\/v2\/comments?post=1135"}],"version-history":[{"count":0,"href":"https:\/\/richrocketgame.com\/de\/wp-json\/wp\/v2\/pages\/1135\/revisions"}],"wp:attachment":[{"href":"https:\/\/richrocketgame.com\/de\/wp-json\/wp\/v2\/media?parent=1135"}],"curies":[{"name":"wp","href":"https:\/\/api.w.org\/{rel}","templated":true}]}}