{"id":1115,"date":"2025-02-12T13:49:43","date_gmt":"2025-02-12T10:49:43","guid":{"rendered":"https:\/\/richrocketgame.com\/?page_id=1115"},"modified":"2025-08-01T11:24:01","modified_gmt":"2025-08-01T08:24:01","slug":"mad-blast","status":"publish","type":"page","link":"https:\/\/richrocketgame.com\/de\/mad-blast\/","title":{"rendered":"Mad Blast Slot Demo"},"content":{"rendered":"<div class=\"fpm_start\"><\/div>\n<p>Mad Blast kann 2025 einer der beliebtesten Spielautomaten werden. Push Gaming hat die Ver\u00f6ffentlichung des Spiels f\u00fcr den 20. Februar geplant und die Spieler k\u00f6nnen es schon jetzt kaum erwarten. Laut der Ank\u00fcndigung verf\u00fcgt das Spiel \u00fcber sieben Bonussymbole und -funktionen und die maximalen Gewinne betragen bis zu x10.000.<\/p>\n<div style=\"text-align: center;\"><a class=\"glow-button\" href=\"\/de\/go\/registration\/\" rel=\"noreferrer noopener nofollow\">Spielcasino<\/a><\/div>\n<table>\n<tbody>\n<tr>\n<td>Datum der Ver\u00f6ffentlichung<\/td>\n<td>20.02.2025<\/td>\n<\/tr>\n<tr>\n<td>Rollen<\/td>\n<td>6<\/td>\n<\/tr>\n<tr>\n<td>Zeilen<\/td>\n<td>5<\/td>\n<\/tr>\n<tr>\n<td>RTP<\/td>\n<td>96,34%<\/td>\n<\/tr>\n<tr>\n<td>Volatilit\u00e4t<\/td>\n<td>Hoch<\/td>\n<\/tr>\n<tr>\n<td>Gewinnlinien<\/td>\n<td>Scatter-Pays-Mechanik<\/td>\n<\/tr>\n<tr>\n<td>Maximale Gewinne<\/td>\n<td>10.000 x<\/td>\n<\/tr>\n<\/tbody>\n<\/table>\n<div id=\"ez-toc-container\" class=\"ez-toc-v2_0_62 counter-hierarchy ez-toc-counter ez-toc-grey ez-toc-container-direction\">\n<div class=\"ez-toc-title-container\">\n<p class=\"ez-toc-title\" >Inhaltsverzeichnis<\/p>\n<span class=\"ez-toc-title-toggle\"><a href=\"#\" class=\"ez-toc-pull-right ez-toc-btn ez-toc-btn-xs ez-toc-btn-default ez-toc-toggle\" aria-label=\"Inhaltsverzeichnis umschalten\"><span class=\"ez-toc-js-icon-con\"><span class=\"\"><span class=\"eztoc-hide\" style=\"display:none;\">Umschalten<\/span><span class=\"ez-toc-icon-toggle-span\"><svg style=\"fill: #999;color:#999\" xmlns=\"http:\/\/www.w3.org\/2000\/svg\" class=\"list-377408\" width=\"20px\" height=\"20px\" viewbox=\"0 0 24 24\" fill=\"none\"><path d=\"M6 6H4v2h2V6zm14 0H8v2h12V6zM4 11h2v2H4v-2zm16 0H8v2h12v-2zM4 16h2v2H4v-2zm16 0H8v2h12v-2z\" fill=\"currentColor\"><\/path><\/svg><svg style=\"fill: #999;color:#999\" class=\"arrow-unsorted-368013\" xmlns=\"http:\/\/www.w3.org\/2000\/svg\" width=\"10px\" height=\"10px\" viewbox=\"0 0 24 24\" version=\"1.2\" baseprofile=\"tiny\"><path d=\"M18.2 9.3l-6.2-6.3-6.2 6.3c-.2.2-.3.4-.3.7s.1.5.3.7c.2.2.4.3.7.3h11c.3 0 .5-.1.7-.3.2-.2.3-.5.3-.7s-.1-.5-.3-.7zM5.8 14.7l6.2 6.3 6.2-6.3c.2-.2.3-.5.3-.7s-.1-.5-.3-.7c-.2-.2-.4-.3-.7-.3h-11c-.3 0-.5.1-.7.3-.2.2-.3.5-.3.7s.1.5.3.7z\"\/><\/svg><\/span><\/span><\/span><\/a><\/span><\/div>\n<nav><ul class='ez-toc-list ez-toc-list-level-1 eztoc-toggle-hide-by-default' ><ul class='ez-toc-list-level-3' ><li class='ez-toc-heading-level-3'><a class=\"ez-toc-link ez-toc-heading-1\" href=\"https:\/\/richrocketgame.com\/de\/mad-blast\/#What_We_Know_About_Mad_Blast_Game\" title=\"Was wir \u00fcber das Mad Blast-Spiel wissen\">Was wir \u00fcber das Mad Blast-Spiel wissen<\/a><\/li><li class='ez-toc-page-1 ez-toc-heading-level-3'><a class=\"ez-toc-link ez-toc-heading-2\" href=\"https:\/\/richrocketgame.com\/de\/mad-blast\/#Bonus_features_of_the_game\" title=\"Bonusfunktionen des Spiels\">Bonusfunktionen des Spiels<\/a><\/li><li class='ez-toc-page-1 ez-toc-heading-level-3'><a class=\"ez-toc-link ez-toc-heading-3\" href=\"https:\/\/richrocketgame.com\/de\/mad-blast\/#Paid_Features\" title=\"Kostenpflichtige Funktionen\">Kostenpflichtige Funktionen<\/a><\/li><li class='ez-toc-page-1 ez-toc-heading-level-3'><a class=\"ez-toc-link ez-toc-heading-4\" href=\"https:\/\/richrocketgame.com\/de\/mad-blast\/#Why_play_the_Mad_Blast_slot\" title=\"Warum den Mad Blast-Slot spielen?\">Warum den Mad Blast-Slot spielen?<\/a><\/li><\/ul><\/li><li class='ez-toc-page-1 ez-toc-heading-level-2'><a class=\"ez-toc-link ez-toc-heading-5\" href=\"https:\/\/richrocketgame.com\/de\/mad-blast\/#FAQ\" title=\"FAQ\">FAQ<\/a><ul class='ez-toc-list-level-3' ><li class='ez-toc-heading-level-3'><a class=\"ez-toc-link ez-toc-heading-6\" href=\"https:\/\/richrocketgame.com\/de\/mad-blast\/#What_is_the_RTP_of_the_Mad_Blast_casino_game\" title=\"Wie hoch ist der RTP des Mad Blast-Casinospiels?\">Wie hoch ist der RTP des Mad Blast-Casinospiels?<\/a><\/li><li class='ez-toc-page-1 ez-toc-heading-level-3'><a class=\"ez-toc-link ez-toc-heading-7\" href=\"https:\/\/richrocketgame.com\/de\/mad-blast\/#Where_will_it_be_possible_to_play_Mad_Blast_for_free\" title=\"Wo kann man Mad Blast kostenlos spielen?\">Wo kann man Mad Blast kostenlos spielen?<\/a><\/li><li class='ez-toc-page-1 ez-toc-heading-level-3'><a class=\"ez-toc-link ez-toc-heading-8\" href=\"https:\/\/richrocketgame.com\/de\/mad-blast\/#Are_there_any_strategies_for_the_game\" title=\"Gibt es Strategien f\u00fcr das Spiel?\">Gibt es Strategien f\u00fcr das Spiel?<\/a><\/li><\/ul><\/li><\/ul><\/nav><\/div>\n<h3><span class=\"ez-toc-section\" id=\"What_We_Know_About_Mad_Blast_Game\"><\/span>Was wir \u00fcber das Mad Blast-Spiel wissen<span class=\"ez-toc-section-end\"><\/span><\/h3>\n<p>Mad Blast entf\u00fchrt die Spieler in eine Werkstatt, in der Roboter das Sagen haben. Sie werden es mit exzentrischer k\u00fcnstlicher Intelligenz und Sprengs\u00e4tzen zu tun bekommen. Das Spiel besteht aus 6 Walzen und 5 Reihen, und anstelle traditioneller Gewinnlinien wird die Scatter-Pays-Mechanik verwendet. Das bedeutet, dass Sie Auszahlungen f\u00fcr das Erscheinen von 8 identischen Symbolen an beliebiger Stelle auf dem Spielfeld erhalten.<\/p>\n<p>Die Symbole sind mehrfarbige Eisenkisten und Roboter. Andere Sondersymbole kompensieren das Fehlen von Wild:<\/p>\n<ul>\n<li>Scatter erf\u00fcllt die traditionelle Funktion, Freispiele auszul\u00f6sen;<\/li>\n<li>Das Multiplikator-Boost-Symbol zeigt an, um wie viele Schritte sich der Multiplikator erh\u00f6ht, wenn eine Gewinnkombination zustande kommt.<\/li>\n<li>Das Extra Life-Symbol in Form eines gr\u00fcnen Knopfs bietet eine zus\u00e4tzliche Gewinnchance. Sie erhalten einen Respin und der Symboltyp mit der h\u00f6chsten Auszahlung bleibt auf dem Spielfeld.<\/li>\n<\/ul>\n<p>Push Gaming hat den Slot f\u00fcr ein m\u00f6glichst breites Publikum angepasst. Der Wettbereich im Mad Blast-Casinospiel reicht von 0,1 bis 100 (die W\u00e4hrung h\u00e4ngt vom Land ab, in dem das Casino betrieben wird).<\/p>\n<p><a href=\"https:\/\/richrocketgame.com\/de\/go\/registration\/\" target=\"_blank\" rel=\"noreferrer noopener nofollow\"><img decoding=\"async\" class=\"aligncenter wp-image-1122 size-full\" src=\"https:\/\/richrocketgame.com\/wp-content\/uploads\/2025\/02\/mad-blast-slot.jpg\" alt=\"Mad Blast Slot von Push Gaming\" width=\"976\" height=\"489\" srcset=\"https:\/\/richrocketgame.com\/wp-content\/uploads\/2025\/02\/mad-blast-slot.jpg 976w, https:\/\/richrocketgame.com\/wp-content\/uploads\/2025\/02\/mad-blast-slot-300x150.jpg 300w, https:\/\/richrocketgame.com\/wp-content\/uploads\/2025\/02\/mad-blast-slot-768x385.jpg 768w, https:\/\/richrocketgame.com\/wp-content\/uploads\/2025\/02\/mad-blast-slot-18x9.jpg 18w, https:\/\/richrocketgame.com\/wp-content\/uploads\/2025\/02\/mad-blast-slot-80x40.jpg 80w, https:\/\/richrocketgame.com\/wp-content\/uploads\/2025\/02\/mad-blast-slot-64x32.jpg 64w, https:\/\/richrocketgame.com\/wp-content\/uploads\/2025\/02\/mad-blast-slot-160x80.jpg 160w, https:\/\/richrocketgame.com\/wp-content\/uploads\/2025\/02\/mad-blast-slot-269x135.jpg 269w\" sizes=\"(max-width: 976px) 100vw, 976px\" \/><\/a><\/p>\n<h3><span class=\"ez-toc-section\" id=\"Bonus_features_of_the_game\"><\/span>Bonusfunktionen des Spiels<span class=\"ez-toc-section-end\"><\/span><\/h3>\n<p>Das erste Bonus-Feature, auf das Sie sto\u00dfen werden, sind die kaskadierenden Walzen. Die Symbole, die an einer Gewinnkombination beteiligt sind, werden entfernt und neue erscheinen. So k\u00f6nnen Sie in einem Spin mehrere Male gewinnen.<\/p>\n<p>Ein weiteres mit den kaskadierenden Walzen verbundenes Feature ist Mad Blast von Push Gaming. Bei jeder Kombination verdoppelt sich der Multiplikator. In einem Durchlauf der Walzen kann der Multiplikator bis auf x2.048 ansteigen. Spieler k\u00f6nnen den Fortschritt auf der Skala links neben den Walzen verfolgen.<\/p>\n<p>Das interessanteste Feature sind ohne Zweifel die Mad Blast-Freispiele. Sie k\u00f6nnen sie erhalten, wenn eine Kombination von Scatter-Symbolen herausf\u00e4llt:<\/p>\n<ul>\n<li>3 Symbole \u2013 8 Freispiele mit Multiplikator x2;<\/li>\n<li>4 Symbole \u2013 10 Freispiele mit einem anf\u00e4nglichen Multiplikator von x4;<\/li>\n<li>5 Symbole \u2013 12 Freispiele und der anf\u00e4ngliche Multiplikator betr\u00e4gt x8.<\/li>\n<\/ul>\n<p>Um die Spannung zu erh\u00f6hen, hat der Anbieter einen zus\u00e4tzlichen Bonus w\u00e4hrend der Freispielrunde eingef\u00fchrt. Der niedrigste Multiplikator verschwindet von der Waage, wenn 3 Gewinnkombinationen f\u00fcr einen Spin herausfallen.<\/p><script data-noptimize=\"\" data-wpfc-render=\"false\">\n\/* <![CDATA[ *\/\nfpm_start( \"true\" );\n\/* ]]> *\/\n<\/script>\n\n<div style=\"text-align: center;\"><a class=\"glow-button\" href=\"\/de\/go\/registration\/\" rel=\"noreferrer noopener nofollow\">Versuchen Sie Mad Blast<\/a><\/div>\n<h3><span class=\"ez-toc-section\" id=\"Paid_Features\"><\/span>Kostenpflichtige Funktionen<span class=\"ez-toc-section-end\"><\/span><\/h3>\n<p>Gegen eine zus\u00e4tzliche Geb\u00fchr k\u00f6nnen Sie Mad Blast mit Privilegien spielen. Durch Aktivieren der Ante-Option verdoppeln Sie Ihren Einsatz, erh\u00f6hen aber die Wahrscheinlichkeit, dass Bonussymbole auf den Walzen erscheinen, erheblich. Spieler, die die maximale Dosis Spannung erhalten m\u00f6chten, k\u00f6nnen Zugang zur Freispielrunde kaufen. F\u00fcr das 150-fache Ihres Einsatzes erhalten Sie acht Walzendrehungen mit einem 2-fachen Multiplikator. F\u00fcr das 750-fache erhalten Sie 12 Drehungen mit einem 8-fachen Multiplikator.<\/p>\n<p><a href=\"https:\/\/richrocketgame.com\/de\/go\/registration\/\" target=\"_blank\" rel=\"noreferrer noopener nofollow\"><img decoding=\"async\" class=\"aligncenter wp-image-1116 size-full\" src=\"https:\/\/richrocketgame.com\/wp-content\/uploads\/2025\/02\/mad-blast-casino-game.jpg\" alt=\"Mad Blast-Casinospiel.\" width=\"981\" height=\"531\" srcset=\"https:\/\/richrocketgame.com\/wp-content\/uploads\/2025\/02\/mad-blast-casino-game.jpg 981w, https:\/\/richrocketgame.com\/wp-content\/uploads\/2025\/02\/mad-blast-casino-game-300x162.jpg 300w, https:\/\/richrocketgame.com\/wp-content\/uploads\/2025\/02\/mad-blast-casino-game-768x416.jpg 768w, https:\/\/richrocketgame.com\/wp-content\/uploads\/2025\/02\/mad-blast-casino-game-18x10.jpg 18w, https:\/\/richrocketgame.com\/wp-content\/uploads\/2025\/02\/mad-blast-casino-game-74x40.jpg 74w, https:\/\/richrocketgame.com\/wp-content\/uploads\/2025\/02\/mad-blast-casino-game-59x32.jpg 59w, https:\/\/richrocketgame.com\/wp-content\/uploads\/2025\/02\/mad-blast-casino-game-148x80.jpg 148w, https:\/\/richrocketgame.com\/wp-content\/uploads\/2025\/02\/mad-blast-casino-game-249x135.jpg 249w\" sizes=\"(max-width: 981px) 100vw, 981px\" \/><\/a><\/p>\n<h3><span class=\"ez-toc-section\" id=\"Why_play_the_Mad_Blast_slot\"><\/span>Warum den Mad Blast-Slot spielen?<span class=\"ez-toc-section-end\"><\/span><\/h3>\n<p>Mad Blast hat aus mehreren Gr\u00fcnden das Potenzial, in der Gl\u00fccksspielwelt zu einer Sensation zu werden:<\/p>\n<ul>\n<li>Die Nutzung moderner Trends. Scatter-Pay-Mechaniken und kaskadierende Walzen sind heute gefragt.<\/li>\n<li>Riesige Maximalgewinne. Im Normalmodus und in der Freispielrunde k\u00f6nnen Sie Auszahlungen von x10.000 erzielen.<\/li>\n<li>Eine einzigartige Kombination von Funktionen. Der Slot bietet eine Kombination von Boni, die Top-Anbieter bisher nicht verwendet haben.<\/li>\n<\/ul>\n<p>Sie haben noch Zeit, gegen die heimt\u00fcckische k\u00fcnstliche Intelligenz zu k\u00e4mpfen und die Armee der Eisenroboter zu besiegen. Machen Sie sich bereit, im Spiel Mad Blast um die maximalen Gewinne zu k\u00e4mpfen.<\/p>\n<h2><span class=\"ez-toc-section\" id=\"FAQ\"><\/span>FAQ<span class=\"ez-toc-section-end\"><\/span><\/h2>\n        <section class=\"sc_fs_faq sc_card\">\n            <div>\n\t\t\t\t<h3><span class=\"ez-toc-section\" id=\"What_is_the_RTP_of_the_Mad_Blast_casino_game\"><\/span>Wie hoch ist der RTP des Mad Blast-Casinospiels?<span class=\"ez-toc-section-end\"><\/span><\/h3>                <div>\n\t\t\t\t\t                    <p>\n\t\t\t\t\t\tDer Anbieter plant, den Slot in 3 Versionen mit unterschiedlichem RTP zu ver\u00f6ffentlichen. Die h\u00f6chste Auszahlungsquote betr\u00e4gt 96.34%. Einige Casinos k\u00f6nnen ihrem Portfolio ein Spiel mit einem RTP von 94.30% und 85.43% hinzuf\u00fcgen.                    <\/p>\n                <\/div>\n            <\/div>\n        <\/section>\n\t\t        <section class=\"sc_fs_faq sc_card\">\n            <div>\n\t\t\t\t<h3><span class=\"ez-toc-section\" id=\"Where_will_it_be_possible_to_play_Mad_Blast_for_free\"><\/span>Wo kann man Mad Blast kostenlos spielen?<span class=\"ez-toc-section-end\"><\/span><\/h3>                <div>\n\t\t\t\t\t                    <p>\n\t\t\t\t\t\tEine Demoversion des Slots wird im Casino verf\u00fcgbar sein. Dar\u00fcber hinaus wird es m\u00f6glich sein, kostenlos auf Websites zu Gl\u00fccksspielthemen und auf der Webressource des Anbieters Push Gaming zu spielen.                    <\/p>\n                <\/div>\n            <\/div>\n        <\/section>\n\t\t        <section class=\"sc_fs_faq sc_card\">\n            <div>\n\t\t\t\t<h3><span class=\"ez-toc-section\" id=\"Are_there_any_strategies_for_the_game\"><\/span>Gibt es Strategien f\u00fcr das Spiel?<span class=\"ez-toc-section-end\"><\/span><\/h3>                <div>\n\t\t\t\t\t                    <p>\n\t\t\t\t\t\tDer Spieler kann nur die H\u00f6he des Einsatzes beeinflussen. Aufgrund der hohen Volatilit\u00e4t des Slots wird empfohlen, nicht mehr als 1% des Spielkapitals zu setzen. So k\u00f6nnen Sie lange genug spielen, um auf die profitabelsten Features des Spiels zu warten. Bevor Sie anfangen, Mad Blast um echtes Geld zu spielen, k\u00f6nnen Sie in der Demoversion Wettmethoden \u00fcben.                    <\/p>\n                <\/div>\n            <\/div>\n        <\/section>\n\t\t\n<script type=\"application\/ld+json\">{\n    \"@context\": \"https:\\\/\\\/schema.org\",\n    \"@type\": \"FAQPage\",\n    \"mainEntity\": [\n        {\n            \"@type\": \"Question\",\n            \"name\": \"What is the RTP of the Mad Blast casino game?\",\n            \"acceptedAnswer\": {\n                \"@type\": \"Answer\",\n                \"text\": \"The provider plans to release the slot in 3 versions with different RTP. The highest return to player will be 96.34%. Some casinos will be able to add a game with an RTP of 94.30% and 85.43% to their portfolio.\"\n            }\n        },\n        {\n            \"@type\": \"Question\",\n            \"name\": \"Where will it be possible to play Mad Blast for free?\",\n            \"acceptedAnswer\": {\n                \"@type\": \"Answer\",\n                \"text\": \"Demo version of the slot will be available in the casino. In addition, it will be possible to play for free on sites dedicated to gambling themes and on the web resource of the provider Push Gaming.\"\n            }\n        },\n        {\n            \"@type\": \"Question\",\n            \"name\": \"Are there any strategies for the game?\",\n            \"acceptedAnswer\": {\n                \"@type\": \"Answer\",\n                \"text\": \"The player can only influence the size of the bet. Due to the high volatility of the slot, it is recommended to bet no more than 1% of the bankroll. So you can play long enough to wait for the most profitable features of the game. Before you start playing Mad Blast for real money, you can practice betting methods in the demo version.\"\n            }\n        }\n    ]\n}<\/script>\n\n<div class=\"fpm_end\"><\/div>\n<div class=\"author-card author-card--top\"><img alt='Avatar-Foto' src='https:\/\/richrocketgame.com\/wp-content\/uploads\/2023\/03\/Paulo-Dornelas-130x130.jpg' srcset='https:\/\/richrocketgame.com\/wp-content\/uploads\/2023\/03\/Paulo-Dornelas-260x260.jpg 2x' class='avatar avatar-130 photo author-image' height='130' width='130' \/><div class=\"author-content text-md-center\"><span class=\"author-title\">Autor<\/span><a href=\"https:\/\/richrocketgame.com\/de\/author\/paulo-dornelas\/\" class=\"author-name\">Paulo Dornelas<\/a><p class=\"author__details\">Paulo Dornelas ist ein Gl\u00fccksspiel-Experte, der sein Leben dem Verst\u00e4ndnis der Branche gewidmet hat und anderen hilft, damit Geld zu verdienen. Er ist auch ein begeisterter Reisender und liebt es, neue Orte zu erkunden. Paulos Wissen \u00fcber Gl\u00fccksspiele und seine Leidenschaft f\u00fcr Reisen machen ihn zum perfekten Ratgeber f\u00fcr alle, die mit Sportwetten oder Casinospielen ernsthafte Gewinne erzielen m\u00f6chten.<\/p><\/div><!-- \/.author-content --><\/div>","protected":false},"excerpt":{"rendered":"<p>Mad Blast kann 2025 einer der beliebtesten Slots werden. Push Gaming hat die Ver\u00f6ffentlichung des Spiels f\u00fcr den 20. Februar geplant und die Spieler k\u00f6nnen es schon jetzt kaum erwarten. Laut der Ank\u00fcndigung hat das Spiel sieben Bonussymbole und -funktionen und die maximalen Gewinne betragen bis zu x10.000. Play Casino Ver\u00f6ffentlichungsdatum 20.02.2025 Walzen 6 [\u2026]<\/p>","protected":false},"author":2,"featured_media":0,"parent":0,"menu_order":0,"comment_status":"closed","ping_status":"closed","template":"page-no-sidebar.php","meta":{"footnotes":""},"class_list":["post-1115","page","type-page","status-publish","hentry"],"yoast_head":"<!-- This site is optimized with the Yoast SEO plugin v26.7 - https:\/\/yoast.com\/wordpress\/plugins\/seo\/ -->\n<title>Mad Blast Slot (Push Gaming) Demo - RTP, Payouts, Volatility<\/title>\n<meta name=\"description\" content=\"Find out more about Mad Blast by Push Gaming. Learn more about the 7 bonus features of the slot. Features and parameters of Mad Blast casino game.\" \/>\n<meta name=\"robots\" content=\"index, follow, max-snippet:-1, max-image-preview:large, max-video-preview:-1\" \/>\n<link rel=\"canonical\" href=\"https:\/\/richrocketgame.com\/de\/mad-blast\/\" \/>\n<meta property=\"og:locale\" content=\"de_DE\" \/>\n<meta property=\"og:type\" content=\"article\" \/>\n<meta property=\"og:title\" content=\"Mad Blast Slot (Push Gaming) Demo - RTP, Payouts, Volatility\" \/>\n<meta property=\"og:description\" content=\"Find out more about Mad Blast by Push Gaming. Learn more about the 7 bonus features of the slot. Features and parameters of Mad Blast casino game.\" \/>\n<meta property=\"og:url\" content=\"https:\/\/richrocketgame.com\/de\/mad-blast\/\" \/>\n<meta property=\"og:site_name\" content=\"Rich Rocket Game\" \/>\n<meta property=\"article:modified_time\" content=\"2025-08-01T08:24:01+00:00\" \/>\n<meta property=\"og:image\" content=\"https:\/\/richrocketgame.com\/wp-content\/uploads\/2025\/02\/mad-blast-slot.jpg\" \/>\n<meta name=\"twitter:card\" content=\"summary_large_image\" \/>\n<meta name=\"twitter:label1\" content=\"Gesch\u00e4tzte Lesezeit\" \/>\n\t<meta name=\"twitter:data1\" content=\"5\u00a0Minuten\" \/>\n<!-- \/ Yoast SEO plugin. -->","yoast_head_json":{"title":"Mad Blast Slot (Push Gaming) Demo - RTP, Auszahlungen, Volatilit\u00e4t","description":"Erfahren Sie mehr \u00fcber Mad Blast von Push Gaming. Erfahren Sie mehr \u00fcber die 7 Bonusfunktionen des Slots. Funktionen und Parameter des Mad Blast-Casinospiels.","robots":{"index":"index","follow":"follow","max-snippet":"max-snippet:-1","max-image-preview":"max-image-preview:large","max-video-preview":"max-video-preview:-1"},"canonical":"https:\/\/richrocketgame.com\/de\/mad-blast\/","og_locale":"de_DE","og_type":"article","og_title":"Mad Blast Slot (Push Gaming) Demo - RTP, Payouts, Volatility","og_description":"Find out more about Mad Blast by Push Gaming. Learn more about the 7 bonus features of the slot. Features and parameters of Mad Blast casino game.","og_url":"https:\/\/richrocketgame.com\/de\/mad-blast\/","og_site_name":"Rich Rocket Game","article_modified_time":"2025-08-01T08:24:01+00:00","og_image":[{"url":"https:\/\/richrocketgame.com\/wp-content\/uploads\/2025\/02\/mad-blast-slot.jpg","type":"","width":"","height":""}],"twitter_card":"summary_large_image","twitter_misc":{"Gesch\u00e4tzte Lesezeit":"5\u00a0Minuten"},"schema":{"@context":"https:\/\/schema.org","@graph":[{"@type":"WebPage","@id":"https:\/\/richrocketgame.com\/mad-blast\/","url":"https:\/\/richrocketgame.com\/mad-blast\/","name":"Mad Blast Slot (Push Gaming) Demo - RTP, Auszahlungen, Volatilit\u00e4t","isPartOf":{"@id":"https:\/\/richrocketgame.com\/#website"},"primaryImageOfPage":{"@id":"https:\/\/richrocketgame.com\/mad-blast\/#primaryimage"},"image":{"@id":"https:\/\/richrocketgame.com\/mad-blast\/#primaryimage"},"thumbnailUrl":"https:\/\/richrocketgame.com\/wp-content\/uploads\/2025\/02\/mad-blast-slot.jpg","datePublished":"2025-02-12T10:49:43+00:00","dateModified":"2025-08-01T08:24:01+00:00","description":"Erfahren Sie mehr \u00fcber Mad Blast von Push Gaming. Erfahren Sie mehr \u00fcber die 7 Bonusfunktionen des Slots. Funktionen und Parameter des Mad Blast-Casinospiels.","breadcrumb":{"@id":"https:\/\/richrocketgame.com\/mad-blast\/#breadcrumb"},"inLanguage":"de","potentialAction":[{"@type":"ReadAction","target":["https:\/\/richrocketgame.com\/mad-blast\/"]}]},{"@type":"ImageObject","inLanguage":"de","@id":"https:\/\/richrocketgame.com\/mad-blast\/#primaryimage","url":"https:\/\/richrocketgame.com\/wp-content\/uploads\/2025\/02\/mad-blast-slot.jpg","contentUrl":"https:\/\/richrocketgame.com\/wp-content\/uploads\/2025\/02\/mad-blast-slot.jpg"},{"@type":"BreadcrumbList","@id":"https:\/\/richrocketgame.com\/mad-blast\/#breadcrumb","itemListElement":[{"@type":"ListItem","position":1,"name":"\u0413\u043b\u0430\u0432\u043d\u0430\u044f \u0441\u0442\u0440\u0430\u043d\u0438\u0446\u0430","item":"https:\/\/richrocketgame.com\/"},{"@type":"ListItem","position":2,"name":"Mad Blast Slot Demo"}]},{"@type":"WebSite","@id":"https:\/\/richrocketgame.com\/#website","url":"https:\/\/richrocketgame.com\/","name":"Rich Rocket Spiel","description":"","publisher":{"@id":"https:\/\/richrocketgame.com\/#organization"},"potentialAction":[{"@type":"SearchAction","target":{"@type":"EntryPoint","urlTemplate":"https:\/\/richrocketgame.com\/?s={search_term_string}"},"query-input":{"@type":"PropertyValueSpecification","valueRequired":true,"valueName":"search_term_string"}}],"inLanguage":"de"},{"@type":"Organization","@id":"https:\/\/richrocketgame.com\/#organization","name":"Rich Rocket Spiel","url":"https:\/\/richrocketgame.com\/","logo":{"@type":"ImageObject","inLanguage":"de","@id":"https:\/\/richrocketgame.com\/#\/schema\/logo\/image\/","url":"https:\/\/richrocketgame.com\/wp-content\/uploads\/2022\/09\/Rich-Rocket-earning-app.png","contentUrl":"https:\/\/richrocketgame.com\/wp-content\/uploads\/2022\/09\/Rich-Rocket-earning-app.png","width":512,"height":512,"caption":"Rich Rocket Game"},"image":{"@id":"https:\/\/richrocketgame.com\/#\/schema\/logo\/image\/"}}]}},"_links":{"self":[{"href":"https:\/\/richrocketgame.com\/de\/wp-json\/wp\/v2\/pages\/1115","targetHints":{"allow":["GET"]}}],"collection":[{"href":"https:\/\/richrocketgame.com\/de\/wp-json\/wp\/v2\/pages"}],"about":[{"href":"https:\/\/richrocketgame.com\/de\/wp-json\/wp\/v2\/types\/page"}],"author":[{"embeddable":true,"href":"https:\/\/richrocketgame.com\/de\/wp-json\/wp\/v2\/users\/2"}],"replies":[{"embeddable":true,"href":"https:\/\/richrocketgame.com\/de\/wp-json\/wp\/v2\/comments?post=1115"}],"version-history":[{"count":0,"href":"https:\/\/richrocketgame.com\/de\/wp-json\/wp\/v2\/pages\/1115\/revisions"}],"wp:attachment":[{"href":"https:\/\/richrocketgame.com\/de\/wp-json\/wp\/v2\/media?parent=1115"}],"curies":[{"name":"wp","href":"https:\/\/api.w.org\/{rel}","templated":true}]}}