{"id":1039,"date":"2025-02-11T18:44:02","date_gmt":"2025-02-11T15:44:02","guid":{"rendered":"https:\/\/richrocketgame.com\/?page_id=1039"},"modified":"2025-08-01T11:18:06","modified_gmt":"2025-08-01T08:18:06","slug":"jungle-queen-slot","status":"publish","type":"page","link":"https:\/\/richrocketgame.com\/de\/jungle-queen-slot\/","title":{"rendered":"Jungle Queen Slot Demo"},"content":{"rendered":"<div class=\"fpm_start\"><\/div>\n<p>Der Spielautomat Jungle Queen, dessen Ver\u00f6ffentlichung f\u00fcr den 20. Februar 2025 geplant ist, entf\u00fchrt die Spieler in das Reich der K\u00f6nigin des Regenwaldes. Ein gastfreundlicher Empfang erwartet Sie auf einem 5\u00d73-Spielfeld mit 20 Gewinnlinien. Gl\u00fcckliche Spieler, die die K\u00f6nigin erfreuen, k\u00f6nnen 10.000 x gewinnen. Jungle Queen von BGaming hat vier Bonusfunktionen, die jede Drehung unvorhersehbar machen.<\/p>\n<div style=\"text-align: center;\"><a class=\"glow-button\" href=\"\/de\/go\/registration\/\" rel=\"noreferrer noopener nofollow\">Slot spielen<\/a><\/div>\n<table>\n<tbody>\n<tr>\n<td>Datum der Ver\u00f6ffentlichung<\/td>\n<td>Februar 20, 2025<\/td>\n<\/tr>\n<tr>\n<td>Rollen<\/td>\n<td>5<\/td>\n<\/tr>\n<tr>\n<td>Zeilen<\/td>\n<td>3<\/td>\n<\/tr>\n<tr>\n<td>RTP<\/td>\n<td>96,15%<\/td>\n<\/tr>\n<tr>\n<td>Volatilit\u00e4t<\/td>\n<td>Hoch<\/td>\n<\/tr>\n<tr>\n<td>Gewinnende Linien<\/td>\n<td>20<\/td>\n<\/tr>\n<tr>\n<td>Maximale Gewinne<\/td>\n<td>10.000 x<\/td>\n<\/tr>\n<\/tbody>\n<\/table>\n<p>&nbsp;<\/p>\n<div id=\"ez-toc-container\" class=\"ez-toc-v2_0_62 counter-hierarchy ez-toc-counter ez-toc-grey ez-toc-container-direction\">\n<div class=\"ez-toc-title-container\">\n<p class=\"ez-toc-title\" >Inhaltsverzeichnis<\/p>\n<span class=\"ez-toc-title-toggle\"><a href=\"#\" class=\"ez-toc-pull-right ez-toc-btn ez-toc-btn-xs ez-toc-btn-default ez-toc-toggle\" aria-label=\"Inhaltsverzeichnis umschalten\"><span class=\"ez-toc-js-icon-con\"><span class=\"\"><span class=\"eztoc-hide\" style=\"display:none;\">Umschalten<\/span><span class=\"ez-toc-icon-toggle-span\"><svg style=\"fill: #999;color:#999\" xmlns=\"http:\/\/www.w3.org\/2000\/svg\" class=\"list-377408\" width=\"20px\" height=\"20px\" viewbox=\"0 0 24 24\" fill=\"none\"><path d=\"M6 6H4v2h2V6zm14 0H8v2h12V6zM4 11h2v2H4v-2zm16 0H8v2h12v-2zM4 16h2v2H4v-2zm16 0H8v2h12v-2z\" fill=\"currentColor\"><\/path><\/svg><svg style=\"fill: #999;color:#999\" class=\"arrow-unsorted-368013\" xmlns=\"http:\/\/www.w3.org\/2000\/svg\" width=\"10px\" height=\"10px\" viewbox=\"0 0 24 24\" version=\"1.2\" baseprofile=\"tiny\"><path d=\"M18.2 9.3l-6.2-6.3-6.2 6.3c-.2.2-.3.4-.3.7s.1.5.3.7c.2.2.4.3.7.3h11c.3 0 .5-.1.7-.3.2-.2.3-.5.3-.7s-.1-.5-.3-.7zM5.8 14.7l6.2 6.3 6.2-6.3c.2-.2.3-.5.3-.7s-.1-.5-.3-.7c-.2-.2-.4-.3-.7-.3h-11c-.3 0-.5.1-.7.3-.2.2-.3.5-.3.7s.1.5.3.7z\"\/><\/svg><\/span><\/span><\/span><\/a><\/span><\/div>\n<nav><ul class='ez-toc-list ez-toc-list-level-1 eztoc-toggle-hide-by-default' ><li class='ez-toc-page-1 ez-toc-heading-level-2'><a class=\"ez-toc-link ez-toc-heading-1\" href=\"https:\/\/richrocketgame.com\/de\/jungle-queen-slot\/#What_we_Know_About_the_Jungle_Queen_Game\" title=\"Was wir \u00fcber das Jungle Queen-Spiel wissen\">Was wir \u00fcber das Jungle Queen-Spiel wissen<\/a><ul class='ez-toc-list-level-3' ><li class='ez-toc-heading-level-3'><a class=\"ez-toc-link ez-toc-heading-2\" href=\"https:\/\/richrocketgame.com\/de\/jungle-queen-slot\/#Bonus_Features_of_the_Slot\" title=\"Bonusfunktionen des Slots\">Bonusfunktionen des Slots<\/a><\/li><\/ul><\/li><li class='ez-toc-page-1 ez-toc-heading-level-2'><a class=\"ez-toc-link ez-toc-heading-3\" href=\"https:\/\/richrocketgame.com\/de\/jungle-queen-slot\/#Why_play_the_Jungle_Queen_slot\" title=\"Warum sollte man den Spielautomaten Jungle Queen spielen?\">Warum sollte man den Spielautomaten Jungle Queen spielen?<\/a><\/li><li class='ez-toc-page-1 ez-toc-heading-level-2'><a class=\"ez-toc-link ez-toc-heading-4\" href=\"https:\/\/richrocketgame.com\/de\/jungle-queen-slot\/#FAQ\" title=\"FAQ\">FAQ<\/a><ul class='ez-toc-list-level-3' ><li class='ez-toc-heading-level-3'><a class=\"ez-toc-link ez-toc-heading-5\" href=\"https:\/\/richrocketgame.com\/de\/jungle-queen-slot\/#Is_there_a_jackpot_in_Jungle_Queen\" title=\"Gibt es einen Jackpot in Jungle Queen?\">Gibt es einen Jackpot in Jungle Queen?<\/a><\/li><li class='ez-toc-page-1 ez-toc-heading-level-3'><a class=\"ez-toc-link ez-toc-heading-6\" href=\"https:\/\/richrocketgame.com\/de\/jungle-queen-slot\/#Does_BGaming_plan_to_release_Jungle_Queen_Demo\" title=\"Plant BGaming die Ver\u00f6ffentlichung einer Jungle Queen Demo?\">Plant BGaming die Ver\u00f6ffentlichung einer Jungle Queen Demo?<\/a><\/li><li class='ez-toc-page-1 ez-toc-heading-level-3'><a class=\"ez-toc-link ez-toc-heading-7\" href=\"https:\/\/richrocketgame.com\/de\/jungle-queen-slot\/#What_are_the_main_features_of_the_slot\" title=\"Was sind die wichtigsten Merkmale des Spielautomaten?\">Was sind die wichtigsten Merkmale des Spielautomaten?<\/a><\/li><\/ul><\/li><\/ul><\/nav><\/div>\n<h2><span class=\"ez-toc-section\" id=\"What_we_Know_About_the_Jungle_Queen_Game\"><\/span>Was wir \u00fcber das Jungle Queen-Spiel wissen<span class=\"ez-toc-section-end\"><\/span><\/h2>\n<p>Das Casinospiel Jungle Queen l\u00e4dt die Spieler dazu ein, in einem geheimnisvollen Dschungel einen Schatz zu finden. Stilistisch schwankt das Spiel zwischen tierischen und magischen Themen. Auf den Walzen sehen Sie niedrige Karten- und hohe Tiersymbole.<\/p>\n<p>BGaming hat einen hohen Maximalgewinn von $250.000 festgelegt. Es gibt noch keine konkreten Informationen \u00fcber die H\u00f6he der Eins\u00e4tze, aber der Anbieter verspricht, dass das Spiel f\u00fcr verschiedene Budgets ausgelegt ist. Wenn Sie sich entscheiden, Jungle Queen zu spielen, k\u00f6nnen Sie erwarten, alle 4-5 Spins Gewinnkombinationen zu treffen.<\/p>\n<p><a href=\"https:\/\/richrocketgame.com\/de\/go\/registration\/\" target=\"_blank\" rel=\"noreferrer noopener nofollow\"><img decoding=\"async\" class=\"aligncenter wp-image-1046\" src=\"https:\/\/richrocketgame.com\/wp-content\/uploads\/2025\/02\/jungle-queen-slot.jpg\" alt=\"Jungle Queen Spielautomat von BGaming.\" width=\"420\" height=\"512\" srcset=\"https:\/\/richrocketgame.com\/wp-content\/uploads\/2025\/02\/jungle-queen-slot.jpg 574w, https:\/\/richrocketgame.com\/wp-content\/uploads\/2025\/02\/jungle-queen-slot-246x300.jpg 246w, https:\/\/richrocketgame.com\/wp-content\/uploads\/2025\/02\/jungle-queen-slot-10x12.jpg 10w, https:\/\/richrocketgame.com\/wp-content\/uploads\/2025\/02\/jungle-queen-slot-33x40.jpg 33w, https:\/\/richrocketgame.com\/wp-content\/uploads\/2025\/02\/jungle-queen-slot-26x32.jpg 26w, https:\/\/richrocketgame.com\/wp-content\/uploads\/2025\/02\/jungle-queen-slot-66x80.jpg 66w, https:\/\/richrocketgame.com\/wp-content\/uploads\/2025\/02\/jungle-queen-slot-111x135.jpg 111w\" sizes=\"(max-width: 420px) 100vw, 420px\" \/><\/a><\/p>\n<h3><span class=\"ez-toc-section\" id=\"Bonus_Features_of_the_Slot\"><\/span>Bonusfunktionen des Slots<span class=\"ez-toc-section-end\"><\/span><\/h3>\n<p>Das Spiel bietet zwei Arten von Wild-Symbolen. Neben der traditionellen \"Wild\"-Aufschrift k\u00f6nnen Schmetterlinge auf den Walzen erscheinen und jedes andere Symbol au\u00dfer den Sondersymbolen ersetzen. In diesem Fall ist es wichtig, die Tafel \u00fcber den Walzen im Auge zu behalten - sie zeigt die Symbole an, die sich in dieser Ziehung nicht in Schmetterlinge verwandeln.<\/p>\n<p>Andere Bonusfunktionen in Jungle Queen online versprechen noch gr\u00f6\u00dfere Gewinne:<\/p>\n<ul>\n<li>Gratisdrehs. Sammeln Sie eine Kombination aus 3 Streusymbolen, um das Recht auf 12 Gratisdrehs zu erhalten.<\/li>\n<li>Mystische Schmetterlinge. W\u00e4hrend der Freispiele ist ein Multiplikator in Kraft. Wenn Sie eine bestimmte Anzahl von Schmetterlingen sammeln, erh\u00f6hen Sie den Multiplikator um 1, entfernen das Symbol mit der niedrigsten Auszahlung von den Walzen und erhalten drei zus\u00e4tzliche Freispiele.<\/li>\n<li>Die Goldm\u00fcnzen der K\u00f6nigin. Diese Sondersymbole k\u00f6nnen jederzeit erscheinen und Sofortgewinne von bis zum 2.500-fachen Ihres Einsatzes einbringen.<\/li>\n<\/ul>\n<p>BGaming hat Jungle Queen eine Bonus-Kauf-Funktion hinzugef\u00fcgt, die es den Spielern erm\u00f6glicht, den Eintritt in die Freispielrunde f\u00fcr den Faktor 100 des Einsatzes zu erwerben. Dies erm\u00f6glicht Ihnen, direkt in den interessantesten Teil des Spiels einzusteigen.<\/p>\n<div style=\"text-align: center;\"><a class=\"glow-button\" href=\"\/de\/go\/registration\/\">Versuchen Sie Dschungelk\u00f6nigin<\/a><\/div>\n<h2><span class=\"ez-toc-section\" id=\"Why_play_the_Jungle_Queen_slot\"><\/span>Warum sollte man den Spielautomaten Jungle Queen spielen?<span class=\"ez-toc-section-end\"><\/span><\/h2>\n<p>Das Spiel verdient aus mehreren Gr\u00fcnden Aufmerksamkeit:<\/p><script data-noptimize=\"\" data-wpfc-render=\"false\">\n\/* <![CDATA[ *\/\nfpm_start( \"true\" );\n\/* ]]> *\/\n<\/script>\n\n<ul>\n<li>Ausgezeichnete H\u00f6chstgewinne. Der Einsatz kann sich bei einer Ziehung um das 10.000-fache erh\u00f6hen.<\/li>\n<li>Goldm\u00fcnzen-Funktion. Eine M\u00fcnze mit x2.500 des Einsatzes kann jederzeit auf dem Spielfeld erscheinen.<\/li>\n<li>Gratisdrehs. Die Bonusrunde bietet zus\u00e4tzliche Funktionen, die die Gewinnchancen erh\u00f6hen.<\/li>\n<li>Design und Stil. Obwohl das Thema nicht neu ist, hat BGaming eine fesselnde Atmosph\u00e4re geschaffen, in die man eintauchen m\u00f6chte.<\/li>\n<\/ul>\n<p>Markieren Sie das Ver\u00f6ffentlichungsdatum von Jungle Queen in Ihrem Kalender und seien Sie einer der Ersten, der es im Casino ausprobiert.<\/p>\n<p><a href=\"https:\/\/richrocketgame.com\/de\/go\/registration\/\" target=\"_blank\" rel=\"noreferrer noopener nofollow\"><img decoding=\"async\" class=\"aligncenter wp-image-1053 size-full\" src=\"https:\/\/richrocketgame.com\/wp-content\/uploads\/2025\/02\/jungle-queen-casino-game.jpg\" alt=\"Dschungelk\u00f6nigin Casino Spiel.\" width=\"992\" height=\"629\" srcset=\"https:\/\/richrocketgame.com\/wp-content\/uploads\/2025\/02\/jungle-queen-casino-game.jpg 992w, https:\/\/richrocketgame.com\/wp-content\/uploads\/2025\/02\/jungle-queen-casino-game-300x190.jpg 300w, https:\/\/richrocketgame.com\/wp-content\/uploads\/2025\/02\/jungle-queen-casino-game-768x487.jpg 768w, https:\/\/richrocketgame.com\/wp-content\/uploads\/2025\/02\/jungle-queen-casino-game-18x12.jpg 18w, https:\/\/richrocketgame.com\/wp-content\/uploads\/2025\/02\/jungle-queen-casino-game-63x40.jpg 63w, https:\/\/richrocketgame.com\/wp-content\/uploads\/2025\/02\/jungle-queen-casino-game-50x32.jpg 50w, https:\/\/richrocketgame.com\/wp-content\/uploads\/2025\/02\/jungle-queen-casino-game-126x80.jpg 126w, https:\/\/richrocketgame.com\/wp-content\/uploads\/2025\/02\/jungle-queen-casino-game-213x135.jpg 213w\" sizes=\"(max-width: 992px) 100vw, 992px\" \/><\/a><\/p>\n<h2><span class=\"ez-toc-section\" id=\"FAQ\"><\/span>FAQ<span class=\"ez-toc-section-end\"><\/span><\/h2>\n        <section class=\"sc_fs_faq sc_card\">\n            <div>\n\t\t\t\t<h3><span class=\"ez-toc-section\" id=\"Is_there_a_jackpot_in_Jungle_Queen\"><\/span>Gibt es einen Jackpot in Jungle Queen?<span class=\"ez-toc-section-end\"><\/span><\/h3>                <div>\n\t\t\t\t\t                    <p>\n\t\t\t\t\t\tNein, der Anbieter hat in Jungle Queen keinen Jackpot vorgesehen. Die Maximalgewinne des Slots sind jedoch gro\u00df genug, um den Durst der meisten Spieler nach Spannung zu stillen.                    <\/p>\n                <\/div>\n            <\/div>\n        <\/section>\n\t\t        <section class=\"sc_fs_faq sc_card\">\n            <div>\n\t\t\t\t<h3><span class=\"ez-toc-section\" id=\"Does_BGaming_plan_to_release_Jungle_Queen_Demo\"><\/span>Plant BGaming die Ver\u00f6ffentlichung einer Jungle Queen Demo?<span class=\"ez-toc-section-end\"><\/span><\/h3>                <div>\n\t\t\t\t\t                    <p>\n\t\t\t\t\t\tJa, die kostenlose Version von Jungle Queen erscheint gleichzeitig mit dem Spiel um echtes Geld. Sie k\u00f6nnen die Neuheit im Casino und auf der Website des Anbieters ausprobieren.                    <\/p>\n                <\/div>\n            <\/div>\n        <\/section>\n\t\t        <section class=\"sc_fs_faq sc_card\">\n            <div>\n\t\t\t\t<h3><span class=\"ez-toc-section\" id=\"What_are_the_main_features_of_the_slot\"><\/span>Was sind die wichtigsten Merkmale des Spielautomaten?<span class=\"ez-toc-section-end\"><\/span><\/h3>                <div>\n\t\t\t\t\t                    <p>\n\t\t\t\t\t\tDas Schmetterlingssymbol kann jedes andere Symbol auf dem Spielfeld ersetzen. Dar\u00fcber hinaus bietet das Spiel eine Runde Freispiele und k\u00f6nigliche M\u00fcnzen, die sofort x2.500 des Einsatzes bringen k\u00f6nnen.                    <\/p>\n                <\/div>\n            <\/div>\n        <\/section>\n\t\t\n<script type=\"application\/ld+json\">{\n    \"@context\": \"https:\\\/\\\/schema.org\",\n    \"@type\": \"FAQPage\",\n    \"mainEntity\": [\n        {\n            \"@type\": \"Question\",\n            \"name\": \"Is there a jackpot in Jungle Queen?\",\n            \"acceptedAnswer\": {\n                \"@type\": \"Answer\",\n                \"text\": \"No, the provider has not provided a jackpot in Jungle Queen. However, the maximum winnings in the slot are big enough to satisfy most players' thirst for excitement.\"\n            }\n        },\n        {\n            \"@type\": \"Question\",\n            \"name\": \"Does BGaming plan to release Jungle Queen Demo?\",\n            \"acceptedAnswer\": {\n                \"@type\": \"Answer\",\n                \"text\": \"Yes, the free version of Jungle Queen will appear simultaneously as the real money game. You can try out the novelty in the casino and on the provider's website.\"\n            }\n        },\n        {\n            \"@type\": \"Question\",\n            \"name\": \"What are the main features of the slot?\",\n            \"acceptedAnswer\": {\n                \"@type\": \"Answer\",\n                \"text\": \"The butterfly symbol can substitute for any other symbol on the playing field. In addition, the game offers a round of free spins and royal coins that can instantly bring x2,500 of the bet.\"\n            }\n        }\n    ]\n}<\/script>\n\n<div class=\"fpm_end\"><\/div>\n<div class=\"author-card author-card--top\"><img alt='Avatar-Foto' src='https:\/\/richrocketgame.com\/wp-content\/uploads\/2023\/03\/Paulo-Dornelas-130x130.jpg' srcset='https:\/\/richrocketgame.com\/wp-content\/uploads\/2023\/03\/Paulo-Dornelas-260x260.jpg 2x' class='avatar avatar-130 photo author-image' height='130' width='130' \/><div class=\"author-content text-md-center\"><span class=\"author-title\">Autor<\/span><a href=\"https:\/\/richrocketgame.com\/de\/author\/paulo-dornelas\/\" class=\"author-name\">Paulo Dornelas<\/a><p class=\"author__details\">Paulo Dornelas ist ein Gl\u00fccksspiel-Experte, der sein Leben dem Verst\u00e4ndnis der Branche gewidmet hat und anderen hilft, damit Geld zu verdienen. Er ist auch ein begeisterter Reisender und liebt es, neue Orte zu erkunden. Paulos Wissen \u00fcber Gl\u00fccksspiele und seine Leidenschaft f\u00fcr Reisen machen ihn zum perfekten Ratgeber f\u00fcr alle, die mit Sportwetten oder Casinospielen ernsthafte Gewinne erzielen m\u00f6chten.<\/p><\/div><!-- \/.author-content --><\/div>","protected":false},"excerpt":{"rendered":"<p>Der Jungle Queen-Slot, dessen Ver\u00f6ffentlichung f\u00fcr den 20. Februar 2025 geplant ist, entf\u00fchrt die Spieler in das Reich der K\u00f6nigin des Regenwaldes. Auf einem 5\u00d73-Spielfeld mit 20 Gewinnlinien erwartet Sie ein gastfreundlicher Empfang. Gl\u00fcckliche Spieler, die der K\u00f6nigin eine Freude machen, k\u00f6nnen das 10.000-fache gewinnen. Jungle Queen von BGaming verf\u00fcgt \u00fcber vier Bonusfunktionen, die [\u2026]<\/p>","protected":false},"author":2,"featured_media":0,"parent":0,"menu_order":0,"comment_status":"closed","ping_status":"closed","template":"page-no-sidebar.php","meta":{"footnotes":""},"class_list":["post-1039","page","type-page","status-publish","hentry"],"yoast_head":"<!-- This site is optimized with the Yoast SEO plugin v26.7 - https:\/\/yoast.com\/wordpress\/plugins\/seo\/ -->\n<title>Jungle Queen Slot (BGaming) Demo - RTP, Paytable and Volatility<\/title>\n<meta name=\"description\" content=\"Get ready for the release of Jungle Queen from BGaming. Learn more about the slot in our review. Key parameters of the Jungle Queen game.\" \/>\n<meta name=\"robots\" content=\"index, follow, max-snippet:-1, max-image-preview:large, max-video-preview:-1\" \/>\n<link rel=\"canonical\" href=\"https:\/\/richrocketgame.com\/de\/jungle-queen-slot\/\" \/>\n<meta property=\"og:locale\" content=\"de_DE\" \/>\n<meta property=\"og:type\" content=\"article\" \/>\n<meta property=\"og:title\" content=\"Jungle Queen Slot (BGaming) Demo - RTP, Paytable and Volatility\" \/>\n<meta property=\"og:description\" content=\"Get ready for the release of Jungle Queen from BGaming. Learn more about the slot in our review. Key parameters of the Jungle Queen game.\" \/>\n<meta property=\"og:url\" content=\"https:\/\/richrocketgame.com\/de\/jungle-queen-slot\/\" \/>\n<meta property=\"og:site_name\" content=\"Rich Rocket Game\" \/>\n<meta property=\"article:modified_time\" content=\"2025-08-01T08:18:06+00:00\" \/>\n<meta property=\"og:image\" content=\"https:\/\/richrocketgame.com\/wp-content\/uploads\/2025\/02\/jungle-queen-slot.jpg\" \/>\n<meta name=\"twitter:card\" content=\"summary_large_image\" \/>\n<meta name=\"twitter:label1\" content=\"Gesch\u00e4tzte Lesezeit\" \/>\n\t<meta name=\"twitter:data1\" content=\"4\u00a0Minuten\" \/>\n<!-- \/ Yoast SEO plugin. -->","yoast_head_json":{"title":"Jungle Queen Slot (BGaming) Demo - RTP, Auszahlungstabelle und Volatilit\u00e4t","description":"Machen Sie sich bereit f\u00fcr die Ver\u00f6ffentlichung von Jungle Queen von BGaming. Erfahren Sie mehr \u00fcber den Spielautomaten in unserem Testbericht. Die wichtigsten Parameter des Jungle Queen Spiels.","robots":{"index":"index","follow":"follow","max-snippet":"max-snippet:-1","max-image-preview":"max-image-preview:large","max-video-preview":"max-video-preview:-1"},"canonical":"https:\/\/richrocketgame.com\/de\/jungle-queen-slot\/","og_locale":"de_DE","og_type":"article","og_title":"Jungle Queen Slot (BGaming) Demo - RTP, Paytable and Volatility","og_description":"Get ready for the release of Jungle Queen from BGaming. Learn more about the slot in our review. Key parameters of the Jungle Queen game.","og_url":"https:\/\/richrocketgame.com\/de\/jungle-queen-slot\/","og_site_name":"Rich Rocket Game","article_modified_time":"2025-08-01T08:18:06+00:00","og_image":[{"url":"https:\/\/richrocketgame.com\/wp-content\/uploads\/2025\/02\/jungle-queen-slot.jpg","type":"","width":"","height":""}],"twitter_card":"summary_large_image","twitter_misc":{"Gesch\u00e4tzte Lesezeit":"4\u00a0Minuten"},"schema":{"@context":"https:\/\/schema.org","@graph":[{"@type":"WebPage","@id":"https:\/\/richrocketgame.com\/jungle-queen-slot\/","url":"https:\/\/richrocketgame.com\/jungle-queen-slot\/","name":"Jungle Queen Slot (BGaming) Demo - RTP, Auszahlungstabelle und Volatilit\u00e4t","isPartOf":{"@id":"https:\/\/richrocketgame.com\/#website"},"primaryImageOfPage":{"@id":"https:\/\/richrocketgame.com\/jungle-queen-slot\/#primaryimage"},"image":{"@id":"https:\/\/richrocketgame.com\/jungle-queen-slot\/#primaryimage"},"thumbnailUrl":"https:\/\/richrocketgame.com\/wp-content\/uploads\/2025\/02\/jungle-queen-slot.jpg","datePublished":"2025-02-11T15:44:02+00:00","dateModified":"2025-08-01T08:18:06+00:00","description":"Machen Sie sich bereit f\u00fcr die Ver\u00f6ffentlichung von Jungle Queen von BGaming. Erfahren Sie mehr \u00fcber den Spielautomaten in unserem Testbericht. Die wichtigsten Parameter des Jungle Queen Spiels.","breadcrumb":{"@id":"https:\/\/richrocketgame.com\/jungle-queen-slot\/#breadcrumb"},"inLanguage":"de","potentialAction":[{"@type":"ReadAction","target":["https:\/\/richrocketgame.com\/jungle-queen-slot\/"]}]},{"@type":"ImageObject","inLanguage":"de","@id":"https:\/\/richrocketgame.com\/jungle-queen-slot\/#primaryimage","url":"https:\/\/richrocketgame.com\/wp-content\/uploads\/2025\/02\/jungle-queen-slot.jpg","contentUrl":"https:\/\/richrocketgame.com\/wp-content\/uploads\/2025\/02\/jungle-queen-slot.jpg"},{"@type":"BreadcrumbList","@id":"https:\/\/richrocketgame.com\/jungle-queen-slot\/#breadcrumb","itemListElement":[{"@type":"ListItem","position":1,"name":"\u0413\u043b\u0430\u0432\u043d\u0430\u044f \u0441\u0442\u0440\u0430\u043d\u0438\u0446\u0430","item":"https:\/\/richrocketgame.com\/"},{"@type":"ListItem","position":2,"name":"Jungle Queen Slot Demo"}]},{"@type":"WebSite","@id":"https:\/\/richrocketgame.com\/#website","url":"https:\/\/richrocketgame.com\/","name":"Rich Rocket Spiel","description":"","publisher":{"@id":"https:\/\/richrocketgame.com\/#organization"},"potentialAction":[{"@type":"SearchAction","target":{"@type":"EntryPoint","urlTemplate":"https:\/\/richrocketgame.com\/?s={search_term_string}"},"query-input":{"@type":"PropertyValueSpecification","valueRequired":true,"valueName":"search_term_string"}}],"inLanguage":"de"},{"@type":"Organization","@id":"https:\/\/richrocketgame.com\/#organization","name":"Rich Rocket Spiel","url":"https:\/\/richrocketgame.com\/","logo":{"@type":"ImageObject","inLanguage":"de","@id":"https:\/\/richrocketgame.com\/#\/schema\/logo\/image\/","url":"https:\/\/richrocketgame.com\/wp-content\/uploads\/2022\/09\/Rich-Rocket-earning-app.png","contentUrl":"https:\/\/richrocketgame.com\/wp-content\/uploads\/2022\/09\/Rich-Rocket-earning-app.png","width":512,"height":512,"caption":"Rich Rocket Game"},"image":{"@id":"https:\/\/richrocketgame.com\/#\/schema\/logo\/image\/"}}]}},"_links":{"self":[{"href":"https:\/\/richrocketgame.com\/de\/wp-json\/wp\/v2\/pages\/1039","targetHints":{"allow":["GET"]}}],"collection":[{"href":"https:\/\/richrocketgame.com\/de\/wp-json\/wp\/v2\/pages"}],"about":[{"href":"https:\/\/richrocketgame.com\/de\/wp-json\/wp\/v2\/types\/page"}],"author":[{"embeddable":true,"href":"https:\/\/richrocketgame.com\/de\/wp-json\/wp\/v2\/users\/2"}],"replies":[{"embeddable":true,"href":"https:\/\/richrocketgame.com\/de\/wp-json\/wp\/v2\/comments?post=1039"}],"version-history":[{"count":0,"href":"https:\/\/richrocketgame.com\/de\/wp-json\/wp\/v2\/pages\/1039\/revisions"}],"wp:attachment":[{"href":"https:\/\/richrocketgame.com\/de\/wp-json\/wp\/v2\/media?parent=1039"}],"curies":[{"name":"wp","href":"https:\/\/api.w.org\/{rel}","templated":true}]}}